{"id":1484,"date":"2019-08-12T14:57:11","date_gmt":"2019-08-12T17:57:11","guid":{"rendered":"http:\/\/eventos.ifg.edu.br\/secitecitumbiara\/?page_id=1484"},"modified":"2023-09-11T15:01:24","modified_gmt":"2023-09-11T18:01:24","slug":"edicao-2022","status":"publish","type":"page","link":"https:\/\/eventos.ifg.edu.br\/secitecitumbiara\/edicao-2022\/","title":{"rendered":"Edi\u00e7\u00e3o 2022"},"content":{"rendered":"<p><span style=\"font-weight: 400\">A Semana de Educa\u00e7\u00e3o, Ci\u00eancia e Tecnologia do Instituto Federal de Educa\u00e7\u00e3o, Ci\u00eancia e Tecnologia de Goi\u00e1s \u2013 C\u00e2mpus Itumbiara (SECITEC) \u00e9 o principal evento realizado pelo IFG \u2013 C\u00e2mpus Itumbiara. Como nas edi\u00e7\u00f5es anteriores, a tem\u00e1tica geral de todas as SECITECs do IFG&nbsp;ser\u00e1&nbsp;a mesma proposta<\/span> <span style=\"font-weight: 400\">para a&nbsp;<\/span><a href=\"https:\/\/semanact.mcti.gov.br\/\"><span style=\"font-weight: 400\">19\u00aa Semana Nacional de Ci\u00eancia e Tecnologia<\/span><\/a><span style=\"font-weight: 400\">, que \u00e9 organizada pelo governo federal, por meio do Minist\u00e9rio da Ci\u00eancia, Tecnologia e Inova\u00e7\u00f5es. Em 2022, o tema da iniciativa \u00e9:&nbsp;<\/span><b><i>Bicenten\u00e1rio da Independ\u00eancia: 200 anos de Ci\u00eancia, Tecnologia e Inova\u00e7\u00e3o do Brasil.&nbsp;<\/i><\/b><\/p>\n<p><span style=\"font-weight: 400\">&nbsp;A primeira edi\u00e7\u00e3o da SECITEC foi realizada no IFG-C\u00e2mpus Itumbiara no ano de 2010 e, desde ent\u00e3o, vem mostrando um crescimento gradativo no n\u00famero de participantes e na quantidade de atividades ofertadas \u00e0 comunidade, sempre se orientando na miss\u00e3o dos Institutos Federais de formar e qualificar profissionais para os diversos setores da economia e promover o desenvolvimento tecnol\u00f3gico em estreita articula\u00e7\u00e3o com os setores produtivos e com a sociedade, oferecendo mecanismos para a educa\u00e7\u00e3o continuada.<\/span><\/p>\n<p><span style=\"font-weight: 400\">A organiza\u00e7\u00e3o da SECITEC \u00e9 de responsabilidade da Ger\u00eancia de Pesquisa, P\u00f3s-Gradua\u00e7\u00e3o e Extens\u00e3o (GEPEX) do IFG-C\u00e2mpus Itumbiara, com o apoio dos n\u00facleos de pesquisa em atividade: N\u00facleo de Pesquisas em Sistemas de Energia (NuPSE),&nbsp; <\/span><span style=\"font-weight: 400\">N\u00facleo de Pesquisas e Inova\u00e7\u00e3o Tecnol\u00f3gica em Fontes Renov\u00e1veis de Energia<\/span><span style=\"font-weight: 400\"> (NUPSOL), N\u00facleo de Pesquisas em Qu\u00edmica (NuPEQUI), <\/span>N\u00facleo de Pesquisa e Extens\u00e3o Tecnol\u00f3gica Baseado em Cultura Maker (NuPEMaker), al\u00e9m do Programa de Educa\u00e7\u00e3o Tutorial (PET) Qu\u00edmica: Educa\u00e7\u00e3o, Ambiente e Sociedade.&nbsp;<\/span><\/p>\n<p><span style=\"font-weight: 400\">Nesse sentido, o evento visa alcan\u00e7ar os seguintes objetivos:<\/span><\/p>\n<ul>\n<li style=\"font-weight: 400\"><span style=\"font-weight: 400\">Estimular a aproxima\u00e7\u00e3o entre o IFG e a comunidade externa por meio de a\u00e7\u00f5es e projetos de ensino, pesquisa e extens\u00e3o desenvolvidos na institui\u00e7\u00e3o;<\/span><\/li>\n<li style=\"font-weight: 400\"><span style=\"font-weight: 400\">Criar um ambiente de debate e reflex\u00e3o sobre tem\u00e1ticas de interesse das \u00e1reas de engenharia, qu\u00edmica, forma\u00e7\u00e3o de professores e rela\u00e7\u00f5es pessoais;<\/span><\/li>\n<li style=\"font-weight: 400\"><span style=\"font-weight: 400\">Comunicar resultados de projetos de pesquisa ou trabalhos desenvolvidos pelas institui\u00e7\u00f5es de ensino e\/ou pesquisa na cidade;<\/span><\/li>\n<li style=\"font-weight: 400\"><span style=\"font-weight: 400\">Possibilitar a atualiza\u00e7\u00e3o e desenvolvimento dos profissionais que trabalham com a cultura e a educa\u00e7\u00e3o.<\/span><\/li>\n<li style=\"font-weight: 400\"><span style=\"font-weight: 400\">Difundir a cultura, estimular a pr\u00e1tica da leitura, e promover a\u00e7\u00f5es culturais para a comunidade;<\/span><\/li>\n<li style=\"font-weight: 400\"><span style=\"font-weight: 400\">Criar momentos de intera\u00e7\u00e3o com empresas, ind\u00fastrias e institui\u00e7\u00f5es da regi\u00e3o, visando promover e expandir projetos de pesquisa aplicada, extens\u00e3o e ensino.<\/span><\/li>\n<li style=\"font-weight: 400\"><span style=\"font-weight: 400\">Disseminar a socializa\u00e7\u00e3o do conhecimento;<\/span><\/li>\n<li style=\"font-weight: 400\"><span style=\"font-weight: 400\">Promover a populariza\u00e7\u00e3o da ci\u00eancia e tecnologia por meio de eventos de divulga\u00e7\u00e3o cient\u00edfica.<\/span><\/li>\n<\/ul>\n<p><span style=\"font-weight: 400\">&nbsp;<\/span><span style=\"font-weight: 400\">No escopo de atividades anualmente programadas para a SECITEC do IFG-C\u00e2mpus Itumbiara consta palestras, mesas redondas, oficinas tem\u00e1ticas, minicursos, apresenta\u00e7\u00f5es art\u00edsticas e culturais, sess\u00e3o de p\u00f4steres e comunica\u00e7\u00e3o oral de trabalhos cient\u00edficos, mostra de trabalhos t\u00e9cnicos, dentre outras. As atividades visam atender aos estudantes dos diferentes n\u00edveis de ensino ofertados na institui\u00e7\u00e3o (cursos t\u00e9cnico de n\u00edvel m\u00e9dio, ensino superior e educa\u00e7\u00e3o de jovens e adultos), alunos e professores das redes estadual e municipal de educa\u00e7\u00e3o, trabalhadores dos diferentes setores produtivos da regi\u00e3o e a comunidade externa em geral.&nbsp;<\/span><\/p>\n<p><span style=\"font-weight: 400\">ISSN &nbsp; &nbsp; 2526-7809<\/span><\/p>\n","protected":false},"excerpt":{"rendered":"<p>A Semana de Educa\u00e7\u00e3o, Ci\u00eancia e Tecnologia do Instituto Federal de Educa\u00e7\u00e3o, Ci\u00eancia e Tecnologia de Goi\u00e1s \u2013 C\u00e2mpus Itumbiara (SECITEC) \u00e9 o principal evento realizado pelo IFG \u2013 C\u00e2mpus Itumbiara. Como nas edi\u00e7\u00f5es anteriores, a tem\u00e1tica geral de todas as SECITECs do IFG&nbsp;ser\u00e1&nbsp;a mesma proposta para a&nbsp;19\u00aa Semana Nacional de Ci\u00eancia e Tecnologia, que <a class=\"more-link\" href=\"https:\/\/eventos.ifg.edu.br\/secitecitumbiara\/edicao-2022\/\">Leia mais&#8230; &raquo;<\/a><\/p>\n","protected":false},"author":23,"featured_media":0,"parent":0,"menu_order":0,"comment_status":"closed","ping_status":"closed","template":"","meta":{"ngg_post_thumbnail":0,"footnotes":""},"class_list":["post-1484","page","type-page","status-publish","hentry"],"_links":{"self":[{"href":"https:\/\/eventos.ifg.edu.br\/secitecitumbiara\/wp-json\/wp\/v2\/pages\/1484"}],"collection":[{"href":"https:\/\/eventos.ifg.edu.br\/secitecitumbiara\/wp-json\/wp\/v2\/pages"}],"about":[{"href":"https:\/\/eventos.ifg.edu.br\/secitecitumbiara\/wp-json\/wp\/v2\/types\/page"}],"author":[{"embeddable":true,"href":"https:\/\/eventos.ifg.edu.br\/secitecitumbiara\/wp-json\/wp\/v2\/users\/23"}],"replies":[{"embeddable":true,"href":"https:\/\/eventos.ifg.edu.br\/secitecitumbiara\/wp-json\/wp\/v2\/comments?post=1484"}],"version-history":[{"count":6,"href":"https:\/\/eventos.ifg.edu.br\/secitecitumbiara\/wp-json\/wp\/v2\/pages\/1484\/revisions"}],"predecessor-version":[{"id":1783,"href":"https:\/\/eventos.ifg.edu.br\/secitecitumbiara\/wp-json\/wp\/v2\/pages\/1484\/revisions\/1783"}],"wp:attachment":[{"href":"https:\/\/eventos.ifg.edu.br\/secitecitumbiara\/wp-json\/wp\/v2\/media?parent=1484"}],"curies":[{"name":"wp","href":"https:\/\/api.w.org\/{rel}","templated":true}]}}