{"id":1373,"date":"2018-10-16T16:37:09","date_gmt":"2018-10-16T19:37:09","guid":{"rendered":"http:\/\/eventos.ifg.edu.br\/secitecitumbiara\/?page_id=1373"},"modified":"2019-10-18T11:10:59","modified_gmt":"2019-10-18T14:10:59","slug":"resultados-2018","status":"publish","type":"page","link":"https:\/\/eventos.ifg.edu.br\/secitecitumbiara\/resultados-2018\/","title":{"rendered":"Resultados 2018"},"content":{"rendered":"<p><a href=\"http:\/\/eventos.ifg.edu.br\/secitecitumbiara\/wp-content\/uploads\/sites\/9\/2018\/10\/Sess\u00e3o-de-Comunica\u00e7\u00e3o-Oral-01.pdf\">Sess\u00e3o de Comunica\u00e7\u00e3o Oral &#8211; 01<\/a><\/p>\n<p><a href=\"http:\/\/eventos.ifg.edu.br\/secitecitumbiara\/wp-content\/uploads\/sites\/9\/2018\/10\/Sess\u00e3o-de-Comunica\u00e7\u00e3o-Oral-02.pdf\">Sess\u00e3o de Comunica\u00e7\u00e3o Oral &#8211; 02<\/a><\/p>\n<p><a href=\"http:\/\/eventos.ifg.edu.br\/secitecitumbiara\/wp-content\/uploads\/sites\/9\/2018\/10\/Sess\u00e3o-de-Comunica\u00e7\u00e3o-Oral-03.pdf\">Sess\u00e3o de Comunica\u00e7\u00e3o Oral &#8211; 03<\/a><\/p>\n<p><a href=\"http:\/\/eventos.ifg.edu.br\/secitecitumbiara\/wp-content\/uploads\/sites\/9\/2018\/10\/Sess\u00e3o-de-Comunica\u00e7\u00e3o-Oral-04.pdf\">Sess\u00e3o de Comunica\u00e7\u00e3o Oral &#8211; 04<\/a><\/p>\n<p><a href=\"http:\/\/eventos.ifg.edu.br\/secitecitumbiara\/wp-content\/uploads\/sites\/9\/2018\/10\/Sess\u00e3o-de-Comunica\u00e7\u00e3o-Oral-INICIA\u00c7\u00c3O-CIENT\u00cdFICA-Sess\u00e3o-01.pdf\">Sess\u00e3o de Comunica\u00e7\u00e3o Oral -INICIA\u00c7\u00c3O CIENT\u00cdFICA &#8211; Sess\u00e3o 01<\/a><\/p>\n<p><a href=\"http:\/\/eventos.ifg.edu.br\/secitecitumbiara\/wp-content\/uploads\/sites\/9\/2018\/10\/Sess\u00e3o-de-Comunica\u00e7\u00e3o-Oral-INICIA\u00c7\u00c3O-CIENT\u00cdFICA-Sess\u00e3o-02.pdf\">Sess\u00e3o de Comunica\u00e7\u00e3o Oral -INICIA\u00c7\u00c3O CIENT\u00cdFICA &#8211; Sess\u00e3o 02<\/a><\/p>\n<p><a href=\"http:\/\/eventos.ifg.edu.br\/secitecitumbiara\/wp-content\/uploads\/sites\/9\/2018\/10\/Sess\u00e3o-de-Comunica\u00e7\u00e3o-Oral-INICIA\u00c7\u00c3O-CIENT\u00cdFICA-Sess\u00e3o-03.pdf\">Sess\u00e3o de Comunica\u00e7\u00e3o Oral -INICIA\u00c7\u00c3O CIENT\u00cdFICA &#8211; Sess\u00e3o 03<\/a><\/p>\n<p><a href=\"http:\/\/eventos.ifg.edu.br\/secitecitumbiara\/wp-content\/uploads\/sites\/9\/2018\/10\/Trabalhos-Aprovados-para-Apresenta\u00e7\u00e3o-na-Sess\u00e3o-de-P\u00f4steres.pdf\">Trabalhos Aprovados para Apresenta\u00e7\u00e3o na Sess\u00e3o de P\u00f4steres<\/a><\/p>\n","protected":false},"excerpt":{"rendered":"<p>Sess\u00e3o de Comunica\u00e7\u00e3o Oral &#8211; 01 Sess\u00e3o de Comunica\u00e7\u00e3o Oral &#8211; 02 Sess\u00e3o de Comunica\u00e7\u00e3o Oral &#8211; 03 Sess\u00e3o de Comunica\u00e7\u00e3o Oral &#8211; 04 Sess\u00e3o de Comunica\u00e7\u00e3o Oral -INICIA\u00c7\u00c3O CIENT\u00cdFICA &#8211; Sess\u00e3o 01 Sess\u00e3o de Comunica\u00e7\u00e3o Oral -INICIA\u00c7\u00c3O CIENT\u00cdFICA &#8211; Sess\u00e3o 02 Sess\u00e3o de Comunica\u00e7\u00e3o Oral -INICIA\u00c7\u00c3O CIENT\u00cdFICA &#8211; Sess\u00e3o 03 Trabalhos Aprovados para Apresenta\u00e7\u00e3o <a class=\"more-link\" href=\"https:\/\/eventos.ifg.edu.br\/secitecitumbiara\/resultados-2018\/\">Leia mais&#8230; &raquo;<\/a><\/p>\n","protected":false},"author":23,"featured_media":0,"parent":0,"menu_order":0,"comment_status":"closed","ping_status":"closed","template":"","meta":{"ngg_post_thumbnail":0,"footnotes":""},"class_list":["post-1373","page","type-page","status-publish","hentry"],"_links":{"self":[{"href":"https:\/\/eventos.ifg.edu.br\/secitecitumbiara\/wp-json\/wp\/v2\/pages\/1373"}],"collection":[{"href":"https:\/\/eventos.ifg.edu.br\/secitecitumbiara\/wp-json\/wp\/v2\/pages"}],"about":[{"href":"https:\/\/eventos.ifg.edu.br\/secitecitumbiara\/wp-json\/wp\/v2\/types\/page"}],"author":[{"embeddable":true,"href":"https:\/\/eventos.ifg.edu.br\/secitecitumbiara\/wp-json\/wp\/v2\/users\/23"}],"replies":[{"embeddable":true,"href":"https:\/\/eventos.ifg.edu.br\/secitecitumbiara\/wp-json\/wp\/v2\/comments?post=1373"}],"version-history":[{"count":2,"href":"https:\/\/eventos.ifg.edu.br\/secitecitumbiara\/wp-json\/wp\/v2\/pages\/1373\/revisions"}],"predecessor-version":[{"id":1529,"href":"https:\/\/eventos.ifg.edu.br\/secitecitumbiara\/wp-json\/wp\/v2\/pages\/1373\/revisions\/1529"}],"wp:attachment":[{"href":"https:\/\/eventos.ifg.edu.br\/secitecitumbiara\/wp-json\/wp\/v2\/media?parent=1373"}],"curies":[{"name":"wp","href":"https:\/\/api.w.org\/{rel}","templated":true}]}}