{"id":957,"date":"2025-10-02T12:14:09","date_gmt":"2025-10-02T15:14:09","guid":{"rendered":"https:\/\/eventos.ifg.edu.br\/secitecgoiania\/?page_id=957"},"modified":"2025-11-04T16:52:25","modified_gmt":"2025-11-04T19:52:25","slug":"edicao-2025","status":"publish","type":"page","link":"https:\/\/eventos.ifg.edu.br\/secitecgoiania\/edicoes-anteriores\/edicao-2025\/","title":{"rendered":"Edi\u00e7\u00e3o 2025"},"content":{"rendered":"\n<p>Tema de 2025:\u00a0<strong>Planeta \u00c1gua: cultura oce\u00e2nica para enfrentar as mudan\u00e7as clim\u00e1ticas no meu territ\u00f3rio<\/strong>. Na primeira etapa (outubro), a XVI Semana da Licenciatura em Matem\u00e1tica e VII Semana da F\u00edsica (Semaf) integram a programa\u00e7\u00e3o do evento, que tamb\u00e9m celebra os 50 anos do curso T\u00e9cnico em Minera\u00e7\u00e3o do IFG. Em novembro, a programa\u00e7\u00e3o agrega os eventos: Semana da Qu\u00edmica 2025, IV Semana do Livro e da Biblioteca e Dia D do Est\u00e1gio. Veja\u00a0<a href=\"https:\/\/www.facebook.com\/media\/set\/?set=a.1237835091713252&amp;type=3\" target=\"_blank\" rel=\"noreferrer noopener\">fotos do evento aqui<\/a>. Confira as not\u00edcias sobre o evento local:<\/p>\n\n\n\n<hr class=\"wp-block-separator has-alpha-channel-opacity is-style-wide\" \/>\n\n\n\n<p>23.10.2025 &#8211; <a href=\"https:\/\/www.ifg.edu.br\/comunicados-campus-goiania\/44413-sub-resumo-secitec25\" target=\"_blank\" rel=\"noreferrer noopener\">Prazo prorrogado: submiss\u00e3o de resumos na Secitec 2025<\/a><\/p>\n\n\n\n<p><em>A comiss\u00e3o respons\u00e1vel pela sele\u00e7\u00e3o de resumos a serem apresentados na segunda etapa da Secitec 2025 prorrogou o prazo para submiss\u00e3o de propostas. O novo prazo \u00e9 29 de outubro, e as submiss\u00f5es devem ser realizadas exclusivamente por e-mail: secitec25.goiania@ifg.edu.br .<\/em><\/p>\n\n\n\n<hr class=\"wp-block-separator has-alpha-channel-opacity\" \/>\n\n\n\n<p>23.10.2025 &#8211; <a href=\"https:\/\/www.ifg.edu.br\/ultimas-noticias-campus-goiania\/44416-semaf-campus-goiania\" target=\"_blank\" rel=\"noreferrer noopener\">Licenciaturas em Matem\u00e1tica e F\u00edsica realizam pela primeira vez a Semaf<\/a><\/p>\n\n\n\n<p><em>Encerrou-se nesta quinta-feira, 23 de outubro, a programa\u00e7\u00e3o da XVI Semana da Licenciatura em Matem\u00e1tica e da VII Semana da F\u00edsica (Semaf), realizadas no C\u00e2mpus Goi\u00e2nia do Instituto Federal de Goi\u00e1s (IFG). Pela primeira vez, as Licenciaturas em Matem\u00e1tica e em F\u00edsica promoveram o evento de forma conjunta.<\/em><\/p>\n\n\n\n<hr class=\"wp-block-separator has-alpha-channel-opacity\" \/>\n\n\n\n<p>22.10.2025 &#8211; <a href=\"https:\/\/www.ifg.edu.br\/ultimas-noticias-campus-goiania\/44393-curso-mineracao-50-anos\" target=\"_blank\" rel=\"noreferrer noopener\">Curso t\u00e9cnico de Minera\u00e7\u00e3o celebra meio s\u00e9culo desde sua cria\u00e7\u00e3o na antiga Escola T\u00e9cnica Federal de Goi\u00e1s<\/a><\/p>\n\n\n\n<p><em>Criado em 1975, o curso t\u00e9cnico de Minera\u00e7\u00e3o, ofertado no C\u00e2mpus Goi\u00e2nia do Instituto Federal de Goi\u00e1s (IFG), completa neste ano 50 anos de exist\u00eancia. A forma\u00e7\u00e3o teve in\u00edcio ainda na \u00e9poca da antiga Escola T\u00e9cnica Federal de Goi\u00e1s (ETFG). Para celebrar essa trajet\u00f3ria, a coordena\u00e7\u00e3o do curso promoveu, entre os dias 21 e 22 de outubro, a comemora\u00e7\u00e3o dos 50 anos do curso.<\/em><\/p>\n\n\n\n<hr class=\"wp-block-separator has-alpha-channel-opacity\" \/>\n\n\n\n<p>20.10.2025 &#8211; <a href=\"https:\/\/www.ifg.edu.br\/ultimas-noticias-campus-goiania\/44357-mudancas-climaticas-secitec2025\" target=\"_blank\" rel=\"noreferrer noopener\">Mudan\u00e7as clim\u00e1ticas e seus impactos no planeta e na sociedade s\u00e3o temas centrais da abertura da Secitec 2025<\/a><\/p>\n\n\n\n<p><em>O C\u00e2mpus Goi\u00e2nia do Instituto Federal de Goi\u00e1s (IFG) deu in\u00edcio, nesta segunda-feira (20\/10), \u00e0 edi\u00e7\u00e3o 2025 da Semana de Educa\u00e7\u00e3o, Ci\u00eancia, Tecnologia e Cultura (Secitec). A programa\u00e7\u00e3o traz palestras e exposi\u00e7\u00f5es dedicadas \u00e0 discuss\u00e3o sobre o meio ambiente e as mudan\u00e7as clim\u00e1ticas, em sintonia com o tema da 22\u00aa Semana Nacional de Ci\u00eancia e Tecnologia (SNCT): \u201cPlaneta \u00c1gua: a cultura oce\u00e2nica para enfrentar as mudan\u00e7as clim\u00e1ticas no meu territ\u00f3rio.\u201d<\/em><\/p>\n\n\n\n<hr class=\"wp-block-separator has-alpha-channel-opacity\" \/>\n\n\n\n<p>17.10.2025 &#8211; <a href=\"https:\/\/www.ifg.edu.br\/ultimas-noticias-campus-goiania\/44329-secitec-25-cp-gyn-aberto-comunidade\" target=\"_blank\" rel=\"noreferrer noopener\">C\u00e2mpus Goi\u00e2nia do IFG realiza evento aberto \u00e0 comunidade na Semana Nacional de Ci\u00eancia e Tecnologia<\/a><\/p>\n\n\n\n<p><em>A Secitec do C\u00e2mpus Goi\u00e2nia do IFG ser\u00e1 realizada em duas etapas: de 20 a 23 de outubro e de 10 a 14 de novembro de 2025, reunindo atividades cient\u00edficas, culturais, tecnol\u00f3gicas e art\u00edsticas abertas ao p\u00fablico. O evento tem como objetivo aproximar a comunidade do IFG, apresentando seus cursos, projetos, pesquisas e estrutura f\u00edsica, al\u00e9m de fomentar o di\u00e1logo entre a academia, escolas, institui\u00e7\u00f5es de pesquisa e a sociedade.<\/em><\/p>\n\n\n\n<hr class=\"wp-block-separator has-alpha-channel-opacity\" \/>\n\n\n\n<p>14.10.2025 &#8211; <a href=\"https:\/\/www.ifg.edu.br\/comunicados-campus-goiania\/44271-resumo-secitec25-gyn\" target=\"_blank\" rel=\"noreferrer noopener\">Aberto prazo para submiss\u00e3o de trabalhos para Secitec 2025<\/a><\/p>\n\n\n\n<p><em>O C\u00e2mpus Goi\u00e2nia do Instituto Federal de Goi\u00e1s (IFG) abriu chamada p\u00fablica para submiss\u00e3o de resumos simples para edi\u00e7\u00e3o 2025 da Semana de Educa\u00e7\u00e3o, Ci\u00eancia, Tecnologia e Cultura (Secitec), que ocorrer\u00e1 nos dias 10 a 14 de novembro de 2025 no c\u00e2mpus. Consulte o edital para submiss\u00e3o de trabalhos para o evento.<\/em><\/p>\n\n\n\n<hr class=\"wp-block-separator has-alpha-channel-opacity\" \/>\n\n\n\n<p>13.10.2025 &#8211; <a href=\"https:\/\/www.ifg.edu.br\/ultimas-noticias-campus-goiania\/44247-inscricoes-secitec-25-cpgyn\" target=\"_blank\" rel=\"noreferrer noopener\">Inscri\u00e7\u00f5es abertas para Secitec 2025 do C\u00e2mpus Goi\u00e2nia<\/a><\/p>\n\n\n\n<p><em>O C\u00e2mpus Goi\u00e2nia do Instituto Federal de Goi\u00e1s (IFG) abriu as inscri\u00e7\u00f5es para a edi\u00e7\u00e3o 2025 da Semana de Educa\u00e7\u00e3o, Ci\u00eancia, Tecnologia e Cultura (Secitec), um dos eventos mais tradicionais da institui\u00e7\u00e3o. Com o tema \u201cPlaneta \u00c1gua: a cultura oce\u00e2nica para enfrentar as mudan\u00e7as clim\u00e1ticas no meu territ\u00f3rio\u201d, a programa\u00e7\u00e3o est\u00e1 alinhada a 22\u00aa Semana Nacional de Ci\u00eancia e Tecnologia (SNCT), promovida pelo Minist\u00e9rio da Ci\u00eancia, Tecnologia e Inova\u00e7\u00e3o (MCTI).<\/em><\/p>\n\n\n\n<hr class=\"wp-block-separator has-alpha-channel-opacity\" \/>\n\n\n\n<p>19.09.2025 &#8211; <a href=\"https:\/\/ifg.edu.br\/component\/content\/article\/273-ifg\/campus\/goiania\/eventos-campus-goiania\/proximos-eventos-campus-goiania\/43957-snct-secitec2025-campusgoiania\" target=\"_blank\" rel=\"noreferrer noopener\">Secitec 2025<\/a><\/p>\n\n\n\n<p><em>De 20 a 23 de outubro ocorre a Semana Nacional de Ci\u00eancia e Tecnologia (SNCT), promovida pelo&nbsp;Minist\u00e9rio da Ci\u00eancia, Tecnologia e Inova\u00e7\u00e3o (MCTI) e que re\u00fane universidades, escolas, institui\u00e7\u00f5es de pesquisa e a sociedade em todo o Brasil para celebrar e divulgar a ci\u00eancia, tecnologia e inova\u00e7\u00e3o. No C\u00e2mpus Goi\u00e2nia, as atividades da SNTC dar\u00e3o in\u00edcio \u00e0 programa\u00e7\u00e3o da Semana de Educa\u00e7\u00e3o, Ci\u00eancia, Tecnologia e Cultura (Secitec), evento local que ter\u00e1 sua segunda etapa executada entre os dias 10 a 14 de novembro. <\/em><\/p>\n\n\n\n<hr class=\"wp-block-separator has-alpha-channel-opacity is-style-wide\" \/>\n\n\n\n<p>16.09.2025 &#8211; <a href=\"https:\/\/ifg.edu.br\/comunicados-campus-goiania\/43898-vagas-voluntarios-secitec\" target=\"_blank\" rel=\"noreferrer noopener\">Coordena\u00e7\u00e3o de Eventos abre vagas para monitores volunt\u00e1rios na Secitec<\/a><\/p>\n\n\n\n<p><em>A Coordena\u00e7\u00e3o de Eventos do C\u00e2mpus Goi\u00e2nia do IFG abriu vagas para estudantes interessados em atuar como monitores volunt\u00e1rios na Semana Nacional de Ci\u00eancia e Tecnologia (SNCT) e na Semana de Ci\u00eancia e Tecnologia (SECITEC), que ocorrer\u00e3o no c\u00e2mpus de 20 a 23 de outubro e de 10 a 14 de novembro, respectivamente.<\/em><\/p>\n\n\n\n<hr class=\"wp-block-separator has-alpha-channel-opacity is-style-wide\" \/>\n\n\n\n<p>07.08.2025 &#8211; <a href=\"https:\/\/ifg.edu.br\/proximos-eventos-campus-goiania\/43432-semaf\" target=\"_blank\" rel=\"noreferrer noopener\">XVI Semana da Licenciatura em Matem\u00e1tica e VII Semana da F\u00edsica &#8211; SEMAF<\/a><\/p>\n\n\n\n<p><em>O C\u00e2mpus Goi\u00e2nia do Instituto Federal de Goi\u00e1s (IFG) promove, entre os dias 20 e 23 de outubro de 2025, a XVI Semana da Licenciatura em Matem\u00e1tica e a VII Semana da F\u00edsica (SEMAF), em formato presencial. O evento reunir\u00e1 estudantes, professores, pesquisadores e demais interessados para um espa\u00e7o plural de forma\u00e7\u00e3o, divulga\u00e7\u00e3o cient\u00edfica e troca de experi\u00eancias nas \u00e1reas de Matem\u00e1tica e F\u00edsica.<\/em><\/p>\n\n\n\n<hr class=\"wp-block-separator has-alpha-channel-opacity is-style-wide\" \/>\n\n\n\n<p>06.08.2025 &#8211; <a href=\"https:\/\/ifg.edu.br\/component\/content\/article\/273-ifg\/campus\/goiania\/eventos-campus-goiania\/proximos-eventos-campus-goiania\/43420-50-anos-do-curso-tecnico-em-mineracao\" target=\"_blank\" rel=\"noreferrer noopener\">50 anos do curso t\u00e9cnico em Minera\u00e7\u00e3o<\/a><\/p>\n\n\n\n<p><em>O curso t\u00e9cnico em Minera\u00e7\u00e3o do C\u00e2mpus Goi\u00e2nia do Instituto Federal de Goi\u00e1s (IFG) completa, em 2025, 50 anos de trajet\u00f3ria marcada por conquistas, desafios e dedica\u00e7\u00e3o \u00e0 forma\u00e7\u00e3o t\u00e9cnica de qualidade. Para celebrar esse marco hist\u00f3rico, ser\u00e1 realizada uma programa\u00e7\u00e3o especial nos dias 21 e 22 de outubro de 2025. O evento contar\u00e1 com palestras, homenagens e outras atividades comemorativas. A programa\u00e7\u00e3o completa ser\u00e1 divulgada em breve. Toda a comunidade acad\u00eamica, ex-alunos, servidores e parceiros est\u00e3o convidados a participarem das celebra\u00e7\u00f5es!<\/em><\/p>\n","protected":false},"excerpt":{"rendered":"<p>Tema de 2025:\u00a0Planeta \u00c1gua: cultura oce\u00e2nica para enfrentar as mudan\u00e7as clim\u00e1ticas no meu territ\u00f3rio. Na primeira etapa (outubro), a XVI Semana da Licenciatura em Matem\u00e1tica e VII Semana da F\u00edsica (Semaf) integram a programa\u00e7\u00e3o do evento, que tamb\u00e9m celebra os 50 anos do curso T\u00e9cnico em Minera\u00e7\u00e3o do IFG. Em novembro, a programa\u00e7\u00e3o agrega os<a href=\"https:\/\/eventos.ifg.edu.br\/secitecgoiania\/edicoes-anteriores\/edicao-2025\/\">[&#8230;]<\/a><\/p>\n","protected":false},"author":58,"featured_media":0,"parent":640,"menu_order":11,"comment_status":"closed","ping_status":"closed","template":"","meta":{"ngg_post_thumbnail":0,"footnotes":""},"class_list":["post-957","page","type-page","status-publish","hentry"],"_links":{"self":[{"href":"https:\/\/eventos.ifg.edu.br\/secitecgoiania\/wp-json\/wp\/v2\/pages\/957"}],"collection":[{"href":"https:\/\/eventos.ifg.edu.br\/secitecgoiania\/wp-json\/wp\/v2\/pages"}],"about":[{"href":"https:\/\/eventos.ifg.edu.br\/secitecgoiania\/wp-json\/wp\/v2\/types\/page"}],"author":[{"embeddable":true,"href":"https:\/\/eventos.ifg.edu.br\/secitecgoiania\/wp-json\/wp\/v2\/users\/58"}],"replies":[{"embeddable":true,"href":"https:\/\/eventos.ifg.edu.br\/secitecgoiania\/wp-json\/wp\/v2\/comments?post=957"}],"version-history":[{"count":12,"href":"https:\/\/eventos.ifg.edu.br\/secitecgoiania\/wp-json\/wp\/v2\/pages\/957\/revisions"}],"predecessor-version":[{"id":1023,"href":"https:\/\/eventos.ifg.edu.br\/secitecgoiania\/wp-json\/wp\/v2\/pages\/957\/revisions\/1023"}],"up":[{"embeddable":true,"href":"https:\/\/eventos.ifg.edu.br\/secitecgoiania\/wp-json\/wp\/v2\/pages\/640"}],"wp:attachment":[{"href":"https:\/\/eventos.ifg.edu.br\/secitecgoiania\/wp-json\/wp\/v2\/media?parent=957"}],"curies":[{"name":"wp","href":"https:\/\/api.w.org\/{rel}","templated":true}]}}