{"id":925,"date":"2023-11-27T09:33:40","date_gmt":"2023-11-27T12:33:40","guid":{"rendered":"http:\/\/eventos.ifg.edu.br\/secitecgoiania\/?page_id=925"},"modified":"2025-10-02T20:15:05","modified_gmt":"2025-10-02T23:15:05","slug":"edicao-2023","status":"publish","type":"page","link":"https:\/\/eventos.ifg.edu.br\/secitecgoiania\/edicoes-anteriores\/edicao-2023\/","title":{"rendered":"Edi\u00e7\u00e3o 2023"},"content":{"rendered":"\n<p>Tema de 2023: <strong>Ci\u00eancias B\u00e1sicas para o Desenvolvimento Sustent\u00e1vel<\/strong>. A 14\u00aa Semana da Licenciatura em Matem\u00e1tica,\u00a0V Semana de Letras, a\u00a0V Semana da F\u00edsica e a Semana da Qu\u00edmica 2023\u00a0tamb\u00e9m integraram o evento. Veja\u00a0<a href=\"https:\/\/www.facebook.com\/media\/set\/?vanity=IFG.Goiania&amp;set=a.712476120915821\" target=\"_blank\" rel=\"noopener\">fotos do evento aqui<\/a>. Confira as not\u00edcias sobre o evento local:<\/p>\n\n\n\n<hr class=\"wp-block-separator has-alpha-channel-opacity is-style-wide\" \/>\n\n\n\n<p>25.10.2023 &#8211;&nbsp;<a href=\"https:\/\/www.ifg.edu.br\/component\/content\/article\/161-ifg\/campus\/goiania\/noticias-campus-goiania\/36448-secitec2023balanco\">Com foco no projeto Conhecendo o IFG, Semana de Ci\u00eancia, Tecnologia e Cultura do C\u00e2mpus Goi\u00e2nia se destacou por promover integra\u00e7\u00e3o<\/a><\/p>\n\n\n\n<p><em>Mais de 1,6 mil pessoas se inscreveram para participar das atividades da Semana de Educa\u00e7\u00e3o, Ci\u00eancia, Tecnologia e Cultura (Secitec) 2023, promovida pelo C\u00e2mpus Goi\u00e2nia do Instituto Federal de Goi\u00e1s (IFG). O evento foi realizado entre os dias 16 e 21 de outubro e contou com mais de 100 atividades, dentre oficinas, minicursos, palestras, sess\u00f5es orais e apresenta\u00e7\u00f5es culturais. A Secitec abriu as portas da Institui\u00e7\u00e3o para que estudantes de outras escolas e a comunidade externa pudessem acompanhar de perto as a\u00e7\u00f5es de ensino, pesquisa e extens\u00e3o promovidas pelo c\u00e2mpus.<\/em><\/p>\n\n\n\n<hr class=\"wp-block-separator has-alpha-channel-opacity is-style-wide\" \/>\n\n\n\n<p>18.10.2023 &#8211;&nbsp;<a href=\"http:\/\/www.ifg.edu.br\/component\/content\/article\/161-ifg\/campus\/goiania\/noticias-campus-goiania\/36346-secitec2023-goiania-eventosintegrados\">Eventos integrados agregam atividades das \u00e1reas de Matem\u00e1tica, Letras, F\u00edsica e Qu\u00edmica \u00e0 Secitec<\/a><\/p>\n\n\n\n<p><em>Al\u00e9m da Semana de Educa\u00e7\u00e3o, Ci\u00eancia, Tecnologia e Cultura (Secitec) 2023 do C\u00e2mpus Goi\u00e2nia do Instituto Federal de Goi\u00e1s (IFG), outros eventos integrados se somam \u00e0 programa\u00e7\u00e3o geral nesta edi\u00e7\u00e3o. A 14\u00aa Semana da Licenciatura em Matem\u00e1tica, a Semana da Qu\u00edmica 2023, V Semana de Letras e a V Semana da F\u00edsica acrescentam atividades abertas \u00e0s comunidades acad\u00eamica e externa ao IFG.<\/em><\/p>\n\n\n\n<hr class=\"wp-block-separator has-alpha-channel-opacity is-style-wide\" \/>\n\n\n\n<p>17.10. 2023 &#8211;&nbsp;<a href=\"http:\/\/www.ifg.edu.br\/component\/content\/article\/161-ifg\/campus\/goiania\/noticias-campus-goiania\/36339-campus-goiania-promove-atividades-gratuitas-secitec\">C\u00e2mpus Goi\u00e2nia promove evento com atividades gratuitas voltadas \u00e0 populariza\u00e7\u00e3o da Ci\u00eancia<\/a><\/p>\n\n\n\n<p><em>O C\u00e2mpus Goi\u00e2nia do Instituto Federal de Educa\u00e7\u00e3o, Ci\u00eancia e Tecnologia de Goi\u00e1s (IFG) realiza a Semana de Educa\u00e7\u00e3o, Ci\u00eancia, Tecnologia e Cultura (Secitec) 2023 at\u00e9 o dia 21 de outubro. No evento, a comunidade pode participar de diversas atividades, como palestras, oficinas e minicursos e tamb\u00e9m conferir os estandes com experimentos cient\u00edficos e educativos.<\/em><\/p>\n\n\n\n<hr class=\"wp-block-separator has-alpha-channel-opacity is-style-wide\" \/>\n\n\n\n<p>16.10.2023 &#8211;&nbsp;<a href=\"http:\/\/www.ifg.edu.br\/component\/content\/article\/161-ifg\/campus\/goiania\/noticias-campus-goiania\/36320-secitec2023-comeca-com-palestra\">Secitec 2023 come\u00e7a com palestra sobre urg\u00eancia clim\u00e1tica, recital e visitas de escolas no projeto Conhecendo o IFG<\/a><\/p>\n\n\n\n<p><em>Na manh\u00e3 desta segunda-feira, 16, teve in\u00edcio a programa\u00e7\u00e3o da Semana de Educa\u00e7\u00e3o, Ci\u00eancia, Tecnologia e Cultura (Secitec) 2023, que ocorre at\u00e9 o dia 21 de outubro, no C\u00e2mpus Goi\u00e2nia do Instituto Federal de Goi\u00e1s (IFG). A solenidade de abertura do evento, realizada no Teatro do IFG, contou com apresenta\u00e7\u00f5es de grupos musicais e mais palestra sobre o tema: \u201cO Clima e a Sustentabilidade\u201d, que foi ministrada pela palestrante Luciana Figueras. O primeiro dia do evento foi marcado tamb\u00e9m pelas visitas de estudantes de escolas municipais de Goi\u00e2nia ao c\u00e2mpus por meio do projeto Conhecendo o IFG.<\/em><\/p>\n\n\n\n<hr class=\"wp-block-separator has-alpha-channel-opacity is-style-wide\" \/>\n\n\n\n<p>11.10.2023 &#8211;&nbsp;<a href=\"http:\/\/www.ifg.edu.br\/component\/content\/article\/161-ifg\/campus\/goiania\/noticias-campus-goiania\/36280-programacao-secitec-comeca-segunda-feira\">Programa\u00e7\u00e3o da Secitec 2023 do C\u00e2mpus Goi\u00e2nia come\u00e7a na pr\u00f3xima segunda-feira, 16<\/a><\/p>\n\n\n\n<p><em>De 16 a 21 de outubro, o C\u00e2mpus Goi\u00e2nia do Instituto Federal de Goi\u00e1s (IFG) realiza a Semana de Educa\u00e7\u00e3o, Ci\u00eancia, Tecnologia e Cultura (Secitec) 2023. A solenidade de abertura do evento ocorrer\u00e1 a partir das 9 horas da pr\u00f3xima segunda-feira, 16 de outubro, no Teatro do IFG. As inscri\u00e7\u00f5es para os participantes podem ser feitas at\u00e9 o dia 21, exclusivamente pelo&nbsp;<a href=\"https:\/\/sugep.ifg.edu.br\/eventos\/\/#\/publico\/eventos\/0946a258-94d9-4caa-9e51-d117362c25f5\/inscricao\" rel=\"alternate\">formul\u00e1rio eletr\u00f4nico<\/a>, dispon\u00edvel no site do evento:&nbsp;<a href=\"http:\/\/eventos.ifg.edu.br\/secitecgoiania\/\" rel=\"alternate\">eventos.ifg.edu.br\/secitecgoiania\/<\/a><\/em><\/p>\n\n\n\n<hr class=\"wp-block-separator has-alpha-channel-opacity is-style-wide\" \/>\n\n\n\n<p>04.10.2023 &#8211;&nbsp;<a href=\"http:\/\/www.ifg.edu.br\/component\/content\/article\/161-ifg\/campus\/goiania\/noticias-campus-goiania\/36168-inscricoes-abertas-secitec2023-participantes-campusgoiania\">Inscri\u00e7\u00f5es abertas para participantes da Secitec 2023 do C\u00e2mpus Goi\u00e2nia<\/a><\/p>\n\n\n\n<p><em>O C\u00e2mpus Goi\u00e2nia do Instituto Federal de Goi\u00e1s (IFG) abre as inscri\u00e7\u00f5es para participantes da Semana de Educa\u00e7\u00e3o, Ci\u00eancia, Tecnologia e Cultura (Secitec) 2023, que ocorrer\u00e1 de 16 a 21 de outubro, no c\u00e2mpus. As inscri\u00e7\u00f5es devem ser feitas pelo&nbsp;<a href=\"https:\/\/sugep.ifg.edu.br\/eventos\/\/#\/publico\/eventos\/0946a258-94d9-4caa-9e51-d117362c25f5\/inscricao\" rel=\"alternate\">formul\u00e1rio eletr\u00f4nico<\/a>, dispon\u00edvel no site do evento:&nbsp;<a href=\"http:\/\/eventos.ifg.edu.br\/secitecgoiania\/inscricoes\/\" rel=\"alternate\">http:\/\/eventos.ifg.edu.br\/secitecgoiania\/inscricoes\/<\/a><\/em><\/p>\n\n\n\n<hr class=\"wp-block-separator has-alpha-channel-opacity is-style-wide\" \/>\n\n\n\n<p>29.09.2023 &#8211;&nbsp;<a href=\"http:\/\/www.ifg.edu.br\/component\/content\/article\/163-ifg\/campus\/goiania\/comunicados-campus-goiania\/36113-alteracao-aulas-secitec\">Altera\u00e7\u00e3o das aulas durante a Secitec (16 a 21 de outubro)<\/a><\/p>\n\n\n\n<p><em>A Diretoria-Geral do C\u00e2mpus Goi\u00e2nia do Instituto Federal de Goi\u00e1s divulgou o Memorando-Circular n\u00b072\/2023, que informa sobre a altera\u00e7\u00e3o das atividades do c\u00e2mpus durante a Semana de Ci\u00eancia, Tecnologia e Cultura (Secitec). A Secitec 2023 ser\u00e1 realizada de 16 a 21 de outubro e integrar\u00e1 as Semanas de Matem\u00e1tica, F\u00edsica, Qu\u00edmica e Letras.<\/em><\/p>\n\n\n\n<hr class=\"wp-block-separator has-alpha-channel-opacity is-style-wide\" \/>\n\n\n\n<p>04.09.2023 &#8211;&nbsp;<a href=\"http:\/\/www.ifg.edu.br\/component\/content\/article\/163-ifg\/campus\/goiania\/comunicados-campus-goiania\/35658-secitec2023-campusgoiania-prorrogacaosubmissoes\">Prorrogado o prazo para submiss\u00e3o de propostas de trabalhos para Secitec 2023 do C\u00e2mpus Goi\u00e2nia<\/a>&nbsp;<\/p>\n\n\n\n<p><em>A Comiss\u00e3o Organizadora da Semana de Educa\u00e7\u00e3o, Ci\u00eancia, Tecnologia e Cultura (Secitec) do C\u00e2mpus Goi\u00e2nia do IFG comunica a prorroga\u00e7\u00e3o do prazo para submiss\u00e3o de propostas de atividades para a programa\u00e7\u00e3o at\u00e9 esta ter\u00e7a-feira, 5 de setembro.<\/em><\/p>\n\n\n\n<hr class=\"wp-block-separator has-alpha-channel-opacity is-style-wide\" \/>\n\n\n\n<p>16.08.2023&nbsp;&#8211;&nbsp;<a href=\"https:\/\/www.ifg.edu.br\/component\/content\/article\/161-ifg\/campus\/goiania\/noticias-campus-goiania\/35307-secitec23-proposicoes\" target=\"_blank\" rel=\"noopener\">Aberto o per\u00edodo para proposi\u00e7\u00e3o de atividades na Secitec 2023<\/a><br><em>Evento deve ocorrer entre os dias 16 e 21 de outubro. Proposi\u00e7\u00f5es devem ser feitas at\u00e9 3 de setembro.<\/em><\/p>\n","protected":false},"excerpt":{"rendered":"<p>Tema de 2023: Ci\u00eancias B\u00e1sicas para o Desenvolvimento Sustent\u00e1vel. A 14\u00aa Semana da Licenciatura em Matem\u00e1tica,\u00a0V Semana de Letras, a\u00a0V Semana da F\u00edsica e a Semana da Qu\u00edmica 2023\u00a0tamb\u00e9m integraram o evento. Veja\u00a0fotos do evento aqui. Confira as not\u00edcias sobre o evento local: 25.10.2023 &#8211;&nbsp;Com foco no projeto Conhecendo o IFG, Semana de Ci\u00eancia, Tecnologia<a href=\"https:\/\/eventos.ifg.edu.br\/secitecgoiania\/edicoes-anteriores\/edicao-2023\/\">[&#8230;]<\/a><\/p>\n","protected":false},"author":58,"featured_media":0,"parent":640,"menu_order":9,"comment_status":"closed","ping_status":"closed","template":"","meta":{"ngg_post_thumbnail":0,"footnotes":""},"class_list":["post-925","page","type-page","status-publish","hentry"],"_links":{"self":[{"href":"https:\/\/eventos.ifg.edu.br\/secitecgoiania\/wp-json\/wp\/v2\/pages\/925"}],"collection":[{"href":"https:\/\/eventos.ifg.edu.br\/secitecgoiania\/wp-json\/wp\/v2\/pages"}],"about":[{"href":"https:\/\/eventos.ifg.edu.br\/secitecgoiania\/wp-json\/wp\/v2\/types\/page"}],"author":[{"embeddable":true,"href":"https:\/\/eventos.ifg.edu.br\/secitecgoiania\/wp-json\/wp\/v2\/users\/58"}],"replies":[{"embeddable":true,"href":"https:\/\/eventos.ifg.edu.br\/secitecgoiania\/wp-json\/wp\/v2\/comments?post=925"}],"version-history":[{"count":7,"href":"https:\/\/eventos.ifg.edu.br\/secitecgoiania\/wp-json\/wp\/v2\/pages\/925\/revisions"}],"predecessor-version":[{"id":969,"href":"https:\/\/eventos.ifg.edu.br\/secitecgoiania\/wp-json\/wp\/v2\/pages\/925\/revisions\/969"}],"up":[{"embeddable":true,"href":"https:\/\/eventos.ifg.edu.br\/secitecgoiania\/wp-json\/wp\/v2\/pages\/640"}],"wp:attachment":[{"href":"https:\/\/eventos.ifg.edu.br\/secitecgoiania\/wp-json\/wp\/v2\/media?parent=925"}],"curies":[{"name":"wp","href":"https:\/\/api.w.org\/{rel}","templated":true}]}}