{"id":765,"date":"2023-08-21T09:54:46","date_gmt":"2023-08-21T12:54:46","guid":{"rendered":"http:\/\/eventos.ifg.edu.br\/secitecgoiania\/?page_id=765"},"modified":"2023-11-27T09:35:48","modified_gmt":"2023-11-27T12:35:48","slug":"edicao-2021","status":"publish","type":"page","link":"https:\/\/eventos.ifg.edu.br\/secitecgoiania\/edicoes-anteriores\/edicao-2021\/","title":{"rendered":"Edi\u00e7\u00e3o 2021"},"content":{"rendered":"<p>Tema de 2021:&nbsp; <strong>A transversalidade da ci\u00eancia, tecnologia e inova\u00e7\u00f5es para o planeta<\/strong>. O evento ocorreu de forma integrada com o&nbsp;V Simp\u00f3sio de Pesquisa, Ensino e Extens\u00e3o (Simpeex), o 14\u00ba Semin\u00e1rio de Inicia\u00e7\u00e3o Cient\u00edfica e Tecnol\u00f3gica (SICT), a I Mostra de Ensino e o I Encontro Anual de Pesquisa e Inova\u00e7\u00e3o do CiteLab. Confira as not\u00edcias sobre o evento local:<\/p>\n<hr>\n<p>08.12.2021 &#8211; <a href=\"https:\/\/www.ifg.edu.br\/component\/content\/article\/17-ifg\/ultimas-noticias\/27700-secitecs2021\" target=\"_blank\">Semana de educa\u00e7\u00e3o, ci\u00eancia e tecnologia ocorre at\u00e9 11 de dezembro nos c\u00e2mpus do IFG<\/a><br \/>\n<em>As inscri\u00e7\u00f5es ainda podem ser feitas no Sugep<\/em><\/p>\n<hr>\n<p>07.12.21 &#8211; <a href=\"https:\/\/www.ifg.edu.br\/component\/content\/article\/161-ifg\/campus\/goiania\/noticias-campus-goiania\/27645-estamos-vivendo-a-pior-crise-cientifica-de-todos-os-tempos\" target=\"_blank\">\u201cEstamos vivendo a pior crise cient\u00edfica de todos os tempos\u201d<\/a><br \/>\n<em>Afirma\u00e7\u00e3o \u00e9 da professora Augustina Echeverr\u00eda, para quem os Institutos Federais devem ser lugar de resist\u00eancia ativa e propositiva<\/em><\/p>\n<hr>\n<p>30.11.2021 \u2013 <a href=\"https:\/\/www.ifg.edu.br\/component\/content\/article\/161-ifg\/campus\/goiania\/noticias-campus-goiania\/27503-simpeex-secitec-sict-e-outros-eventos-sobre-ciencia-tecnologia-e-inovacao-comecam-no-dia-6-de-dezembro\" target=\"_blank\">Simpeex, Secitec, SICT e outros eventos sobre ci\u00eancia, tecnologia e inova\u00e7\u00e3o come\u00e7am no dia 6 de dezembro<\/a><br \/>\n<em>Comunidade pode consultar site que traz informa\u00e7\u00f5es sobre os eventos e a programa\u00e7\u00e3o. Inscri\u00e7\u00f5es para as atividades est\u00e3o abertas<br \/>\n<\/em><\/p>\n<hr>\n<p>29.11.2021 &#8211; <a href=\"https:\/\/www.ifg.edu.br\/component\/content\/article\/161-ifg\/campus\/goiania\/noticias-campus-goiania\/27457-ifg-realiza-eventos-simultaneos-com-tematica-da-transversalidade-da-ciencia-tecnologia-e-inovacao-para-o-planeta\" target=\"_blank\">IFG realiza eventos simult\u00e2neos com tem\u00e1tica da transversalidade da ci\u00eancia, tecnologia e inova\u00e7\u00e3o para o planeta<\/a><br \/>\n<em>Ser\u00e3o mais de 160 atividades entre palestras, oficinas, minicursos e mesas-redondas em cinco eventos integrados<\/em><\/p>\n<hr>\n<p>08.02.2021 &#8211; <a href=\"https:\/\/www.ifg.edu.br\/component\/content\/article\/161-ifg\/campus\/goiania\/noticias-campus-goiania\/21888-conhecimento-e-muitos-dialogos-transformadores-marcam-a-quarta-edicao-do-simpeex-e-da-secitec-2021\" target=\"_blank\">Conhecimento e muitos di\u00e1logos transformadores marcam a quarta edi\u00e7\u00e3o do Simpeex e da Secitec 2021<\/a><br \/>\n<em>Em seis dias movimentados, IFG fomentou, por meio de v\u00e1rias atividades, discuss\u00f5es sobre ci\u00eancia, educa\u00e7\u00e3o, tecnologia e outras \u00e1reas do conhecimento<\/em><\/p>\n<hr>\n<p>05.02.2021 &#8211; <a href=\"https:\/\/www.ifg.edu.br\/component\/content\/article\/161-ifg\/campus\/goiania\/noticias-campus-goiania\/21853-palestra-sobre-o-polo-de-inovacao-embrapii-do-ifg-abre-a-programacao-virtual-promovida-pelo-campus-goiania-para-simpeex-e-secitec\" target=\"_blank\">Palestra sobre o Polo de Inova\u00e7\u00e3o Embrapii do IFG abre a programa\u00e7\u00e3o virtual promovida pelo C\u00e2mpus Goi\u00e2nia para Simpeex e Secitec<\/a><br \/>\n<em>Atividades s\u00e3o continuidade da Secitec do C\u00e2mpus Goi\u00e2nia, realizada em dezembro do ano passado, e integram o SIMPEEX\/SECITECs do IFG<\/em><\/p>\n<hr>\n<p>04.02.2021 &#8211; <a href=\"https:\/\/www.ifg.edu.br\/component\/content\/article\/161-ifg\/campus\/goiania\/noticias-campus-goiania\/21781-secitecs-promovem-discussoes\" target=\"_blank\">Secitecs promovem discuss\u00f5es sobre educa\u00e7\u00e3o, ci\u00eancia e tecnologia no IFG<\/a><br \/>\n<em>Realizadas por v\u00e1rios c\u00e2mpus da Institui\u00e7\u00e3o, Secitecs ocorrem paralelamente a outros eventos que comp\u00f5em o IV Simpeex<\/em><\/p>\n<hr>\n<p>03.02.2021 &#8211; <a href=\"https:\/\/www.ifg.edu.br\/component\/content\/article\/161-ifg\/campus\/goiania\/noticias-campus-goiania\/27594-atividades-secitec-campusgyn\" target=\"_blank\">C\u00e2mpus Goi\u00e2nia oferta 14 atividades pela Secitec que ser\u00e1 realizada junto a eventos integrados<br \/>\n<\/a><em>Simpeex, Secitecs, SICT, Mostra de Ensino e I Encontro Anual de Pesquisa e Inova\u00e7\u00e3o do CiteLab come\u00e7am dia 6 e v\u00e3o at\u00e9 dia 11 de dezembro<\/em><\/p>\n<hr>\n<p>01.02.2021 &#8211; <a href=\"https:\/\/www.ifg.edu.br\/component\/content\/article\/17-ifg\/ultimas-noticias\/21750-abertura-simpeex\" target=\"_blank\">\u201cQuem \u00e9 a mulher negra? N\u00f3s somos e ainda seremos a viga mestra da sociedade brasileira\u201d<\/a><\/p>\n<p><em>Reflex\u00e3o \u00e9 da professora Anna Maria Canavarro Benite, conferencista da abertura do IV Simpeex\/Secitec<\/em><\/p>\n<hr>\n<p>22.01.2021 &#8211; <a href=\"https:\/\/www.ifg.edu.br\/component\/content\/article\/17-ifg\/ultimas-noticias\/21653-simpeex-e-secitecs-serao-realizados-de-1-a-6-de-fevereiro\" target=\"_blank\">Simpeex e Secitecs ser\u00e3o realizados de 1\u00ba a 6 de fevereiro<\/a><br \/>\n<em>As inscri\u00e7\u00f5es para as atividades ser\u00e3o abertas a partir do dia 25 de janeiro e devem ser feitas pelo Sugep<\/em><\/p>\n<hr>\n<p>15.01.2021 &#8211; <a href=\"https:\/\/www.ifg.edu.br\/component\/content\/article\/17-ifg\/ultimas-noticias\/21568-resultado-mostra-integrada\" target=\"_blank\">Resultado final da sele\u00e7\u00e3o da Mostra Integrada \u00e9 divulgado pelo IFG<\/a><br \/>\n<em>A atividade integrar\u00e1 a programa\u00e7\u00e3o do IV Simp\u00f3sio de Pesquisa, Ensino e Extens\u00e3o (Simpeex) que ser\u00e1 realizado virtualmente entre os dias 1\u00ba e 6 de fevereiro<\/em><\/p>\n","protected":false},"excerpt":{"rendered":"<p>Tema de 2021:&nbsp; A transversalidade da ci\u00eancia, tecnologia e inova\u00e7\u00f5es para o planeta. O evento ocorreu de forma integrada com o&nbsp;V Simp\u00f3sio de Pesquisa, Ensino e Extens\u00e3o (Simpeex), o 14\u00ba Semin\u00e1rio de Inicia\u00e7\u00e3o Cient\u00edfica e Tecnol\u00f3gica (SICT), a I Mostra de Ensino e o I Encontro Anual de Pesquisa e Inova\u00e7\u00e3o do CiteLab. Confira as<a href=\"https:\/\/eventos.ifg.edu.br\/secitecgoiania\/edicoes-anteriores\/edicao-2021\/\">[&#8230;]<\/a><\/p>\n","protected":false},"author":58,"featured_media":0,"parent":640,"menu_order":7,"comment_status":"closed","ping_status":"closed","template":"","meta":{"ngg_post_thumbnail":0,"footnotes":""},"class_list":["post-765","page","type-page","status-publish","hentry"],"_links":{"self":[{"href":"https:\/\/eventos.ifg.edu.br\/secitecgoiania\/wp-json\/wp\/v2\/pages\/765"}],"collection":[{"href":"https:\/\/eventos.ifg.edu.br\/secitecgoiania\/wp-json\/wp\/v2\/pages"}],"about":[{"href":"https:\/\/eventos.ifg.edu.br\/secitecgoiania\/wp-json\/wp\/v2\/types\/page"}],"author":[{"embeddable":true,"href":"https:\/\/eventos.ifg.edu.br\/secitecgoiania\/wp-json\/wp\/v2\/users\/58"}],"replies":[{"embeddable":true,"href":"https:\/\/eventos.ifg.edu.br\/secitecgoiania\/wp-json\/wp\/v2\/comments?post=765"}],"version-history":[{"count":11,"href":"https:\/\/eventos.ifg.edu.br\/secitecgoiania\/wp-json\/wp\/v2\/pages\/765\/revisions"}],"predecessor-version":[{"id":811,"href":"https:\/\/eventos.ifg.edu.br\/secitecgoiania\/wp-json\/wp\/v2\/pages\/765\/revisions\/811"}],"up":[{"embeddable":true,"href":"https:\/\/eventos.ifg.edu.br\/secitecgoiania\/wp-json\/wp\/v2\/pages\/640"}],"wp:attachment":[{"href":"https:\/\/eventos.ifg.edu.br\/secitecgoiania\/wp-json\/wp\/v2\/media?parent=765"}],"curies":[{"name":"wp","href":"https:\/\/api.w.org\/{rel}","templated":true}]}}