{"id":763,"date":"2023-08-21T09:53:36","date_gmt":"2023-08-21T12:53:36","guid":{"rendered":"http:\/\/eventos.ifg.edu.br\/secitecgoiania\/?page_id=763"},"modified":"2023-11-27T09:40:26","modified_gmt":"2023-11-27T12:40:26","slug":"edicao-2020","status":"publish","type":"page","link":"https:\/\/eventos.ifg.edu.br\/secitecgoiania\/edicoes-anteriores\/edicao-2020\/","title":{"rendered":"Edi\u00e7\u00e3o 2020"},"content":{"rendered":"<p>Tema de 2020:&nbsp;<strong>Intelig\u00eancia Artificial: a nova fronteira da ci\u00eancia brasileira<\/strong>. Confira as not\u00edcias sobre o evento local:<\/p>\n<hr>\n<p>11.02.2021 \u2013 <a href=\"https:\/\/www.ifg.edu.br\/component\/content\/article\/163-ifg\/campus\/goiania\/comunicados-campus-goiania\/21926-certificados-secitec-2020\" target=\"_blank\">Certificados Secitec 2020<\/a><br \/>\n<em>Os participantes das atividades da Semana de Educa\u00e7\u00e3o, Ci\u00eancia e Tecnologia (Secitec) j\u00e1 podem acessar o Sistema Unificado de Gest\u00e3o de Extens\u00e3o e Pesquisa (Sugep) para fazer o download dos seus certificados.<\/em><\/p>\n<hr>\n<p>09.12.2020 \u2013&nbsp;<a href=\"https:\/\/www.ifg.edu.br\/component\/content\/article\/161-ifg\/campus\/goiania\/noticias-campus-goiania\/21328-secitec-do-campus-goiania-inicia-com-palestra-sobre-a-importancia-da-inteligencia-artificial-no-mundo\" target=\"_blank\">Secitec do C\u00e2mpus Goi\u00e2nia inicia com palestra sobre a import\u00e2ncia da intelig\u00eancia artificial no mundo<\/a><br \/>\n<em>Evento ocorre at\u00e9 o dia 11 de dezembro e segue a tem\u00e1tica da 17\u00aa Semana Nacional de Ci\u00eancia e Tecnologia do Minist\u00e9rio da Ci\u00eancia, Tecnologia e Inova\u00e7\u00f5es<\/em><\/p>\n<hr>\n<p>02.02.2021 &#8211;&nbsp;<a href=\"https:\/\/www.ifg.edu.br\/component\/content\/article\/161-ifg\/campus\/goiania\/noticias-campus-goiania\/21773-campus-goiania-integra-atividades-dentro-do-simpeex-e-secitec-do-ifg\" target=\"_blank\">C\u00e2mpus Goi\u00e2nia integra atividades dentro do Simpeex e Secitecs do IFG<\/a><br \/>\nSer\u00e3o quatro eventos realizados no dia 4 de fevereiro<br \/>\n<em>Simpeex, Secitecs, SICT, Mostra de Ensino e I Encontro Anual de Pesquisa e Inova\u00e7\u00e3o do CiteLab come\u00e7am dia 6 e v\u00e3o at\u00e9 dia 11 de dezembro<\/em><\/p>\n<hr>\n<p>04.12.2020 &#8211; <a href=\"https:\/\/www.ifg.edu.br\/component\/content\/article\/161-ifg\/campus\/goiania\/noticias-campus-goiania\/21226-campus-goiania-realiza-semana-de-educacao-ciencia-e-tecnologia-entre-os-dias-7-e-11-de-dezembro\" target=\"_blank\">C\u00e2mpus Goi\u00e2nia realiza Semana de Educa\u00e7\u00e3o, Ci\u00eancia e Tecnologia entre os dias 7 e 11 de dezembro<\/a><br \/>\n<em>Evento ser\u00e1 on-line e trar\u00e1 como tema \u201cIntelig\u00eancia Artificial: a nova fronteira da ci\u00eancia brasileira&#8221;<\/em><\/p>\n","protected":false},"excerpt":{"rendered":"<p>Tema de 2020:&nbsp;Intelig\u00eancia Artificial: a nova fronteira da ci\u00eancia brasileira. Confira as not\u00edcias sobre o evento local: 11.02.2021 \u2013 Certificados Secitec 2020 Os participantes das atividades da Semana de Educa\u00e7\u00e3o, Ci\u00eancia e Tecnologia (Secitec) j\u00e1 podem acessar o Sistema Unificado de Gest\u00e3o de Extens\u00e3o e Pesquisa (Sugep) para fazer o download dos seus certificados. 09.12.2020<a href=\"https:\/\/eventos.ifg.edu.br\/secitecgoiania\/edicoes-anteriores\/edicao-2020\/\">[&#8230;]<\/a><\/p>\n","protected":false},"author":58,"featured_media":0,"parent":640,"menu_order":6,"comment_status":"closed","ping_status":"closed","template":"","meta":{"ngg_post_thumbnail":0,"footnotes":""},"class_list":["post-763","page","type-page","status-publish","hentry"],"_links":{"self":[{"href":"https:\/\/eventos.ifg.edu.br\/secitecgoiania\/wp-json\/wp\/v2\/pages\/763"}],"collection":[{"href":"https:\/\/eventos.ifg.edu.br\/secitecgoiania\/wp-json\/wp\/v2\/pages"}],"about":[{"href":"https:\/\/eventos.ifg.edu.br\/secitecgoiania\/wp-json\/wp\/v2\/types\/page"}],"author":[{"embeddable":true,"href":"https:\/\/eventos.ifg.edu.br\/secitecgoiania\/wp-json\/wp\/v2\/users\/58"}],"replies":[{"embeddable":true,"href":"https:\/\/eventos.ifg.edu.br\/secitecgoiania\/wp-json\/wp\/v2\/comments?post=763"}],"version-history":[{"count":6,"href":"https:\/\/eventos.ifg.edu.br\/secitecgoiania\/wp-json\/wp\/v2\/pages\/763\/revisions"}],"predecessor-version":[{"id":809,"href":"https:\/\/eventos.ifg.edu.br\/secitecgoiania\/wp-json\/wp\/v2\/pages\/763\/revisions\/809"}],"up":[{"embeddable":true,"href":"https:\/\/eventos.ifg.edu.br\/secitecgoiania\/wp-json\/wp\/v2\/pages\/640"}],"wp:attachment":[{"href":"https:\/\/eventos.ifg.edu.br\/secitecgoiania\/wp-json\/wp\/v2\/media?parent=763"}],"curies":[{"name":"wp","href":"https:\/\/api.w.org\/{rel}","templated":true}]}}