{"id":757,"date":"2023-08-21T09:40:31","date_gmt":"2023-08-21T12:40:31","guid":{"rendered":"http:\/\/eventos.ifg.edu.br\/secitecgoiania\/?page_id=757"},"modified":"2023-11-27T09:35:16","modified_gmt":"2023-11-27T12:35:16","slug":"edicao-2014","status":"publish","type":"page","link":"https:\/\/eventos.ifg.edu.br\/secitecgoiania\/edicoes-anteriores\/edicao-2014\/","title":{"rendered":"Edi\u00e7\u00e3o 2014"},"content":{"rendered":"<p>Tema de 2014:&nbsp;<strong>Ci\u00eancia e Tecnologia para o Desenvolvimento Social<\/strong>. O C\u00e2mpus Goi\u00e2nia n\u00e3o participou dessa edi\u00e7\u00e3o. Confira a not\u00edcia sobre o evento:<\/p>\n<hr>\n<p>13.10.2014 &#8211; <a href=\"https:\/\/w2.ifg.edu.br\/index.php\/component\/content\/article\/1-news\/89304-secitec\" target=\"_blank\">C\u00e2mpus do IFG realizam Semana Nacional de Educa\u00e7\u00e3o, Ci\u00eancia e Tecnologia<br \/>\n<\/a><em>A partir de hoje, 13 de outubro, diversos c\u00e2mpus do Instituto Federal de Goi\u00e1s (IFG) realizar\u00e3o a Semana Nacional de Educa\u00e7\u00e3o, Ci\u00eancia e Tecnologia (Secitec), mobilizando centenas de alunos e servidores. As inscri\u00e7\u00f5es est\u00e3o abertas em muitos desses c\u00e2mpus e os eventos seguem um calend\u00e1rio nacional, promovido pelos minist\u00e9rios da Educa\u00e7\u00e3o e da Ci\u00eancia, Tecnologia e Inova\u00e7\u00e3o.<\/em><\/p>\n<p>&nbsp;<\/p>\n","protected":false},"excerpt":{"rendered":"<p>Tema de 2014:&nbsp;Ci\u00eancia e Tecnologia para o Desenvolvimento Social. O C\u00e2mpus Goi\u00e2nia n\u00e3o participou dessa edi\u00e7\u00e3o. Confira a not\u00edcia sobre o evento: 13.10.2014 &#8211; C\u00e2mpus do IFG realizam Semana Nacional de Educa\u00e7\u00e3o, Ci\u00eancia e Tecnologia A partir de hoje, 13 de outubro, diversos c\u00e2mpus do Instituto Federal de Goi\u00e1s (IFG) realizar\u00e3o a Semana Nacional de<a href=\"https:\/\/eventos.ifg.edu.br\/secitecgoiania\/edicoes-anteriores\/edicao-2014\/\">[&#8230;]<\/a><\/p>\n","protected":false},"author":58,"featured_media":0,"parent":640,"menu_order":3,"comment_status":"closed","ping_status":"closed","template":"","meta":{"ngg_post_thumbnail":0,"footnotes":""},"class_list":["post-757","page","type-page","status-publish","hentry"],"_links":{"self":[{"href":"https:\/\/eventos.ifg.edu.br\/secitecgoiania\/wp-json\/wp\/v2\/pages\/757"}],"collection":[{"href":"https:\/\/eventos.ifg.edu.br\/secitecgoiania\/wp-json\/wp\/v2\/pages"}],"about":[{"href":"https:\/\/eventos.ifg.edu.br\/secitecgoiania\/wp-json\/wp\/v2\/types\/page"}],"author":[{"embeddable":true,"href":"https:\/\/eventos.ifg.edu.br\/secitecgoiania\/wp-json\/wp\/v2\/users\/58"}],"replies":[{"embeddable":true,"href":"https:\/\/eventos.ifg.edu.br\/secitecgoiania\/wp-json\/wp\/v2\/comments?post=757"}],"version-history":[{"count":4,"href":"https:\/\/eventos.ifg.edu.br\/secitecgoiania\/wp-json\/wp\/v2\/pages\/757\/revisions"}],"predecessor-version":[{"id":783,"href":"https:\/\/eventos.ifg.edu.br\/secitecgoiania\/wp-json\/wp\/v2\/pages\/757\/revisions\/783"}],"up":[{"embeddable":true,"href":"https:\/\/eventos.ifg.edu.br\/secitecgoiania\/wp-json\/wp\/v2\/pages\/640"}],"wp:attachment":[{"href":"https:\/\/eventos.ifg.edu.br\/secitecgoiania\/wp-json\/wp\/v2\/media?parent=757"}],"curies":[{"name":"wp","href":"https:\/\/api.w.org\/{rel}","templated":true}]}}