{"id":755,"date":"2023-08-21T09:35:00","date_gmt":"2023-08-21T12:35:00","guid":{"rendered":"http:\/\/eventos.ifg.edu.br\/secitecgoiania\/?page_id=755"},"modified":"2025-10-02T20:01:21","modified_gmt":"2025-10-02T23:01:21","slug":"edicao-2013","status":"publish","type":"page","link":"https:\/\/eventos.ifg.edu.br\/secitecgoiania\/edicoes-anteriores\/edicao-2013\/","title":{"rendered":"Edi\u00e7\u00e3o 2013"},"content":{"rendered":"<p>Tema de 2013: <strong>Ci\u00eancia, sa\u00fade e esporte<\/strong>.&nbsp;Confira as not\u00edcias sobre o evento local:<\/p>\n<hr>\n<p>23.10.2013 &#8211; <a href=\"https:\/\/w2.ifg.edu.br\/index.php\/component\/content\/article\/1-news\/88824-secitec\" target=\"_blank\" rel=\"noopener\">IFG presente na Semana Nacional de Ci\u00eancia e Tecnologia em Bras\u00edlia<br \/>\n<\/a><em>O Instituto Federal de Goi\u00e1s (IFG) participa da Semana Nacional de Ci\u00eancia e Tecnologia, em Bras\u00edlia, com estande de divulga\u00e7\u00e3o, montado no Pavilh\u00e3o de Exposi\u00e7\u00f5es do Parque da Cidade, e tamb\u00e9m com atividades que ser\u00e3o realizadas em nove de seus dez c\u00e2mpus \u2013 as Semanas de Ci\u00eancia e Tecnologia (Secitec\u00b4s).<\/em><\/p>\n<hr>\n<p>15.10.2013 &#8211; <a href=\"https:\/\/w2.ifg.edu.br\/goiania\/index.php\/component\/content\/article\/1-latest-news\/2095-cite\" target=\"_blank\" rel=\"noopener\">Cite promove Caf\u00e9 Empresarial nos c\u00e2mpus<\/a><br \/>\n<em>O Centro de Inova\u00e7\u00e3o Tecnol\u00f3gica (Cite) do Instituto Federal de Goi\u00e1s (IFG), em parceria com as ger\u00eancias de Pesquisa, P\u00f3s-gradua\u00e7\u00e3o e Extens\u00e3o (Gepex) dos c\u00e2mpus, est\u00e1 organizando o Caf\u00e9 Empresarial 2013, evento que busca a aproxima\u00e7\u00e3o entre a institui\u00e7\u00e3o e empresas para o estabelecimento de parcerias. O evento acontece em cada um dos dez c\u00e2mpus do IFG, durante a Semana de Educa\u00e7\u00e3o, Ci\u00eancia e Tecnologia (Secitec), come\u00e7ando pelo C\u00e2mpus An\u00e1polis amanh\u00e3, dia 16, e encerrando no C\u00e2mpus Jata\u00ed, dia 20 de novembro.<\/em><\/p>\n<hr>\n<p>14.10.2013 &#8211; <a href=\"https:\/\/w2.ifg.edu.br\/goiania\/index.php\/component\/content\/article\/1-latest-news\/2093-secitec\" target=\"_blank\" rel=\"noopener\">C\u00e2mpus do IFG promovem atividades durante a Semana Nacional de Ci\u00eancia e Tecnologia<\/a><br \/>\n<em>Mais de dez mil atividades, a serem realizadas em 410 cidades brasileiras, v\u00e3o integrar a Semana Nacional de Ci\u00eancia e Tecnologia (Secitec), programada para o per\u00edodo de 21 a 27, sob a coordena\u00e7\u00e3o do Minist\u00e9rio da Ci\u00eancia e Tecnologia (MCT). O Instituto Federal de Goi\u00e1s (IFG) \u00e9 uma das institui\u00e7\u00f5es de ensino que participa da semana, com atividades em nove de seus dez c\u00e2mpus.<\/em><\/p>\n","protected":false},"excerpt":{"rendered":"<p>Tema de 2013: Ci\u00eancia, sa\u00fade e esporte.&nbsp;Confira as not\u00edcias sobre o evento local: 23.10.2013 &#8211; IFG presente na Semana Nacional de Ci\u00eancia e Tecnologia em Bras\u00edlia O Instituto Federal de Goi\u00e1s (IFG) participa da Semana Nacional de Ci\u00eancia e Tecnologia, em Bras\u00edlia, com estande de divulga\u00e7\u00e3o, montado no Pavilh\u00e3o de Exposi\u00e7\u00f5es do Parque da Cidade,<a href=\"https:\/\/eventos.ifg.edu.br\/secitecgoiania\/edicoes-anteriores\/edicao-2013\/\">[&#8230;]<\/a><\/p>\n","protected":false},"author":58,"featured_media":0,"parent":640,"menu_order":2,"comment_status":"closed","ping_status":"closed","template":"","meta":{"ngg_post_thumbnail":0,"footnotes":""},"class_list":["post-755","page","type-page","status-publish","hentry"],"_links":{"self":[{"href":"https:\/\/eventos.ifg.edu.br\/secitecgoiania\/wp-json\/wp\/v2\/pages\/755"}],"collection":[{"href":"https:\/\/eventos.ifg.edu.br\/secitecgoiania\/wp-json\/wp\/v2\/pages"}],"about":[{"href":"https:\/\/eventos.ifg.edu.br\/secitecgoiania\/wp-json\/wp\/v2\/types\/page"}],"author":[{"embeddable":true,"href":"https:\/\/eventos.ifg.edu.br\/secitecgoiania\/wp-json\/wp\/v2\/users\/58"}],"replies":[{"embeddable":true,"href":"https:\/\/eventos.ifg.edu.br\/secitecgoiania\/wp-json\/wp\/v2\/comments?post=755"}],"version-history":[{"count":4,"href":"https:\/\/eventos.ifg.edu.br\/secitecgoiania\/wp-json\/wp\/v2\/pages\/755\/revisions"}],"predecessor-version":[{"id":963,"href":"https:\/\/eventos.ifg.edu.br\/secitecgoiania\/wp-json\/wp\/v2\/pages\/755\/revisions\/963"}],"up":[{"embeddable":true,"href":"https:\/\/eventos.ifg.edu.br\/secitecgoiania\/wp-json\/wp\/v2\/pages\/640"}],"wp:attachment":[{"href":"https:\/\/eventos.ifg.edu.br\/secitecgoiania\/wp-json\/wp\/v2\/media?parent=755"}],"curies":[{"name":"wp","href":"https:\/\/api.w.org\/{rel}","templated":true}]}}