{"id":728,"date":"2023-08-18T11:42:06","date_gmt":"2023-08-18T14:42:06","guid":{"rendered":"http:\/\/eventos.ifg.edu.br\/secitecgoiania\/?page_id=728"},"modified":"2023-11-27T09:40:04","modified_gmt":"2023-11-27T12:40:04","slug":"edicao-2018","status":"publish","type":"page","link":"https:\/\/eventos.ifg.edu.br\/secitecgoiania\/edicoes-anteriores\/edicao-2018\/","title":{"rendered":"Edi\u00e7\u00e3o 2018"},"content":{"rendered":"<p>Tema de 2018: <strong>Ci\u00eancia para a redu\u00e7\u00e3o das desigualdades<\/strong>. As iniciativas &#8220;Dia C da Ci\u00eancia&#8221;, 3\u00aa Semana da Qu\u00edmica e 9\u00aa Semana da Matem\u00e1tica tamb\u00e9m integraram o evento. Confira as not\u00edcias sobre o evento local:<\/p>\n<hr>\n<p>06.12.2018 \u2013 <a href=\"https:\/\/www.ifg.edu.br\/component\/content\/article\/163-ifg\/campus\/goiania\/comunicados-campus-goiania\/11233-certificados-da-3-secitec-do-campus-goiania-estao-disponiveis\" target=\"_blank\">Certificados da 3\u00aa Secitec do C\u00e2mpus Goi\u00e2nia est\u00e3o dispon\u00edveis<br \/>\n<\/a><em>Os certificados dos participantes da 3\u00aa Semana de Educa\u00e7\u00e3o, Ci\u00eancia, Tecnologia e Cultura (Secitec) do C\u00e2mpus Goi\u00e2nia, que foi realizada nos dias 24 a 27 de outubro, j\u00e1 est\u00e3o dispon\u00edveis para download<\/em><\/p>\n<hr>\n<p>06.11.2018 &#8211;<a href=\"https:\/\/www.ifg.edu.br\/component\/content\/article\/161-ifg\/campus\/goiania\/noticias-campus-goiania\/10751-alimentos-arrecadados-na-3-secitec-sao-doados-a-associacao-de-servico-a-crianca-especial-de-goiania\" target=\"_blank\">Alimentos arrecadados na 3\u00aa Secitec s\u00e3o doados para Ascep<\/a><br \/>\n<em>No evento, foram arrecadados cerca de 80 quilos de alimentos n\u00e3o perec\u00edveis<\/em><\/p>\n<hr>\n<p>29.10.2018 &#8211; <a href=\"https:\/\/www.ifg.edu.br\/component\/content\/article\/161-ifg\/campus\/goiania\/noticias-campus-goiania\/10611-joana-d-ard-felix-ministra-palestra-na-secitec-e-reforca-a-importancia-da-educacao-para-transformacao-social\" target=\"_blank\">Joana D&#8217;Arc F\u00e9lix de ministra palestra na Secitec e refor\u00e7a a import\u00e2ncia da educa\u00e7\u00e3o para transforma\u00e7\u00e3o social<\/a><br \/>\n<em>A cientista inspirou os estudantes com sua hist\u00f3ria de vida e refor\u00e7ou o quanto a inicia\u00e7\u00e3o cient\u00edfica pode ser uma ferramenta para tirar jovens da vulnerabilidade<\/em><\/p>\n<hr>\n<p>29.10.2018 &#8211; <a href=\"https:\/\/www.ifg.edu.br\/component\/content\/article\/161-ifg\/campus\/goiania\/noticias-campus-goiania\/10600-minicurso-de-matematica-basica-atrai-atencao-de-alunos-durante-a-secitec\" target=\"_blank\">Minicurso de Matem\u00e1tica B\u00e1sica atrai aten\u00e7\u00e3o de alunos durante a Secitec<\/a><br \/>\n<em>Atividade tamb\u00e9m foi proveitosa para monitores da Licenciatura em Matem\u00e1tica do c\u00e2mpus, que experimentaram a doc\u00eancia durante os minicursos<\/em><\/p>\n<hr>\n<p>29.10.2018 &#8211; <a href=\"https:\/\/www.ifg.edu.br\/component\/content\/article\/161-ifg\/campus\/goiania\/noticias-campus-goiania\/10606-programacao-cultural-da-secitec-reune-artistas-da-casa-e-convidados\" target=\"_blank\">Programa\u00e7\u00e3o cultural da Secitec contou apresenta\u00e7\u00f5es de artistas da casa e convidados<\/a><br \/>\n<em>As apresenta\u00e7\u00f5es culturais e art\u00edsticas abrilhantaram o evento no C\u00e2mpus Goi\u00e2nia<br \/>\n<\/em><\/p>\n<hr>\n<p>27.10.2018 &#8211; <a href=\"https:\/\/www.ifg.edu.br\/component\/content\/article\/161-ifg\/campus\/goiania\/noticias-campus-goiania\/10598-libras-instrumento-inclusao-secitec2018-campusgoiania\" target=\"_blank\">A Libras como instrumento de inclus\u00e3o social dos surdos \u00e9 tema de oficina e minicurso na Secitec<\/a><br \/>\n<em>Os participantes puderam conhecer projetos e saber mais sobre a L\u00edngua Brasileira de Sinais<br \/>\n<\/em><\/p>\n<hr>\n<p>26.10.2018 &#8211; <a href=\"https:\/\/www.ifg.edu.br\/component\/content\/article\/161-ifg\/campus\/goiania\/noticias-campus-goiania\/10590-dia-c-da-ciencia-ifg-goiania\" target=\"_blank\">Apresenta\u00e7\u00f5es de trabalhos cient\u00edficos de alunos e servidores do C\u00e2mpus marcam o Dia C da Ci\u00eancia<br \/>\n<\/a><em>O C\u00e2mpus Goi\u00e2nia celebrou esta data com apresenta\u00e7\u00f5es de pesquisas nas comunica\u00e7\u00f5es orais da Secitec<br \/>\n<\/em><\/p>\n<hr>\n<p>26.10.2018 &#8211; <a href=\"https:\/\/www.ifg.edu.br\/component\/content\/article\/161-ifg\/campus\/goiania\/noticias-campus-goiania\/10587-observacao-do-ceu-agita-criancada-durante-a-3-secitec-do-campus-goiania\" target=\"_blank\">Observa\u00e7\u00e3o do c\u00e9u agita crian\u00e7ada durante a 3\u00aa Secitec do C\u00e2mpus Goi\u00e2nia<\/a><br \/>\n<em>Nesta sexta-feira, 26, ainda haver\u00e1 oficina de Espanhol para crian\u00e7as e adolescentes<br \/>\n<\/em><\/p>\n<hr>\n<p>25.10.2018 &#8211; <a href=\"https:\/\/www.ifg.edu.br\/component\/content\/article\/161-ifg\/campus\/goiania\/noticias-campus-goiania\/10578-oficinas-abordam-como-a-ciencia-pode-auxiliar-no-dia-a-dia-e-ajudar-a-preservar-o-meio-ambiente\" target=\"_blank\">Atividades abordam como a Ci\u00eancia pode auxiliar no dia a dia e ajudar a preservar o meio ambiente<br \/>\n<\/a><em>Participantes tiveram a oportunidade de aprender a fazer e utilizar uma composteira, al\u00e9m de fabricar seus pr\u00f3prios sab\u00f5es, sabonetes e \u00e1lcool em gel<br \/>\n<\/em><\/p>\n<hr>\n<p>25.10.2018 &#8211; <a href=\"https:\/\/www.ifg.edu.br\/component\/content\/article\/161-ifg\/campus\/goiania\/noticias-campus-goiania\/10577-palestra-abertura-3-secitec-campus-goiania\" target=\"_blank\">\u201cPromover a difus\u00e3o cient\u00edfica \u00e9 tamb\u00e9m presta\u00e7\u00e3o de contas para a sociedade\u201d, destaca palestrante na abertura da 3\u00aa Secitec<\/a><br \/>\n<em>A palestrante Marcia Schiavon, da Fapeg, falou sobre Ci\u00eancia para a redu\u00e7\u00e3o das desigualdades<br \/>\n<\/em><\/p>\n<hr>\n<p>24.10.2018 &#8211; <a href=\"https:\/\/www.ifg.edu.br\/component\/content\/article\/161-ifg\/campus\/goiania\/noticias-campus-goiania\/10550-passeio-bikedeco-e-motodeco-movimenta-goiania-no-aniversario-de-85-anos-da-capital\" target=\"_blank\">Passeio BikeD\u00e9co e MotoD\u00e9co movimenta Goi\u00e2nia no anivers\u00e1rio de 85 anos da capital<\/a><br \/>\n<em>A atividade foi realizada na manh\u00e3 de hoje, 24, e abriu a programa\u00e7\u00e3o da 3\u00aa Secitec do C\u00e2mpus Goi\u00e2nia<br \/>\n<\/em><\/p>\n<hr>\n<p>23.10.2018 &#8211; <a href=\"https:\/\/www.ifg.edu.br\/component\/content\/article\/161-ifg\/campus\/goiania\/noticias-campus-goiania\/10528-programacao-secitec-goiania-comeca\" target=\"_blank\">Programa\u00e7\u00e3o da 3\u00aa Secitec do C\u00e2mpus Goi\u00e2nia come\u00e7a amanh\u00e3, 24<\/a><br \/>\n<em>Ser\u00e3o quatro dias de evento dedicados \u00e0 Ci\u00eancia e \u00e0 aproxima\u00e7\u00e3o da comunidade ao IFG \u2013 C\u00e2mpus Goi\u00e2nia<br \/>\n<\/em><\/p>\n<hr>\n<p>23.10.2018 &#8211; <a href=\"https:\/\/www.ifg.edu.br\/component\/content\/article\/161-ifg\/campus\/goiania\/noticias-campus-goiania\/10530-programacao-da-secitec-2018-do-ifg-campus-goiania-traz-atividades-para-criancas-e-adolescentes\" target=\"_blank\">Programa\u00e7\u00e3o da Secitec 2018 do IFG &#8211; C\u00e2mpus Goi\u00e2nia traz atividades para crian\u00e7as e adolescentes<\/a><br \/>\n<em>Os pequenos poder\u00e3o se inscrever para participar da observa\u00e7\u00e3o do c\u00e9u noturno e oficina de espanhol<br \/>\n<\/em><\/p>\n<hr>\n<p>18.10.2018 &#8211; <a href=\"https:\/\/www.ifg.edu.br\/component\/content\/article\/161-ifg\/campus\/goiania\/noticias-campus-goiania\/10469-3-secitec-do-ifg-campus-goiania-traz-apresentacoes-culturais-e-programacao-voltada-para-a-area-musical\" target=\"_blank\">3\u00aa Secitec do IFG \u2013 C\u00e2mpus Goi\u00e2nia traz apresenta\u00e7\u00f5es culturais e programa\u00e7\u00e3o voltada para a \u00e1rea musical<\/a><br \/>\n<em>Dentre as atividades, est\u00e1 o recital de piano com Maria Jos\u00e9 Carrasqueira, considerada uma das maiores pianistas do pa\u00eds<br \/>\n<\/em><\/p>\n<hr>\n<p>18.10.2018 &#8211; <a href=\"https:\/\/www.ifg.edu.br\/component\/content\/article\/17-ifg\/ultimas-noticias\/10471-semana-nacional-de-ciencia-e-tecnologia-e-realizada-em-varios-campus-do-ifg\" target=\"_blank\">Semana Nacional de Ci\u00eancia e Tecnologia \u00e9 realizada em v\u00e1rios c\u00e2mpus do IFG<\/a><br \/>\n<em>Evento que ocorre, tradicionalmente, em outubro em todo o Brasil tem como tema a \u201cCi\u00eancia para a Redu\u00e7\u00e3o das Desigualdades\u201d<br \/>\n<\/em><\/p>\n<hr>\n<p>17.10.2018 &#8211; <a href=\"https:\/\/www.ifg.edu.br\/component\/content\/article\/161-ifg\/campus\/goiania\/noticias-campus-goiania\/10419-secitec-passeio-bikedeco-motodeco\" target=\"_blank\">C\u00e2mpus Goi\u00e2nia realiza passeio BikeD\u00e9co e MotoD\u00e9co no anivers\u00e1rio de 85 anos de Goi\u00e2nia<br \/>\n<\/a><em>A atividade integra a programa\u00e7\u00e3o da 3\u00aa Semana de Educa\u00e7\u00e3o, Ci\u00eancia, Tecnologia e Cultura (Secitec) do C\u00e2mpus Goi\u00e2nia<\/em><\/p>\n<hr>\n<p>15.10.2028 &#8211; <a href=\"https:\/\/www.ifg.edu.br\/component\/content\/article\/163-ifg\/campus\/goiania\/comunicados-campus-goiania\/10371-aulas-serao-substituidas-por-atividades-da-secitec-2018\" target=\"_blank\">Aulas ser\u00e3o substitu\u00eddas por atividades da Secitec 2018<\/a><br \/>\n<em>A&nbsp;Dire\u00e7\u00e3o-Geral da unidade convoca servidores t\u00e9cnico-administrativos e docentes a participarem do evento.<\/em><\/p>\n<hr>\n<p>09.10.2018 &#8211; <a href=\"https:\/\/www.ifg.edu.br\/component\/content\/article\/161-ifg\/campus\/goiania\/noticias-campus-goiania\/10319-inscricoes-abertas-para-oficinas-minicursos-e-palestras-na-secitec-2018\" target=\"_blank\">Inscri\u00e7\u00f5es abertas para oficinas, minicursos e palestras na Secitec 2018<\/a><br \/>\n<em>Os interessados devem se inscrever pelo site do evento e as vagas s\u00e3o limitadas<br \/>\n<\/em><\/p>\n<hr>\n<p>02.10.2018 &#8211; <a href=\"https:\/\/www.ifg.edu.br\/component\/content\/article\/161-ifg\/campus\/goiania\/noticias-campus-goiania\/10214-3-edicao-da-secitec-reune-programacao-repleta-de-atividades-gratuitas-para-comunidade\" target=\"_blank\">3\u00aa edi\u00e7\u00e3o da Secitec re\u00fane programa\u00e7\u00e3o repleta de atividades gratuitas para comunidade<\/a><br \/>\n<em>Dia C da Ci\u00eancia, 3\u00aa Semana da Qu\u00edmica e 9\u00aa Semana da Matem\u00e1tica tamb\u00e9m integram o evento<\/em><\/p>\n","protected":false},"excerpt":{"rendered":"<p>Tema de 2018: Ci\u00eancia para a redu\u00e7\u00e3o das desigualdades. As iniciativas &#8220;Dia C da Ci\u00eancia&#8221;, 3\u00aa Semana da Qu\u00edmica e 9\u00aa Semana da Matem\u00e1tica tamb\u00e9m integraram o evento. Confira as not\u00edcias sobre o evento local: 06.12.2018 \u2013 Certificados da 3\u00aa Secitec do C\u00e2mpus Goi\u00e2nia est\u00e3o dispon\u00edveis Os certificados dos participantes da 3\u00aa Semana de Educa\u00e7\u00e3o,<a href=\"https:\/\/eventos.ifg.edu.br\/secitecgoiania\/edicoes-anteriores\/edicao-2018\/\">[&#8230;]<\/a><\/p>\n","protected":false},"author":58,"featured_media":0,"parent":640,"menu_order":5,"comment_status":"closed","ping_status":"closed","template":"","meta":{"ngg_post_thumbnail":0,"footnotes":""},"class_list":["post-728","page","type-page","status-publish","hentry"],"_links":{"self":[{"href":"https:\/\/eventos.ifg.edu.br\/secitecgoiania\/wp-json\/wp\/v2\/pages\/728"}],"collection":[{"href":"https:\/\/eventos.ifg.edu.br\/secitecgoiania\/wp-json\/wp\/v2\/pages"}],"about":[{"href":"https:\/\/eventos.ifg.edu.br\/secitecgoiania\/wp-json\/wp\/v2\/types\/page"}],"author":[{"embeddable":true,"href":"https:\/\/eventos.ifg.edu.br\/secitecgoiania\/wp-json\/wp\/v2\/users\/58"}],"replies":[{"embeddable":true,"href":"https:\/\/eventos.ifg.edu.br\/secitecgoiania\/wp-json\/wp\/v2\/comments?post=728"}],"version-history":[{"count":13,"href":"https:\/\/eventos.ifg.edu.br\/secitecgoiania\/wp-json\/wp\/v2\/pages\/728\/revisions"}],"predecessor-version":[{"id":931,"href":"https:\/\/eventos.ifg.edu.br\/secitecgoiania\/wp-json\/wp\/v2\/pages\/728\/revisions\/931"}],"up":[{"embeddable":true,"href":"https:\/\/eventos.ifg.edu.br\/secitecgoiania\/wp-json\/wp\/v2\/pages\/640"}],"wp:attachment":[{"href":"https:\/\/eventos.ifg.edu.br\/secitecgoiania\/wp-json\/wp\/v2\/media?parent=728"}],"curies":[{"name":"wp","href":"https:\/\/api.w.org\/{rel}","templated":true}]}}