{"id":651,"date":"2023-08-18T12:20:59","date_gmt":"2023-08-18T15:20:59","guid":{"rendered":"http:\/\/eventos.ifg.edu.br\/secitecgoiania\/?page_id=651"},"modified":"2023-08-21T11:49:33","modified_gmt":"2023-08-21T14:49:33","slug":"edicao-2010","status":"publish","type":"page","link":"https:\/\/eventos.ifg.edu.br\/secitecgoiania\/edicoes-anteriores\/edicao-2010\/","title":{"rendered":"Edi\u00e7\u00e3o 2010"},"content":{"rendered":"<p>Tema de 2010: <strong>Integra\u00e7\u00e3o do IFG com a sociedade em prol do desenvolvimento sustent\u00e1vel<\/strong>.&nbsp;Confira as not\u00edcias sobre o evento local:<\/p>\n<hr>\n<p>22.10.2010 &#8211; <a href=\"https:\/\/w2.ifg.edu.br\/index.php\/component\/content\/article\/1-news\/87011-hoje-tem-atividade-no-campus-goiania\" target=\"_blank\">Campus Goi\u00e2nia tem mais de 400 inscritos<\/a><br \/>\n<em>O Campus Goi\u00e2nia do Instituto Federal de Goi\u00e1s ter\u00e1 nessa sexta-feira, 22 de outubro, uma programa\u00e7\u00e3o intensa da 1\u00aa Semana de Educa\u00e7\u00e3o, Ci\u00eancia e Tecnologia do IFG. Durante todo o dia acontecem palestras, minicursos, apresenta\u00e7\u00f5es culturais, oficinas, al\u00e9m da exposi\u00e7\u00e3o dos cursos e feira de est\u00e1gio. Ao todo foram registradas cerca de 400 inscri\u00e7\u00f5es de estudantes e a comunidade interessada em participar das atividades.<\/em><\/p>\n<hr>\n<p>21.10.2010 &#8211; <a href=\"https:\/\/w2.ifg.edu.br\/goiania\/index.php\/component\/content\/article\/1-latest-news\/199-ifgdebatetransito\" target=\"_blank\">IFG debate tr\u00e2nsito e educa\u00e7\u00e3o na 1\u00aa SECITEC<\/a><br \/>\n<em>O Instituto Federal de Goi\u00e1s (IFG) vai realizar na manh\u00e3 de hoje uma discuss\u00e3o acerca de um importante tema, que est\u00e1 presente nos centros urbanos do pa\u00eds e que afeta diretamente o cotidiano da popula\u00e7\u00e3o, o tr\u00e2nsito. Com o tema: O papel dos \u00f3rg\u00e3os de tr\u00e2nsito nas campanhas de educa\u00e7\u00e3o, ser\u00e1 realizada uma palestra \u00e0s 10 horas, no p\u00e1tio do Campus Goi\u00e2nia.<\/em><\/p>\n<hr>\n<p>18.10.2010 &#8211; <a href=\"https:\/\/w2.ifg.edu.br\/index.php\/component\/content\/article\/1-news\/86989-1o-semana-de-educacao-ciencia-e-tecnologia-do-ifg-inicia-se-hoje-18\" target=\"_blank\">1\u00aa Semana de Educa\u00e7\u00e3o, Ci\u00eancia e Tecnologia do IFG inicia-se hoje, 18<\/a><br \/>\n<span style=\"color: #000000\"><em>O Instituto Federal de Goi\u00e1s iniciou hoje, 18 de outubro, sua 1\u00aa Semana de Educa\u00e7\u00e3o, Ci\u00eancia e Tecnologia. Com o tema: Integra\u00e7\u00e3o com a Sociedade em prol do Desenvolvimento Sustent\u00e1vel, o evento ser\u00e1 realizado at\u00e9 o dia 23 e ter\u00e1 programa\u00e7\u00e3o em todos os oito campi da Institui\u00e7\u00e3o, em Goi\u00e2nia, Jata\u00ed, Inhumas, Itumbiara, Urua\u00e7u, An\u00e1polis, Formosa e Luzi\u00e2nia.<br \/>\n<\/em><\/span><\/p>\n<hr>\n<p>11.10.2010 &#8211; <a href=\"https:\/\/w2.ifg.edu.br\/index.php\/component\/content\/article\/1-news\/86984-secitecinscricoes\" target=\"_blank\">Inscri\u00e7\u00f5es abertas para palestras, oficinas e minicursos<\/a><br \/>\n<em>Est\u00e3o abertas as inscri\u00e7\u00f5es para palestras, oficinas e minicursos da 1\u00aa Semana de Educa\u00e7\u00e3o, Ci\u00eancia e Tecnologia do Instituto Federal de Goi\u00e1s (IFG). O evento vai ocorrer simultaneamente nos oito&nbsp;campi&nbsp;do IFG, em Goi\u00e2nia, Jata\u00ed, Inhumas, Itumbiara, Urua\u00e7u, An\u00e1polis, Formosa e Luzi\u00e2nia, de 18 a 23 de outubro desse ano de 2010.<br \/>\n<\/em><\/p>\n<hr>\n<p>05.10.2010 &#8211; <a href=\"https:\/\/w2.ifg.edu.br\/index.php\/component\/content\/article\/1-news\/86977-secitec10primeira\" target=\"_blank\">1\u00aa Semana de Educa\u00e7\u00e3o, Ci\u00eancia e Tecnologia do IFG inicia-se dia 18<\/a><br \/>\n<em>O Instituto Federal de Goi\u00e1s (IFG) vai realizar de 18 a 23 de outubro desse ano de 2010 a 1\u00aa Semana de Educa\u00e7\u00e3o, Ci\u00eancia e Tecnologia (SECITEC) da Institui\u00e7\u00e3o. Durante seis dias, os oito campi do IFG, localizados nas cidades de Goi\u00e2nia, Jata\u00ed, Inhumas, Itumbiara, Urua\u00e7u, An\u00e1polis, Formosa e Luzi\u00e2nia, estar\u00e3o abertos para visita\u00e7\u00e3o da comunidade empresarial e cient\u00edfica goiana e a popula\u00e7\u00e3o em geral, que tenha interesse em debater assuntos ligados ao desenvolvimento sustent\u00e1vel.<\/em><\/p>\n","protected":false},"excerpt":{"rendered":"<p>Tema de 2010: Integra\u00e7\u00e3o do IFG com a sociedade em prol do desenvolvimento sustent\u00e1vel.&nbsp;Confira as not\u00edcias sobre o evento local: 22.10.2010 &#8211; Campus Goi\u00e2nia tem mais de 400 inscritos O Campus Goi\u00e2nia do Instituto Federal de Goi\u00e1s ter\u00e1 nessa sexta-feira, 22 de outubro, uma programa\u00e7\u00e3o intensa da 1\u00aa Semana de Educa\u00e7\u00e3o, Ci\u00eancia e Tecnologia do<a href=\"https:\/\/eventos.ifg.edu.br\/secitecgoiania\/edicoes-anteriores\/edicao-2010\/\">[&#8230;]<\/a><\/p>\n","protected":false},"author":58,"featured_media":0,"parent":640,"menu_order":1,"comment_status":"closed","ping_status":"closed","template":"","meta":{"ngg_post_thumbnail":0,"footnotes":""},"class_list":["post-651","page","type-page","status-publish","hentry"],"_links":{"self":[{"href":"https:\/\/eventos.ifg.edu.br\/secitecgoiania\/wp-json\/wp\/v2\/pages\/651"}],"collection":[{"href":"https:\/\/eventos.ifg.edu.br\/secitecgoiania\/wp-json\/wp\/v2\/pages"}],"about":[{"href":"https:\/\/eventos.ifg.edu.br\/secitecgoiania\/wp-json\/wp\/v2\/types\/page"}],"author":[{"embeddable":true,"href":"https:\/\/eventos.ifg.edu.br\/secitecgoiania\/wp-json\/wp\/v2\/users\/58"}],"replies":[{"embeddable":true,"href":"https:\/\/eventos.ifg.edu.br\/secitecgoiania\/wp-json\/wp\/v2\/comments?post=651"}],"version-history":[{"count":5,"href":"https:\/\/eventos.ifg.edu.br\/secitecgoiania\/wp-json\/wp\/v2\/pages\/651\/revisions"}],"predecessor-version":[{"id":790,"href":"https:\/\/eventos.ifg.edu.br\/secitecgoiania\/wp-json\/wp\/v2\/pages\/651\/revisions\/790"}],"up":[{"embeddable":true,"href":"https:\/\/eventos.ifg.edu.br\/secitecgoiania\/wp-json\/wp\/v2\/pages\/640"}],"wp:attachment":[{"href":"https:\/\/eventos.ifg.edu.br\/secitecgoiania\/wp-json\/wp\/v2\/media?parent=651"}],"curies":[{"name":"wp","href":"https:\/\/api.w.org\/{rel}","templated":true}]}}