{"id":640,"date":"2018-09-26T11:31:01","date_gmt":"2018-09-26T14:31:01","guid":{"rendered":"http:\/\/eventos.ifg.edu.br\/secitecgoiania\/?page_id=640"},"modified":"2025-10-02T21:13:12","modified_gmt":"2025-10-03T00:13:12","slug":"edicoes-anteriores","status":"publish","type":"page","link":"https:\/\/eventos.ifg.edu.br\/secitecgoiania\/edicoes-anteriores\/","title":{"rendered":"Edi\u00e7\u00f5es anteriores"},"content":{"rendered":"<p><a href=\"https:\/\/eventos.ifg.edu.br\/secitecgoiania\/edicoes-anteriores\/edicao-2025\/\" target=\"_blank\" rel=\"noopener\">2025<\/a> &#8211; Tema: Planeta \u00c1gua: cultura oce\u00e2nica para enfrentar as mudan\u00e7as clim\u00e1ticas no meu territ\u00f3rio<\/p>\n<p><a href=\"https:\/\/eventos.ifg.edu.br\/secitecgoiania\/edicoes-anteriores\/edicao-2024\/\" target=\"_blank\" rel=\"noopener\">2024<\/a> &#8211; Tema: Biomas do Brasil: diversidade, saberes e tecnologias sociais<\/p>\n<p><a href=\"https:\/\/eventos.ifg.edu.br\/secitecgoiania\/edicoes-anteriores\/edicao-2023\/\" target=\"_blank\" rel=\"noopener\">2023<\/a> &#8211; Tema: Ci\u00eancias B\u00e1sicas para o Desenvolvimento Sustent\u00e1vel<\/p>\n<p><a href=\"https:\/\/eventos.ifg.edu.br\/secitecgoiania\/edicoes-anteriores\/edicao-2022\/\" target=\"_blank\" rel=\"noopener\">2022<\/a> &#8211; Tema:&nbsp;Bicenten\u00e1rio da Independ\u00eancia: 200 anos de Ci\u00eancia, Tecnologia e Inova\u00e7\u00e3o do Brasil<\/p>\n<p><a href=\"https:\/\/eventos.ifg.edu.br\/secitecgoiania\/edicoes-anteriores\/edicao-2021\/\" target=\"_blank\" rel=\"noopener\">2021<\/a> &#8211; Tema: A transversalidade da ci\u00eancia, tecnologia e inova\u00e7\u00f5es para o planeta<\/p>\n<p><a href=\"https:\/\/eventos.ifg.edu.br\/secitecgoiania\/edicoes-anteriores\/edicao-2020\/\" target=\"_blank\" rel=\"noopener\">2020<\/a> &#8211; Tema:&nbsp;Intelig\u00eancia Artificial: a nova fronteira da ci\u00eancia brasileira<\/p>\n<p><a href=\"https:\/\/eventos.ifg.edu.br\/secitecgoiania\/edicoes-anteriores\/edicao-2018\/\" target=\"_blank\" rel=\"noopener\">2018<\/a> &#8211; Tema:&nbsp;Ci\u00eancia para a redu\u00e7\u00e3o das desigualdades<\/p>\n<p><a href=\"http:\/\/eventos.ifg.edu.br\/secitecgoiania\/edicoes-anteriores\/edicao-2017\/\" target=\"_blank\" rel=\"noopener\">2017 <\/a>&#8211; Tema: A Matem\u00e1tica est\u00e1 em tudo!<\/p>\n<p><a href=\"https:\/\/eventos.ifg.edu.br\/secitecgoiania\/edicoes-anteriores\/edicao-2014\/\" target=\"_blank\" rel=\"noopener\">2014<\/a> &#8211; Tema:&nbsp;Ci\u00eancia e Tecnologia para o Desenvolvimento Social<\/p>\n<p><a href=\"https:\/\/eventos.ifg.edu.br\/secitecgoiania\/edicoes-anteriores\/edicao-2013\/\" target=\"_blank\" rel=\"noopener\">2013<\/a> &#8211; Tema: Ci\u00eancia, sa\u00fade e esporte<\/p>\n<p><a href=\"https:\/\/eventos.ifg.edu.br\/secitecgoiania\/edicoes-anteriores\/edicao-2010\/\" target=\"_blank\" rel=\"noopener\">2010 <\/a>&#8211; Tema: Integra\u00e7\u00e3o com a Sociedade em Prol do Desenvolvimento Sustent\u00e1vel<\/p>\n","protected":false},"excerpt":{"rendered":"<p>2025 &#8211; Tema: Planeta \u00c1gua: cultura oce\u00e2nica para enfrentar as mudan\u00e7as clim\u00e1ticas no meu territ\u00f3rio 2024 &#8211; Tema: Biomas do Brasil: diversidade, saberes e tecnologias sociais 2023 &#8211; Tema: Ci\u00eancias B\u00e1sicas para o Desenvolvimento Sustent\u00e1vel 2022 &#8211; Tema:&nbsp;Bicenten\u00e1rio da Independ\u00eancia: 200 anos de Ci\u00eancia, Tecnologia e Inova\u00e7\u00e3o do Brasil 2021 &#8211; Tema: A transversalidade da<a href=\"https:\/\/eventos.ifg.edu.br\/secitecgoiania\/edicoes-anteriores\/\">[&#8230;]<\/a><\/p>\n","protected":false},"author":58,"featured_media":0,"parent":0,"menu_order":5,"comment_status":"closed","ping_status":"closed","template":"","meta":{"ngg_post_thumbnail":0,"footnotes":""},"class_list":["post-640","page","type-page","status-publish","hentry"],"_links":{"self":[{"href":"https:\/\/eventos.ifg.edu.br\/secitecgoiania\/wp-json\/wp\/v2\/pages\/640"}],"collection":[{"href":"https:\/\/eventos.ifg.edu.br\/secitecgoiania\/wp-json\/wp\/v2\/pages"}],"about":[{"href":"https:\/\/eventos.ifg.edu.br\/secitecgoiania\/wp-json\/wp\/v2\/types\/page"}],"author":[{"embeddable":true,"href":"https:\/\/eventos.ifg.edu.br\/secitecgoiania\/wp-json\/wp\/v2\/users\/58"}],"replies":[{"embeddable":true,"href":"https:\/\/eventos.ifg.edu.br\/secitecgoiania\/wp-json\/wp\/v2\/comments?post=640"}],"version-history":[{"count":14,"href":"https:\/\/eventos.ifg.edu.br\/secitecgoiania\/wp-json\/wp\/v2\/pages\/640\/revisions"}],"predecessor-version":[{"id":978,"href":"https:\/\/eventos.ifg.edu.br\/secitecgoiania\/wp-json\/wp\/v2\/pages\/640\/revisions\/978"}],"wp:attachment":[{"href":"https:\/\/eventos.ifg.edu.br\/secitecgoiania\/wp-json\/wp\/v2\/media?parent=640"}],"curies":[{"name":"wp","href":"https:\/\/api.w.org\/{rel}","templated":true}]}}