{"id":45,"date":"2017-08-16T19:21:27","date_gmt":"2017-08-16T22:21:27","guid":{"rendered":"http:\/\/eventos.ifg.edu.br\/secitecgoiania\/?page_id=45"},"modified":"2023-11-27T09:39:41","modified_gmt":"2023-11-27T12:39:41","slug":"edicao-2017","status":"publish","type":"page","link":"https:\/\/eventos.ifg.edu.br\/secitecgoiania\/edicoes-anteriores\/edicao-2017\/","title":{"rendered":"Edi\u00e7\u00e3o 2017"},"content":{"rendered":"<p>Tema de 2017:&nbsp;<strong>A Matem\u00e1tica est\u00e1 em tudo<\/strong>.&nbsp;A 8\u00aa Semana de Licenciatura em Matem\u00e1tica e&nbsp;a 2\u00aa Semana de Qu\u00edmica tamb\u00e9m integraram o evento. Confira as not\u00edcias sobre o evento local:<\/p>\n<hr>\n<p>2017 &#8211; <a href=\"https:\/\/www.youtube.com\/watch?v=pgj9ESP1v6o\" target=\"_blank\">Confira o v\u00eddeo sobre o que rolou durante a Secitec 2017 do IFG &#8211; C\u00e2mpus Goi\u00e2nia<\/a>.&nbsp;<\/p>\n<hr>\n<p>01.12.2017 \u2013&nbsp;<a href=\"http:\/\/ifg.edu.br\/component\/content\/article\/163-ifg\/campus\/goiania\/comunicados-campus-goiania\/6272-certificados-de-participacao-na-secitec-2017\">Certificados de Participa\u00e7\u00e3o na Secitec 2017<br \/>\n<\/a><em>Os participantes que se inscreveram previamente no evento pelo site dever\u00e3o acessar a plataforma SUGEP<\/em><\/p>\n<hr>\n<p>19.10.2017 \u2013&nbsp;<a href=\"http:\/\/ifg.edu.br\/component\/content\/article\/161-ifg\/campus\/goiania\/noticias-campus-goiania\/5437-empresas-conhecem-projetos-de-inovacao-do-ifg-campus-goiania\" target=\"_blank\">Empresas conhecem projetos de inova\u00e7\u00e3o do IFG \u2013 C\u00e2mpus Goi\u00e2nia<br \/>\n<\/a><em>Workshop empresarial reuniu setor produtivo e pesquisadores para discutirem parcerias<\/em><\/p>\n<hr>\n<p>19.10.2017 \u2013&nbsp;<a href=\"http:\/\/ifg.edu.br\/ultimas-noticias-campus-goiania\/5428-orquestra-filarmonica-de-goias-se-apresenta-no-ultimo-dia-da-secitec-2017\" target=\"_blank\">Orquestra Filarm\u00f4nica de Goi\u00e1s se apresenta no \u00faltimo dia da Secitec 2017<br \/>\n<\/a><em>A s\u00e9rie \u201cM\u00fasica Impopular\u201d ser\u00e1 apresentada dentro do projeto Quinta Justa, no Teatro do IFG, com entrada franca<\/em><\/p>\n<hr>\n<p>18.10.2017 \u2013&nbsp;<a href=\"http:\/\/ifg.edu.br\/ultimas-noticias-campus-goiania\/5425-escolas-visitam-campus-goiania-em-edicoes-especiais-do-conhecendo-o-ifg\" target=\"_blank\">Escolas visitam C\u00e2mpus Goi\u00e2nia em edi\u00e7\u00f5es especiais do Conhecendo o IFG<br \/>\n<\/a><em>Cinco institui\u00e7\u00f5es de ensino est\u00e3o agendadas para participar do projeto durante a Secitec<\/em><\/p>\n<hr>\n<p>18.10.2017 \u2013&nbsp;<a href=\"http:\/\/ifg.edu.br\/ultimas-noticias-campus-goiania\/5416-google-earth-auxiliar-pesquisas\" target=\"_blank\">Uso do Google Earth em pesquisas \u00e9 tema de minicurso<br \/>\n<\/a><em>Participantes puderam aprender sobre as funcionalidades da ferramenta que disponibiliza mapas em tr\u00eas dimens\u00f5es<\/em><\/p>\n<hr>\n<p>17.10.2017 \u2013&nbsp;<a href=\"http:\/\/www.ifg.edu.br\/component\/content\/article\/161-ifg\/campus\/goiania\/noticias-campus-goiania\/5393-minicursos-promovem-capacitacao-durante-a-secitec-do-campus-goiania\" target=\"_blank\">Minicursos promovem capacita\u00e7\u00e3o durante a Secitec do C\u00e2mpus Goi\u00e2nia<br \/>\n<\/a><em>Dentre as oportunidades, p\u00fablico conferiu estrat\u00e9gias para&nbsp;desenvolver marketing pessoal&nbsp;com foco no mercado de trabalho<\/em><\/p>\n<hr>\n<p>17.10.2017 \u2013&nbsp;<a href=\"http:\/\/ifg.edu.br\/component\/content\/article\/161-ifg\/campus\/goiania\/noticias-campus-goiania\/5385-cerimonia-marca-abertura-da-semana-de-educacao-ciencia-tecnologia-e-cultura-do-campus-goiania\" target=\"_blank\">Cerim\u00f4nia marca abertura da Semana de Educa\u00e7\u00e3o, Ci\u00eancia, Tecnologia e Cultura do C\u00e2mpus Goi\u00e2nia<br \/>\n<\/a><em>A solenidade foi acompanhada pelos p\u00fablicos interno e externo \u00e0 Institui\u00e7\u00e3o<\/em><\/p>\n<hr>\n<p>16.10.2017 &#8211; <a href=\"https:\/\/www.ifg.edu.br\/component\/content\/article\/163-ifg\/campus\/goiania\/comunicados-campus-goiania\/5363-aulas-serao-substituidas-pelas-atividades-da-secitec-2017\" target=\"_blank\">Aulas ser\u00e3o substitu\u00eddas pelas atividades da Secitec 2017<\/a><br \/>\n<em>Tendo em vista a realiza\u00e7\u00e3o da Secitec 2017, a Dire\u00e7\u00e3o-Geral do C\u00e2mpus Goi\u00e2nia do Instituto Federal de Goi\u00e1s (IFG) informa que as aulas ser\u00e3o substitu\u00eddas pelas atividades de Ensino, Pesquisa e Extens\u00e3o, oferecidas durante os tr\u00eas dias do evento (17, 18 e 19 de outubro).<br \/>\n<\/em><\/p>\n<hr>\n<p>10.10.2017 \u2013&nbsp;<a href=\"http:\/\/www.ifg.edu.br\/ultimas-noticias-campus-goiania\/5323-atracoes-culturais-vao-movimentar-a-secitec-goiania-2017\" target=\"_blank\">Atra\u00e7\u00f5es culturais v\u00e3o movimentar a Secitec Goi\u00e2nia 2017<br \/>\n<\/a><em>Al\u00e9m das atividades de capacita\u00e7\u00e3o, evento ainda contar\u00e1 com dezenas de apresenta\u00e7\u00f5es culturais<\/em><\/p>\n<hr>\n<p>04.10.2017 \u2013&nbsp;<a href=\"http:\/\/ifg.edu.br\/component\/content\/article\/161-ifg\/campus\/goiania\/noticias-campus-goiania\/5214-interessados-podem-se-inscrever-para-a-2-semana-de-quimica-ate-dia-16\" target=\"_blank\">Interessados podem se inscrever para a 2\u00aa Semana de Qu\u00edmica at\u00e9 dia 16<br \/>\n<\/a><em>Inscri\u00e7\u00f5es s\u00e3o gratuitas e devem ser feitas pela internet, no site da Secitec Goi\u00e2nia<\/em><\/p>\n<hr>\n<p>03.10.2017 \u2013&nbsp;<a href=\"http:\/\/www.ifg.edu.br\/component\/content\/article\/162-ifg\/campus\/goiania\/destaques-campus-goiania\/5183-inscricoes-abertas-para-a-8-semana-de-licenciatura-em-matematica\" target=\"_blank\">Inscri\u00e7\u00f5es abertas para a 8\u00aa Semana de Licenciatura em Matem\u00e1tica<br \/>\n<\/a><em>Evento ser\u00e1 realizado junto \u00e0 Semana de Educa\u00e7\u00e3o, Ci\u00eancia, Tecnologia e Cultura do IFG \u2013 C\u00e2mpus Goi\u00e2nia<\/em><\/p>\n<hr>\n<p>29.09.2017 \u2013&nbsp;<a href=\"http:\/\/www.ifg.edu.br\/ultimas-noticias-campus-goiania\/5123-inscricoes-continuam-abertas-secitec-2017\" target=\"_blank\">Inscri\u00e7\u00f5es continuam abertas para palestas, oficinas, mesas redondas e minicursos na Secitec<br \/>\n<\/a><em>Comunidade externa poder\u00e1 conferir mais de 100 atividades durante os tr\u00eas dias da Secitec<\/em><\/p>\n<hr>\n<p>21.09.2017 \u2013&nbsp;<a href=\"http:\/\/ifg.edu.br\/component\/content\/article\/161-ifg\/campus\/goiania\/noticias-campus-goiania\/4978-inscricoes-para-atividades-da-secitec-estao-abertas\" target=\"_blank\">Inscri\u00e7\u00f5es para atividades da Secitec est\u00e3o abertas<br \/>\n<\/a><em>Toda a comunidade pode se inscrever gratuitamente pelo site do evento<\/em><\/p>\n","protected":false},"excerpt":{"rendered":"<p>Tema de 2017:&nbsp;A Matem\u00e1tica est\u00e1 em tudo.&nbsp;A 8\u00aa Semana de Licenciatura em Matem\u00e1tica e&nbsp;a 2\u00aa Semana de Qu\u00edmica tamb\u00e9m integraram o evento. Confira as not\u00edcias sobre o evento local: 2017 &#8211; Confira o v\u00eddeo sobre o que rolou durante a Secitec 2017 do IFG &#8211; C\u00e2mpus Goi\u00e2nia.&nbsp; 01.12.2017 \u2013&nbsp;Certificados de Participa\u00e7\u00e3o na Secitec 2017 Os<a href=\"https:\/\/eventos.ifg.edu.br\/secitecgoiania\/edicoes-anteriores\/edicao-2017\/\">[&#8230;]<\/a><\/p>\n","protected":false},"author":58,"featured_media":0,"parent":640,"menu_order":4,"comment_status":"closed","ping_status":"closed","template":"","meta":{"ngg_post_thumbnail":0,"footnotes":""},"class_list":["post-45","page","type-page","status-publish","hentry"],"_links":{"self":[{"href":"https:\/\/eventos.ifg.edu.br\/secitecgoiania\/wp-json\/wp\/v2\/pages\/45"}],"collection":[{"href":"https:\/\/eventos.ifg.edu.br\/secitecgoiania\/wp-json\/wp\/v2\/pages"}],"about":[{"href":"https:\/\/eventos.ifg.edu.br\/secitecgoiania\/wp-json\/wp\/v2\/types\/page"}],"author":[{"embeddable":true,"href":"https:\/\/eventos.ifg.edu.br\/secitecgoiania\/wp-json\/wp\/v2\/users\/58"}],"replies":[{"embeddable":true,"href":"https:\/\/eventos.ifg.edu.br\/secitecgoiania\/wp-json\/wp\/v2\/comments?post=45"}],"version-history":[{"count":29,"href":"https:\/\/eventos.ifg.edu.br\/secitecgoiania\/wp-json\/wp\/v2\/pages\/45\/revisions"}],"predecessor-version":[{"id":930,"href":"https:\/\/eventos.ifg.edu.br\/secitecgoiania\/wp-json\/wp\/v2\/pages\/45\/revisions\/930"}],"up":[{"embeddable":true,"href":"https:\/\/eventos.ifg.edu.br\/secitecgoiania\/wp-json\/wp\/v2\/pages\/640"}],"wp:attachment":[{"href":"https:\/\/eventos.ifg.edu.br\/secitecgoiania\/wp-json\/wp\/v2\/media?parent=45"}],"curies":[{"name":"wp","href":"https:\/\/api.w.org\/{rel}","templated":true}]}}