{"id":390,"date":"2017-09-19T09:11:19","date_gmt":"2017-09-19T12:11:19","guid":{"rendered":"http:\/\/eventos.ifg.edu.br\/secitecgoiania\/?page_id=390"},"modified":"2025-10-07T12:14:52","modified_gmt":"2025-10-07T15:14:52","slug":"inscricoes","status":"publish","type":"page","link":"https:\/\/eventos.ifg.edu.br\/secitecgoiania\/inscricoes\/","title":{"rendered":"Inscri\u00e7\u00f5es"},"content":{"rendered":"<p>As inscri\u00e7\u00f5es para os participantes na Secitec 2025 ser\u00e3o abertas em breve!&nbsp;Enquanto isso, que tal se inscrever nos eventos integrados que j\u00e1 disponibilizaram os links de inscri\u00e7\u00f5es?&nbsp;<\/p>\n<ul class=\"wp-block-list\">\n<li><a href=\"https:\/\/ifg.edu.br\/component\/content\/article\/273-ifg\/campus\/goiania\/eventos-campus-goiania\/proximos-eventos-campus-goiania\/43432-semaf\" target=\"_blank\" rel=\"noreferrer noopener\" data-wplink-edit=\"true\">XVI Semana da Licenciatura em Matem\u00e1tica e VII Semana da F\u00edsica (SEMAF)<\/a>&nbsp;\u2013 de 20 a 23 de outubro.<\/li>\n<li><a href=\"https:\/\/ifg.edu.br\/component\/content\/article\/273-ifg\/campus\/goiania\/eventos-campus-goiania\/proximos-eventos-campus-goiania\/43420-50-anos-do-curso-tecnico-em-mineracao\" target=\"_blank\" rel=\"noreferrer noopener\">50 anos do curso t\u00e9cnico em Minera\u00e7\u00e3o<\/a>&nbsp;\u2013 21 e 22 de outubro<\/li>\n<\/ul>\n<p>Os inscritos receber\u00e3o certificados com horas correspondentes \u00e0s atividades realizadas.<\/p>\n","protected":false},"excerpt":{"rendered":"<p>As inscri\u00e7\u00f5es para os participantes na Secitec 2025 ser\u00e3o abertas em breve!&nbsp;Enquanto isso, que tal se inscrever nos eventos integrados que j\u00e1 disponibilizaram os links de inscri\u00e7\u00f5es?&nbsp; XVI Semana da Licenciatura em Matem\u00e1tica e VII Semana da F\u00edsica (SEMAF)&nbsp;\u2013 de 20 a 23 de outubro. 50 anos do curso t\u00e9cnico em Minera\u00e7\u00e3o&nbsp;\u2013 21 e 22<a href=\"https:\/\/eventos.ifg.edu.br\/secitecgoiania\/inscricoes\/\">[&#8230;]<\/a><\/p>\n","protected":false},"author":58,"featured_media":0,"parent":0,"menu_order":3,"comment_status":"closed","ping_status":"closed","template":"","meta":{"ngg_post_thumbnail":0,"footnotes":""},"class_list":["post-390","page","type-page","status-publish","hentry"],"_links":{"self":[{"href":"https:\/\/eventos.ifg.edu.br\/secitecgoiania\/wp-json\/wp\/v2\/pages\/390"}],"collection":[{"href":"https:\/\/eventos.ifg.edu.br\/secitecgoiania\/wp-json\/wp\/v2\/pages"}],"about":[{"href":"https:\/\/eventos.ifg.edu.br\/secitecgoiania\/wp-json\/wp\/v2\/types\/page"}],"author":[{"embeddable":true,"href":"https:\/\/eventos.ifg.edu.br\/secitecgoiania\/wp-json\/wp\/v2\/users\/58"}],"replies":[{"embeddable":true,"href":"https:\/\/eventos.ifg.edu.br\/secitecgoiania\/wp-json\/wp\/v2\/comments?post=390"}],"version-history":[{"count":35,"href":"https:\/\/eventos.ifg.edu.br\/secitecgoiania\/wp-json\/wp\/v2\/pages\/390\/revisions"}],"predecessor-version":[{"id":1008,"href":"https:\/\/eventos.ifg.edu.br\/secitecgoiania\/wp-json\/wp\/v2\/pages\/390\/revisions\/1008"}],"wp:attachment":[{"href":"https:\/\/eventos.ifg.edu.br\/secitecgoiania\/wp-json\/wp\/v2\/media?parent=390"}],"curies":[{"name":"wp","href":"https:\/\/api.w.org\/{rel}","templated":true}]}}