{"id":2,"date":"2017-08-15T12:30:20","date_gmt":"2017-08-15T15:30:20","guid":{"rendered":"http:\/\/eventos.ifg.edu.br\/secitecgoiania\/?page_id=2"},"modified":"2025-10-07T12:21:53","modified_gmt":"2025-10-07T15:21:53","slug":"evento","status":"publish","type":"page","link":"https:\/\/eventos.ifg.edu.br\/secitecgoiania\/evento\/","title":{"rendered":"A Secitec"},"content":{"rendered":"\n<p>Em 2025, a Semana de Educa\u00e7\u00e3o, Ci\u00eancia, Tecnologia e Cultura (Secitec) do C\u00e2mpus Goi\u00e2nia do Instituto Federal de Goi\u00e1s (IFG) tem como tem\u00e1tica \u201c<strong><mark style=\"background-color:#ffffff\" class=\"has-inline-color has-vivid-cyan-blue-color\">Planeta \u00c1gua: a cultura oce\u00e2nica para enfrentar as mudan\u00e7as clim\u00e1ticas no meu territ\u00f3rio<\/mark><\/strong>\u201d, alinhada a 22\u00aa Semana Nacional de Ci\u00eancia e Tecnologia (SNCT) promovida pelo&nbsp;Minist\u00e9rio da Ci\u00eancia, Tecnologia e Inova\u00e7\u00e3o. Com uma <a href=\"https:\/\/eventos.ifg.edu.br\/secitecgoiania\/programacao\/\" data-type=\"link\" data-id=\"https:\/\/eventos.ifg.edu.br\/secitecgoiania\/programacao\/\" target=\"_blank\" rel=\"noreferrer noopener\">programa\u00e7\u00e3o<\/a> diversificada, o evento ocorrer\u00e1 em duas etapas: de 20 a 23 de outubro e de 10 a 14 de novembro.<\/p>\n\n\n\n<p>A&nbsp;Secitec tem por objetivo abrir as portas do C\u00e2mpus Goi\u00e2nia do IFG para que a comunidade conhe\u00e7a os nossos cursos, projetos, estrutura f\u00edsica, programas e pesquisas desenvolvidos por alunos e servidores.&nbsp;A iniciativa visa fortalecer as a\u00e7\u00f5es institucionais de car\u00e1ter social, tecnol\u00f3gico, art\u00edstico, cultural e esportivo no C\u00e2mpus Goi\u00e2nia, somando esfor\u00e7os com universidades, escolas, institui\u00e7\u00f5es de pesquisa e a sociedade em todo o Brasil para celebrar e divulgar a ci\u00eancia, tecnologia e inova\u00e7\u00e3o.<\/p>\n\n\n\n<p>Durante o evento, haver\u00e1 a participa\u00e7\u00e3o de caravanas de estudantes de escolas p\u00fablicas dentro do projeto Conhecendo o IFG. A estimativa da organiza\u00e7\u00e3o do evento \u00e9 receber centenas de pessoas das comunidades interna e externa ao C\u00e2mpus Goi\u00e2nia do IFG, com a participa\u00e7\u00e3o de p\u00fablicos da capital e da regi\u00e3o metropolitana de Goi\u00e2nia. <\/p>\n\n\n\n<p><strong>Eventos integrados<\/strong><\/p>\n\n\n\n<p>Neste ano, a programa\u00e7\u00e3o da Secitec 2025 ocorre em conjunto a outros eventos integrados no C\u00e2mpus Goi\u00e2nia do IFG:<\/p>\n\n\n\n<ul class=\"wp-block-list\">\n<li><a href=\"https:\/\/eventos.ifg.edu.br\/semaf\/programacao\/\" target=\"_blank\" rel=\"noreferrer noopener\">XVI Semana da Licenciatura em Matem\u00e1tica e VII Semana da F\u00edsica (SEMAF)<\/a> &#8211; de 20 a 23 de outubro.<\/li>\n\n\n\n<li><a href=\"https:\/\/ifg.edu.br\/component\/content\/article\/273-ifg\/campus\/goiania\/eventos-campus-goiania\/proximos-eventos-campus-goiania\/43420-50-anos-do-curso-tecnico-em-mineracao\" target=\"_blank\" rel=\"noreferrer noopener\">50 anos do curso t\u00e9cnico em Minera\u00e7\u00e3o<\/a> &#8211; 21 e 22 de outubro<\/li>\n\n\n\n<li>Semana da Qu\u00edmica 2025 &#8211; de 10 a 13 de novembro<\/li>\n\n\n\n<li>Semana do Livro &#8211; de 10 a 13 de novembro<\/li>\n\n\n\n<li>Dia D do Est\u00e1gio &#8211; de 10 a 13 de novembro<\/li>\n\n\n\n<li>Semana de Turismo e Hospitalidade &#8211; <mark class=\"has-inline-color has-vivid-red-color\">(confirmar data)<\/mark><\/li>\n<\/ul>\n","protected":false},"excerpt":{"rendered":"<p>Em 2025, a Semana de Educa\u00e7\u00e3o, Ci\u00eancia, Tecnologia e Cultura (Secitec) do C\u00e2mpus Goi\u00e2nia do Instituto Federal de Goi\u00e1s (IFG) tem como tem\u00e1tica \u201cPlaneta \u00c1gua: a cultura oce\u00e2nica para enfrentar as mudan\u00e7as clim\u00e1ticas no meu territ\u00f3rio\u201d, alinhada a 22\u00aa Semana Nacional de Ci\u00eancia e Tecnologia (SNCT) promovida pelo&nbsp;Minist\u00e9rio da Ci\u00eancia, Tecnologia e Inova\u00e7\u00e3o. Com uma<a href=\"https:\/\/eventos.ifg.edu.br\/secitecgoiania\/evento\/\">[&#8230;]<\/a><\/p>\n","protected":false},"author":59,"featured_media":0,"parent":0,"menu_order":1,"comment_status":"closed","ping_status":"closed","template":"","meta":{"ngg_post_thumbnail":0,"footnotes":""},"class_list":["post-2","page","type-page","status-publish","hentry"],"_links":{"self":[{"href":"https:\/\/eventos.ifg.edu.br\/secitecgoiania\/wp-json\/wp\/v2\/pages\/2"}],"collection":[{"href":"https:\/\/eventos.ifg.edu.br\/secitecgoiania\/wp-json\/wp\/v2\/pages"}],"about":[{"href":"https:\/\/eventos.ifg.edu.br\/secitecgoiania\/wp-json\/wp\/v2\/types\/page"}],"author":[{"embeddable":true,"href":"https:\/\/eventos.ifg.edu.br\/secitecgoiania\/wp-json\/wp\/v2\/users\/59"}],"replies":[{"embeddable":true,"href":"https:\/\/eventos.ifg.edu.br\/secitecgoiania\/wp-json\/wp\/v2\/comments?post=2"}],"version-history":[{"count":64,"href":"https:\/\/eventos.ifg.edu.br\/secitecgoiania\/wp-json\/wp\/v2\/pages\/2\/revisions"}],"predecessor-version":[{"id":1012,"href":"https:\/\/eventos.ifg.edu.br\/secitecgoiania\/wp-json\/wp\/v2\/pages\/2\/revisions\/1012"}],"wp:attachment":[{"href":"https:\/\/eventos.ifg.edu.br\/secitecgoiania\/wp-json\/wp\/v2\/media?parent=2"}],"curies":[{"name":"wp","href":"https:\/\/api.w.org\/{rel}","templated":true}]}}