{"id":17,"date":"2017-08-15T13:20:07","date_gmt":"2017-08-15T16:20:07","guid":{"rendered":"http:\/\/eventos.ifg.edu.br\/secitecgoiania\/?page_id=17"},"modified":"2025-10-07T12:19:13","modified_gmt":"2025-10-07T15:19:13","slug":"programacao","status":"publish","type":"page","link":"https:\/\/eventos.ifg.edu.br\/secitecgoiania\/programacao\/","title":{"rendered":"Programa\u00e7\u00e3o"},"content":{"rendered":"<p>A Secitec 2025 do C\u00e2mpus Goi\u00e2nia do IFG \u00e9 gratuita e aberta ao p\u00fablico em geral. A programa\u00e7\u00e3o \u00e9 composta por exposi\u00e7\u00f5es, palestras, minicursos, oficinas, comunica\u00e7\u00f5es orais, rodas de conversas, apresenta\u00e7\u00f5es art\u00edsticas e culturais, tendas tem\u00e1ticas, visitas aos laborat\u00f3rios e expedi\u00e7\u00f5es formativas (visitas t\u00e9cnicas). Neste ano, a programa\u00e7\u00e3o da Secitec 2025 ocorre em conjunto a outros <a href=\"https:\/\/eventos.ifg.edu.br\/secitecgoiania\/evento\/\" target=\"_blank\" rel=\"noopener\">eventos integrados<\/a>.<\/p>\n<p>A programa\u00e7\u00e3o completa pode ser consultada no SUGEP (link em breve). Algumas atividades n\u00e3o necessitam de inscri\u00e7\u00f5es pr\u00e9vias. Voc\u00ea pode acessar livremente as apresenta\u00e7\u00f5es art\u00edsticas, culturais e exposi\u00e7\u00f5es. No entanto, as palestras, as oficinas e os minicursos possuem vagas limitadas, sendo a inscri\u00e7\u00e3o pr\u00e9via um requisito obrigat\u00f3rio para a participa\u00e7\u00e3o e o recebimento de certificado.<\/p>\n","protected":false},"excerpt":{"rendered":"<p>A Secitec 2025 do C\u00e2mpus Goi\u00e2nia do IFG \u00e9 gratuita e aberta ao p\u00fablico em geral. A programa\u00e7\u00e3o \u00e9 composta por exposi\u00e7\u00f5es, palestras, minicursos, oficinas, comunica\u00e7\u00f5es orais, rodas de conversas, apresenta\u00e7\u00f5es art\u00edsticas e culturais, tendas tem\u00e1ticas, visitas aos laborat\u00f3rios e expedi\u00e7\u00f5es formativas (visitas t\u00e9cnicas). Neste ano, a programa\u00e7\u00e3o da Secitec 2025 ocorre em conjunto a<a href=\"https:\/\/eventos.ifg.edu.br\/secitecgoiania\/programacao\/\">[&#8230;]<\/a><\/p>\n","protected":false},"author":58,"featured_media":0,"parent":0,"menu_order":2,"comment_status":"closed","ping_status":"closed","template":"","meta":{"ngg_post_thumbnail":0,"footnotes":""},"class_list":["post-17","page","type-page","status-publish","hentry"],"_links":{"self":[{"href":"https:\/\/eventos.ifg.edu.br\/secitecgoiania\/wp-json\/wp\/v2\/pages\/17"}],"collection":[{"href":"https:\/\/eventos.ifg.edu.br\/secitecgoiania\/wp-json\/wp\/v2\/pages"}],"about":[{"href":"https:\/\/eventos.ifg.edu.br\/secitecgoiania\/wp-json\/wp\/v2\/types\/page"}],"author":[{"embeddable":true,"href":"https:\/\/eventos.ifg.edu.br\/secitecgoiania\/wp-json\/wp\/v2\/users\/58"}],"replies":[{"embeddable":true,"href":"https:\/\/eventos.ifg.edu.br\/secitecgoiania\/wp-json\/wp\/v2\/comments?post=17"}],"version-history":[{"count":52,"href":"https:\/\/eventos.ifg.edu.br\/secitecgoiania\/wp-json\/wp\/v2\/pages\/17\/revisions"}],"predecessor-version":[{"id":1009,"href":"https:\/\/eventos.ifg.edu.br\/secitecgoiania\/wp-json\/wp\/v2\/pages\/17\/revisions\/1009"}],"wp:attachment":[{"href":"https:\/\/eventos.ifg.edu.br\/secitecgoiania\/wp-json\/wp\/v2\/media?parent=17"}],"curies":[{"name":"wp","href":"https:\/\/api.w.org\/{rel}","templated":true}]}}