{"id":992,"date":"2022-07-04T18:34:54","date_gmt":"2022-07-04T21:34:54","guid":{"rendered":"http:\/\/eventos.ifg.edu.br\/secitecfsa\/?page_id=992"},"modified":"2022-11-08T21:11:14","modified_gmt":"2022-11-09T00:11:14","slug":"home","status":"publish","type":"page","link":"https:\/\/eventos.ifg.edu.br\/secitecfsa\/home\/","title":{"rendered":"Home"},"content":{"rendered":"<p><img fetchpriority=\"high\" decoding=\"async\" class=\"aligncenter size-full wp-image-1139\" src=\"http:\/\/eventos.ifg.edu.br\/secitecfsa\/wp-content\/uploads\/sites\/8\/2022\/07\/Bannser-programa\u00e7\u00e3o-site-secitec-1.png\" alt=\"Bannser-programa\u00e7\u00e3o-site-secitec\" width=\"2000\" height=\"800\"><\/p>\n<h1 class=\"documentFirstHeading\"><a href=\"https:\/\/www.ifg.edu.br\/component\/content\/article\/158-ifg\/campus\/formosa\/noticias-campus-formosa\/32023-inscricoes-abertas-para-participar-de-atividades-da-xiii-secitec-do-campus-formosa\"><strong>Inscri\u00e7\u00f5es abertas para participar de atividades da XIII Secitec do C\u00e2mpus Formosa<\/strong><\/a><\/h1>\n<p>Mais de 30 atividades fazem parte da programa\u00e7\u00e3o <a href=\"http:\/\/eventos.ifg.edu.br\/secitecfsa\/wp-content\/uploads\/sites\/8\/2022\/07\/Programa\u00e7\u00e3oPrancheta-1-1.pdf\"><em><strong>(ACESSE AQUI). <\/strong><\/em><\/a><\/p>\n<p>Fa\u00e7a a sua inscri\u00e7\u00e3o<em><strong>&nbsp;<\/strong><\/em>no <em><strong><a href=\"https:\/\/sugep.ifg.edu.br\/eventos\/#\/publico\/eventos\/3d370aa4-3309-4a9c-8991-4b10828d50d6\/inscricao\">Sistema Unificado de Gest\u00e3o de Extens\u00e3o e Pesquisa (Sugepe) do IFG<\/a><\/strong><\/em><\/p>\n<p><strong>NOT\u00cdCIA RELACIONADA:<\/strong><\/p>\n<p class=\"documentFirstHeading\"><span style=\"text-decoration: underline\"><a href=\"https:\/\/www.ifg.edu.br\/component\/content\/article\/158-ifg\/campus\/formosa\/noticias-campus-formosa\/32023-inscricoes-abertas-para-participar-de-atividades-da-xiii-secitec-do-campus-formosa\">Inscri\u00e7\u00f5es abertas para participar de atividades da XIII Secitec do C\u00e2mpus Formosa<\/a><\/span><\/p>\n<h1 style=\"text-align: center\">________________________________________________________________________________________<\/h1>\n<p><img decoding=\"async\" class=\"aligncenter size-full wp-image-1158\" src=\"http:\/\/eventos.ifg.edu.br\/secitecfsa\/wp-content\/uploads\/sites\/8\/2022\/07\/Banner-site-secitecConhecendo-o-IFG.png\" alt=\"Banner-site-secitecConhecendo-o-IFG\" width=\"2000\" height=\"600\"><\/p>\n<p>Um dos eventos institucionais do Instituto Federal de Goi\u00e1s mais aguardados pela comunidade externa, o Conhecendo o IFG est\u00e1 com nova data para ser realizado no C\u00e2mpus Formosa: dia 22 de novembro. A Comiss\u00e3o Organizadora j\u00e1 deu in\u00edcio aos trabalhos de log\u00edstica e constru\u00e7\u00e3o da programa\u00e7\u00e3o do evento, e as institui\u00e7\u00f5es de ensino de Formosa e regi\u00e3o j\u00e1 podem inscrever seus alunos para visitar o C\u00e2mpus.<\/p>\n<p>&nbsp;<\/p>\n<p><strong>Comunidade acad\u00eamica<\/strong><\/p>\n<p>Al\u00e9m das inscri\u00e7\u00f5es estarem abertas para as escolas participantes, para os professores e professoras do C\u00e2mpus, tamb\u00e9m est\u00e1 aberto o per\u00edodo de submiss\u00e3o de propostas de salas tem\u00e1ticas ou uso de laborat\u00f3rios. As submiss\u00f5es podem ser feitas no link&nbsp;<a href=\"https:\/\/forms.gle\/gQXL5HXyPMpF2KT39\" rel=\"alternate\">https:\/\/forms.gle\/gQXL5HXyPMpF2KT39<\/a>&nbsp;.<\/p>\n<p>O Conhecendo o IFG conta com a participa\u00e7\u00e3o dos estudantes do C\u00e2mpus, principalmente do ensino m\u00e9dio integral e da Educa\u00e7\u00e3o para Jovens e Adultos (EJA). Eles atuam como monitores, recepcionando os grupos e conduzindo-os at\u00e9 as salaas tem\u00e1ticas, laborat\u00f3rios e demais depend\u00eancias no C\u00e2mpus, apresentando toda a estrutura ofertada. As alunas e alunos interessados em participar como monitores para ajudar na organiza\u00e7\u00e3o do evento podem se inscrever no link&nbsp;<a href=\"https:\/\/forms.gle\/FLEELbYBzTnMf8Lb8\" rel=\"alternate\">https:\/\/forms.gle\/FLEELbYBzTnMf8Lb8&nbsp;<\/a>.<\/p>\n<p>&nbsp;<\/p>\n<p>Link para que as escolas de Formosa e das proximidades se inscrevam no evento:&nbsp;<a href=\"https:\/\/forms.gle\/EEWJsQEnht7XMhpy8\" rel=\"alternate\">https:\/\/forms.gle\/EEWJsQEnht7XMhpy8<\/a><br \/>\nLink para que os Docentes submetam suas salas tem\u00e1ticas e\/ou laborat\u00f3rios:<br \/>\n<a href=\"https:\/\/forms.gle\/gQXL5HXyPMpF2KT39\" rel=\"alternate\">https:\/\/forms.gle\/gQXL5HXyPMpF2KT39<\/a><br \/>\nLink para os alunos se inscreverem como monitores para ajudar na organiza\u00e7\u00e3o do evento:&nbsp;<a href=\"https:\/\/forms.gle\/FLEELbYBzTnMf8Lb8\">https:\/\/forms.gle\/FLEELbYBzTnMf8Lb8<\/a><\/p>\n<p>&nbsp;<\/p>\n<p><strong>NOT\u00cdCIA RELACIONADA:<\/strong><\/p>\n<p><strong><a href=\"https:\/\/www.ifg.edu.br\/component\/content\/article\/158-ifg\/campus\/formosa\/noticias-campus-formosa\/31899-comecam-as-inscricoes-para-participar-do-conhecendo-o-ifg\">Come\u00e7a o per\u00edodo de inscri\u00e7\u00f5es para participar do Conhecendo o IFG<\/a><\/strong><\/p>\n<h1 style=\"text-align: center\">________________________________________________________________________________________<\/h1>\n<p><img decoding=\"async\" class=\"aligncenter size-full wp-image-1140\" src=\"http:\/\/eventos.ifg.edu.br\/secitecfsa\/wp-content\/uploads\/sites\/8\/2022\/07\/Banner-site-SECITECt-Pontes-de-palito-1.png\" alt=\"Banner-site-SECITECt-Pontes-de-palito\" width=\"2000\" height=\"500\"><\/p>\n<p>Na&nbsp;sua oitava edi\u00e7\u00e3o, o Concurso de Constru\u00e7\u00e3o de Pontes de Palitos de Picol\u00e9&nbsp;tornou-se, com os anos, um dos tradicionais eventos realizados dentro da Semana de Educa\u00e7\u00e3o, Ci\u00eancia e Tecnologia (Secitec) do C\u00e2mpus Formosa do IFG. O Concurso compreende uma avalia\u00e7\u00e3o de um prot\u00f3tipo de uma ponte, executado com palitos de picol\u00e9 de madeira ligados com cola (qualquer tipo, exceto ep\u00f3xi).&nbsp;O prot\u00f3tipo dever\u00e1 resistir a uma determinada carga crescente, para avalia\u00e7\u00e3o do seu desempenho estrutural. Este ano, o evento ser\u00e1 realizado no dia 18 de novembro, no turno vespertino.<\/p>\n<p>Acesse o<strong>&nbsp;<a href=\"https:\/\/www.ifg.edu.br\/attachments\/article\/31985\/EDITAL%20VIII%20PONTE%20DE%20PALITO%202022.pdf\" rel=\"alternate\">Edital de Abertura<\/a>.<\/strong><\/p>\n<p>&nbsp;<\/p>\n<p><strong>INSCRI\u00c7\u00c3O<\/strong><\/p>\n<p><span class=\"fontstyle0\">Cada equipe dever\u00e1 ser composta de, no m\u00e1ximo, 5 (cinco) alunos de cursos de gradua\u00e7\u00e3o, dos cursos t\u00e9cnicos integrados ao ensino m\u00e9dio ou do t\u00e9cnico subsequente, devidamente reconhecidos e autorizados pelo MEC, e poder\u00e1 participar com at\u00e9&nbsp;duas pontes.<br \/>\n<\/span><\/p>\n<p><strong><a href=\"https:\/\/sugep.ifg.edu.br\/eventos\/\/#\/publico\/eventos\/3d370aa4-3309-4a9c-8991-4b10828d50d6\/inscricao\" rel=\"alternate\">Link de inscri\u00e7\u00e3o<\/a>.<\/strong><\/p>\n<p>&nbsp;<\/p>\n<p><strong>SERVI\u00c7O<\/strong><\/p>\n<p><strong>VIII CONCURSO DE CONSTRU\u00c7\u00c3O DE PONTES DE PALITOS DE PICOL\u00c9<\/strong><\/p>\n<p><strong>Quando<\/strong>:&nbsp;18\/11\/2022<\/p>\n<p><strong>Hor\u00e1rio<\/strong>: a partir das 14 horas<\/p>\n<p><strong>Onde<\/strong>: Bloco Acad\u00eamico do IFG\/C\u00e2mpus Formosa<\/p>\n<p><strong>P\u00fablico-Alvo<\/strong>: Estudantes de Bacharelado em Engenharia Civil, T\u00e9cnico Integrado ao Ensino M\u00e9dio em Saneamento e T\u00e9cnico Integrado ao Ensino M\u00e9dio em Edifica\u00e7\u00f5es, por\u00e9m, todos os estudantes interessados podem participar.<\/p>\n<p><strong>Valor<\/strong>: Inscri\u00e7\u00f5es gratuitas<\/p>\n<p>&nbsp;<\/p>\n<p><strong>NOT\u00cdCIA RELACIONADA<\/strong><\/p>\n<p><a href=\"https:\/\/www.ifg.edu.br\/component\/content\/article\/158-ifg\/campus\/formosa\/noticias-campus-formosa\/31984-pontes-de-palitos-2022\" rel=\"alternate\">Comiss\u00e3o Organizadora publica edital do Concurso de Constru\u00e7\u00e3o de Pontes de Palitos de Picol\u00e9 2022<\/a><\/p>\n<h1 style=\"text-align: center\">________________________________________________________________________________________<\/h1>\n<p>&nbsp;<\/p>\n<h1>&nbsp;<\/h1>\n","protected":false},"excerpt":{"rendered":"<p>Inscri\u00e7\u00f5es abertas para participar de atividades da XIII Secitec do C\u00e2mpus Formosa Mais de 30 atividades fazem parte da programa\u00e7\u00e3o (ACESSE AQUI). Fa\u00e7a a sua inscri\u00e7\u00e3o&nbsp;no Sistema Unificado de Gest\u00e3o de Extens\u00e3o e Pesquisa (Sugepe) do IFG NOT\u00cdCIA RELACIONADA: Inscri\u00e7\u00f5es abertas para participar de atividades da XIII Secitec do C\u00e2mpus Formosa ________________________________________________________________________________________ Um dos eventos &#8230; <a title=\"Home\" class=\"read-more\" href=\"https:\/\/eventos.ifg.edu.br\/secitecfsa\/home\/\" aria-label=\"Read more about Home\">Ler mais<\/a><\/p>\n","protected":false},"author":24,"featured_media":0,"parent":0,"menu_order":0,"comment_status":"closed","ping_status":"closed","template":"","meta":{"ngg_post_thumbnail":0,"footnotes":""},"class_list":["post-992","page","type-page","status-publish"],"_links":{"self":[{"href":"https:\/\/eventos.ifg.edu.br\/secitecfsa\/wp-json\/wp\/v2\/pages\/992"}],"collection":[{"href":"https:\/\/eventos.ifg.edu.br\/secitecfsa\/wp-json\/wp\/v2\/pages"}],"about":[{"href":"https:\/\/eventos.ifg.edu.br\/secitecfsa\/wp-json\/wp\/v2\/types\/page"}],"author":[{"embeddable":true,"href":"https:\/\/eventos.ifg.edu.br\/secitecfsa\/wp-json\/wp\/v2\/users\/24"}],"replies":[{"embeddable":true,"href":"https:\/\/eventos.ifg.edu.br\/secitecfsa\/wp-json\/wp\/v2\/comments?post=992"}],"version-history":[{"count":36,"href":"https:\/\/eventos.ifg.edu.br\/secitecfsa\/wp-json\/wp\/v2\/pages\/992\/revisions"}],"predecessor-version":[{"id":1159,"href":"https:\/\/eventos.ifg.edu.br\/secitecfsa\/wp-json\/wp\/v2\/pages\/992\/revisions\/1159"}],"wp:attachment":[{"href":"https:\/\/eventos.ifg.edu.br\/secitecfsa\/wp-json\/wp\/v2\/media?parent=992"}],"curies":[{"name":"wp","href":"https:\/\/api.w.org\/{rel}","templated":true}]}}