{"id":99,"date":"2014-10-28T19:00:43","date_gmt":"2014-10-28T19:00:43","guid":{"rendered":"http:\/\/blogs.ifg.edu.br\/semanactformosa\/?page_id=99"},"modified":"2016-08-15T20:53:37","modified_gmt":"2016-08-15T23:53:37","slug":"faq","status":"publish","type":"page","link":"https:\/\/eventos.ifg.edu.br\/secitecfsa\/faq\/","title":{"rendered":"FAQ"},"content":{"rendered":"<h4 style=\"text-align: center\"><\/h4>\n<h2 style=\"text-align: center\"><span style=\"color: #ff6600\">Perguntas e Respostas<\/span><\/h2>\n<h4><span style=\"color: #003366\">Preciso me inscrever no evento para receber certificado?<\/span><\/h4>\n<p>Sim. As inscri\u00e7\u00f5es est\u00e3o abertas. Todos devem fazer sua inscri\u00e7\u00e3o no evento para receber certificado de participa\u00e7\u00e3o.<\/p>\n<h4><span style=\"color: #003366\">Preciso me inscrever nas atividades?<\/span><\/h4>\n<p>Voc\u00ea pode ter acesso \u00e0s palestras, salas tem\u00e1ticas e exposi\u00e7\u00f5es e atividades do Sarau apenas com a inscri\u00e7\u00e3o no evento.<\/p>\n<p>Minicursos, col\u00f3quios e oficinas, precisam de inscri\u00e7\u00e3o \u00e0 parte, pois t\u00eam vagas limitadas e ter\u00e3o certifica\u00e7\u00e3o separada.<\/p>\n<h4><span style=\"color: #003366\">Quer ajudar como volunt\u00e1rio. Serei certificado por isso? Como fa\u00e7o?<\/span><\/h4>\n<p>Sim, volunt\u00e1rios ser\u00e3o certificados. Seja um volunt\u00e1rio e nos ajude na nossa SECITEC. Basta procurar a GEPEX do C\u00e2mpus.<\/p>\n<h4><span style=\"color: #003366\">A sess\u00e3o de p\u00f4steres \u00e9 aberta ao p\u00fablico?<\/span><\/h4>\n<p>Sim, a sess\u00e3o ocorrer\u00e1 no p\u00e1tio (ver programa\u00e7\u00e3o) e os p\u00f4steres ficar\u00e3o expostos durante toda a SECITEC. Mas ser\u00e3o apresentados pelos seus autores na&#8230;&#8230;<\/p>\n<p>&nbsp;<\/p>\n<h4 style=\"text-align: center\"><\/h4>\n","protected":false},"excerpt":{"rendered":"<p>Perguntas e Respostas Preciso me inscrever no evento para receber certificado? Sim. As inscri\u00e7\u00f5es est\u00e3o abertas. Todos devem fazer sua inscri\u00e7\u00e3o no evento para receber certificado de participa\u00e7\u00e3o. Preciso me inscrever nas atividades? Voc\u00ea pode ter acesso \u00e0s palestras, salas tem\u00e1ticas e exposi\u00e7\u00f5es e atividades do Sarau apenas com a inscri\u00e7\u00e3o no evento. Minicursos, col\u00f3quios &#8230; <a title=\"FAQ\" class=\"read-more\" href=\"https:\/\/eventos.ifg.edu.br\/secitecfsa\/faq\/\" aria-label=\"Read more about FAQ\">Ler mais<\/a><\/p>\n","protected":false},"author":17,"featured_media":0,"parent":0,"menu_order":4,"comment_status":"closed","ping_status":"closed","template":"","meta":{"ngg_post_thumbnail":0,"footnotes":""},"class_list":["post-99","page","type-page","status-publish"],"_links":{"self":[{"href":"https:\/\/eventos.ifg.edu.br\/secitecfsa\/wp-json\/wp\/v2\/pages\/99"}],"collection":[{"href":"https:\/\/eventos.ifg.edu.br\/secitecfsa\/wp-json\/wp\/v2\/pages"}],"about":[{"href":"https:\/\/eventos.ifg.edu.br\/secitecfsa\/wp-json\/wp\/v2\/types\/page"}],"author":[{"embeddable":true,"href":"https:\/\/eventos.ifg.edu.br\/secitecfsa\/wp-json\/wp\/v2\/users\/17"}],"replies":[{"embeddable":true,"href":"https:\/\/eventos.ifg.edu.br\/secitecfsa\/wp-json\/wp\/v2\/comments?post=99"}],"version-history":[{"count":3,"href":"https:\/\/eventos.ifg.edu.br\/secitecfsa\/wp-json\/wp\/v2\/pages\/99\/revisions"}],"predecessor-version":[{"id":386,"href":"https:\/\/eventos.ifg.edu.br\/secitecfsa\/wp-json\/wp\/v2\/pages\/99\/revisions\/386"}],"wp:attachment":[{"href":"https:\/\/eventos.ifg.edu.br\/secitecfsa\/wp-json\/wp\/v2\/media?parent=99"}],"curies":[{"name":"wp","href":"https:\/\/api.w.org\/{rel}","templated":true}]}}