{"id":867,"date":"2017-10-20T09:36:58","date_gmt":"2017-10-20T11:36:58","guid":{"rendered":"http:\/\/eventos.ifg.edu.br\/secitecfsa\/?page_id=867"},"modified":"2017-10-20T09:36:58","modified_gmt":"2017-10-20T11:36:58","slug":"inscricoes-3o-concurso-de-pontes-de-palitos-de-picole","status":"publish","type":"page","link":"https:\/\/eventos.ifg.edu.br\/secitecfsa\/inscricoes-3o-concurso-de-pontes-de-palitos-de-picole\/","title":{"rendered":"Inscri\u00e7\u00f5es 3\u00ba Concurso de Pontes de Palitos de Picol\u00e9"},"content":{"rendered":"<div class=\"entry-content clearfix\">\n<p><img fetchpriority=\"high\" decoding=\"async\" class=\"alignnone size-full wp-image-857\" src=\"http:\/\/eventos.ifg.edu.br\/secitecfsa\/wp-content\/uploads\/sites\/8\/2017\/10\/Banner-site-Pontes-de-palitos-de-picol\u00e9-2017.png\" alt=\"Banner site - Pontes de palitos de picol\u00e9 2017\" width=\"1152\" height=\"500\" \/><\/p>\n<p>Inscri\u00e7\u00f5es abertas de 20 a 26 de outubro (at\u00e9 as 14 horas)\u00a0para o 3\u00ba Concurso de Constru\u00e7\u00e3o de Pontes de Palitos de Picol\u00e9. Podem participar todos os alunos do IFG\/C\u00e2mpus Formosa. A novidade este ano \u00e9 que as pontes tamb\u00e9m ser\u00e3o avaliadas pela plateia. O p\u00fablico ir\u00e1 escolher a ponte com a melhor est\u00e9tica. A inscri\u00e7\u00e3o para participar do concurso requer a doa\u00e7\u00e3o de 1 kg de alimento n\u00e3o perec\u00edvel por membro da equipe. Os alimentos arrecadados ser\u00e3o doados a institui\u00e7\u00e3o de caridade.<\/p>\n<p>&nbsp;<\/p>\n<p><a href=\"https:\/\/goo.gl\/uWBHYD\">INSCREVA-SE<\/a> <a href=\"https:\/\/goo.gl\/uWBHYD\">aqui<\/a>:\u00a0<a href=\"https:\/\/goo.gl\/uWBHYD\">https:\/\/goo.gl\/uWBHYD<\/a>.<\/p>\n<p>&nbsp;<\/p>\n<p>Acesse o edital na\u00a0<a href=\"http:\/\/eventos.ifg.edu.br\/secitecfsa\/iii-concurso-ponte-de-palitos-de-picole\/\">p\u00e1gina do Concurso<\/a>.<\/p>\n<\/div>\n<footer class=\"entry-meta-bar clearfix\">\n<div class=\"entry-meta clearfix\"><\/div>\n<\/footer>\n","protected":false},"excerpt":{"rendered":"<p>Inscri\u00e7\u00f5es abertas de 20 a 26 de outubro (at\u00e9 as 14 horas)\u00a0para o 3\u00ba Concurso de Constru\u00e7\u00e3o de Pontes de Palitos de Picol\u00e9. Podem participar todos os alunos do IFG\/C\u00e2mpus Formosa. A novidade este ano \u00e9 que as pontes tamb\u00e9m ser\u00e3o avaliadas pela plateia. O p\u00fablico ir\u00e1 escolher a ponte com a melhor est\u00e9tica. A &#8230; <a title=\"Inscri\u00e7\u00f5es 3\u00ba Concurso de Pontes de Palitos de Picol\u00e9\" class=\"read-more\" href=\"https:\/\/eventos.ifg.edu.br\/secitecfsa\/inscricoes-3o-concurso-de-pontes-de-palitos-de-picole\/\" aria-label=\"Read more about Inscri\u00e7\u00f5es 3\u00ba Concurso de Pontes de Palitos de Picol\u00e9\">Ler mais<\/a><\/p>\n","protected":false},"author":17,"featured_media":0,"parent":0,"menu_order":0,"comment_status":"closed","ping_status":"closed","template":"","meta":{"ngg_post_thumbnail":0,"footnotes":""},"class_list":["post-867","page","type-page","status-publish"],"_links":{"self":[{"href":"https:\/\/eventos.ifg.edu.br\/secitecfsa\/wp-json\/wp\/v2\/pages\/867"}],"collection":[{"href":"https:\/\/eventos.ifg.edu.br\/secitecfsa\/wp-json\/wp\/v2\/pages"}],"about":[{"href":"https:\/\/eventos.ifg.edu.br\/secitecfsa\/wp-json\/wp\/v2\/types\/page"}],"author":[{"embeddable":true,"href":"https:\/\/eventos.ifg.edu.br\/secitecfsa\/wp-json\/wp\/v2\/users\/17"}],"replies":[{"embeddable":true,"href":"https:\/\/eventos.ifg.edu.br\/secitecfsa\/wp-json\/wp\/v2\/comments?post=867"}],"version-history":[{"count":1,"href":"https:\/\/eventos.ifg.edu.br\/secitecfsa\/wp-json\/wp\/v2\/pages\/867\/revisions"}],"predecessor-version":[{"id":868,"href":"https:\/\/eventos.ifg.edu.br\/secitecfsa\/wp-json\/wp\/v2\/pages\/867\/revisions\/868"}],"wp:attachment":[{"href":"https:\/\/eventos.ifg.edu.br\/secitecfsa\/wp-json\/wp\/v2\/media?parent=867"}],"curies":[{"name":"wp","href":"https:\/\/api.w.org\/{rel}","templated":true}]}}