{"id":814,"date":"2017-10-11T18:47:52","date_gmt":"2017-10-11T21:47:52","guid":{"rendered":"http:\/\/eventos.ifg.edu.br\/secitecfsa\/?page_id=814"},"modified":"2017-12-11T09:58:34","modified_gmt":"2017-12-11T11:58:34","slug":"programacao-2","status":"publish","type":"page","link":"https:\/\/eventos.ifg.edu.br\/secitecfsa\/programacao-2\/","title":{"rendered":"PROGRAMA\u00c7\u00c3O"},"content":{"rendered":"<p style=\"text-align: center\"><strong>Programa\u00e7\u00e3o Completa Secitec 2017<\/strong><\/p>\n<p style=\"text-align: left\">Clique <a href=\"http:\/\/eventos.ifg.edu.br\/secitecfsa\/wp-content\/uploads\/sites\/8\/2017\/10\/Programa\u00e7\u00e3o-Secitec-2017-site-evento.png\"><strong>AQUI<\/strong><\/a> para ampliar a imagem<\/p>\n<p style=\"text-align: center\"><img fetchpriority=\"high\" decoding=\"async\" class=\"aligncenter size-full wp-image-894\" src=\"http:\/\/eventos.ifg.edu.br\/secitecfsa\/wp-content\/uploads\/sites\/8\/2017\/10\/Programa\u00e7\u00e3o-Secitec-2017-site-evento.png\" alt=\"Programa\u00e7\u00e3o-Secitec-2017-site-evento\" width=\"2500\" height=\"1768\" \/><\/p>\n<p style=\"text-align: center\"><a href=\"http:\/\/eventos.ifg.edu.br\/secitecfsa\/wp-content\/uploads\/sites\/8\/2017\/12\/SECITEC.pdf\">Acesse aqui a Programa\u00e7\u00e3o<\/a>\u00a0completa com as salas.<\/p>\n<p>&nbsp;<\/p>\n","protected":false},"excerpt":{"rendered":"<p>Programa\u00e7\u00e3o Completa Secitec 2017 Clique AQUI para ampliar a imagem Acesse aqui a Programa\u00e7\u00e3o\u00a0completa com as salas. &nbsp;<\/p>\n","protected":false},"author":17,"featured_media":0,"parent":0,"menu_order":0,"comment_status":"closed","ping_status":"closed","template":"","meta":{"ngg_post_thumbnail":0,"footnotes":""},"class_list":["post-814","page","type-page","status-publish"],"_links":{"self":[{"href":"https:\/\/eventos.ifg.edu.br\/secitecfsa\/wp-json\/wp\/v2\/pages\/814"}],"collection":[{"href":"https:\/\/eventos.ifg.edu.br\/secitecfsa\/wp-json\/wp\/v2\/pages"}],"about":[{"href":"https:\/\/eventos.ifg.edu.br\/secitecfsa\/wp-json\/wp\/v2\/types\/page"}],"author":[{"embeddable":true,"href":"https:\/\/eventos.ifg.edu.br\/secitecfsa\/wp-json\/wp\/v2\/users\/17"}],"replies":[{"embeddable":true,"href":"https:\/\/eventos.ifg.edu.br\/secitecfsa\/wp-json\/wp\/v2\/comments?post=814"}],"version-history":[{"count":15,"href":"https:\/\/eventos.ifg.edu.br\/secitecfsa\/wp-json\/wp\/v2\/pages\/814\/revisions"}],"predecessor-version":[{"id":908,"href":"https:\/\/eventos.ifg.edu.br\/secitecfsa\/wp-json\/wp\/v2\/pages\/814\/revisions\/908"}],"wp:attachment":[{"href":"https:\/\/eventos.ifg.edu.br\/secitecfsa\/wp-json\/wp\/v2\/media?parent=814"}],"curies":[{"name":"wp","href":"https:\/\/api.w.org\/{rel}","templated":true}]}}