{"id":79,"date":"2014-10-03T19:38:35","date_gmt":"2014-10-03T19:38:35","guid":{"rendered":"http:\/\/blogs.ifg.edu.br\/semanactformosa\/?page_id=79"},"modified":"2014-10-03T19:38:35","modified_gmt":"2014-10-03T19:38:35","slug":"maratona","status":"publish","type":"page","link":"https:\/\/eventos.ifg.edu.br\/secitecfsa\/maratona\/","title":{"rendered":"Maratona"},"content":{"rendered":"<h4 style=\"text-align: left\"><span style=\"color: #003366\">Maratona de Programa\u00e7\u00e3o<\/span><\/h4>\n<p>Inscri\u00e7\u00f5es para a maratona est\u00e3o encerradas. As equipes inscritas s\u00e3o:<\/p>\n<p style=\"text-align: center\"><strong>Maktub<\/strong><\/p>\n<p style=\"text-align: center\"><strong>The bugs<\/strong><\/p>\n<p style=\"text-align: center\"><strong>Monkeys Programming<\/strong><\/p>\n<p style=\"text-align: center\"><strong>m2r<\/strong><\/p>\n<p style=\"text-align: center\"><strong>Skillo<\/strong><\/p>\n<p style=\"text-align: center\"><strong>T\u00e1 de sacanagem<\/strong><\/p>\n<p>A\u00a0<strong><span style=\"color: #ff6600\">II Maratona de Programa\u00e7\u00e3o <\/span><\/strong>ser\u00e1 uma competi\u00e7\u00e3o local,\u00a0<span style=\"color: #000000\">nos moldes\u00a0da competi\u00e7\u00e3o tradicional organizada pela Sociedade Brasileira de Computa\u00e7\u00e3o (SBC) e ACM\u00a0<em>International Collegiate Programming Contest<\/em> (ICPC). Nossa competi\u00e7\u00e3o acontecer\u00e1 na sexta feira, dia 14 de novembro de 2014, durante a Semana de Ci\u00eancia e Tecnologia do IFG-Formosa.<\/span><\/p>\n<p><span style=\"color: #000000\">O\u00a0<strong>objetivo<\/strong> \u00e9 resolver o maior n\u00famero de problemas computacionais em menor tempo poss\u00edvel.<\/span><\/p>\n<p><span style=\"color: #000000\">Como <strong>resultado<\/strong>,\u00a0proporciona aos envolvidos o estudo de linguagens de programa\u00e7\u00e3o, t\u00e9cnicas de algoritmos e diferentes estruturas de dados.\u00a0<\/span><\/p>\n<h4><span style=\"color: #003366\">Regras:<\/span><\/h4>\n<p>Os problemas propostos devem ser\u00a0resolvidos atrav\u00e9s de algoritmos, estruturas de dados e t\u00e9cnicas de programa\u00e7\u00e3o usando as\u00a0linguagens C, C++ ou Java.<\/p>\n<p>Cada equipe dever\u00e1 ser composta de um trio.<br style=\"color: #000000\" \/><br style=\"color: #000000\" \/><span style=\"color: #000000\">Ocorrer\u00e1\u00a0em duas etapas:<\/span><\/p>\n<ol style=\"color: #000000\">\n<li>O aquecimento, no qual os grupos entram em familiaridade com o ambiente computacional e com juiz que avalia os c\u00f3digos fonte.<\/li>\n<li>A competi\u00e7\u00e3o, na qual os grupos tem que resolver o maior n\u00famero de problemas em menor tempo poss\u00edvel.<\/li>\n<\/ol>\n<p style=\"text-align: center\"><a href=\"http:\/\/eventos.ifg.edu.br\/secitecfsa\/wp-content\/uploads\/sites\/8\/2014\/10\/cm2-logo-panel_joel_wo_lang.png\"><img decoding=\"async\" class=\"alignnone  wp-image-80\" src=\"http:\/\/eventos.ifg.edu.br\/secitecfsa\/wp-content\/uploads\/sites\/8\/2014\/10\/cm2-logo-panel_joel_wo_lang-300x139.png\" alt=\"maratona\" width=\"123\" height=\"57\" \/><\/a> <a href=\"http:\/\/eventos.ifg.edu.br\/secitecfsa\/wp-content\/uploads\/sites\/8\/2014\/10\/sbc.jpg\"><img decoding=\"async\" class=\"alignnone  wp-image-84\" src=\"http:\/\/eventos.ifg.edu.br\/secitecfsa\/wp-content\/uploads\/sites\/8\/2014\/10\/sbc-300x168.jpg\" alt=\"sbc\" width=\"105\" height=\"59\" \/><\/a><a href=\"http:\/\/eventos.ifg.edu.br\/secitecfsa\/wp-content\/uploads\/sites\/8\/2014\/10\/2.png\"><img decoding=\"async\" class=\"alignnone  wp-image-87\" src=\"http:\/\/eventos.ifg.edu.br\/secitecfsa\/wp-content\/uploads\/sites\/8\/2014\/10\/2.png\" alt=\"giiff\" width=\"140\" height=\"63\" \/><\/a><\/p>\n<address style=\"text-align: right\">Organiza\u00e7\u00e3o: Grupo de Inform\u00e1tica do Instituto Federal de Goi\u00e1s, C\u00e2mpus Formosa.<\/address>\n<p>&nbsp;<\/p>\n","protected":false},"excerpt":{"rendered":"<p>Maratona de Programa\u00e7\u00e3o Inscri\u00e7\u00f5es para a maratona est\u00e3o encerradas. As equipes inscritas s\u00e3o: Maktub The bugs Monkeys Programming m2r Skillo T\u00e1 de sacanagem A\u00a0II Maratona de Programa\u00e7\u00e3o ser\u00e1 uma competi\u00e7\u00e3o local,\u00a0nos moldes\u00a0da competi\u00e7\u00e3o tradicional organizada pela Sociedade Brasileira de Computa\u00e7\u00e3o (SBC) e ACM\u00a0International Collegiate Programming Contest (ICPC). Nossa competi\u00e7\u00e3o acontecer\u00e1 na sexta feira, dia 14 &#8230; <a title=\"Maratona\" class=\"read-more\" href=\"https:\/\/eventos.ifg.edu.br\/secitecfsa\/maratona\/\" aria-label=\"Read more about Maratona\">Ler mais<\/a><\/p>\n","protected":false},"author":17,"featured_media":0,"parent":0,"menu_order":3,"comment_status":"closed","ping_status":"closed","template":"","meta":{"ngg_post_thumbnail":0,"footnotes":""},"class_list":["post-79","page","type-page","status-publish"],"_links":{"self":[{"href":"https:\/\/eventos.ifg.edu.br\/secitecfsa\/wp-json\/wp\/v2\/pages\/79"}],"collection":[{"href":"https:\/\/eventos.ifg.edu.br\/secitecfsa\/wp-json\/wp\/v2\/pages"}],"about":[{"href":"https:\/\/eventos.ifg.edu.br\/secitecfsa\/wp-json\/wp\/v2\/types\/page"}],"author":[{"embeddable":true,"href":"https:\/\/eventos.ifg.edu.br\/secitecfsa\/wp-json\/wp\/v2\/users\/17"}],"replies":[{"embeddable":true,"href":"https:\/\/eventos.ifg.edu.br\/secitecfsa\/wp-json\/wp\/v2\/comments?post=79"}],"version-history":[{"count":0,"href":"https:\/\/eventos.ifg.edu.br\/secitecfsa\/wp-json\/wp\/v2\/pages\/79\/revisions"}],"wp:attachment":[{"href":"https:\/\/eventos.ifg.edu.br\/secitecfsa\/wp-json\/wp\/v2\/media?parent=79"}],"curies":[{"name":"wp","href":"https:\/\/api.w.org\/{rel}","templated":true}]}}