{"id":77,"date":"2015-09-15T19:20:05","date_gmt":"2015-09-15T19:20:05","guid":{"rendered":"http:\/\/blogs.ifg.edu.br\/visecitecfsa\/?page_id=77"},"modified":"2017-09-06T15:23:32","modified_gmt":"2017-09-06T18:23:32","slug":"instituicoes-parceiras","status":"publish","type":"page","link":"https:\/\/eventos.ifg.edu.br\/secitecfsa\/instituicoes-parceiras\/","title":{"rendered":"Institui\u00e7\u00f5es parceiras &#8211; 2016"},"content":{"rendered":"<p>Universidade Estadual de Goi\u00e1s &#8211; C\u00e2mpus Formosa<\/p>\n<p><a href=\"http:\/\/eventos.ifg.edu.br\/secitecfsa\/wp-content\/uploads\/sites\/8\/2015\/09\/ueg-formosa.jpg\"><img decoding=\"async\" class=\"alignnone wp-image-266 size-full\" src=\"http:\/\/eventos.ifg.edu.br\/secitecfsa\/wp-content\/uploads\/sites\/8\/2015\/09\/ueg-formosa.jpg\" alt=\"\" width=\"240\" height=\"120\" \/><\/a><\/p>\n<p>&nbsp;<\/p>\n<p>&nbsp;<\/p>\n","protected":false},"excerpt":{"rendered":"<p>Universidade Estadual de Goi\u00e1s &#8211; C\u00e2mpus Formosa &nbsp; &nbsp;<\/p>\n","protected":false},"author":17,"featured_media":0,"parent":0,"menu_order":0,"comment_status":"closed","ping_status":"closed","template":"","meta":{"ngg_post_thumbnail":0,"footnotes":""},"class_list":["post-77","page","type-page","status-publish"],"_links":{"self":[{"href":"https:\/\/eventos.ifg.edu.br\/secitecfsa\/wp-json\/wp\/v2\/pages\/77"}],"collection":[{"href":"https:\/\/eventos.ifg.edu.br\/secitecfsa\/wp-json\/wp\/v2\/pages"}],"about":[{"href":"https:\/\/eventos.ifg.edu.br\/secitecfsa\/wp-json\/wp\/v2\/types\/page"}],"author":[{"embeddable":true,"href":"https:\/\/eventos.ifg.edu.br\/secitecfsa\/wp-json\/wp\/v2\/users\/17"}],"replies":[{"embeddable":true,"href":"https:\/\/eventos.ifg.edu.br\/secitecfsa\/wp-json\/wp\/v2\/comments?post=77"}],"version-history":[{"count":3,"href":"https:\/\/eventos.ifg.edu.br\/secitecfsa\/wp-json\/wp\/v2\/pages\/77\/revisions"}],"predecessor-version":[{"id":742,"href":"https:\/\/eventos.ifg.edu.br\/secitecfsa\/wp-json\/wp\/v2\/pages\/77\/revisions\/742"}],"wp:attachment":[{"href":"https:\/\/eventos.ifg.edu.br\/secitecfsa\/wp-json\/wp\/v2\/media?parent=77"}],"curies":[{"name":"wp","href":"https:\/\/api.w.org\/{rel}","templated":true}]}}