{"id":756,"date":"2017-09-06T15:40:28","date_gmt":"2017-09-06T18:40:28","guid":{"rendered":"http:\/\/eventos.ifg.edu.br\/secitecfsa\/?page_id=756"},"modified":"2022-06-28T20:57:37","modified_gmt":"2022-06-28T23:57:37","slug":"comissao-organizadora-2017","status":"publish","type":"page","link":"https:\/\/eventos.ifg.edu.br\/secitecfsa\/edicoes-anteriores\/comissao-organizadora-2017\/","title":{"rendered":"Comiss\u00e3o Organizadora &#8211; 2017"},"content":{"rendered":"<p>&nbsp;<\/p>\n<table width=\"515\">\n<tbody>\n<tr>\n<td>Comiss\u00e3o organizadora<\/td>\n<td width=\"177\">&nbsp;<\/td>\n<\/tr>\n<tr>\n<td>Daniel Ordine Vieira&nbsp; (Presidente da VIII SECITEC)<\/td>\n<td width=\"177\">Docente<\/td>\n<\/tr>\n<tr>\n<td>Mario Teixeira Lemes&nbsp; (Coordenador C\u00f4mite Cient\u00edfico)<\/td>\n<td width=\"177\">Docente<\/td>\n<\/tr>\n<tr>\n<td>Pablo Vandre Jacob Furlan<\/td>\n<td width=\"177\">Docente<\/td>\n<\/tr>\n<tr>\n<td>Wallison Carlos de Sousa Barbosa<\/td>\n<td width=\"177\">Docente<\/td>\n<\/tr>\n<tr>\n<td>Geraldo Witeze Junior<\/td>\n<td width=\"177\">Docente<\/td>\n<\/tr>\n<tr>\n<td>Aurora Luiza Paladini Lessa<\/td>\n<td width=\"177\">Jornalista<\/td>\n<\/tr>\n<tr>\n<td>Felipe da Silva Leite Junior<\/td>\n<td width=\"177\">T\u00e9cnico em Audiovisual<\/td>\n<\/tr>\n<tr>\n<td>Vinicius Martins Sousa<\/td>\n<td width=\"177\">T\u00e9cnico em Audiovisual<\/td>\n<\/tr>\n<tr>\n<td>Viviane Bueno Guimar\u00e3es<\/td>\n<td width=\"177\">T\u00e9cnica de T.I<\/td>\n<\/tr>\n<\/tbody>\n<\/table>\n<p>&nbsp;<\/p>\n<p>Patroc\u00ednio e colabora\u00e7\u00e3o<\/p>\n<p><img fetchpriority=\"high\" decoding=\"async\" class=\"alignnone size-full wp-image-909\" src=\"http:\/\/eventos.ifg.edu.br\/secitecfsa\/wp-content\/uploads\/sites\/8\/2017\/09\/fapeg.png\" alt=\"fapeg\" width=\"299\" height=\"168\"><\/p>\n<p><img decoding=\"async\" class=\"alignnone size-medium wp-image-910\" src=\"http:\/\/eventos.ifg.edu.br\/secitecfsa\/wp-content\/uploads\/sites\/8\/2017\/09\/cnpq.jpeg\" alt=\"cnpq\" width=\"300\" height=\"128\"><\/p>\n","protected":false},"excerpt":{"rendered":"<p>&nbsp; Comiss\u00e3o organizadora &nbsp; Daniel Ordine Vieira&nbsp; (Presidente da VIII SECITEC) Docente Mario Teixeira Lemes&nbsp; (Coordenador C\u00f4mite Cient\u00edfico) Docente Pablo Vandre Jacob Furlan Docente Wallison Carlos de Sousa Barbosa Docente Geraldo Witeze Junior Docente Aurora Luiza Paladini Lessa Jornalista Felipe da Silva Leite Junior T\u00e9cnico em Audiovisual Vinicius Martins Sousa T\u00e9cnico em Audiovisual Viviane Bueno &#8230; <a title=\"Comiss\u00e3o Organizadora &#8211; 2017\" class=\"read-more\" href=\"https:\/\/eventos.ifg.edu.br\/secitecfsa\/edicoes-anteriores\/comissao-organizadora-2017\/\" aria-label=\"Read more about Comiss\u00e3o Organizadora &#8211; 2017\">Ler mais<\/a><\/p>\n","protected":false},"author":17,"featured_media":0,"parent":725,"menu_order":0,"comment_status":"closed","ping_status":"closed","template":"","meta":{"ngg_post_thumbnail":0,"footnotes":""},"class_list":["post-756","page","type-page","status-publish"],"_links":{"self":[{"href":"https:\/\/eventos.ifg.edu.br\/secitecfsa\/wp-json\/wp\/v2\/pages\/756"}],"collection":[{"href":"https:\/\/eventos.ifg.edu.br\/secitecfsa\/wp-json\/wp\/v2\/pages"}],"about":[{"href":"https:\/\/eventos.ifg.edu.br\/secitecfsa\/wp-json\/wp\/v2\/types\/page"}],"author":[{"embeddable":true,"href":"https:\/\/eventos.ifg.edu.br\/secitecfsa\/wp-json\/wp\/v2\/users\/17"}],"replies":[{"embeddable":true,"href":"https:\/\/eventos.ifg.edu.br\/secitecfsa\/wp-json\/wp\/v2\/comments?post=756"}],"version-history":[{"count":8,"href":"https:\/\/eventos.ifg.edu.br\/secitecfsa\/wp-json\/wp\/v2\/pages\/756\/revisions"}],"predecessor-version":[{"id":948,"href":"https:\/\/eventos.ifg.edu.br\/secitecfsa\/wp-json\/wp\/v2\/pages\/756\/revisions\/948"}],"up":[{"embeddable":true,"href":"https:\/\/eventos.ifg.edu.br\/secitecfsa\/wp-json\/wp\/v2\/pages\/725"}],"wp:attachment":[{"href":"https:\/\/eventos.ifg.edu.br\/secitecfsa\/wp-json\/wp\/v2\/media?parent=756"}],"curies":[{"name":"wp","href":"https:\/\/api.w.org\/{rel}","templated":true}]}}