{"id":750,"date":"2017-09-06T15:32:30","date_gmt":"2017-09-06T18:32:30","guid":{"rendered":"http:\/\/eventos.ifg.edu.br\/secitecfsa\/?page_id=750"},"modified":"2017-10-10T13:42:58","modified_gmt":"2017-10-10T16:42:58","slug":"conhecendo-o-ifg-2017","status":"publish","type":"page","link":"https:\/\/eventos.ifg.edu.br\/secitecfsa\/conhecendo-o-ifg-2017\/","title":{"rendered":"CONHECENDO O IFG &#8211; 2017"},"content":{"rendered":"<p>O \u201cConhecendo o IFG\u201d \u00e9 um evento institucional,\u00a0realizado em diversos c\u00e2mpus do Instituto Federal de Educa\u00e7\u00e3o, Ci\u00eancia e Tecnologia de Goi\u00e1s (IFG). No C\u00e2mpus Formosa acontece desde 2010, durante as edi\u00e7\u00f5es locais da Semana Nacional de Ci\u00eancia e Tecnologia (SECITEC).<\/p>\n<p>Tem por objetivo principal dar a conhecer \u00e0 comunidade de Formosa, sobretudo \u00e0s escolares, a institui\u00e7\u00e3o. Na ocasi\u00e3o, os docentes e discentes dos diversos cursos organizam Salas Tem\u00e1ticas, abrem os Laborat\u00f3rios e recebem diversos estudantes do munic\u00edpio, apresentando seus cursos, infraestrutura, proposta pedag\u00f3gica e tamb\u00e9m divulgando e popularizando diversas tecnologias e conhecimentos cient\u00edficos.<\/p>\n<p>Em 2017, o Conhecendo o IFG receber\u00e1 estudantes das diversas escolas do munic\u00edpio e regi\u00e3o,\u00a0e todos os interessados em conhecer\u00a0a institui\u00e7\u00e3o, nos dias\u00a0<strong>26 e 27 de Outubro.<\/strong><\/p>\n<p>&nbsp;<\/p>\n<p><strong>INSTRU\u00c7\u00d5ES<\/strong><\/p>\n<p>Enquanto permanecerem na institui\u00e7\u00e3o, as escolas ser\u00e3o acompanhadas por servidores e estudantes do IFG. O\u00a0<b>Conhecendo o IFG\u00a0<\/b>acontecer\u00e1 em tr\u00eas momentos distintos, a fim de atender a todos os grupos de acordo com a disponibilidade de hor\u00e1rio:<\/p>\n<table style=\"height: 225px\" width=\"377\">\n<tbody>\n<tr>\n<td width=\"196\">Dia 26\/10\/17 \u2013 quinta-feira<\/td>\n<td width=\"104\">Matutino, das 8h \u00e0s 12h<\/td>\n<\/tr>\n<tr>\n<td width=\"196\">Dia 26\/10\/17 \u2013 quinta-feira<\/td>\n<td width=\"104\">Vespertino, das 14h \u00e0s 17h<\/td>\n<\/tr>\n<tr>\n<td width=\"196\">Dia 26\/10\/17 \u2013 quinta-feira<\/td>\n<td width=\"104\">Noturno, das 19h \u00e0s 22h<\/td>\n<\/tr>\n<tr>\n<td width=\"196\">Dia 27\/10\/17 \u2013 sexta-feira<\/td>\n<td width=\"104\">Matutino, das 8h \u00e0s 12h<\/td>\n<\/tr>\n<\/tbody>\n<\/table>\n<p>&nbsp;<\/p>\n<div>\n<p>O evento \u00e9 aberto a todas as comunidades locais e do Entorno, sendo necess\u00e1rio realizar inscri\u00e7\u00e3o apenas para grupos acima de cinco pessoas. O p\u00fablico-alvo priorit\u00e1rio s\u00e3o os estudantes do 9\u00ba ano do Ensino Fundamental e 3\u00ba ano do Ensino M\u00e9dio, por\u00e9m a tarde do dia 26 de outubro ser\u00e1 exclusiva para os alunos do Ensino Fundamental I, mas todos podem participar, at\u00e9 o limite de vagas a ser estipulado pela Comiss\u00e3o Organizadora.<\/p>\n<p>Caso a escola\/col\u00e9gio n\u00e3o disponha de ve\u00edculo ou verba para o transporte de seus alunos e alunas, o(a) senhor(a) poder\u00e1 solicitar, no ato da inscri\u00e7\u00e3o, transporte ofertado pelo evento. Atenderemos \u00e0s solicita\u00e7\u00f5es de inscri\u00e7\u00e3o, com ou sem transporte, por ordem de recebimento das mesmas, at\u00e9 o limite de vagas.<\/p>\n<p>A\u00a0inscri\u00e7\u00e3o\u00a0deve ser feita atrav\u00e9s do preenchimento do formul\u00e1rio online dispon\u00edvel no link <a href=\"https:\/\/goo.gl\/forms\/kKs8LQpCWgH2EFFs2\">https:\/\/goo.gl\/forms\/kKs8LQpCWgH2EFFs2<\/a> at\u00e9 o dia <strong>18 de outubro (prorrogada!!)<\/strong>\u00a0de 2017. \u00c9\u00a0<strong>necess\u00e1rio aguardar o retorno dos organizadores que ir\u00e3o confirmar a participa\u00e7\u00e3o no evento<\/strong> e realizar o acompanhamento e agendamento da visita. A inscri\u00e7\u00e3o ser\u00e1 deferida somente ap\u00f3s este contato.<\/p>\n<p>&nbsp;<\/p>\n<p>Formul\u00e1rio para inscri\u00e7\u00e3o:\u00a0<a href=\"https:\/\/goo.gl\/forms\/kKs8LQpCWgH2EFFs2\">https:\/\/goo.gl\/forms\/kKs8LQpCWgH2EFFs2<\/a><\/p>\n<p>Contato:\u00a0<a href=\"mailto:conhecerifg@gmail.com\">conhecerifg@gmail.com<\/a><\/p>\n<p>&nbsp;<\/p>\n<p>&nbsp;<\/p>\n<p><a href=\"http:\/\/eventos.ifg.edu.br\/secitecfsa\/wp-content\/uploads\/sites\/8\/2017\/09\/Post-e-mail.png\"><img fetchpriority=\"high\" decoding=\"async\" class=\"aligncenter size-full wp-image-793\" src=\"http:\/\/eventos.ifg.edu.br\/secitecfsa\/wp-content\/uploads\/sites\/8\/2017\/09\/Post-e-mail.png\" alt=\"Post-e-mail\" width=\"800\" height=\"800\" \/><\/a><\/p>\n<\/div>\n","protected":false},"excerpt":{"rendered":"<p>O \u201cConhecendo o IFG\u201d \u00e9 um evento institucional,\u00a0realizado em diversos c\u00e2mpus do Instituto Federal de Educa\u00e7\u00e3o, Ci\u00eancia e Tecnologia de Goi\u00e1s (IFG). No C\u00e2mpus Formosa acontece desde 2010, durante as edi\u00e7\u00f5es locais da Semana Nacional de Ci\u00eancia e Tecnologia (SECITEC). Tem por objetivo principal dar a conhecer \u00e0 comunidade de Formosa, sobretudo \u00e0s escolares, a &#8230; <a title=\"CONHECENDO O IFG &#8211; 2017\" class=\"read-more\" href=\"https:\/\/eventos.ifg.edu.br\/secitecfsa\/conhecendo-o-ifg-2017\/\" aria-label=\"Read more about CONHECENDO O IFG &#8211; 2017\">Ler mais<\/a><\/p>\n","protected":false},"author":17,"featured_media":0,"parent":0,"menu_order":0,"comment_status":"closed","ping_status":"closed","template":"","meta":{"ngg_post_thumbnail":0,"footnotes":""},"class_list":["post-750","page","type-page","status-publish"],"_links":{"self":[{"href":"https:\/\/eventos.ifg.edu.br\/secitecfsa\/wp-json\/wp\/v2\/pages\/750"}],"collection":[{"href":"https:\/\/eventos.ifg.edu.br\/secitecfsa\/wp-json\/wp\/v2\/pages"}],"about":[{"href":"https:\/\/eventos.ifg.edu.br\/secitecfsa\/wp-json\/wp\/v2\/types\/page"}],"author":[{"embeddable":true,"href":"https:\/\/eventos.ifg.edu.br\/secitecfsa\/wp-json\/wp\/v2\/users\/17"}],"replies":[{"embeddable":true,"href":"https:\/\/eventos.ifg.edu.br\/secitecfsa\/wp-json\/wp\/v2\/comments?post=750"}],"version-history":[{"count":8,"href":"https:\/\/eventos.ifg.edu.br\/secitecfsa\/wp-json\/wp\/v2\/pages\/750\/revisions"}],"predecessor-version":[{"id":813,"href":"https:\/\/eventos.ifg.edu.br\/secitecfsa\/wp-json\/wp\/v2\/pages\/750\/revisions\/813"}],"wp:attachment":[{"href":"https:\/\/eventos.ifg.edu.br\/secitecfsa\/wp-json\/wp\/v2\/media?parent=750"}],"curies":[{"name":"wp","href":"https:\/\/api.w.org\/{rel}","templated":true}]}}