{"id":67,"date":"2016-08-18T14:45:26","date_gmt":"2016-08-18T17:45:26","guid":{"rendered":"http:\/\/blogs.ifg.edu.br\/semanactformosa\/?page_id=67"},"modified":"2017-09-06T15:39:31","modified_gmt":"2017-09-06T18:39:31","slug":"comissao","status":"publish","type":"page","link":"https:\/\/eventos.ifg.edu.br\/secitecfsa\/comissao\/","title":{"rendered":"Comiss\u00e3o Organizadora &#8211; 2016"},"content":{"rendered":"<table width=\"515\">\n<tbody>\n<tr>\n<td><span style=\"color: #003366\"> Comiss\u00e3o organizadora<\/span><\/td>\n<td width=\"177\"><\/td>\n<\/tr>\n<tr>\n<td><span style=\"color: #32cd32\">Daniel Ordine Vieira\u00a0 (Presidente da VII SECITEC)<\/span><\/td>\n<td width=\"177\">Docente<\/td>\n<\/tr>\n<tr>\n<td><span style=\"color: #32cd32\">Mario Teixeira Lemes\u00a0 (Coordenador C\u00f4mite Cient\u00edfico)<\/span><\/td>\n<td width=\"177\">Docente<\/td>\n<\/tr>\n<tr>\n<td><span style=\"color: #32cd32\">Vinicius Sousa Ferreira<\/span><\/td>\n<td width=\"177\">Docente<\/td>\n<\/tr>\n<tr>\n<td><span style=\"color: #32cd32\">Aurora Luiza Paladini Lessa<\/span><\/td>\n<td width=\"177\">Jornalista<\/td>\n<\/tr>\n<tr>\n<td><span style=\"color: #32cd32\">Viviane Bueno Guimar\u00e3es<\/span><\/td>\n<td width=\"177\">T\u00e9cnica de T.I<\/td>\n<\/tr>\n<tr>\n<td><span style=\"color: #32cd32\">Ruana Domingos Brand\u00e3o<\/span><\/td>\n<td width=\"177\">T\u00e9cnica de Qu\u00edmica<\/td>\n<\/tr>\n<tr>\n<td><span style=\"color: #32cd32\">Andr\u00e9 Augusto N\u00f3brega Dantas<\/span><\/td>\n<td width=\"177\">Docente<\/td>\n<\/tr>\n<tr>\n<td><span style=\"color: #32cd32\">Jo\u00e3o Ricardo Braga de Paiva<\/span><\/td>\n<td width=\"177\">Docente<\/td>\n<\/tr>\n<tr>\n<td><span style=\"color: #32cd32\">Marcus Vin\u00edcius Ara\u00fajo da Silva Mendes<\/span><\/td>\n<td width=\"177\">Docente<\/td>\n<\/tr>\n<tr>\n<td><span style=\"color: #32cd32\">Uyara Ferreira Silva<\/span><\/td>\n<td width=\"177\">Docente<\/td>\n<\/tr>\n<tr>\n<td><span style=\"color: #32cd32\">Ver\u00f4nica Pasqualin Machado<\/span><\/td>\n<td width=\"177\">Docente<\/td>\n<\/tr>\n<tr>\n<td><span style=\"color: #32cd32\">Alisson da Silveira Garcez<\/span><\/td>\n<td width=\"177\">Docente<\/td>\n<\/tr>\n<tr>\n<td><span style=\"color: #32cd32\">Danilo dos Santos Garcia<\/span><\/td>\n<td width=\"177\">Docente<\/td>\n<\/tr>\n<tr>\n<td><span style=\"color: #32cd32\">Douglas Nascimento Ribeiro<\/span><\/td>\n<td width=\"177\">Docente<\/td>\n<\/tr>\n<tr>\n<td><span style=\"color: #32cd32\">Edson Rodrigo Borges<\/span><\/td>\n<td width=\"177\">Docente<\/td>\n<\/tr>\n<tr>\n<td><span style=\"color: #32cd32\">Murilo Teles Domingues<\/span><\/td>\n<td width=\"177\">Docente<\/td>\n<\/tr>\n<tr>\n<td><span style=\"color: #32cd32\">Sirlon Thiago Diniz Lacerda<\/span><\/td>\n<td width=\"177\">Docente<\/td>\n<\/tr>\n<tr>\n<td><span style=\"color: #32cd32\">Wallison Carlos de Sousa Barbosa<\/span><\/td>\n<td width=\"177\">Docente<\/td>\n<\/tr>\n<tr>\n<td><span style=\"color: #32cd32\">Marcelo Lopes Pereira J\u00fanior<\/span><\/td>\n<td width=\"177\">Docente<\/td>\n<\/tr>\n<tr>\n<td><span style=\"color: #32cd32\">Fabiano Vieira Paiva<br \/>\n<\/span><\/td>\n<td width=\"177\">Docente<\/td>\n<\/tr>\n<tr>\n<td><span style=\"color: #32cd32\">Bruno C\u00e9sar Rodrigues Lima<\/span><\/td>\n<td width=\"177\">Docente<\/td>\n<\/tr>\n<tr>\n<td colspan=\"2\"><\/td>\n<\/tr>\n<tr>\n<td><span style=\"color: #003366\">\u00a0Ponte de Palitos<\/span><\/td>\n<td width=\"177\"><\/td>\n<\/tr>\n<tr>\n<td><span style=\"color: #32cd32\">Divino Gabriel Pinheiro Lima<\/span><\/td>\n<td width=\"177\">Docente<\/td>\n<\/tr>\n<tr>\n<td colspan=\"2\"><\/td>\n<\/tr>\n<tr>\n<td><span style=\"color: #003366\">Conhecendo o IFG<\/span><\/td>\n<td width=\"177\"><\/td>\n<\/tr>\n<tr>\n<td><span style=\"color: #32cd32\">Pablo Vandr\u00e9 Jacob Furlan<\/span><\/td>\n<td width=\"177\">Docente<\/td>\n<\/tr>\n<tr>\n<td colspan=\"2\"><\/td>\n<\/tr>\n<tr>\n<td><span style=\"color: #003366\">Maratona de\u00a0 Programa\u00e7\u00e3o<\/span><\/td>\n<td width=\"177\"><\/td>\n<\/tr>\n<tr>\n<td><span style=\"color: #32cd32\">Daniel Saad Nogueira Nunes<\/span><\/td>\n<td width=\"177\">Docente<\/td>\n<\/tr>\n<\/tbody>\n<\/table>\n<p>&nbsp;<\/p>\n<p>Organiza\u00e7\u00e3o do Conhecendo o IFG 2016<\/p>\n<p><strong><a href=\"mailto:conhecerifg@gmail.com\" target=\"_blank\">conhecerifg@gmail.com<\/a><\/strong><\/p>\n<p>Organiza\u00e7\u00e3o da VII SECITEC<\/p>\n<p><strong><a href=\"mailto:secitecformosa@gmail.com\">secitecformosa@gmail.com<\/a><\/strong><\/p>\n<p>&nbsp;<\/p>\n<address style=\"text-align: center\">\u00a0<\/address>\n","protected":false},"excerpt":{"rendered":"<p>Comiss\u00e3o organizadora Daniel Ordine Vieira\u00a0 (Presidente da VII SECITEC) Docente Mario Teixeira Lemes\u00a0 (Coordenador C\u00f4mite Cient\u00edfico) Docente Vinicius Sousa Ferreira Docente Aurora Luiza Paladini Lessa Jornalista Viviane Bueno Guimar\u00e3es T\u00e9cnica de T.I Ruana Domingos Brand\u00e3o T\u00e9cnica de Qu\u00edmica Andr\u00e9 Augusto N\u00f3brega Dantas Docente Jo\u00e3o Ricardo Braga de Paiva Docente Marcus Vin\u00edcius Ara\u00fajo da Silva Mendes &#8230; <a title=\"Comiss\u00e3o Organizadora &#8211; 2016\" class=\"read-more\" href=\"https:\/\/eventos.ifg.edu.br\/secitecfsa\/comissao\/\" aria-label=\"Read more about Comiss\u00e3o Organizadora &#8211; 2016\">Ler mais<\/a><\/p>\n","protected":false},"author":17,"featured_media":0,"parent":0,"menu_order":4,"comment_status":"closed","ping_status":"closed","template":"","meta":{"ngg_post_thumbnail":0,"footnotes":""},"class_list":["post-67","page","type-page","status-publish"],"_links":{"self":[{"href":"https:\/\/eventos.ifg.edu.br\/secitecfsa\/wp-json\/wp\/v2\/pages\/67"}],"collection":[{"href":"https:\/\/eventos.ifg.edu.br\/secitecfsa\/wp-json\/wp\/v2\/pages"}],"about":[{"href":"https:\/\/eventos.ifg.edu.br\/secitecfsa\/wp-json\/wp\/v2\/types\/page"}],"author":[{"embeddable":true,"href":"https:\/\/eventos.ifg.edu.br\/secitecfsa\/wp-json\/wp\/v2\/users\/17"}],"replies":[{"embeddable":true,"href":"https:\/\/eventos.ifg.edu.br\/secitecfsa\/wp-json\/wp\/v2\/comments?post=67"}],"version-history":[{"count":17,"href":"https:\/\/eventos.ifg.edu.br\/secitecfsa\/wp-json\/wp\/v2\/pages\/67\/revisions"}],"predecessor-version":[{"id":755,"href":"https:\/\/eventos.ifg.edu.br\/secitecfsa\/wp-json\/wp\/v2\/pages\/67\/revisions\/755"}],"wp:attachment":[{"href":"https:\/\/eventos.ifg.edu.br\/secitecfsa\/wp-json\/wp\/v2\/media?parent=67"}],"curies":[{"name":"wp","href":"https:\/\/api.w.org\/{rel}","templated":true}]}}