{"id":63,"date":"2015-09-15T19:10:31","date_gmt":"2015-09-15T19:10:31","guid":{"rendered":"http:\/\/blogs.ifg.edu.br\/visecitecfsa\/?page_id=63"},"modified":"2017-09-06T15:22:55","modified_gmt":"2017-09-06T18:22:55","slug":"submissao-de-trabalhos","status":"publish","type":"page","link":"https:\/\/eventos.ifg.edu.br\/secitecfsa\/submissao-de-trabalhos\/","title":{"rendered":"Submiss\u00e3o de trabalho &#8211; 2016"},"content":{"rendered":"<p style=\"text-align: justify\"><strong>\u00a0&#8211; SUBMISS\u00c3O DE TRABALHOS ENCERRADA &#8211;<\/strong><\/p>\n<p style=\"text-align: justify\"><strong><em>Site<\/em>\u00a0para submiss\u00e3o de trabalho<\/strong> &#8211; <a href=\"http:\/\/conferencias.ifg.edu.br\/secitec-fsa\/vii-secitec-fsa\"><strong>acesse aqui!<\/strong><\/a><\/p>\n<div id=\"breadcrumb\"><\/div>\n<h2>Chamada para submiss\u00f5es<\/h2>\n<div id=\"content\">\n<div id=\"cfp\">\n<p>As inscri\u00e7\u00f5es para a\u00a0VII SECITEC \u2013 Semana de Educa\u00e7\u00e3o, Ci\u00eancia e Tecnologia\u00a0est\u00e3o abertas at\u00e9 o dia\u00a0<strong>09 de setembro de 2016<\/strong>. O evento organizado pelo C\u00e2mpus Formosa do Instituto Federal de Goi\u00e1s acontecer\u00e1 no per\u00edodo de\u00a017 a 21 de outubro de 2016, e prev\u00ea a realiza\u00e7\u00e3o de cursos, minicursos e palestras sobre diversos assuntos com o objetivo de difundir a produ\u00e7\u00e3o acad\u00eamica regional nos seguintes eixos tem\u00e1ticos:<\/p>\n<ul>\n<li>SA\u00daDE E AMBIENTE;<\/li>\n<li>CI\u00caNCIAS DA NATUREZA;<\/li>\n<li>EDUCA\u00c7\u00c3O E LINGUAGENS;<\/li>\n<li>CI\u00caNCIAS SOCIAIS E HUMANIDADES;<\/li>\n<li>CI\u00caNCIAS EXATAS E ENGENHARIAS;<\/li>\n<\/ul>\n<p>Trabalhos acad\u00eamicos nestes eixos poder\u00e3o ser submetidos at\u00e9 o dia <strong>09 de setembro de 2016<\/strong> na modalidade p\u00f4ster ou comunica\u00e7\u00e3o oral e dever\u00e3o seguir as orienta\u00e7\u00f5es contidas nas normas de submiss\u00e3o.<\/p>\n<p>Normas de submiss\u00e3o \u2013\u00a0<strong><a href=\"http:\/\/download1514.mediafire.com\/tdbdg622wukg\/ajkvwqkb3sawq3a\/Normas-VII-SECITEC-2016.pdf\" target=\"_blank\">acesse aqui!<\/a><\/strong><\/p>\n<p>Modelo de resumo expandido\u00a0<strong>&#8211;<a href=\"http:\/\/download1326.mediafire.com\/dhjesytn5hfg\/8uulxki3m3odf6s\/modelo_de_resumo_expandido_Secitec.docx\"> acesse aqui!<\/a><\/strong><\/p>\n<p>Sugest\u00e3o de P\u00f4ster:\u00a0<strong><a href=\"http:\/\/download1081.mediafire.com\/p3vg5q86wedg\/bevtddaee4du26j\/template-banner-secitec-2016.pptx\">acesse aqui<\/a><\/strong><\/p>\n<h3>Diretrizes para Autores<\/h3>\n<p>a) Um tutorial de como realizar a submiss\u00e3o de trabalhos:<a href=\"http:\/\/download950.mediafire.com\/s061pb1z20jg\/e4znml1oo1fo5qp\/tutorial-submissao-artigos.pdf\"> <strong>acesse aqui!<\/strong><\/a><\/p>\n<p>b) A obedi\u00eancia \u00e0s normas da VII Semana de Educa\u00e7\u00e3o, Ci\u00eancia e Tecnologia &#8211; C\u00e2mpus Formosa.<\/p>\n<p>c) A responsabilidade da corre\u00e7\u00e3o normativa e gramatical do texto \u00e9 de inteira responsabilidade do autor. Caso necess\u00e1rio, o comit\u00ea cient\u00edfico pode apontar falhas ou fazer altera\u00e7\u00f5es nos originais.<\/p>\n<p>d) As opini\u00f5es emitidas pelos autores dos artigos s\u00e3o de sua exclusiva responsabilidade.<\/p>\n<p>e) O comit\u00ea cient\u00edfico poder\u00e1 classificar as colabora\u00e7\u00f5es de acordo com se\u00e7\u00f5es tem\u00e1ticas.<\/p>\n<p>O processo de submiss\u00e3o come\u00e7a aqui.<br \/>\n<a class=\"action\" href=\"http:\/\/conferencias.ifg.edu.br\/secitec-fsa\/vii-secitec-fsa\/author\/submit?requiresAuthor=1\">Clique aqui para iniciar o processo de submiss\u00e3o<\/a><\/p>\n<\/div>\n<p>&nbsp;<\/p>\n<p>&nbsp;<\/p>\n<\/div>\n","protected":false},"excerpt":{"rendered":"<p>\u00a0&#8211; SUBMISS\u00c3O DE TRABALHOS ENCERRADA &#8211; Site\u00a0para submiss\u00e3o de trabalho &#8211; acesse aqui! Chamada para submiss\u00f5es As inscri\u00e7\u00f5es para a\u00a0VII SECITEC \u2013 Semana de Educa\u00e7\u00e3o, Ci\u00eancia e Tecnologia\u00a0est\u00e3o abertas at\u00e9 o dia\u00a009 de setembro de 2016. O evento organizado pelo C\u00e2mpus Formosa do Instituto Federal de Goi\u00e1s acontecer\u00e1 no per\u00edodo de\u00a017 a 21 de outubro &#8230; <a title=\"Submiss\u00e3o de trabalho &#8211; 2016\" class=\"read-more\" href=\"https:\/\/eventos.ifg.edu.br\/secitecfsa\/submissao-de-trabalhos\/\" aria-label=\"Read more about Submiss\u00e3o de trabalho &#8211; 2016\">Ler mais<\/a><\/p>\n","protected":false},"author":17,"featured_media":0,"parent":0,"menu_order":0,"comment_status":"closed","ping_status":"closed","template":"","meta":{"ngg_post_thumbnail":0,"footnotes":""},"class_list":["post-63","page","type-page","status-publish"],"_links":{"self":[{"href":"https:\/\/eventos.ifg.edu.br\/secitecfsa\/wp-json\/wp\/v2\/pages\/63"}],"collection":[{"href":"https:\/\/eventos.ifg.edu.br\/secitecfsa\/wp-json\/wp\/v2\/pages"}],"about":[{"href":"https:\/\/eventos.ifg.edu.br\/secitecfsa\/wp-json\/wp\/v2\/types\/page"}],"author":[{"embeddable":true,"href":"https:\/\/eventos.ifg.edu.br\/secitecfsa\/wp-json\/wp\/v2\/users\/17"}],"replies":[{"embeddable":true,"href":"https:\/\/eventos.ifg.edu.br\/secitecfsa\/wp-json\/wp\/v2\/comments?post=63"}],"version-history":[{"count":13,"href":"https:\/\/eventos.ifg.edu.br\/secitecfsa\/wp-json\/wp\/v2\/pages\/63\/revisions"}],"predecessor-version":[{"id":740,"href":"https:\/\/eventos.ifg.edu.br\/secitecfsa\/wp-json\/wp\/v2\/pages\/63\/revisions\/740"}],"wp:attachment":[{"href":"https:\/\/eventos.ifg.edu.br\/secitecfsa\/wp-json\/wp\/v2\/media?parent=63"}],"curies":[{"name":"wp","href":"https:\/\/api.w.org\/{rel}","templated":true}]}}