{"id":562,"date":"2016-09-30T21:46:21","date_gmt":"2016-10-01T00:46:21","guid":{"rendered":"http:\/\/eventos.ifg.edu.br\/secitecfsa\/?page_id=562"},"modified":"2017-09-06T15:22:33","modified_gmt":"2017-09-06T18:22:33","slug":"installfest","status":"publish","type":"page","link":"https:\/\/eventos.ifg.edu.br\/secitecfsa\/installfest\/","title":{"rendered":"InstallFest &#8211; 2016"},"content":{"rendered":"<p><img fetchpriority=\"high\" decoding=\"async\" class=\"alignleft wp-image-580\" src=\"http:\/\/eventos.ifg.edu.br\/secitecfsa\/wp-content\/uploads\/sites\/8\/2016\/09\/Cartaz-InstallFest2016-RGB.jpg\" alt=\"cartaz-installfest2016-rgb\" width=\"859\" height=\"653\" \/>\u00a0\u00a0\u00a0\u00a0\u00a0\u00a0\u00a0\u00a0\u00a0\u00a0\u00a0\u00a0\u00a0 Pessoas que enfrentam problemas com configura\u00e7\u00e3o e instala\u00e7\u00e3o de seus computadores podem participar gratuitamente do 2\u00ba Installfest do C\u00e2mpus Formosa do Instituto Federal de Goi\u00e1s (IFG), que acontece no dia 17 de outubro, das 9h \u00e0s 21 horas, levando o gabinete do computador ou o notebook at\u00e9 o C\u00e2mpus. As inscri\u00e7\u00f5es para participar do 2\u00ba Installfest j\u00e1 est\u00e3o abertas e seguem at\u00e9 o dia 13 de outubro.<\/p>\n<p>O Festival \u00e9 um Projeto de Extens\u00e3o da \u00e1rea de Inform\u00e1tica, aberto \u00e0 comunidade interna e externa ao IFG. Foram abertas 60 vagas, 48 para a comunidade externa e 12 para a comunidade interna, para os interessados em corrigir erros em seus computadores.<\/p>\n<p>O objetivo do projeto \u00e9 ajudar os usu\u00e1rios participantes no processo de instala\u00e7\u00e3o e configura\u00e7\u00e3o, possibilitando a eles um sistema devidamente configurado em seus computadores.<\/p>\n<p>Durante o Installfest ser\u00e3o preparados pendrives e discos de formata\u00e7\u00e3o, envolvendo downloads de softwares de sistema, dos softwares aplicativos e processo de grava\u00e7\u00e3o deles. O evento disponibilizar\u00e1 os softwares aplicativos Libre Office, Unzip, Avast Antiv\u00edrus, Java, Flash, VLC, Google Chrome e Foxit Reader.<\/p>\n<p>No dia do evento a equipe ser\u00e1 alocada e atender\u00e1 a comunidade sob demanda. Primeiramente haver\u00e1 uma avalia\u00e7\u00e3o da m\u00e1quina pelo t\u00e9cnico respons\u00e1vel e, de acordo com a necessidade de formata\u00e7\u00e3o, o computador ser\u00e1 formatado e configurado conforme as prefer\u00eancias dos usu\u00e1rios e em conson\u00e2ncia com os softwares de sistema e aplicativos dispon\u00edveis.<\/p>\n<p><strong>Cronograma<\/strong><\/p>\n<p>Inscri\u00e7\u00f5es: 23 de Setembro a 13 de Outubro de 2016<br \/>\nDivulga\u00e7\u00e3o dos candidatos selecionados: 14 de Outubro de 2016<br \/>\n\u201c2\u00ba Installfest do IFG Formosa\u201d: 17 de Outubro de 2016<\/p>\n<p><a href=\"http:\/\/www.formosa.ifgoias.edu.br\/images\/chamadapublica082016geppexinstallfest.pdf\">Acesse aqui<\/a> a Chamada P\u00fablica 008\/2016, do 2\u00ba Installfest.<br \/>\n<a href=\"http:\/\/sugep.ifg.edu.br\/eventos\/administracao\/inscricoes.html?q12we34rt56yu78io90p=U94Khp\/HOp0=#\">Fa\u00e7a aqui<\/a> sua inscri\u00e7\u00e3o.<\/p>\n","protected":false},"excerpt":{"rendered":"<p>\u00a0\u00a0\u00a0\u00a0\u00a0\u00a0\u00a0\u00a0\u00a0\u00a0\u00a0\u00a0\u00a0 Pessoas que enfrentam problemas com configura\u00e7\u00e3o e instala\u00e7\u00e3o de seus computadores podem participar gratuitamente do 2\u00ba Installfest do C\u00e2mpus Formosa do Instituto Federal de Goi\u00e1s (IFG), que acontece no dia 17 de outubro, das 9h \u00e0s 21 horas, levando o gabinete do computador ou o notebook at\u00e9 o C\u00e2mpus. As inscri\u00e7\u00f5es para participar do &#8230; <a title=\"InstallFest &#8211; 2016\" class=\"read-more\" href=\"https:\/\/eventos.ifg.edu.br\/secitecfsa\/installfest\/\" aria-label=\"Read more about InstallFest &#8211; 2016\">Ler mais<\/a><\/p>\n","protected":false},"author":17,"featured_media":0,"parent":0,"menu_order":0,"comment_status":"closed","ping_status":"closed","template":"","meta":{"ngg_post_thumbnail":0,"footnotes":""},"class_list":["post-562","page","type-page","status-publish"],"_links":{"self":[{"href":"https:\/\/eventos.ifg.edu.br\/secitecfsa\/wp-json\/wp\/v2\/pages\/562"}],"collection":[{"href":"https:\/\/eventos.ifg.edu.br\/secitecfsa\/wp-json\/wp\/v2\/pages"}],"about":[{"href":"https:\/\/eventos.ifg.edu.br\/secitecfsa\/wp-json\/wp\/v2\/types\/page"}],"author":[{"embeddable":true,"href":"https:\/\/eventos.ifg.edu.br\/secitecfsa\/wp-json\/wp\/v2\/users\/17"}],"replies":[{"embeddable":true,"href":"https:\/\/eventos.ifg.edu.br\/secitecfsa\/wp-json\/wp\/v2\/comments?post=562"}],"version-history":[{"count":9,"href":"https:\/\/eventos.ifg.edu.br\/secitecfsa\/wp-json\/wp\/v2\/pages\/562\/revisions"}],"predecessor-version":[{"id":739,"href":"https:\/\/eventos.ifg.edu.br\/secitecfsa\/wp-json\/wp\/v2\/pages\/562\/revisions\/739"}],"wp:attachment":[{"href":"https:\/\/eventos.ifg.edu.br\/secitecfsa\/wp-json\/wp\/v2\/media?parent=562"}],"curies":[{"name":"wp","href":"https:\/\/api.w.org\/{rel}","templated":true}]}}