{"id":56,"date":"2014-09-29T23:45:12","date_gmt":"2014-09-29T23:45:12","guid":{"rendered":"http:\/\/blogs.ifg.edu.br\/semanactformosa\/?page_id=56"},"modified":"2017-09-06T15:28:19","modified_gmt":"2017-09-06T18:28:19","slug":"programacao","status":"publish","type":"page","link":"https:\/\/eventos.ifg.edu.br\/secitecfsa\/programacao\/","title":{"rendered":"Programa\u00e7\u00e3o VII SECITEC &#8211; 2016"},"content":{"rendered":"<p style=\"text-align: left\"><a href=\"http:\/\/eventos.ifg.edu.br\/secitecfsa\/wp-content\/uploads\/sites\/8\/2014\/09\/Programa\u00e7\u00e3o-5.png\"><img fetchpriority=\"high\" decoding=\"async\" class=\"alignnone size-full wp-image-697\" src=\"http:\/\/eventos.ifg.edu.br\/secitecfsa\/wp-content\/uploads\/sites\/8\/2014\/09\/Programa\u00e7\u00e3o-5.png\" alt=\"programacao\" width=\"2000\" height=\"1414\" \/><\/a><a href=\"http:\/\/eventos.ifg.edu.br\/secitecfsa\/wp-content\/uploads\/sites\/8\/2014\/09\/Programa\u00e1o-Oficinas-e-minicursos-11.png\"><img decoding=\"async\" class=\"alignnone size-full wp-image-713\" src=\"http:\/\/eventos.ifg.edu.br\/secitecfsa\/wp-content\/uploads\/sites\/8\/2014\/09\/Programa\u00e1o-Oficinas-e-minicursos-11.png\" alt=\"programaao-oficinas-e-minicursos\" width=\"2000\" height=\"1375\" \/><\/a><em><strong>***Os minicursos destacados em amarelo correspondem \u00e0 mesma turma, ou seja, \u00e9 uma continua\u00e7\u00e3o do curso iniciado no per\u00edodo matutino.<\/strong><\/em><\/p>\n<p style=\"text-align: left\"><strong>*** O minicurso destacado em verde \u00e9 exclusivo para servidores docentes e t\u00e9cnicos administrativos do IFG\/C\u00e2mpus &#8211; Formosa.<\/strong><\/p>\n<p>&nbsp;<\/p>\n<p><strong>Acesse os resumos das Palestras e Mesas-Redondas:<\/strong><\/p>\n<ol>\n<li><strong>17\/10 &#8211; 20h<\/strong> &#8211; Palestra de Abertura &#8220;<a href=\"http:\/\/eventos.ifg.edu.br\/secitecfsa\/wp-content\/uploads\/sites\/8\/2014\/09\/Resumo-palestra-Amir-Limana.pdf\"><strong>Perspectivas e desafios da Rede de Institutos Federais de Educa\u00e7\u00e3o, Ci\u00eancia e Tecnologia<\/strong><\/a>&#8220;, com professor Dr. Amir Limana (IFPR).<\/li>\n<li><strong>18\/10 &#8211; 10h \u00e0s 11h<\/strong> &#8211; Palestra &#8220;<a href=\"http:\/\/eventos.ifg.edu.br\/secitecfsa\/wp-content\/uploads\/sites\/8\/2014\/09\/Resumo-palestra-Diego-Oliveira.pdf\"><em><strong>Feeling like\u00a0 a Tony Stark<\/strong><\/em><\/a>&#8220;, com professor Dr. Diego Oliveira Nolasco da Silva (UCB).<\/li>\n<li><strong>18\/10 &#8211; 13h \u00e0s 14h &#8211;<\/strong> Palestra &#8220;<a href=\"http:\/\/eventos.ifg.edu.br\/secitecfsa\/wp-content\/uploads\/sites\/8\/2014\/09\/Resumo-palestra-Julierme-Oliveira-1.pdf\"><strong>Principais DVA&#8217;s de origem Bacteriana<\/strong><\/a>&#8220;, com professor Me. Julierme Jos\u00e9 Oliveira (IFG).<\/li>\n<li><strong>18\/10 &#8211; 14h \u00e0s 15h<\/strong> &#8211; Palestra &#8220;<a href=\"http:\/\/eventos.ifg.edu.br\/secitecfsa\/wp-content\/uploads\/sites\/8\/2014\/09\/Resumo-palestra-Elizabeth-Costa.pdf\"><strong>Conhe\u00e7a e participe da Faculdade UnB Planaltina<\/strong><\/a>&#8220;, com Elizabeth da Costa (UnB-FUP).<\/li>\n<li><strong>18\/10 &#8211; 19h \u00e0s 20h<\/strong> &#8211; Palestra &#8220;<a href=\"http:\/\/eventos.ifg.edu.br\/secitecfsa\/wp-content\/uploads\/sites\/8\/2014\/09\/Resumo-palestra-Elton-Oliveira.pdf\"><strong>Recursos H\u00eddricos em Formosa Goi\u00e1s: planejamento como ferramenta para combater a escassez<\/strong><\/a>&#8220;, com Me. Elton Souza Oliveira (UEG-Formosa).<\/li>\n<li><strong>18\/10 &#8211; 20h \u00e0s 21h<\/strong> &#8211; Palestra &#8220;<strong>Comunidades Tradicionais em Rede<\/strong>&#8220;, com Me. Vin\u00edcius Duarte Ferreira (IFG-Reitoria-Proex).<\/li>\n<li><strong>19\/10 &#8211; 11h \u00e0s 12h<\/strong> &#8211; Mesa-redonda &#8220;<a href=\"http:\/\/eventos.ifg.edu.br\/secitecfsa\/wp-content\/uploads\/sites\/8\/2014\/09\/Resumo-mesaredonda-Jos\u00e9-Vand\u00e9rio2.pdf\"><strong>Vegetarismo e alimenta\u00e7\u00e3o saud\u00e1vel: alternativas para a soberania alimentar<\/strong><\/a>&#8220;, com professor Dr. Jos\u00e9 Vand\u00e9rio Cirqueira (IFG\/Formosa) e professor Dr. Geraldo Witeze Junior (IFG\/Formosa).<\/li>\n<li><strong>19\/10 &#8211; 19h \u00e0s 20h15min<\/strong> &#8211; Mesa-redonda &#8220;<a href=\"http:\/\/eventos.ifg.edu.br\/secitecfsa\/wp-content\/uploads\/sites\/8\/2014\/09\/Resumo-mesaredonda-Jos\u00e9-Vand\u00e9rio-1.pdf\"><strong>A escola vista de dentro: desmonte de ensino p\u00fablico e democr\u00e1tico e os ataques \u00e0 identidade e diversidade no espa\u00e7o escolar brasileiro<\/strong><\/a>&#8220;, com professores Dr. Jos\u00e9 Vand\u00e9rio Cirqueira (IFG\/Formosa), Ma. Kaithy das Chagas Oliveira (IFG\/Formosa), Dr\u00aa. Rachel Benta Massias Bastos (IFG-Goi\u00e2nia).<\/li>\n<li><strong>19\/10 &#8211; 20h30min \u00e0s 21h30min<\/strong> &#8211; Palestra &#8220;<a href=\"http:\/\/eventos.ifg.edu.br\/secitecfsa\/wp-content\/uploads\/sites\/8\/2014\/09\/Resumo-palestra-Wesley-Calixto.pdf\"><strong>Pesquisa e desenvolvimento: do contexto global ao regiona<\/strong>l<\/a>&#8220;, com Dr. Wesley Pacheco Calisto ((IFG) e La\u00eds Fernanda Ara\u00fajo Silva.<\/li>\n<li><strong>20\/10 &#8211; 19h &#8211; 20h<\/strong> &#8211; Palestra &#8220;<strong>Degrada\u00e7\u00e3o de revestimentos de fachadas &#8211; causas, medidas de preven\u00e7\u00e3o e novos estudos<\/strong>\u201d, com Matheus Leoni.<\/li>\n<li><strong>20\/10 &#8211; 20h &#8211; 21h<\/strong> &#8211; Palestra: &#8220;<strong>Energias renov\u00e1veis<\/strong>&#8220;, com professor Ubirajara Rocha Meira (UFCG).<\/li>\n<li><strong>21\/10 &#8211; 16h \u00e0s 17h<\/strong> &#8211; Palestra &#8220;<strong>Astronomia: um universo a se descobrir<\/strong>&#8220;, com professor Paulo Brito (UnB-FUP).<\/li>\n<\/ol>\n<p>&nbsp;<\/p>\n<p><a href=\"\/\/eventos.ifg.edu.br\/secitecfsa\/wp-content\/uploads\/sites\/8\/2014\/09\/Programa\u00e7\u00e3o-Apresenta\u00e7\u00f5es-Orais.jpg\" target=\"_blank\"><img decoding=\"async\" class=\"wp-image-683 aligncenter\" src=\"http:\/\/eventos.ifg.edu.br\/secitecfsa\/wp-content\/uploads\/sites\/8\/2014\/09\/Programa\u00e7\u00e3o-Apresenta\u00e7\u00f5es-Orais-1.jpg\" alt=\"programacao-apresentacoes-orais\" width=\"1779\" height=\"1478\" \/><\/a><\/p>\n<p><a href=\"http:\/\/eventos.ifg.edu.br\/secitecfsa\/wp-content\/uploads\/sites\/8\/2014\/09\/Programa\u00e7\u00e3o-Apresenta\u00e7\u00f5es-Oraiss-1.jpg\"><img loading=\"lazy\" decoding=\"async\" class=\"alignleft size-full wp-image-708\" src=\"http:\/\/eventos.ifg.edu.br\/secitecfsa\/wp-content\/uploads\/sites\/8\/2014\/09\/Programa\u00e7\u00e3o-Apresenta\u00e7\u00f5es-Oraiss-1.jpg\" alt=\"programacao-apresentacoes-oraiss\" width=\"1572\" height=\"2069\" \/><\/a><\/p>\n","protected":false},"excerpt":{"rendered":"<p>***Os minicursos destacados em amarelo correspondem \u00e0 mesma turma, ou seja, \u00e9 uma continua\u00e7\u00e3o do curso iniciado no per\u00edodo matutino. *** O minicurso destacado em verde \u00e9 exclusivo para servidores docentes e t\u00e9cnicos administrativos do IFG\/C\u00e2mpus &#8211; Formosa. &nbsp; Acesse os resumos das Palestras e Mesas-Redondas: 17\/10 &#8211; 20h &#8211; Palestra de Abertura &#8220;Perspectivas e &#8230; <a title=\"Programa\u00e7\u00e3o VII SECITEC &#8211; 2016\" class=\"read-more\" href=\"https:\/\/eventos.ifg.edu.br\/secitecfsa\/programacao\/\" aria-label=\"Read more about Programa\u00e7\u00e3o VII SECITEC &#8211; 2016\">Ler mais<\/a><\/p>\n","protected":false},"author":17,"featured_media":682,"parent":0,"menu_order":0,"comment_status":"closed","ping_status":"closed","template":"","meta":{"ngg_post_thumbnail":0,"footnotes":""},"class_list":["post-56","page","type-page","status-publish","has-post-thumbnail"],"_links":{"self":[{"href":"https:\/\/eventos.ifg.edu.br\/secitecfsa\/wp-json\/wp\/v2\/pages\/56"}],"collection":[{"href":"https:\/\/eventos.ifg.edu.br\/secitecfsa\/wp-json\/wp\/v2\/pages"}],"about":[{"href":"https:\/\/eventos.ifg.edu.br\/secitecfsa\/wp-json\/wp\/v2\/types\/page"}],"author":[{"embeddable":true,"href":"https:\/\/eventos.ifg.edu.br\/secitecfsa\/wp-json\/wp\/v2\/users\/17"}],"replies":[{"embeddable":true,"href":"https:\/\/eventos.ifg.edu.br\/secitecfsa\/wp-json\/wp\/v2\/comments?post=56"}],"version-history":[{"count":51,"href":"https:\/\/eventos.ifg.edu.br\/secitecfsa\/wp-json\/wp\/v2\/pages\/56\/revisions"}],"predecessor-version":[{"id":749,"href":"https:\/\/eventos.ifg.edu.br\/secitecfsa\/wp-json\/wp\/v2\/pages\/56\/revisions\/749"}],"wp:featuredmedia":[{"embeddable":true,"href":"https:\/\/eventos.ifg.edu.br\/secitecfsa\/wp-json\/wp\/v2\/media\/682"}],"wp:attachment":[{"href":"https:\/\/eventos.ifg.edu.br\/secitecfsa\/wp-json\/wp\/v2\/media?parent=56"}],"curies":[{"name":"wp","href":"https:\/\/api.w.org\/{rel}","templated":true}]}}