{"id":35,"date":"2015-09-09T18:25:21","date_gmt":"2015-09-09T18:25:21","guid":{"rendered":"http:\/\/blogs.ifg.edu.br\/visecitecfsa\/?page_id=35"},"modified":"2022-07-21T16:36:24","modified_gmt":"2022-07-21T19:36:24","slug":"local","status":"publish","type":"page","link":"https:\/\/eventos.ifg.edu.br\/secitecfsa\/local\/","title":{"rendered":"Localiza\u00e7\u00e3o"},"content":{"rendered":"<p><strong>Instituto Federal de Educa\u00e7\u00e3o, Ci\u00eancia e Tecnologia de Goi\u00e1s\/C\u00e2mpus Formosa<\/strong><\/p>\n<p>&nbsp;<\/p>\n<p>Endere\u00e7o: Rua 64, esquina c\/ Rua 11, Expans\u00e3o Parque Lago, Formosa, Goi\u00e1s (Veja no <a href=\"https:\/\/www.google.com.br\/maps\/place\/Instituto+Federal+de+Goi%C3%A1s+%2F+C%C3%A2mpus+Formosa\/@-15.5637539,-47.3273234,17.75z\/data=!4m5!3m4!1s0x0:0xb8ffbb72c45a6bd6!8m2!3d-15.5628182!4d-47.3277819?hl=pt-BR\">Google Maps.<\/a>)<\/p>\n<p>Telefone:&nbsp; (61) 3642-9450<\/p>\n<p>Site oficial: <a href=\"http:\/\/www.ifg.edu.br\/formosa\">www.ifg.edu.br\/formosa<\/a><\/p>\n<p>Redes Sociais:<\/p>\n<ul>\n<li>Instagram: <a href=\"http:\/\/@ifgformosa\">@ifgformosa<\/a><\/li>\n<li>Facebook: Instituto Federal de Goi\u00e1s \/ C\u00e2mpus Formosa<\/li>\n<li>YouTube: <a href=\"https:\/\/www.youtube.com\/c\/IFGC%C3%A2mpusFormosa\">IFG-C\u00e2mpus Formosa<\/a><\/li>\n<\/ul>\n<p>&nbsp;<\/p>\n","protected":false},"excerpt":{"rendered":"<p>Instituto Federal de Educa\u00e7\u00e3o, Ci\u00eancia e Tecnologia de Goi\u00e1s\/C\u00e2mpus Formosa &nbsp; Endere\u00e7o: Rua 64, esquina c\/ Rua 11, Expans\u00e3o Parque Lago, Formosa, Goi\u00e1s (Veja no Google Maps.) Telefone:&nbsp; (61) 3642-9450 Site oficial: www.ifg.edu.br\/formosa Redes Sociais: Instagram: @ifgformosa Facebook: Instituto Federal de Goi\u00e1s \/ C\u00e2mpus Formosa YouTube: IFG-C\u00e2mpus Formosa &nbsp;<\/p>\n","protected":false},"author":17,"featured_media":0,"parent":0,"menu_order":0,"comment_status":"closed","ping_status":"closed","template":"","meta":{"ngg_post_thumbnail":0,"footnotes":""},"class_list":["post-35","page","type-page","status-publish"],"_links":{"self":[{"href":"https:\/\/eventos.ifg.edu.br\/secitecfsa\/wp-json\/wp\/v2\/pages\/35"}],"collection":[{"href":"https:\/\/eventos.ifg.edu.br\/secitecfsa\/wp-json\/wp\/v2\/pages"}],"about":[{"href":"https:\/\/eventos.ifg.edu.br\/secitecfsa\/wp-json\/wp\/v2\/types\/page"}],"author":[{"embeddable":true,"href":"https:\/\/eventos.ifg.edu.br\/secitecfsa\/wp-json\/wp\/v2\/users\/17"}],"replies":[{"embeddable":true,"href":"https:\/\/eventos.ifg.edu.br\/secitecfsa\/wp-json\/wp\/v2\/comments?post=35"}],"version-history":[{"count":11,"href":"https:\/\/eventos.ifg.edu.br\/secitecfsa\/wp-json\/wp\/v2\/pages\/35\/revisions"}],"predecessor-version":[{"id":1061,"href":"https:\/\/eventos.ifg.edu.br\/secitecfsa\/wp-json\/wp\/v2\/pages\/35\/revisions\/1061"}],"wp:attachment":[{"href":"https:\/\/eventos.ifg.edu.br\/secitecfsa\/wp-json\/wp\/v2\/media?parent=35"}],"curies":[{"name":"wp","href":"https:\/\/api.w.org\/{rel}","templated":true}]}}