{"id":341,"date":"2015-09-09T18:24:25","date_gmt":"2015-09-09T18:24:25","guid":{"rendered":"http:\/\/blogs.ifg.edu.br\/visecitecfsa\/?page_id=31"},"modified":"2017-09-06T15:23:45","modified_gmt":"2017-09-06T18:23:45","slug":"organizacao","status":"publish","type":"page","link":"https:\/\/eventos.ifg.edu.br\/secitecfsa\/organizacao\/","title":{"rendered":"Organiza\u00e7\u00e3o &#8211; 2016"},"content":{"rendered":"<p><a href=\"http:\/\/eventos.ifg.edu.br\/secitecfsa\/wp-content\/uploads\/sites\/8\/2015\/09\/ifg_formosa.png\"><img decoding=\"async\" class=\"size-full wp-image-149 aligncenter\" src=\"http:\/\/eventos.ifg.edu.br\/secitecfsa\/wp-content\/uploads\/sites\/8\/2015\/09\/ifg_formosa.png\" alt=\"ifg_formosa\" width=\"158\" height=\"75\" \/><\/a><\/p>\n<p>&nbsp;<\/p>\n<p style=\"text-align: center\"><strong>Comiss\u00e3o de Organiza\u00e7\u00e3o<\/strong><\/p>\n<table width=\"448\">\n<tbody>\n<tr>\n<td width=\"268\">\n<p style=\"text-align: justify\">Daniel Ordini Vieira<\/p>\n<\/td>\n<td style=\"text-align: justify\" width=\"179\">Presidente Comiss\u00e3o<\/td>\n<\/tr>\n<tr style=\"text-align: justify\">\n<td width=\"268\">Aurora Luiza Paladini Lessa<\/td>\n<td width=\"179\">Jornalista<\/td>\n<\/tr>\n<tr style=\"text-align: justify\">\n<td width=\"268\">M\u00e1rio Teixeira Lemes<\/td>\n<td width=\"179\">Docente<\/td>\n<\/tr>\n<tr style=\"text-align: justify\">\n<td width=\"268\">Aurora Luiza Paladini Lessa<\/td>\n<td width=\"179\">Jornalista<\/td>\n<\/tr>\n<tr style=\"text-align: justify\">\n<td width=\"268\">Viviane Bueno Guimar\u00e3es<\/td>\n<td width=\"179\">T\u00e9cnica de T.I<\/td>\n<\/tr>\n<tr style=\"text-align: justify\">\n<td width=\"268\">Daniel Saad<\/td>\n<td width=\"179\">Docente<\/td>\n<\/tr>\n<tr style=\"text-align: justify\">\n<td width=\"268\">Lucas Nogueira Xavier<\/td>\n<td width=\"179\">T\u00e9cnico-administrativo<\/td>\n<\/tr>\n<tr style=\"text-align: justify\">\n<td width=\"268\"><\/td>\n<td width=\"179\"><\/td>\n<\/tr>\n<tr style=\"text-align: justify\">\n<td width=\"268\"><\/td>\n<td width=\"179\"><\/td>\n<\/tr>\n<tr style=\"text-align: justify\">\n<td width=\"268\"><\/td>\n<td width=\"179\"><\/td>\n<\/tr>\n<tr style=\"text-align: justify\">\n<td width=\"268\"><\/td>\n<td width=\"179\"><\/td>\n<\/tr>\n<tr style=\"text-align: justify\">\n<td width=\"268\"><\/td>\n<td width=\"179\"><\/td>\n<\/tr>\n<tr style=\"text-align: justify\">\n<td width=\"268\"><\/td>\n<td width=\"179\"><\/td>\n<\/tr>\n<tr style=\"text-align: justify\">\n<td width=\"268\"><\/td>\n<td width=\"179\"><\/td>\n<\/tr>\n<tr style=\"text-align: justify\">\n<td width=\"268\"><\/td>\n<td width=\"179\"><\/td>\n<\/tr>\n<tr style=\"text-align: justify\">\n<td width=\"268\"><\/td>\n<td width=\"179\"><\/td>\n<\/tr>\n<tr style=\"text-align: justify\">\n<td width=\"268\"><\/td>\n<td width=\"179\"><\/td>\n<\/tr>\n<tr style=\"text-align: justify\">\n<td width=\"268\"><\/td>\n<td width=\"179\"><\/td>\n<\/tr>\n<tr style=\"text-align: justify\">\n<td width=\"268\"><\/td>\n<td width=\"179\"><\/td>\n<\/tr>\n<tr style=\"text-align: justify\">\n<td width=\"268\"><\/td>\n<td width=\"179\"><\/td>\n<\/tr>\n<tr style=\"text-align: justify\">\n<td width=\"268\"><\/td>\n<td width=\"179\"><\/td>\n<\/tr>\n<tr style=\"text-align: justify\">\n<td width=\"268\"><\/td>\n<td width=\"179\"><\/td>\n<\/tr>\n<tr style=\"text-align: justify\">\n<td width=\"268\"><\/td>\n<td width=\"179\"><\/td>\n<\/tr>\n<tr style=\"text-align: justify\">\n<td width=\"268\"><\/td>\n<td width=\"179\"><\/td>\n<\/tr>\n<tr style=\"text-align: justify\">\n<td width=\"268\"><\/td>\n<td width=\"179\"><\/td>\n<\/tr>\n<tr style=\"text-align: justify\">\n<td width=\"268\"><\/td>\n<td width=\"179\"><\/td>\n<\/tr>\n<tr>\n<td style=\"text-align: justify\" width=\"268\"><\/td>\n<td width=\"179\"><\/td>\n<\/tr>\n<\/tbody>\n<\/table>\n","protected":false},"excerpt":{"rendered":"<p>&nbsp; Comiss\u00e3o de Organiza\u00e7\u00e3o Daniel Ordini Vieira Presidente Comiss\u00e3o Aurora Luiza Paladini Lessa Jornalista M\u00e1rio Teixeira Lemes Docente Aurora Luiza Paladini Lessa Jornalista Viviane Bueno Guimar\u00e3es T\u00e9cnica de T.I Daniel Saad Docente Lucas Nogueira Xavier T\u00e9cnico-administrativo<\/p>\n","protected":false},"author":17,"featured_media":0,"parent":0,"menu_order":0,"comment_status":"closed","ping_status":"closed","template":"","meta":{"ngg_post_thumbnail":0,"footnotes":""},"class_list":["post-341","page","type-page","status-publish"],"_links":{"self":[{"href":"https:\/\/eventos.ifg.edu.br\/secitecfsa\/wp-json\/wp\/v2\/pages\/341"}],"collection":[{"href":"https:\/\/eventos.ifg.edu.br\/secitecfsa\/wp-json\/wp\/v2\/pages"}],"about":[{"href":"https:\/\/eventos.ifg.edu.br\/secitecfsa\/wp-json\/wp\/v2\/types\/page"}],"author":[{"embeddable":true,"href":"https:\/\/eventos.ifg.edu.br\/secitecfsa\/wp-json\/wp\/v2\/users\/17"}],"replies":[{"embeddable":true,"href":"https:\/\/eventos.ifg.edu.br\/secitecfsa\/wp-json\/wp\/v2\/comments?post=341"}],"version-history":[{"count":3,"href":"https:\/\/eventos.ifg.edu.br\/secitecfsa\/wp-json\/wp\/v2\/pages\/341\/revisions"}],"predecessor-version":[{"id":743,"href":"https:\/\/eventos.ifg.edu.br\/secitecfsa\/wp-json\/wp\/v2\/pages\/341\/revisions\/743"}],"wp:attachment":[{"href":"https:\/\/eventos.ifg.edu.br\/secitecfsa\/wp-json\/wp\/v2\/media?parent=341"}],"curies":[{"name":"wp","href":"https:\/\/api.w.org\/{rel}","templated":true}]}}