{"id":340,"date":"2015-09-03T00:43:27","date_gmt":"2015-09-03T00:43:27","guid":{"rendered":"http:\/\/blogs.ifg.edu.br\/visecitecfsa\/?page_id=2"},"modified":"2023-06-07T08:15:59","modified_gmt":"2023-06-07T11:15:59","slug":"a-secitec","status":"publish","type":"page","link":"https:\/\/eventos.ifg.edu.br\/secitecfsa\/a-secitec\/","title":{"rendered":"A SECITEC"},"content":{"rendered":"<p>A Semana Nacional de Ci\u00eancia e Tecnologia (SNCT) acontece anualmente no m\u00eas de outubro, desde 2004, quando foi criada por decreto. A coordena\u00e7\u00e3o nacional da SNCT \u00e9 de responsabilidade do Minist\u00e9rio da Ci\u00eancia, Tecnologia e Inova\u00e7\u00e3o, por meio do Departamento de Populariza\u00e7\u00e3o e Difus\u00e3o de C&amp;T, da Secretaria de C&amp;T para Inclus\u00e3o Social. Em cada estado, existem coordena\u00e7\u00f5es locais e a realiza\u00e7\u00e3o da Semana conta com a participa\u00e7\u00e3o ativa de governos estaduais e municipais, de institui\u00e7\u00f5es de ensino e pesquisa e de entidades ligadas \u00e0 C&amp;T de cada regi\u00e3o. Muitos estados e munic\u00edpios j\u00e1 criaram suas Semanas Estaduais ou Municipais de C&amp;T, articuladas com a SNCT.<\/p>\n<p>O Instituto Federal de Educa\u00e7\u00e3o, Ci\u00eancia e Tecnologia de Goi\u00e1s\/C\u00e2mpus Formosa participa, desde a sua cria\u00e7\u00e3o em 2010, da Semana Nacional de Ci\u00eancia e Tecnologia, promovendo em \u00e2mbito local a Semana de Educa\u00e7\u00e3o, Ci\u00eancia e Tecnologia (SECITEC).<\/p>\n<p>Reafirmamos o compromisso de realizar um evento aberto, diversificado, que atenda \u00e0s demandas acad\u00eamicas das \u00e1reas que comp\u00f5em a nossa institui\u00e7\u00e3o, al\u00e9m de aprofundar o di\u00e1logo necess\u00e1rio entre as institui\u00e7\u00f5es de forma\u00e7\u00e3o profissional e superior e as escolas de educa\u00e7\u00e3o b\u00e1sica do munic\u00edpio de Formosa.<\/p>\n<p>A programa\u00e7\u00e3o oficial da SECITEC conta com palestras voltadas para as \u00e1reas diversas de conhecimento, trazendo, para a cidade de Formosa, diversos intelectuais e estudiosos. Inclui tamb\u00e9m oficinas e minicursos, que s\u00e3o ministradas por professores da institui\u00e7\u00e3o, profissionais de outras institui\u00e7\u00f5es e estudantes. A apresenta\u00e7\u00e3o de trabalhos acad\u00eamicos tem sido atividade crescentemente organizada e sistematizada no evento.<\/p>\n<p style=\"text-align: justify\">&nbsp;<\/p>\n","protected":false},"excerpt":{"rendered":"<p>A Semana Nacional de Ci\u00eancia e Tecnologia (SNCT) acontece anualmente no m\u00eas de outubro, desde 2004, quando foi criada por decreto. A coordena\u00e7\u00e3o nacional da SNCT \u00e9 de responsabilidade do Minist\u00e9rio da Ci\u00eancia, Tecnologia e Inova\u00e7\u00e3o, por meio do Departamento de Populariza\u00e7\u00e3o e Difus\u00e3o de C&amp;T, da Secretaria de C&amp;T para Inclus\u00e3o Social. Em cada &#8230; <a title=\"A SECITEC\" class=\"read-more\" href=\"https:\/\/eventos.ifg.edu.br\/secitecfsa\/a-secitec\/\" aria-label=\"Read more about A SECITEC\">Ler mais<\/a><\/p>\n","protected":false},"author":17,"featured_media":0,"parent":0,"menu_order":0,"comment_status":"closed","ping_status":"closed","template":"","meta":{"ngg_post_thumbnail":0,"footnotes":""},"class_list":["post-340","page","type-page","status-publish"],"_links":{"self":[{"href":"https:\/\/eventos.ifg.edu.br\/secitecfsa\/wp-json\/wp\/v2\/pages\/340"}],"collection":[{"href":"https:\/\/eventos.ifg.edu.br\/secitecfsa\/wp-json\/wp\/v2\/pages"}],"about":[{"href":"https:\/\/eventos.ifg.edu.br\/secitecfsa\/wp-json\/wp\/v2\/types\/page"}],"author":[{"embeddable":true,"href":"https:\/\/eventos.ifg.edu.br\/secitecfsa\/wp-json\/wp\/v2\/users\/17"}],"replies":[{"embeddable":true,"href":"https:\/\/eventos.ifg.edu.br\/secitecfsa\/wp-json\/wp\/v2\/comments?post=340"}],"version-history":[{"count":16,"href":"https:\/\/eventos.ifg.edu.br\/secitecfsa\/wp-json\/wp\/v2\/pages\/340\/revisions"}],"predecessor-version":[{"id":1184,"href":"https:\/\/eventos.ifg.edu.br\/secitecfsa\/wp-json\/wp\/v2\/pages\/340\/revisions\/1184"}],"wp:attachment":[{"href":"https:\/\/eventos.ifg.edu.br\/secitecfsa\/wp-json\/wp\/v2\/media?parent=340"}],"curies":[{"name":"wp","href":"https:\/\/api.w.org\/{rel}","templated":true}]}}