{"id":318,"date":"2015-11-09T15:36:03","date_gmt":"2015-11-09T15:36:03","guid":{"rendered":"http:\/\/blogs.ifg.edu.br\/visecitecfsa\/?page_id=318"},"modified":"2022-11-08T21:18:14","modified_gmt":"2022-11-09T00:18:14","slug":"sistemainscricao","status":"publish","type":"page","link":"https:\/\/eventos.ifg.edu.br\/secitecfsa\/sistemainscricao\/","title":{"rendered":"Sistema de Inscri\u00e7\u00f5es da SECITEC"},"content":{"rendered":"<p><img fetchpriority=\"high\" decoding=\"async\" class=\"aligncenter size-full wp-image-1140\" src=\"http:\/\/eventos.ifg.edu.br\/secitecfsa\/wp-content\/uploads\/sites\/8\/2022\/07\/Banner-site-SECITECt-Pontes-de-palito-1.png\" alt=\"Banner-site-SECITECt-Pontes-de-palito\" width=\"2000\" height=\"500\"><\/p>\n<p>Na&nbsp;sua oitava edi\u00e7\u00e3o, o Concurso de Constru\u00e7\u00e3o de Pontes de Palitos de Picol\u00e9&nbsp;tornou-se, com os anos, um dos tradicionais eventos realizados dentro da Semana de Educa\u00e7\u00e3o, Ci\u00eancia e Tecnologia (Secitec) do C\u00e2mpus Formosa do IFG. O Concurso compreende uma avalia\u00e7\u00e3o de um prot\u00f3tipo de uma ponte, executado com palitos de picol\u00e9 de madeira ligados com cola (qualquer tipo, exceto ep\u00f3xi).&nbsp;O prot\u00f3tipo dever\u00e1 resistir a uma determinada carga crescente, para avalia\u00e7\u00e3o do seu desempenho estrutural. Este ano, o evento ser\u00e1 realizado no dia 18 de novembro, no turno vespertino.<\/p>\n<p>Acesse o<strong>&nbsp;<a href=\"https:\/\/www.ifg.edu.br\/attachments\/article\/31985\/EDITAL%20VIII%20PONTE%20DE%20PALITO%202022.pdf\" rel=\"alternate\">Edital de Abertura<\/a>.<\/strong><\/p>\n<p>&nbsp;<\/p>\n<p><strong>INSCRI\u00c7\u00c3O<\/strong><\/p>\n<p><span class=\"fontstyle0\">Cada equipe dever\u00e1 ser composta de, no m\u00e1ximo, 5 (cinco) alunos de cursos de gradua\u00e7\u00e3o, dos cursos t\u00e9cnicos integrados ao ensino m\u00e9dio ou do t\u00e9cnico subsequente, devidamente reconhecidos e autorizados pelo MEC, e poder\u00e1 participar com at\u00e9&nbsp;duas pontes.<br \/>\n<\/span><\/p>\n<p><strong><a href=\"https:\/\/sugep.ifg.edu.br\/eventos\/\/#\/publico\/eventos\/3d370aa4-3309-4a9c-8991-4b10828d50d6\/inscricao\" rel=\"alternate\">Link de inscri\u00e7\u00e3o<\/a>.<\/strong><\/p>\n<p>&nbsp;<\/p>\n<p><strong>SERVI\u00c7O<\/strong><\/p>\n<p><strong>VIII CONCURSO DE CONSTRU\u00c7\u00c3O DE PONTES DE PALITOS DE PICOL\u00c9<\/strong><\/p>\n<p><strong>Quando<\/strong>:&nbsp;18\/11\/2022<\/p>\n<p><strong>Hor\u00e1rio<\/strong>: a partir das 14 horas<\/p>\n<p><strong>Onde<\/strong>: Bloco Acad\u00eamico do IFG\/C\u00e2mpus Formosa<\/p>\n<p><strong>P\u00fablico-Alvo<\/strong>: Estudantes de Bacharelado em Engenharia Civil, T\u00e9cnico Integrado ao Ensino M\u00e9dio em Saneamento e T\u00e9cnico Integrado ao Ensino M\u00e9dio em Edifica\u00e7\u00f5es, por\u00e9m, todos os estudantes interessados podem participar.<\/p>\n<p><strong>Valor<\/strong>: Inscri\u00e7\u00f5es gratuitas<\/p>\n<p>&nbsp;<\/p>\n<p><strong>NOT\u00cdCIA RELACIONADA<\/strong><\/p>\n<p><a href=\"https:\/\/www.ifg.edu.br\/component\/content\/article\/158-ifg\/campus\/formosa\/noticias-campus-formosa\/31984-pontes-de-palitos-2022\" rel=\"alternate\">Comiss\u00e3o Organizadora publica edital do Concurso de Constru\u00e7\u00e3o de Pontes de Palitos de Picol\u00e9 2022<\/a><\/p>\n<p>______________________________________________________________________________________________________________________________________<\/p>\n<p>&nbsp;<\/p>\n<p><img decoding=\"async\" class=\"aligncenter size-full wp-image-1139\" src=\"http:\/\/eventos.ifg.edu.br\/secitecfsa\/wp-content\/uploads\/sites\/8\/2022\/07\/Bannser-programa\u00e7\u00e3o-site-secitec-1.png\" alt=\"Bannser-programa\u00e7\u00e3o-site-secitec\" width=\"2000\" height=\"800\"><\/p>\n<p>Teatro, insumos biol\u00f3gicos, saneamento b\u00e1sico, materiais de constru\u00e7\u00e3o, canaliza\u00e7\u00e3o de rios, zoologia, independ\u00eancias latinoamericanas, inclus\u00e3o, cubo m\u00e1gico, sudoku, internet, jogos: esses e outros assuntos far\u00e3o parte da XIII Semana de Educa\u00e7\u00e3o, Ci\u00eancia e Tecnologia (Secitec) do C\u00e2mpus Formosa do Instituto Federal de Goi\u00e1s (IFG), que ser\u00e1 realizada de 16 a 19 de novembro.<\/p>\n<p>Com a divulga\u00e7\u00e3o da programa\u00e7\u00e3o pela Comiss\u00e3o Organizadora, as inscri\u00e7\u00f5es foram abertas. Estudantes do IFG e membros da comunidade externa podem participar das palestras, oficinas, mesas-redondas e demais proposi\u00e7\u00f5es. As inscri\u00e7\u00f5es devem ser feitas pelo Sugepe do IFG. \u00c9 nesse site de eventos que os participantes encontrar\u00e3o todas as atividades e poder\u00e3o fazer a inscri\u00e7\u00e3o, se desejarem, em mais de uma delas. Cada participa\u00e7\u00e3o gerar\u00e1 certificado.<\/p>\n<p><strong>SERVI\u00c7O<\/strong><\/p>\n<p><strong>XIII Semana de Educa\u00e7\u00e3o, Ci\u00eancia e Tecnologia do C\u00e2mpus Formosa (Secitec\/C\u00e2mpus Formosa)<\/strong><\/p>\n<p><strong>Quando<\/strong>: 16 a 19\/11\/2022<\/p>\n<p><strong>Onde<\/strong>: IFG\/C\u00e2mpus Formosa e&nbsp;canais virtuais<\/p>\n<p><strong>P\u00fablico-Alvo<\/strong>: Acad\u00eamicos<\/p>\n<p><strong>Valor<\/strong>: Inscri\u00e7\u00f5es gratuitas<\/p>\n<p>Mais de 30 atividades fazem parte da <strong>programa\u00e7\u00e3o<\/strong>&nbsp;<a href=\"http:\/\/eventos.ifg.edu.br\/secitecfsa\/wp-content\/uploads\/sites\/8\/2022\/07\/Programa%C3%A7%C3%A3oPrancheta-1-1.pdf\"><em><strong>(ACESSE AQUI).<\/strong><\/em><\/a><\/p>\n<p><a href=\"https:\/\/sugep.ifg.edu.br\/eventos\/#\/publico\/eventos\/3d370aa4-3309-4a9c-8991-4b10828d50d6\/inscricao\" rel=\"alternate\">Fa\u00e7a aqui a sua inscri\u00e7\u00e3o<\/a>&nbsp;como participante das atividades.<\/p>\n<p>&nbsp;<\/p>\n<p>______________________________________________________________________________________________________________________________________<\/p>\n<p><img decoding=\"async\" class=\"aligncenter size-full wp-image-1158\" src=\"http:\/\/eventos.ifg.edu.br\/secitecfsa\/wp-content\/uploads\/sites\/8\/2022\/07\/Banner-site-secitecConhecendo-o-IFG.png\" alt=\"Banner-site-secitecConhecendo-o-IFG\" width=\"2000\" height=\"600\"><\/p>\n<p>Um dos eventos institucionais do Instituto Federal de Goi\u00e1s mais aguardados pela comunidade externa, o Conhecendo o IFG est\u00e1 com nova data para ser realizado no C\u00e2mpus Formosa: dia 22 de novembro. A Comiss\u00e3o Organizadora j\u00e1 deu in\u00edcio aos trabalhos de log\u00edstica e constru\u00e7\u00e3o da programa\u00e7\u00e3o do evento, e as institui\u00e7\u00f5es de ensino de Formosa e regi\u00e3o j\u00e1 podem inscrever seus alunos para visitar o C\u00e2mpus.<\/p>\n<p>Link para que as escolas de Formosa e das proximidades se inscrevam no evento:&nbsp;<a href=\"https:\/\/forms.gle\/EEWJsQEnht7XMhpy8\" rel=\"alternate\">https:\/\/forms.gle\/EEWJsQEnht7XMhpy8<\/a><br \/>\nLink para que os Docentes submetam suas salas tem\u00e1ticas e\/ou laborat\u00f3rios:<br \/>\n<a href=\"https:\/\/forms.gle\/gQXL5HXyPMpF2KT39\" rel=\"alternate\">https:\/\/forms.gle\/gQXL5HXyPMpF2KT39<\/a><br \/>\nLink para os alunos se inscreverem como monitores para ajudar na organiza\u00e7\u00e3o do evento:&nbsp;<a href=\"https:\/\/forms.gle\/FLEELbYBzTnMf8Lb8\">https:\/\/forms.gle\/FLEELbYBzTnMf8Lb8<\/a><\/p>\n<p>______________________________________________________________________________________________________________________________________<\/p>\n<p><img loading=\"lazy\" decoding=\"async\" class=\"aligncenter size-full wp-image-1106\" src=\"http:\/\/eventos.ifg.edu.br\/secitecfsa\/wp-content\/uploads\/sites\/8\/2015\/11\/banner-site-Alunos-MonitoresSecitec-2022.png\" alt=\"banner-site-Alunos-MonitoresSecitec-2022\" width=\"2000\" height=\"500\"><\/p>\n<p>Est\u00e1 chegando um evento institucional que envolve toda a comunidade acad\u00eamica do C\u00e2mpus Formosa do Instituto Federal de Goi\u00e1s (IFG): a Semana de Educa\u00e7\u00e3o, Ci\u00eancia e Tecnologia (Secitec).&nbsp;O C\u00e2mpus Formosa realiza a sua 13\u00aa edi\u00e7\u00e3o. Participam dela estudantes do ensino m\u00e9dio e superior e tamb\u00e9m a comunidade externa.<\/p>\n<p><strong>As vagas para monitoria est\u00e3o abertas! Para participar como aluno monitor,&nbsp; o&nbsp;estudante deve preencher o<\/strong>&nbsp;<span style=\"color: #0000ff\"><em><strong><a style=\"color: #0000ff\" href=\"https:\/\/docs.google.com\/forms\/d\/e\/1FAIpQLSeCZ8Al9g1Gb86ZBUnujgiMyz95PKY28_y-cs3n2w6jYTQrjg\/viewform\">formul\u00e1rio de inscri\u00e7\u00e3o.<\/a><\/strong><\/em><\/span><\/p>\n<p>&nbsp;<\/p>\n<p style=\"text-align: center\">______________________________________________________________________________________________________________________________________<\/p>\n<p>&nbsp;<\/p>\n<p><img loading=\"lazy\" decoding=\"async\" class=\"aligncenter size-full wp-image-1083\" src=\"http:\/\/eventos.ifg.edu.br\/secitecfsa\/wp-content\/uploads\/sites\/8\/2015\/11\/Cabe\u00e7alho-inscreva-sua-atividade.png\" alt=\"Cabe\u00e7alho-inscreva-sua-atividade\" width=\"2000\" height=\"500\"><\/p>\n<p>Al\u00e9m de promover a apresenta\u00e7\u00e3o de trabalhos acad\u00eamicos, a Semana ofertar\u00e1 palestras, minicursos e oficinas, e ainda dividir\u00e1 espa\u00e7o com eventos paralelos, como o Conhecendo o IFG, Semin\u00e1rio de Inova\u00e7\u00e3o Cient\u00edfica e Tecnol\u00f3gica (SICT) local, Mostra de Extens\u00e3o e Concurso de Constru\u00e7\u00e3o de Pontes de Palitos de Picol\u00e9.<\/p>\n<p>Professores e t\u00e9cnicos administrativos do IFG podem participar da elabora\u00e7\u00e3o do calend\u00e1rio de atividades do evento. A Ger\u00eancia de Pesquisa, P\u00f3s-Gradua\u00e7\u00e3o e Extens\u00e3o (Gepex) do C\u00e2mpus est\u00e1 recebendo propostas de atividades at\u00e9 o dia 21 de outubro, pelo link&nbsp;<span style=\"color: #0000ff\"><a style=\"color: #0000ff\" href=\"https:\/\/docs.google.com\/forms\/d\/1cGKE9SI6oSy1amEjrY7U8BTt-QY8MM2rKePrGfdROuM\/edit?ts=632b058f\" rel=\"alternate\">https:\/\/docs.google.com\/forms\/d\/1cGKE9SI6oSy1amEjrY7U8BTt-QY8MM2rKePrGfdROuM\/edit?ts=632b058f<\/a>&nbsp;.<\/span><\/p>\n<p>&nbsp;<\/p>\n<p>&nbsp;<\/p>\n<p>&nbsp;<\/p>\n","protected":false},"excerpt":{"rendered":"<p>Na&nbsp;sua oitava edi\u00e7\u00e3o, o Concurso de Constru\u00e7\u00e3o de Pontes de Palitos de Picol\u00e9&nbsp;tornou-se, com os anos, um dos tradicionais eventos realizados dentro da Semana de Educa\u00e7\u00e3o, Ci\u00eancia e Tecnologia (Secitec) do C\u00e2mpus Formosa do IFG. O Concurso compreende uma avalia\u00e7\u00e3o de um prot\u00f3tipo de uma ponte, executado com palitos de picol\u00e9 de madeira ligados com &#8230; <a title=\"Sistema de Inscri\u00e7\u00f5es da SECITEC\" class=\"read-more\" href=\"https:\/\/eventos.ifg.edu.br\/secitecfsa\/sistemainscricao\/\" aria-label=\"Read more about Sistema de Inscri\u00e7\u00f5es da SECITEC\">Ler mais<\/a><\/p>\n","protected":false},"author":17,"featured_media":0,"parent":0,"menu_order":0,"comment_status":"closed","ping_status":"closed","template":"","meta":{"ngg_post_thumbnail":0,"footnotes":""},"class_list":["post-318","page","type-page","status-publish"],"_links":{"self":[{"href":"https:\/\/eventos.ifg.edu.br\/secitecfsa\/wp-json\/wp\/v2\/pages\/318"}],"collection":[{"href":"https:\/\/eventos.ifg.edu.br\/secitecfsa\/wp-json\/wp\/v2\/pages"}],"about":[{"href":"https:\/\/eventos.ifg.edu.br\/secitecfsa\/wp-json\/wp\/v2\/types\/page"}],"author":[{"embeddable":true,"href":"https:\/\/eventos.ifg.edu.br\/secitecfsa\/wp-json\/wp\/v2\/users\/17"}],"replies":[{"embeddable":true,"href":"https:\/\/eventos.ifg.edu.br\/secitecfsa\/wp-json\/wp\/v2\/comments?post=318"}],"version-history":[{"count":27,"href":"https:\/\/eventos.ifg.edu.br\/secitecfsa\/wp-json\/wp\/v2\/pages\/318\/revisions"}],"predecessor-version":[{"id":1162,"href":"https:\/\/eventos.ifg.edu.br\/secitecfsa\/wp-json\/wp\/v2\/pages\/318\/revisions\/1162"}],"wp:attachment":[{"href":"https:\/\/eventos.ifg.edu.br\/secitecfsa\/wp-json\/wp\/v2\/media?parent=318"}],"curies":[{"name":"wp","href":"https:\/\/api.w.org\/{rel}","templated":true}]}}