{"id":298,"date":"2016-08-16T19:05:17","date_gmt":"2016-08-16T22:05:17","guid":{"rendered":"http:\/\/blogs.ifg.edu.br\/visecitecfsa\/?page_id=298"},"modified":"2017-10-20T09:46:14","modified_gmt":"2017-10-20T11:46:14","slug":"iii-concurso-ponte-de-palitos-de-picole","status":"publish","type":"page","link":"https:\/\/eventos.ifg.edu.br\/secitecfsa\/iii-concurso-ponte-de-palitos-de-picole\/","title":{"rendered":"III Concurso de Constru\u00e7\u00e3o de Pontes de Palitos de Picol\u00e9"},"content":{"rendered":"<p><img fetchpriority=\"high\" decoding=\"async\" class=\"alignnone size-full wp-image-857\" src=\"http:\/\/eventos.ifg.edu.br\/secitecfsa\/wp-content\/uploads\/sites\/8\/2017\/10\/Banner-site-Pontes-de-palitos-de-picol\u00e9-2017.png\" alt=\"Banner site - Pontes de palitos de picol\u00e9 2017\" width=\"1152\" height=\"500\" \/><\/p>\n<p>O 3\u00ba Concurso Constru\u00e7\u00e3o de Pontes de Palitos de Picol\u00e9 envolve t\u00e9cnica e conhecimentos de F\u00edsica e Matem\u00e1tica. A ruptura das pontes constru\u00eddas com palitos de picol\u00e9 ser\u00e1 realizada no dia 26 de outubro, a partir das 14 horas, no P\u00e1tio do Bloco Acad\u00eamico do Instituto Federal de Goi\u00e1s C\u00e2mpus Formosa, tendo como p\u00fablico-alvo os alunos de Constru\u00e7\u00e3o Civil e do Curso t\u00e9cnico em Edifica\u00e7\u00f5es, mas todos podem participar. \u00a0As inscri\u00e7\u00f5es est\u00e3o abertas at\u00e9 o dia 26 de outubro.<\/p>\n<p>As equipes devem ser compostas de, no m\u00e1ximo,\u00a0oito alunos e um professor\/servidor respons\u00e1vel, que dever\u00e3o construir seus prot\u00f3tipos de ponte com palitos de picol\u00e9 ligados com cola. A ponte ser\u00e1 submetida a cargas crescentes at\u00e9 seu rompimento total, a fim de verificar a carga aplicada associada ao tempo m\u00e1ximo de resist\u00eancia do material.<\/p>\n<p>Devem ser levadas em considera\u00e7\u00e3o as orienta\u00e7\u00f5es dispostas no <a href=\"http:\/\/www.ifg.edu.br\/attachments\/article\/5451\/editalpontesdepalito2017.pdf\"><strong>Edital do Concurso<\/strong><\/a>\u00a0.<\/p>\n<p>Este ano a plateia poder\u00e1 participar, escolhendo a ponte com o melhor design.<\/p>\n<p>Para outras informa\u00e7\u00f5es, contacte\u00a0a equipe respons\u00e1vel pelo evento:<\/p>\n<ul>\n<li>Professor de Engenharia Civil: Me. Divino Gabriel Lima Pinheiro. E-mail:\u00a0<strong>divino.pinheiro@ifg.edu.br<\/strong><\/li>\n<li>T\u00e9cnico em Edifica\u00e7\u00f5es e Engenheiro Civil: Milton Pereira das Neves Filho. E-mail: <strong>lccformosa@gmail.com<\/strong><\/li>\n<li>Tecn\u00f3logo em Edif\u00edcios e\u00a0Engenheiro Civil: Alexandre Borges Fernandes Camozzi. E-mail: <strong>lccformosa@gmail.com<\/strong><\/li>\n<\/ul>\n<p>&nbsp;<\/p>\n<p><a href=\"https:\/\/docs.google.com\/forms\/d\/e\/1FAIpQLSeGHRjPI_0CdqNNQWKOO4Bt8zIPcXRjMy-FpKgKSsYEFOtUTA\/viewform\">INSCRI\u00c7\u00d5ES<\/a>.<\/p>\n","protected":false},"excerpt":{"rendered":"<p>O 3\u00ba Concurso Constru\u00e7\u00e3o de Pontes de Palitos de Picol\u00e9 envolve t\u00e9cnica e conhecimentos de F\u00edsica e Matem\u00e1tica. A ruptura das pontes constru\u00eddas com palitos de picol\u00e9 ser\u00e1 realizada no dia 26 de outubro, a partir das 14 horas, no P\u00e1tio do Bloco Acad\u00eamico do Instituto Federal de Goi\u00e1s C\u00e2mpus Formosa, tendo como p\u00fablico-alvo os &#8230; <a title=\"III Concurso de Constru\u00e7\u00e3o de Pontes de Palitos de Picol\u00e9\" class=\"read-more\" href=\"https:\/\/eventos.ifg.edu.br\/secitecfsa\/iii-concurso-ponte-de-palitos-de-picole\/\" aria-label=\"Read more about III Concurso de Constru\u00e7\u00e3o de Pontes de Palitos de Picol\u00e9\">Ler mais<\/a><\/p>\n","protected":false},"author":17,"featured_media":857,"parent":0,"menu_order":0,"comment_status":"closed","ping_status":"closed","template":"","meta":{"ngg_post_thumbnail":0,"footnotes":""},"class_list":["post-298","page","type-page","status-publish","has-post-thumbnail"],"_links":{"self":[{"href":"https:\/\/eventos.ifg.edu.br\/secitecfsa\/wp-json\/wp\/v2\/pages\/298"}],"collection":[{"href":"https:\/\/eventos.ifg.edu.br\/secitecfsa\/wp-json\/wp\/v2\/pages"}],"about":[{"href":"https:\/\/eventos.ifg.edu.br\/secitecfsa\/wp-json\/wp\/v2\/types\/page"}],"author":[{"embeddable":true,"href":"https:\/\/eventos.ifg.edu.br\/secitecfsa\/wp-json\/wp\/v2\/users\/17"}],"replies":[{"embeddable":true,"href":"https:\/\/eventos.ifg.edu.br\/secitecfsa\/wp-json\/wp\/v2\/comments?post=298"}],"version-history":[{"count":21,"href":"https:\/\/eventos.ifg.edu.br\/secitecfsa\/wp-json\/wp\/v2\/pages\/298\/revisions"}],"predecessor-version":[{"id":871,"href":"https:\/\/eventos.ifg.edu.br\/secitecfsa\/wp-json\/wp\/v2\/pages\/298\/revisions\/871"}],"wp:featuredmedia":[{"embeddable":true,"href":"https:\/\/eventos.ifg.edu.br\/secitecfsa\/wp-json\/wp\/v2\/media\/857"}],"wp:attachment":[{"href":"https:\/\/eventos.ifg.edu.br\/secitecfsa\/wp-json\/wp\/v2\/media?parent=298"}],"curies":[{"name":"wp","href":"https:\/\/api.w.org\/{rel}","templated":true}]}}