{"id":280,"date":"2015-10-22T13:12:51","date_gmt":"2015-10-22T13:12:51","guid":{"rendered":"http:\/\/blogs.ifg.edu.br\/visecitecfsa\/?page_id=280"},"modified":"2017-09-06T15:21:37","modified_gmt":"2017-09-06T18:21:37","slug":"formulario-para-inscricao-no-i-concurso-ponte-de-palitos-de-picole","status":"publish","type":"page","link":"https:\/\/eventos.ifg.edu.br\/secitecfsa\/formulario-para-inscricao-no-i-concurso-ponte-de-palitos-de-picole\/","title":{"rendered":"Formul\u00e1rio II Concurso Ponte de P\u00e1litos de Picol\u00e9 &#8211; 2016"},"content":{"rendered":"<p>Formul\u00e1rio para inscri\u00e7\u00e3o no I CONCURSO PONTE DE PALITOS DE PICOL\u00c9<\/p>\n","protected":false},"excerpt":{"rendered":"<p>Formul\u00e1rio para inscri\u00e7\u00e3o no I CONCURSO PONTE DE PALITOS DE PICOL\u00c9<\/p>\n","protected":false},"author":17,"featured_media":0,"parent":0,"menu_order":0,"comment_status":"closed","ping_status":"closed","template":"","meta":{"ngg_post_thumbnail":0,"footnotes":""},"class_list":["post-280","page","type-page","status-publish"],"_links":{"self":[{"href":"https:\/\/eventos.ifg.edu.br\/secitecfsa\/wp-json\/wp\/v2\/pages\/280"}],"collection":[{"href":"https:\/\/eventos.ifg.edu.br\/secitecfsa\/wp-json\/wp\/v2\/pages"}],"about":[{"href":"https:\/\/eventos.ifg.edu.br\/secitecfsa\/wp-json\/wp\/v2\/types\/page"}],"author":[{"embeddable":true,"href":"https:\/\/eventos.ifg.edu.br\/secitecfsa\/wp-json\/wp\/v2\/users\/17"}],"replies":[{"embeddable":true,"href":"https:\/\/eventos.ifg.edu.br\/secitecfsa\/wp-json\/wp\/v2\/comments?post=280"}],"version-history":[{"count":4,"href":"https:\/\/eventos.ifg.edu.br\/secitecfsa\/wp-json\/wp\/v2\/pages\/280\/revisions"}],"predecessor-version":[{"id":734,"href":"https:\/\/eventos.ifg.edu.br\/secitecfsa\/wp-json\/wp\/v2\/pages\/280\/revisions\/734"}],"wp:attachment":[{"href":"https:\/\/eventos.ifg.edu.br\/secitecfsa\/wp-json\/wp\/v2\/media?parent=280"}],"curies":[{"name":"wp","href":"https:\/\/api.w.org\/{rel}","templated":true}]}}