{"id":1172,"date":"2023-05-14T09:01:07","date_gmt":"2023-05-14T12:01:07","guid":{"rendered":"http:\/\/eventos.ifg.edu.br\/secitecfsa\/?page_id=1172"},"modified":"2023-06-07T08:15:33","modified_gmt":"2023-06-07T11:15:33","slug":"home-2023","status":"publish","type":"page","link":"https:\/\/eventos.ifg.edu.br\/secitecfsa\/","title":{"rendered":"2023"},"content":{"rendered":"<p>O tema da SECITEC 2023 ser\u00e1&nbsp;\u201cCi\u00eancias B\u00e1sicas para o Desenvolvimento Sustent\u00e1vel\u201d.<\/p>\n<p>A previs\u00e3o \u00e9 de que ocorra entre os dias 14 e 20 de Outubro, alinhada com a Semana Nacional de Ci\u00eancia e Tecnologia.<\/p>\n<p>Enquanto n\u00e3o postamos nada aqui, acompanhe o que aconteceu nas <a href=\"http:\/\/eventos.ifg.edu.br\/secitecfsa\/edicoes-anteriores\/\">Edi\u00e7\u00f5es Anteriores<\/a>.<\/p>\n","protected":false},"excerpt":{"rendered":"<p>O tema da SECITEC 2023 ser\u00e1&nbsp;\u201cCi\u00eancias B\u00e1sicas para o Desenvolvimento Sustent\u00e1vel\u201d. A previs\u00e3o \u00e9 de que ocorra entre os dias 14 e 20 de Outubro, alinhada com a Semana Nacional de Ci\u00eancia e Tecnologia. Enquanto n\u00e3o postamos nada aqui, acompanhe o que aconteceu nas Edi\u00e7\u00f5es Anteriores.<\/p>\n","protected":false},"author":175,"featured_media":0,"parent":0,"menu_order":0,"comment_status":"closed","ping_status":"closed","template":"","meta":{"ngg_post_thumbnail":0,"footnotes":""},"class_list":["post-1172","page","type-page","status-publish"],"_links":{"self":[{"href":"https:\/\/eventos.ifg.edu.br\/secitecfsa\/wp-json\/wp\/v2\/pages\/1172"}],"collection":[{"href":"https:\/\/eventos.ifg.edu.br\/secitecfsa\/wp-json\/wp\/v2\/pages"}],"about":[{"href":"https:\/\/eventos.ifg.edu.br\/secitecfsa\/wp-json\/wp\/v2\/types\/page"}],"author":[{"embeddable":true,"href":"https:\/\/eventos.ifg.edu.br\/secitecfsa\/wp-json\/wp\/v2\/users\/175"}],"replies":[{"embeddable":true,"href":"https:\/\/eventos.ifg.edu.br\/secitecfsa\/wp-json\/wp\/v2\/comments?post=1172"}],"version-history":[{"count":2,"href":"https:\/\/eventos.ifg.edu.br\/secitecfsa\/wp-json\/wp\/v2\/pages\/1172\/revisions"}],"predecessor-version":[{"id":1183,"href":"https:\/\/eventos.ifg.edu.br\/secitecfsa\/wp-json\/wp\/v2\/pages\/1172\/revisions\/1183"}],"wp:attachment":[{"href":"https:\/\/eventos.ifg.edu.br\/secitecfsa\/wp-json\/wp\/v2\/media?parent=1172"}],"curies":[{"name":"wp","href":"https:\/\/api.w.org\/{rel}","templated":true}]}}