{"id":1085,"date":"2022-09-27T21:07:13","date_gmt":"2022-09-28T00:07:13","guid":{"rendered":"http:\/\/eventos.ifg.edu.br\/secitecfsa\/?page_id=1085"},"modified":"2022-10-05T16:08:55","modified_gmt":"2022-10-05T19:08:55","slug":"submissao-de-trabalhos-2","status":"publish","type":"page","link":"https:\/\/eventos.ifg.edu.br\/secitecfsa\/submissao-de-trabalhos-2\/","title":{"rendered":"SUBMISS\u00c3O DE TRABALHOS"},"content":{"rendered":"<p><img fetchpriority=\"high\" decoding=\"async\" class=\"aligncenter size-full wp-image-1103\" src=\"http:\/\/eventos.ifg.edu.br\/secitecfsa\/wp-content\/uploads\/sites\/8\/2022\/10\/prorroga\u00e7\u00e3o-site-Secitec-2022.png\" alt=\"prorroga\u00e7\u00e3o-site-Secitec-2022\" width=\"2000\" height=\"500\"><br \/>\nMembros da comunidade acad\u00eamica do C\u00e2mpus Formosa, de todo o IFG ou de outras institui\u00e7\u00f5es podem submeter trabalhos na XIII Secitec do IFG\/C\u00e2mpus Formosa. Cada participante pode enviar at\u00e9 tr\u00eas trabalhos acad\u00eamicos em formato PDF, anonimamente. Cada produ\u00e7\u00e3o poder\u00e1 contar com, no m\u00e1ximo, cinco autores. Para ser admitido, o trabalho deve ter seu apresentador inscrito no evento. Se aceito, os autores colocar\u00e3o seu nome na vers\u00e3o final enviada.<\/p>\n<p>O participante deve apresentar um trabalho in\u00e9dito &#8211; que nunca tenha sido apresentado ou publicado antes. O resumo expandido deve ter a extens\u00e3o de at\u00e9 4 laudas, seguindo o modelo disponibilizado. O p\u00f4ster a ser utilizado no evento precisa estar nas medidas de 0,90 cm X 1,20 cm e de acordo com o modelo produzido pela Comiss\u00e3o Organizadora. Os autores s\u00e3o respons\u00e1veis pela confec\u00e7\u00e3o do p\u00f4ster, pois &#8220;n\u00e3o haver\u00e1 incentivo do IFG para impress\u00e3o&#8221;. A Comiss\u00e3o informa que apenas trabalhos apresentados no dia do evento far\u00e3o parte dos Anais da Secitec.<\/p>\n<p><span style=\"color: #0000ff\"><a style=\"color: #0000ff\" href=\"https:\/\/drive.google.com\/file\/d\/1u_FG8yZIfUI1f7P3bzqGxeM8Jsx85Mgm\/view?usp=sharing\" rel=\"alternate\">Conhe\u00e7a aqui<\/a><\/span>&nbsp;todas as normas para submiss\u00e3o.<br \/>\n<a href=\"https:\/\/docs.google.com\/document\/d\/1udBM2RYYjtsEhShwfXfHpmu1k9XSfcTU\/edit?usp=sharing&amp;ouid=106523456318965091909&amp;rtpof=true&amp;sd=true\" rel=\"alternate\">Acesse aqui&nbsp;<\/a>o modelo do resumo expandido.<br \/>\n<a href=\"https:\/\/conferencias.ifg.edu.br\/secitec-fsa\/xiii-sesitec-fsa\/author\/submit?requiresAuthor=1\" rel=\"alternate\"><span style=\"color: #0000ff\">Acesse aqui<\/span>&nbsp;<\/a>o link para submiss\u00e3o de trabalhos.<br \/>\n<a href=\"https:\/\/conferencias.ifg.edu.br\/secitec-fsa\/xiii-sesitec-fsa\/schedConf\/cfp\" rel=\"alternate\">Entre aqui&nbsp;<\/a>na p\u00e1gina do evento no Sistema de Gerenciamento de Confer\u00eancias do IFG.<\/p>\n","protected":false},"excerpt":{"rendered":"<p>Membros da comunidade acad\u00eamica do C\u00e2mpus Formosa, de todo o IFG ou de outras institui\u00e7\u00f5es podem submeter trabalhos na XIII Secitec do IFG\/C\u00e2mpus Formosa. Cada participante pode enviar at\u00e9 tr\u00eas trabalhos acad\u00eamicos em formato PDF, anonimamente. Cada produ\u00e7\u00e3o poder\u00e1 contar com, no m\u00e1ximo, cinco autores. Para ser admitido, o trabalho deve ter seu apresentador inscrito &#8230; <a title=\"SUBMISS\u00c3O DE TRABALHOS\" class=\"read-more\" href=\"https:\/\/eventos.ifg.edu.br\/secitecfsa\/submissao-de-trabalhos-2\/\" aria-label=\"Read more about SUBMISS\u00c3O DE TRABALHOS\">Ler mais<\/a><\/p>\n","protected":false},"author":24,"featured_media":0,"parent":0,"menu_order":0,"comment_status":"closed","ping_status":"closed","template":"","meta":{"ngg_post_thumbnail":0,"footnotes":""},"class_list":["post-1085","page","type-page","status-publish"],"_links":{"self":[{"href":"https:\/\/eventos.ifg.edu.br\/secitecfsa\/wp-json\/wp\/v2\/pages\/1085"}],"collection":[{"href":"https:\/\/eventos.ifg.edu.br\/secitecfsa\/wp-json\/wp\/v2\/pages"}],"about":[{"href":"https:\/\/eventos.ifg.edu.br\/secitecfsa\/wp-json\/wp\/v2\/types\/page"}],"author":[{"embeddable":true,"href":"https:\/\/eventos.ifg.edu.br\/secitecfsa\/wp-json\/wp\/v2\/users\/24"}],"replies":[{"embeddable":true,"href":"https:\/\/eventos.ifg.edu.br\/secitecfsa\/wp-json\/wp\/v2\/comments?post=1085"}],"version-history":[{"count":3,"href":"https:\/\/eventos.ifg.edu.br\/secitecfsa\/wp-json\/wp\/v2\/pages\/1085\/revisions"}],"predecessor-version":[{"id":1104,"href":"https:\/\/eventos.ifg.edu.br\/secitecfsa\/wp-json\/wp\/v2\/pages\/1085\/revisions\/1104"}],"wp:attachment":[{"href":"https:\/\/eventos.ifg.edu.br\/secitecfsa\/wp-json\/wp\/v2\/media?parent=1085"}],"curies":[{"name":"wp","href":"https:\/\/api.w.org\/{rel}","templated":true}]}}