{"id":2,"date":"2017-07-06T08:42:29","date_gmt":"2017-07-06T11:42:29","guid":{"rendered":"http:\/\/eventos.ifg.edu.br\/secitec\/?page_id=2"},"modified":"2017-07-28T16:44:30","modified_gmt":"2017-07-28T19:44:30","slug":"o-evento","status":"publish","type":"page","link":"https:\/\/eventos.ifg.edu.br\/secitec\/o-evento\/","title":{"rendered":"O evento"},"content":{"rendered":"<p>A III Semana Nacional de Ci\u00eancia Tecnologia (SECITEC) do Instituto Federal de Educa\u00e7\u00e3o, Ci\u00eancia e Tecnologia de Goi\u00e1s, C\u00e2mpus \u00c1guas Lindas, acontecer\u00e1 no per\u00edodo de 16 a 18 de novembro de 2017 e ter\u00e1 como tema &#8220;Matem\u00e1tica, educa\u00e7\u00e3o cient\u00edfica e forma\u00e7\u00e3o cidad\u00e3&#8221;. O evento ainda envolver\u00e1 a realiza\u00e7\u00e3o do II Semin\u00e1rio de Pesquisa e Inicia\u00e7\u00e3o Cient\u00edfica (SEMPIC), que ser\u00e1 realizado no dia 17 de novembro, com a apresenta\u00e7\u00e3o de comunica\u00e7\u00f5es orais e propostas de pesquisa.<\/p>\n<p>&nbsp;<\/p>\n<p>&nbsp;<\/p>\n","protected":false},"excerpt":{"rendered":"<p>A III Semana Nacional de Ci\u00eancia Tecnologia (SECITEC) do Instituto Federal de Educa\u00e7\u00e3o, Ci\u00eancia e Tecnologia de Goi\u00e1s, C\u00e2mpus \u00c1guas Lindas, acontecer\u00e1 no per\u00edodo de 16 a 18 de novembro de 2017 e ter\u00e1 como tema &#8220;Matem\u00e1tica, educa\u00e7\u00e3o cient\u00edfica e forma\u00e7\u00e3o cidad\u00e3&#8221;. O evento ainda envolver\u00e1 a realiza\u00e7\u00e3o do II Semin\u00e1rio de Pesquisa e Inicia\u00e7\u00e3o [&hellip;]<\/p>\n","protected":false},"author":48,"featured_media":0,"parent":0,"menu_order":0,"comment_status":"closed","ping_status":"open","template":"","meta":{"ngg_post_thumbnail":0,"footnotes":""},"class_list":["post-2","page","type-page","status-publish","hentry"],"_links":{"self":[{"href":"https:\/\/eventos.ifg.edu.br\/secitec\/wp-json\/wp\/v2\/pages\/2"}],"collection":[{"href":"https:\/\/eventos.ifg.edu.br\/secitec\/wp-json\/wp\/v2\/pages"}],"about":[{"href":"https:\/\/eventos.ifg.edu.br\/secitec\/wp-json\/wp\/v2\/types\/page"}],"author":[{"embeddable":true,"href":"https:\/\/eventos.ifg.edu.br\/secitec\/wp-json\/wp\/v2\/users\/48"}],"replies":[{"embeddable":true,"href":"https:\/\/eventos.ifg.edu.br\/secitec\/wp-json\/wp\/v2\/comments?post=2"}],"version-history":[{"count":4,"href":"https:\/\/eventos.ifg.edu.br\/secitec\/wp-json\/wp\/v2\/pages\/2\/revisions"}],"predecessor-version":[{"id":27,"href":"https:\/\/eventos.ifg.edu.br\/secitec\/wp-json\/wp\/v2\/pages\/2\/revisions\/27"}],"wp:attachment":[{"href":"https:\/\/eventos.ifg.edu.br\/secitec\/wp-json\/wp\/v2\/media?parent=2"}],"curies":[{"name":"wp","href":"https:\/\/api.w.org\/{rel}","templated":true}]}}