{"id":17,"date":"2017-07-28T15:40:51","date_gmt":"2017-07-28T18:40:51","guid":{"rendered":"http:\/\/eventos.ifg.edu.br\/secitec\/?page_id=17"},"modified":"2017-11-22T17:34:11","modified_gmt":"2017-11-22T19:34:11","slug":"noticias","status":"publish","type":"page","link":"https:\/\/eventos.ifg.edu.br\/secitec\/noticias\/","title":{"rendered":"Not\u00edcias"},"content":{"rendered":"<p>Nesta p\u00e1gina est\u00e3o reunidas as mat\u00e9rias divulgadas a respeito da III SECITEC e do II SEMPIC no site do C\u00e2mpus \u00c1guas Lindas (www.ifg.edu.br\/aguaslindas).<\/p>\n<p>Seg, 26\/06\/2017 \u2013 <a href=\"http:\/\/ifg.edu.br\/ultimas-noticias-campus-aguaslindas\/3732-submissoes-sempic-07-julho\">Submiss\u00e3o de comunica\u00e7\u00f5es orais e propostas de pesquisa para a II SEMPIC at\u00e9 o dia 07 de julho<\/a><\/p>\n<p>Seg, 26\/06\/2017 \u2013 <a href=\"http:\/\/ifg.edu.br\/ultimas-noticias-campus-aguaslindas\/3733-submissoes-sicitec-2017\">Submiss\u00f5es de minicursos e oficinas para a III SECITEC v\u00e3o at\u00e9 o dia 07 de julho<\/a><\/p>\n<p>Seg, 03\/07\/2017\u00a0\u2013 <a href=\"http:\/\/ifg.edu.br\/ultimas-noticias-campus-aguaslindas\/3873-submissao-posteres-iii-secitec\">Submiss\u00f5es de p\u00f4steres para a III SECITEC v\u00e3o at\u00e9 o dia 10 de julho<\/a><\/p>\n<p>Seg, 23\/10\/2017 \u2013 <a href=\"http:\/\/ifg.edu.br\/ultimas-noticias-campus-aguaslindas\/5515-ii-sempic-comunicacoes-orais-propostas-pesquisa\">Submiss\u00e3o de comunica\u00e7\u00f5es orais e propostas de pesquisa para a II SEMPIC at\u00e9 o dia 03 de novembro<\/a><\/p>\n<p>Seg, 23\/10\/2017 \u2013 <a href=\"http:\/\/ifg.edu.br\/ultimas-noticias-campus-aguaslindas\/5518-iii-secitec-paineis-interativos\">Submiss\u00f5es de pain\u00e9is interativos para a III SECITEC v\u00e3o at\u00e9 o dia 03 de novembro<\/a><\/p>\n<p>Seg, 23\/10\/2017 \u2013 <a href=\"http:\/\/ifg.edu.br\/ultimas-noticias-campus-aguaslindas\/5519-reabertura-secitec-sempic\">Reabertura de Editais para submiss\u00e3o de trabalhos para a SECITEC e SEMPIC<\/a><\/p>\n<p>Ter, 14\/11\/2017 \u2013 <a href=\"http:\/\/ifg.edu.br\/component\/content\/article\/155-ifg\/campus\/aguas-lindas\/noticias-campus-aguaslindas\/5938-inscricoes-abertas-secitec\">Abertas inscri\u00e7\u00f5es para a SECITEC do C\u00e2mpus \u00c1guas Lindas<\/a><\/p>\n<p>Qui, 16\/11\/2017 \u2013\u00a0<a href=\"http:\/\/www.ifg.edu.br\/ultimas-noticias-campus-aguaslindas\/5977-matematica-edu-cientifica-for-cidada-secitec\">Matem\u00e1tica, educa\u00e7\u00e3o cient\u00edfica e forma\u00e7\u00e3o cidad\u00e3 s\u00e3o discutidas em abertura da SECITEC<\/a><\/p>\n<p>Sex, 17\/11\/2017 \u2013 <a href=\"http:\/\/www.ifg.edu.br\/ultimas-noticias-campus-aguaslindas\/5999-iniciacao-cientifica-abertura-sempic\">Inicia\u00e7\u00e3o cient\u00edfica no C\u00e2mpus \u00c1guas Lindas \u00e9 debatida na abertura do II SEMPIC<\/a><\/p>\n","protected":false},"excerpt":{"rendered":"<p>Nesta p\u00e1gina est\u00e3o reunidas as mat\u00e9rias divulgadas a respeito da III SECITEC e do II SEMPIC no site do C\u00e2mpus \u00c1guas Lindas (www.ifg.edu.br\/aguaslindas). Seg, 26\/06\/2017 \u2013 Submiss\u00e3o de comunica\u00e7\u00f5es orais e propostas de pesquisa para a II SEMPIC at\u00e9 o dia 07 de julho Seg, 26\/06\/2017 \u2013 Submiss\u00f5es de minicursos e oficinas para a III [&hellip;]<\/p>\n","protected":false},"author":48,"featured_media":0,"parent":0,"menu_order":0,"comment_status":"closed","ping_status":"closed","template":"","meta":{"ngg_post_thumbnail":0,"footnotes":""},"class_list":["post-17","page","type-page","status-publish","hentry"],"_links":{"self":[{"href":"https:\/\/eventos.ifg.edu.br\/secitec\/wp-json\/wp\/v2\/pages\/17"}],"collection":[{"href":"https:\/\/eventos.ifg.edu.br\/secitec\/wp-json\/wp\/v2\/pages"}],"about":[{"href":"https:\/\/eventos.ifg.edu.br\/secitec\/wp-json\/wp\/v2\/types\/page"}],"author":[{"embeddable":true,"href":"https:\/\/eventos.ifg.edu.br\/secitec\/wp-json\/wp\/v2\/users\/48"}],"replies":[{"embeddable":true,"href":"https:\/\/eventos.ifg.edu.br\/secitec\/wp-json\/wp\/v2\/comments?post=17"}],"version-history":[{"count":5,"href":"https:\/\/eventos.ifg.edu.br\/secitec\/wp-json\/wp\/v2\/pages\/17\/revisions"}],"predecessor-version":[{"id":64,"href":"https:\/\/eventos.ifg.edu.br\/secitec\/wp-json\/wp\/v2\/pages\/17\/revisions\/64"}],"wp:attachment":[{"href":"https:\/\/eventos.ifg.edu.br\/secitec\/wp-json\/wp\/v2\/media?parent=17"}],"curies":[{"name":"wp","href":"https:\/\/api.w.org\/{rel}","templated":true}]}}