{"id":2,"date":"2017-05-09T09:37:41","date_gmt":"2017-05-09T12:37:41","guid":{"rendered":"http:\/\/eventos.ifg.edu.br\/scratchday\/?page_id=2"},"modified":"2018-03-21T18:36:46","modified_gmt":"2018-03-21T21:36:46","slug":"pagina-exemplo","status":"publish","type":"page","link":"https:\/\/eventos.ifg.edu.br\/scratchday\/pagina-exemplo\/","title":{"rendered":"Scratch Day"},"content":{"rendered":"<p>Scratch Day \u00e9 uma rede global de eventos que celebram o Scratch a plataforma de programa\u00e7\u00e3o gratuita e comunidade online para crian\u00e7as. Os eventos do Scratch Day re\u00fanem jovens da comunidade Scratch para que eles compartilhem projetos, aprendam uns com os outros, e deem as boas-vindas aos rec\u00e9m-chegados.<\/p>\n<p>Este \u00e9 o 3.\u00ba que o Instituto Federal de Goi\u00e1s realiza o Scratch Day em Luzi\u00e2nia. O evento \u00e9 promovido pelo departamento de Inform\u00e1tica e tem o apoio do departamento de \u00c1reas Acad\u00eamicas do campus.<\/p>\n<p>Em 2017 esta atividade foi apresentada no Semin\u00e1rio de Educa\u00e7\u00e3o, Linguagem e Tecnologias realizado na Universidade Estadual de Goi\u00e1s como pr\u00e1tica pedag\u00f3gica criativa e inovadora.<\/p>\n","protected":false},"excerpt":{"rendered":"<p>Scratch Day \u00e9 uma rede global de eventos que celebram o Scratch a plataforma de programa\u00e7\u00e3o gratuita e comunidade online para crian\u00e7as. Os eventos do Scratch Day re\u00fanem jovens da comunidade Scratch para que eles compartilhem projetos, aprendam uns com os outros, e deem as boas-vindas aos rec\u00e9m-chegados. Este \u00e9 o 3.\u00ba que o Instituto [&hellip;]<\/p>\n","protected":false},"author":50,"featured_media":0,"parent":0,"menu_order":1,"comment_status":"closed","ping_status":"open","template":"","meta":{"ngg_post_thumbnail":0,"footnotes":""},"class_list":["post-2","page","type-page","status-publish","hentry"],"_links":{"self":[{"href":"https:\/\/eventos.ifg.edu.br\/scratchday\/wp-json\/wp\/v2\/pages\/2"}],"collection":[{"href":"https:\/\/eventos.ifg.edu.br\/scratchday\/wp-json\/wp\/v2\/pages"}],"about":[{"href":"https:\/\/eventos.ifg.edu.br\/scratchday\/wp-json\/wp\/v2\/types\/page"}],"author":[{"embeddable":true,"href":"https:\/\/eventos.ifg.edu.br\/scratchday\/wp-json\/wp\/v2\/users\/50"}],"replies":[{"embeddable":true,"href":"https:\/\/eventos.ifg.edu.br\/scratchday\/wp-json\/wp\/v2\/comments?post=2"}],"version-history":[{"count":5,"href":"https:\/\/eventos.ifg.edu.br\/scratchday\/wp-json\/wp\/v2\/pages\/2\/revisions"}],"predecessor-version":[{"id":38,"href":"https:\/\/eventos.ifg.edu.br\/scratchday\/wp-json\/wp\/v2\/pages\/2\/revisions\/38"}],"wp:attachment":[{"href":"https:\/\/eventos.ifg.edu.br\/scratchday\/wp-json\/wp\/v2\/media?parent=2"}],"curies":[{"name":"wp","href":"https:\/\/api.w.org\/{rel}","templated":true}]}}