{"id":18,"date":"2017-05-09T17:32:48","date_gmt":"2017-05-09T20:32:48","guid":{"rendered":"http:\/\/eventos.ifg.edu.br\/scratchday\/?page_id=18"},"modified":"2018-03-21T18:38:13","modified_gmt":"2018-03-21T21:38:13","slug":"programacao","status":"publish","type":"page","link":"https:\/\/eventos.ifg.edu.br\/scratchday\/programacao\/","title":{"rendered":"Programa\u00e7\u00e3o"},"content":{"rendered":"<p>Oficina de programa\u00e7\u00e3o de computadores utilizando a linguagem Scratch.<\/p>\n<p>Hor\u00e1rio: 09 \u00e0s 12h.<\/p>\n","protected":false},"excerpt":{"rendered":"<p>Oficina de programa\u00e7\u00e3o de computadores utilizando a linguagem Scratch. Hor\u00e1rio: 09 \u00e0s 12h.<\/p>\n","protected":false},"author":50,"featured_media":0,"parent":0,"menu_order":3,"comment_status":"closed","ping_status":"closed","template":"","meta":{"ngg_post_thumbnail":0,"footnotes":""},"class_list":["post-18","page","type-page","status-publish","hentry"],"_links":{"self":[{"href":"https:\/\/eventos.ifg.edu.br\/scratchday\/wp-json\/wp\/v2\/pages\/18"}],"collection":[{"href":"https:\/\/eventos.ifg.edu.br\/scratchday\/wp-json\/wp\/v2\/pages"}],"about":[{"href":"https:\/\/eventos.ifg.edu.br\/scratchday\/wp-json\/wp\/v2\/types\/page"}],"author":[{"embeddable":true,"href":"https:\/\/eventos.ifg.edu.br\/scratchday\/wp-json\/wp\/v2\/users\/50"}],"replies":[{"embeddable":true,"href":"https:\/\/eventos.ifg.edu.br\/scratchday\/wp-json\/wp\/v2\/comments?post=18"}],"version-history":[{"count":3,"href":"https:\/\/eventos.ifg.edu.br\/scratchday\/wp-json\/wp\/v2\/pages\/18\/revisions"}],"predecessor-version":[{"id":39,"href":"https:\/\/eventos.ifg.edu.br\/scratchday\/wp-json\/wp\/v2\/pages\/18\/revisions\/39"}],"wp:attachment":[{"href":"https:\/\/eventos.ifg.edu.br\/scratchday\/wp-json\/wp\/v2\/media?parent=18"}],"curies":[{"name":"wp","href":"https:\/\/api.w.org\/{rel}","templated":true}]}}