{"id":7,"date":"2017-04-07T09:29:56","date_gmt":"2017-04-07T12:29:56","guid":{"rendered":"http:\/\/eventos.ifg.edu.br\/scdi\/?page_id=7"},"modified":"2017-08-06T09:38:28","modified_gmt":"2017-08-06T12:38:28","slug":"programacao","status":"publish","type":"page","link":"https:\/\/eventos.ifg.edu.br\/scdi\/programacao\/","title":{"rendered":"Programa\u00e7\u00e3o"},"content":{"rendered":"<table dir=\"ltr\" border=\"1\" cellspacing=\"0\" cellpadding=\"0\">\n<colgroup>\n<col width=\"100\" \/>\n<col width=\"100\" \/>\n<col width=\"100\" \/>\n<col width=\"100\" \/>\n<col width=\"100\" \/>\n<col width=\"100\" \/>\n<col width=\"100\" \/><\/colgroup>\n<tbody>\n<tr>\n<td style=\"text-align: center\">\n<h2><strong>Hor\u00e1rio\/Dia<\/strong><\/h2>\n<\/td>\n<td style=\"text-align: center\" colspan=\"6\" rowspan=\"1\">\n<h2 class=\"text-danger\"><span style=\"color: #993300\"><strong>Segunda-feira<\/strong> &#8211; <strong>14\/08<\/strong><\/span><\/h2>\n<\/td>\n<\/tr>\n<tr>\n<td style=\"text-align: center\"><span style=\"color: #0000ff\">13:00 \u00e0s 13:15<\/span><\/td>\n<td style=\"text-align: center\" colspan=\"6\" rowspan=\"1\">Credenciamento<\/td>\n<\/tr>\n<tr>\n<td style=\"text-align: center\"><span style=\"color: #0000ff\">13:15 \u00e0s 13:45<\/span><\/td>\n<td style=\"text-align: center\" colspan=\"6\" rowspan=\"1\">Abertura Oficial <strong>&#8211; Audit\u00f3rio<\/strong><\/td>\n<\/tr>\n<tr>\n<td style=\"text-align: center\"><span style=\"color: #0000ff\">13:45 \u00e0s 14:45<\/span><\/td>\n<td style=\"text-align: center\" colspan=\"6\" rowspan=\"1\">O que o mercado de trabalho espera de mim como profissional de TI? &#8211; Cleber Campomori (Treina Web) <strong>&#8211; Audit\u00f3rio<\/strong><\/td>\n<\/tr>\n<tr>\n<td style=\"text-align: center\"><span style=\"color: #0000ff\">15:00 \u00e0s 17:00<\/span><\/td>\n<td style=\"text-align: center\">Criando aplica\u00e7\u00f5es Web multiplataforma com ASP.NET Core &#8211; Parte I &#8211; Cleber Campomori<strong> &#8211; S401B<\/strong><\/td>\n<td style=\"text-align: center\">HTML5, CSS3 e Introdu\u00e7\u00e3o ao Bootstrap <strong>&#8211; S402<\/strong><\/td>\n<td style=\"text-align: center\">Introdu\u00e7\u00e3o a banco de dados <strong>&#8211; S403<\/strong><\/td>\n<td style=\"text-align: center\">Cs 1.6 <strong>&#8211; S404<\/strong><\/td>\n<td style=\"text-align: center\">Algoritmo f\u00e1cil e simples <strong>&#8211; S506<\/strong><\/td>\n<td style=\"text-align: center\">Introdu\u00e7\u00e3o de Arquitetura e Manuten\u00e7\u00e3o de computadores <strong>&#8211; Laborat\u00f3rio de Manuten\u00e7\u00e3o<\/strong><\/td>\n<\/tr>\n<tr>\n<td style=\"text-align: center\"><span style=\"color: #0000ff\">18:00 \u00e0s 19:00<\/span><\/td>\n<td style=\"text-align: center\" colspan=\"6\" rowspan=\"1\">IOT &#8211; Rastreando e Controlando Objetos &#8211; Enio Prates Vasconcelos Filho (IFG) <strong>&#8211; Audit\u00f3rio<\/strong><\/td>\n<\/tr>\n<tr>\n<td style=\"text-align: center\"><span style=\"color: #0000ff\">19:00 \u00e0s 20:00<\/span><\/td>\n<td style=\"text-align: center\" colspan=\"6\" rowspan=\"1\">Internet das coisas e aplica\u00e7\u00f5es inteligentes com servi\u00e7os cognitivos &#8211; Marcelo Paiva (softprime) <strong>&#8211; Audit\u00f3rio<\/strong><\/td>\n<\/tr>\n<tr>\n<td style=\"text-align: center\"><span style=\"color: #0000ff\">20:00 \u00e0s 21:00<\/span><\/td>\n<td style=\"text-align: center\" colspan=\"6\" rowspan=\"1\">Fui para cloud! E agora? &#8211; Deivid Veras (softprime) <strong>&#8211; Audit\u00f3rio<\/strong><\/td>\n<\/tr>\n<tr>\n<td style=\"text-align: center\"><span style=\"color: #0000ff\">21:00 \u00e0s 22:00<\/span><\/td>\n<td style=\"text-align: center\" colspan=\"6\" rowspan=\"1\">T\u00e9cnicas Avan\u00e7adas de TI em Gest\u00e3o Organizacional: Racioc\u00ednio Qualitativo &#8211; H\u00e9rcules Antonio do Prado e Edilson Ferneda (UCB) <strong>&#8211; Audit\u00f3rio<\/strong><\/td>\n<\/tr>\n<tr>\n<td><\/td>\n<td><\/td>\n<td><\/td>\n<td><\/td>\n<td><\/td>\n<td><\/td>\n<td><\/td>\n<\/tr>\n<tr>\n<td style=\"text-align: center\">\n<h2><strong>Hor\u00e1rio\/Dia<\/strong><\/h2>\n<\/td>\n<td style=\"text-align: center\" colspan=\"6\" rowspan=\"1\">\n<h2><span style=\"color: #993300\"><strong>Ter\u00e7a-feira<\/strong> &#8211; <strong>15\/08<\/strong><\/span><\/h2>\n<\/td>\n<\/tr>\n<tr>\n<td style=\"text-align: center\"><span style=\"color: #0000ff\">13:45 \u00e0s 14:45<\/span><\/td>\n<td style=\"text-align: center\" colspan=\"6\" rowspan=\"1\">Desenvolvimento Front-end com HTML 5 e CSS 3 &#8211; Rodrigo ferreira Canepelle (Grupo Caelum) <strong>&#8211; Audit\u00f3rio<\/strong><\/td>\n<\/tr>\n<tr>\n<td style=\"text-align: center\"><span style=\"color: #0000ff\">15:00 \u00e0s 17:00<\/span><\/td>\n<td style=\"text-align: center\">Criando aplica\u00e7\u00f5es Web multiplataforma com ASP.NET Core &#8211; Parte II &#8211; Cleber Campomori <strong>&#8211; S401B<\/strong><\/td>\n<td style=\"text-align: center\">Oficina de fotografia <strong>&#8211; S402<\/strong><\/td>\n<td style=\"text-align: center\">Introdu\u00e7\u00e3o ao Java <strong>&#8211; S403<\/strong><\/td>\n<td style=\"text-align: center\">Cs 1.6 <strong>&#8211; S404<\/strong><\/td>\n<td style=\"text-align: center\">Algoritmo f\u00e1cil e simples <strong>&#8211; S506<\/strong><\/td>\n<td style=\"text-align: center\">Introdu\u00e7\u00e3o de Arquitetura e Manuten\u00e7\u00e3o de computadores <strong>&#8211; Laborat\u00f3rio de Manuten\u00e7\u00e3o<\/strong><\/td>\n<\/tr>\n<tr>\n<td style=\"text-align: center\"><span style=\"color: #0000ff\">18:00 \u00e0s 19:00<\/span><\/td>\n<td style=\"text-align: center\" colspan=\"6\" rowspan=\"1\">Usabilidade p\u00e1-pum &#8211; Natan Souza (Grupo Caelum) <strong>&#8211; Audit\u00f3rio<\/strong><\/td>\n<\/tr>\n<tr>\n<td style=\"text-align: center\"><span style=\"color: #0000ff\">19:00 \u00e0s 20:00<\/span><\/td>\n<td style=\"text-align: center\" colspan=\"6\" rowspan=\"1\">Golang: por que ela \u00e9 a nova queridinha das linguagens? &#8211; Cleber Campomori (Treina Web) <strong>&#8211; Audit\u00f3rio<\/strong><\/td>\n<\/tr>\n<tr>\n<td style=\"text-align: center\"><span style=\"color: #0000ff\">20:00 \u00e0s 22:00<\/span><\/td>\n<td colspan=\"1\" rowspan=\"2\">\n<div style=\"text-align: center\">Ruby on Rails &#8211; Aplica\u00e7\u00e3o web em minutos <strong>&#8211; S401B<\/strong><\/div>\n<\/td>\n<td colspan=\"1\" rowspan=\"2\">\n<div style=\"text-align: center\">Websites com Joomla: e a\u00ed, vamo criar? <strong>&#8211; S402<\/strong><\/div>\n<\/td>\n<td colspan=\"1\" rowspan=\"2\">\n<div style=\"text-align: center\">Desenvolvimento de jogos em java utilizando greenfoot &#8211; Jhonatan Morais (DFJUG) <strong>&#8211; S403<\/strong><\/div>\n<\/td>\n<td colspan=\"1\" rowspan=\"2\">\n<div style=\"text-align: center\">Node JS &#8211; Sandy da Silva Santos (Mycrosan) <strong>&#8211; S404<\/strong><\/div>\n<\/td>\n<td colspan=\"1\" rowspan=\"2\">\n<div style=\"text-align: center\">Geometria Computacional e Diferencial com Python e SVG: As Curvas da Bosta &#8211; Ole Peter Smith (UFG) <strong>&#8211; S506<\/strong><\/div>\n<\/td>\n<td colspan=\"1\" rowspan=\"2\"><\/td>\n<\/tr>\n<tr>\n<td style=\"text-align: center\"><\/td>\n<\/tr>\n<tr>\n<td><\/td>\n<td><\/td>\n<td><\/td>\n<td><\/td>\n<td><\/td>\n<td><\/td>\n<td><\/td>\n<\/tr>\n<tr>\n<td style=\"text-align: center\">\n<h2><strong>Hor\u00e1rio\/Dia<\/strong><\/h2>\n<\/td>\n<td style=\"text-align: center\" colspan=\"6\" rowspan=\"1\">\n<h2><span style=\"color: #993300\"><strong>Quarta-feira &#8211; <\/strong><strong>16\/08<\/strong><\/span><\/h2>\n<\/td>\n<\/tr>\n<tr>\n<td style=\"text-align: center\"><span style=\"color: #0000ff\">13:45 \u00e0s 14:45<\/span><\/td>\n<td style=\"text-align: center\" colspan=\"6\" rowspan=\"1\">Era uma vez Lovelace: A hist\u00f3ria das mulheres na Tecnologia &#8211; Ramayane Bonacin Braga (IFGoiano) <strong>&#8211; Audit\u00f3rio<\/strong><\/td>\n<\/tr>\n<tr>\n<td style=\"text-align: center\"><span style=\"color: #0000ff\">15:00 \u00e0s 17:00<\/span><\/td>\n<td style=\"text-align: center\">Normas da ABNT: Recursos que facilitam a inser\u00e7\u00e3o de cita\u00e7\u00f5es e bibliografia <strong>&#8211; S401B<\/strong><\/td>\n<td style=\"text-align: center\">Introdu\u00e7\u00e3o ao HTML <strong>&#8211; S402<\/strong><\/td>\n<td style=\"text-align: center\">Cria\u00e7\u00e3o de apps mobile <strong>&#8211; S403<\/strong><\/td>\n<td style=\"text-align: center\">Cs 1.6 <strong>&#8211; S404<\/strong><\/td>\n<td style=\"text-align: center\">Convers\u00e3o de n\u00fameros decimais <strong>&#8211; S506<\/strong><\/td>\n<td style=\"text-align: center\">Introdu\u00e7\u00e3o de Arquitetura e Manuten\u00e7\u00e3o de computadores <strong>&#8211; Laborat\u00f3rio de Manuten\u00e7\u00e3o<\/strong><\/td>\n<\/tr>\n<tr>\n<td style=\"text-align: center\"><span style=\"color: #0000ff\">18:00 \u00e0s 19:00<\/span><\/td>\n<td style=\"text-align: center\" colspan=\"6\" rowspan=\"1\">Empreendedorismo em Dois Tempos &#8211; Ricardo Dornas Martins (SEBRAE) <strong>&#8211; Audit\u00f3rio<\/strong><\/td>\n<\/tr>\n<tr>\n<td style=\"text-align: center\"><span style=\"color: #0000ff\">19:00 \u00e0s 20:00<\/span><\/td>\n<td style=\"text-align: center\" colspan=\"6\" rowspan=\"1\">Roadmap da Embrapa para a Nuvem &#8211; Ricardo Fonseca Ara\u00fajo (Embrapa) <strong>&#8211; Audit\u00f3rio<\/strong><\/td>\n<\/tr>\n<tr>\n<td style=\"text-align: center\"><span style=\"color: #0000ff\">20:00 \u00e0s 21:00<\/span><\/td>\n<td style=\"text-align: center\" colspan=\"6\" rowspan=\"1\">Software de Backup Bacula &#8211; Novidades da vers\u00e3o 9.0! &#8211; Heitor Medrado de Faria (Serpro) <strong>&#8211; Audit\u00f3rio<\/strong><\/td>\n<\/tr>\n<tr>\n<td style=\"text-align: center\"><span style=\"color: #0000ff\">21:00 \u00e0s 22:00<\/span><\/td>\n<td style=\"text-align: center\" colspan=\"6\" rowspan=\"1\">Dia a Dia do Gerenciamento da Infraestrutura de TI da Embrapa &#8211; Ricardo Fonseca Ara\u00fajo (Embrapa) <strong>&#8211; Audit\u00f3rio<\/strong><\/td>\n<\/tr>\n<\/tbody>\n<\/table>\n<p>&nbsp;<\/p>\n<p>&nbsp;<\/p>\n<p>&nbsp;<\/p>\n","protected":false},"excerpt":{"rendered":"<p>Hor\u00e1rio\/Dia Segunda-feira &#8211; 14\/08 13:00 \u00e0s 13:15 Credenciamento 13:15 \u00e0s 13:45 Abertura Oficial &#8211; Audit\u00f3rio 13:45 \u00e0s 14:45 O que o mercado de trabalho espera de mim como profissional de TI? &#8211; Cleber Campomori (Treina Web) &#8211; Audit\u00f3rio 15:00 \u00e0s 17:00 Criando aplica\u00e7\u00f5es Web multiplataforma com ASP.NET Core &#8211; Parte I &#8211; Cleber Campomori &#8211; [&hellip;]<\/p>\n","protected":false},"author":13,"featured_media":0,"parent":0,"menu_order":0,"comment_status":"closed","ping_status":"closed","template":"","meta":{"ngg_post_thumbnail":0,"footnotes":""},"class_list":["post-7","page","type-page","status-publish","hentry"],"_links":{"self":[{"href":"https:\/\/eventos.ifg.edu.br\/scdi\/wp-json\/wp\/v2\/pages\/7"}],"collection":[{"href":"https:\/\/eventos.ifg.edu.br\/scdi\/wp-json\/wp\/v2\/pages"}],"about":[{"href":"https:\/\/eventos.ifg.edu.br\/scdi\/wp-json\/wp\/v2\/types\/page"}],"author":[{"embeddable":true,"href":"https:\/\/eventos.ifg.edu.br\/scdi\/wp-json\/wp\/v2\/users\/13"}],"replies":[{"embeddable":true,"href":"https:\/\/eventos.ifg.edu.br\/scdi\/wp-json\/wp\/v2\/comments?post=7"}],"version-history":[{"count":12,"href":"https:\/\/eventos.ifg.edu.br\/scdi\/wp-json\/wp\/v2\/pages\/7\/revisions"}],"predecessor-version":[{"id":495,"href":"https:\/\/eventos.ifg.edu.br\/scdi\/wp-json\/wp\/v2\/pages\/7\/revisions\/495"}],"wp:attachment":[{"href":"https:\/\/eventos.ifg.edu.br\/scdi\/wp-json\/wp\/v2\/media?parent=7"}],"curies":[{"name":"wp","href":"https:\/\/api.w.org\/{rel}","templated":true}]}}