{"id":20,"date":"2017-04-07T09:33:35","date_gmt":"2017-04-07T12:33:35","guid":{"rendered":"http:\/\/eventos.ifg.edu.br\/scdi\/?page_id=20"},"modified":"2017-06-12T05:37:31","modified_gmt":"2017-06-12T08:37:31","slug":"contato","status":"publish","type":"page","link":"https:\/\/eventos.ifg.edu.br\/scdi\/contato\/","title":{"rendered":"Contato"},"content":{"rendered":"<div class=\"col-md-4\">\n<h1><strong>Instituto Federal de Goi\u00e1s &#8211; C\u00e2mpus Luzi\u00e2nia<\/strong><\/h1>\n<p>&nbsp;<\/p>\n<h4>Fone:<br \/>\n<strong><a href=\"https:\/\/ifg.edu.br\/attachments\/article\/630\/fone.png\" rel=\"alternate\"><img decoding=\"async\" class=\"\" src=\"https:\/\/ifg.edu.br\/attachments\/article\/630\/fone.png\" alt=\"\" width=\"33\" height=\"33\" \/><\/a> (61)3622-9700<br \/>\n<\/strong><\/h4>\n<p>&nbsp;<\/p>\n<h4>Email:<br \/>\n<strong><a href=\"mailto:diadainformatica2017@gmail.com\"><img decoding=\"async\" class=\"\" src=\"https:\/\/ifg.edu.br\/attachments\/article\/630\/email.png\" alt=\"\" width=\"36\" height=\"25\" \/> diadainformatica2017@gmail.com<\/a><\/strong><\/h4>\n<p>&nbsp;<\/p>\n<h4>Endere\u00e7o:<\/h4>\n<h4><img decoding=\"async\" class=\"\" src=\"https:\/\/ifg.edu.br\/images\/ifg\/img_campus\/endereco.png\" alt=\"Clique e acesse o mapa\" width=\"44\" height=\"35\" \/> <a href=\"https:\/\/www.google.com.br\/maps\/place\/IFG+Instituto+Federal+de+Goi%C3%A1s\/@-16.2433946,-47.9618776,15z\/data=%214m2%213m1%211s0x0:0x200030d480645b24?sa=X&amp;sqi=2&amp;ved=0ahUKEwiXgqzdw4jRAhWJGZAKHZ75CesQ_BIIazAN\" rel=\"noreferrer\">Rua S\u00e3o Bartolomeu, s\/n, Vila Esperan\u00e7a. CEP: 72811-580. Luzi\u00e2nia &#8211; GO<\/a><\/h4>\n<h4><a href=\"https:\/\/www.google.com.br\/maps\/place\/IFG+Instituto+Federal+de+Goi%C3%A1s\/@-16.2433946,-47.9618776,15z\/data=%214m2%213m1%211s0x0:0x200030d480645b24?sa=X&amp;sqi=2&amp;ved=0ahUKEwiXgqzdw4jRAhWJGZAKHZ75CesQ_BIIazAN\" rel=\"alternate\"><img loading=\"lazy\" decoding=\"async\" class=\"\" src=\"https:\/\/ifg.edu.br\/images\/ifg\/img_campus\/d-luziania.jpg\" alt=\"\" width=\"536\" height=\"206\" \/><\/a><\/h4>\n<\/div>\n","protected":false},"excerpt":{"rendered":"<p>Instituto Federal de Goi\u00e1s &#8211; C\u00e2mpus Luzi\u00e2nia &nbsp; Fone: (61)3622-9700 &nbsp; Email: diadainformatica2017@gmail.com &nbsp; Endere\u00e7o: Rua S\u00e3o Bartolomeu, s\/n, Vila Esperan\u00e7a. CEP: 72811-580. Luzi\u00e2nia &#8211; GO<\/p>\n","protected":false},"author":13,"featured_media":0,"parent":0,"menu_order":0,"comment_status":"closed","ping_status":"closed","template":"","meta":{"ngg_post_thumbnail":0,"footnotes":""},"class_list":["post-20","page","type-page","status-publish","hentry"],"_links":{"self":[{"href":"https:\/\/eventos.ifg.edu.br\/scdi\/wp-json\/wp\/v2\/pages\/20"}],"collection":[{"href":"https:\/\/eventos.ifg.edu.br\/scdi\/wp-json\/wp\/v2\/pages"}],"about":[{"href":"https:\/\/eventos.ifg.edu.br\/scdi\/wp-json\/wp\/v2\/types\/page"}],"author":[{"embeddable":true,"href":"https:\/\/eventos.ifg.edu.br\/scdi\/wp-json\/wp\/v2\/users\/13"}],"replies":[{"embeddable":true,"href":"https:\/\/eventos.ifg.edu.br\/scdi\/wp-json\/wp\/v2\/comments?post=20"}],"version-history":[{"count":8,"href":"https:\/\/eventos.ifg.edu.br\/scdi\/wp-json\/wp\/v2\/pages\/20\/revisions"}],"predecessor-version":[{"id":211,"href":"https:\/\/eventos.ifg.edu.br\/scdi\/wp-json\/wp\/v2\/pages\/20\/revisions\/211"}],"wp:attachment":[{"href":"https:\/\/eventos.ifg.edu.br\/scdi\/wp-json\/wp\/v2\/media?parent=20"}],"curies":[{"name":"wp","href":"https:\/\/api.w.org\/{rel}","templated":true}]}}