{"id":2,"date":"2017-03-28T12:43:38","date_gmt":"2017-03-28T15:43:38","guid":{"rendered":"http:\/\/eventos.ifg.edu.br\/scdi\/?page_id=2"},"modified":"2017-06-12T05:15:06","modified_gmt":"2017-06-12T08:15:06","slug":"pagina-exemplo","status":"publish","type":"page","link":"https:\/\/eventos.ifg.edu.br\/scdi\/pagina-exemplo\/","title":{"rendered":"Evento"},"content":{"rendered":"<h1 class=\"page-header\"><strong>Hist\u00f3rico<\/strong><\/h1>\n<h4 align=\"justify\">O Semin\u00e1rio Comemorativo ao Dia da Inform\u00e1tica (SCDI) \u00e9 um evento anual de car\u00e1ter tecnol\u00f3gico realizado sempre no m\u00eas de agosto no Instituto Federal de Goi\u00e1s C\u00e2mpus Luzi\u00e2nia. As tem\u00e1ticas do SCDI oportunizam aos alunos e comunidade interessada, a discuss\u00e3o de temas inovadores e a demonstra\u00e7\u00e3o de como os conceitos de inform\u00e1tica ocorrem na pr\u00e1tica, especialmente da regi\u00e3o, assim como os desafios contempor\u00e2neos da \u00e1rea. O Semin\u00e1rio Comemorativo ao Dia da Inform\u00e1tica (SCDI) foi realizado em sua primeira edi\u00e7\u00e3o como projeto de extens\u00e3o com dura\u00e7\u00e3o de 100 horas, abrangendo prepara\u00e7\u00e3o (planejamento e organiza\u00e7\u00e3o), execu\u00e7\u00e3o e avalia\u00e7\u00e3o, com a colabora\u00e7\u00e3o dos alunos, tendo como publico alvo alunos, docentes, servidores e toda a comunidade de Luzi\u00e2nia e regi\u00e3o do entorno do Distrito Federal (DF). Para a realiza\u00e7\u00e3o foram formadas equipes de alunos com a coodena\u00e7\u00e3o dos professores, tais como: equipes t\u00e9cnicas pedag\u00f3gicas (respons\u00e1vel pelas palestras, oficinas, minicursos e outras atividades) e equipes de divulga\u00e7\u00e3o (respons\u00e1veis pela divulga\u00e7\u00e3o do evento com a confec\u00e7\u00e3o de convites, cartazes, artes, materiais eletr\u00f4nicos, promocionais e de divulga\u00e7\u00e3o, camisetas, faixas, divulga\u00e7\u00e3o na imprensa e nas escolas estaduais, tendo como objetivo apresentar o evento a comunidade local). As inscri\u00e7\u00f5es e emiss\u00e3o de certificados foram realizadas pelo sistema de gest\u00e3o de eventos do IFG, registrando um total de 467 participantes. O evento contou com palestras, minicursos, oficinas ministradas pelos alunos e apresenta\u00e7\u00e3o de p\u00f4steres de trabalhos de inicia\u00e7\u00e3o cientifica submetidos ao evento. Participaram al\u00e9m dos estudantes do IFG C\u00e2mpus Luzi\u00e2nia, alunos do IFG C\u00e2mpus Goi\u00e2nia, alunos do IFGoiano C\u00e2mpus Cristalina, alunos do IFB C\u00e2mpus Ceil\u00e2ndia e alunos da rede estadual de Luzi\u00e2nia.<\/h4>\n<h1><span class=\"st\"><strong>Descri\u00e7\u00e3o e relev\u00e2ncia do evento<\/strong><\/span><\/h1>\n<h4 align=\"justify\">O evendo SCDI tem papel relevante na forma\u00e7\u00e3o dos alunos dos cursos tecnicos e superiores que participam, estimulando o desenvolvimento de pesquisa cient\u00edfica, sendo considerado como canal de informa\u00e7\u00e3o atravez das apresenta\u00e7\u00f5es de trabalhos nos formatos de p\u00f4steres que constituem espa\u00e7os nos quais os estudantes podem mostrar suas pesquisas e seus relatos de experi\u00eancias, com o intuito de divulg\u00e1-las e de obterem avalia\u00e7\u00f5es, cr\u00edticas e sugest\u00f5es para a melhoria dos mesmos. Tem papel importante no processo de comunica\u00e7\u00e3o cient\u00edfica, por meio da publica\u00e7\u00e3o de trabalhos apresentados durante o evento, nos anais do evento. Al\u00e9m disso, outro fator relevante \u00e9 a exist\u00eancia das conversas nos corredores que constituem momentos \u00fanicos de contatos pessoais entre os congressistas. A participa\u00e7\u00e3o dos estudantes no evento, promovido no ambiente acad\u00eamico, constitui um mecanismo que ajuda os discentes a constru\u00edrem um arcabou\u00e7o de conhecimentos que contribu\u00ed para uma forma\u00e7\u00e3o consolidada e para o desenvolvimento de compet\u00eancias e habilidades para sua atua\u00e7\u00e3o no mercado de trabalho. O evento traz benef\u00edcios acad\u00eamicos para os estudantes, tais como: proporconar a troca de experi\u00eancias, divulga\u00e7\u00e3o do conhecimento e a atualiza\u00e7\u00e3o. Al\u00e9m do benef\u00edcio pessoal, com o aumento da autoestima. \u00c9 importante resaltar que as atividades desenvolvidas extracurriculares como palestras, minicursos e oficinas em conson\u00e2ncia com as disciplinas cursadas e os conhecimentos adquiridos em sala de aula s\u00e3o extremamente importantes na forma\u00e7\u00e3o profissional e intelectual dos discentes. As atividades do evento proporcionam maior conv\u00edvio no ambeiente acad\u00eamico, envolvimento, participa\u00e7\u00e3o, troca de id\u00e9ias e experi\u00eancias, importantes na sua forma\u00e7\u00e3o e atua\u00e7\u00e3o na futura profiss\u00e3o. O evento re\u00fane profissionais especialistas, estudantes e outros grupos da \u00e1rea da inform\u00e1tica e corelatas, interessados em compartilhar e obter conhecimento. O evento cria oportunidades para troca de experi\u00eancias entre os pesquisadores, atualiza sobre os avan\u00e7os recentes da \u00e1rea de tecnologia, divulga novos conhecimentos e tra\u00e7a diretrizes e metas para os futuros empreendimentos da \u00e1rea. Al\u00e9m de gerar publica\u00e7\u00f5es (anais do evento), que contribuem para a forma\u00e7\u00e3o intelectual dos estudantes, permitindo que tenham acesso ao que foi apresentado. Estas apresenta\u00e7\u00f5es proporcionam cr\u00edticas e sugest\u00f5es imediatas sobre varios pontos de vista.<\/h4>\n<p lang=\"pt-BR\" align=\"justify\"><a href=\"https:\/\/www.google.com\/maps\/place\/IFG+Instituto+Federal+de+Goi%C3%A1s\/@-16.2433894,-47.9640716,17z\/data=!3m1!4b1!4m5!3m4!1s0x9359990748000007:0x200030d480645b24!8m2!3d-16.2433946!4d-47.9618776?hl=pt-BR\">IFG Instituto Federal de Goi\u00e1s, Luzi\u00e2nia &#8211; GO<\/a><\/p>\n<p lang=\"pt-BR\" align=\"justify\"><a href=\"https:\/\/www.google.com.br\/maps\/place\/IFG+Instituto+Federal+de+Goi%C3%A1s\/@-16.2433946,-47.9618776,15z\/data=%214m2%213m1%211s0x0:0x200030d480645b24?sa=X&amp;sqi=2&amp;ved=0ahUKEwiXgqzdw4jRAhWJGZAKHZ75CesQ_BIIazAN\" rel=\"alternate\"><img fetchpriority=\"high\" decoding=\"async\" class=\"\" src=\"https:\/\/ifg.edu.br\/images\/ifg\/img_campus\/d-luziania.jpg\" alt=\"\" width=\"516\" height=\"198\" \/><\/a><\/p>\n<p lang=\"pt-BR\" align=\"justify\"><a href=\"https:\/\/www.google.com.br\/maps\/place\/IFG+Instituto+Federal+de+Goi%C3%A1s\/@-16.2433946,-47.9618776,15z\/data=%214m2%213m1%211s0x0:0x200030d480645b24?sa=X&amp;sqi=2&amp;ved=0ahUKEwiXgqzdw4jRAhWJGZAKHZ75CesQ_BIIazAN\" rel=\"noreferrer\">Rua S\u00e3o Bartolomeu, s\/n, Vila Esperan\u00e7a. CEP: 72811-580. Luzi\u00e2nia &#8211; GO<\/a><\/p>\n","protected":false},"excerpt":{"rendered":"<p>Hist\u00f3rico O Semin\u00e1rio Comemorativo ao Dia da Inform\u00e1tica (SCDI) \u00e9 um evento anual de car\u00e1ter tecnol\u00f3gico realizado sempre no m\u00eas de agosto no Instituto Federal de Goi\u00e1s C\u00e2mpus Luzi\u00e2nia. As tem\u00e1ticas do SCDI oportunizam aos alunos e comunidade interessada, a discuss\u00e3o de temas inovadores e a demonstra\u00e7\u00e3o de como os conceitos de inform\u00e1tica ocorrem na [&hellip;]<\/p>\n","protected":false},"author":13,"featured_media":0,"parent":0,"menu_order":0,"comment_status":"closed","ping_status":"open","template":"","meta":{"ngg_post_thumbnail":0,"footnotes":""},"class_list":["post-2","page","type-page","status-publish","hentry"],"_links":{"self":[{"href":"https:\/\/eventos.ifg.edu.br\/scdi\/wp-json\/wp\/v2\/pages\/2"}],"collection":[{"href":"https:\/\/eventos.ifg.edu.br\/scdi\/wp-json\/wp\/v2\/pages"}],"about":[{"href":"https:\/\/eventos.ifg.edu.br\/scdi\/wp-json\/wp\/v2\/types\/page"}],"author":[{"embeddable":true,"href":"https:\/\/eventos.ifg.edu.br\/scdi\/wp-json\/wp\/v2\/users\/13"}],"replies":[{"embeddable":true,"href":"https:\/\/eventos.ifg.edu.br\/scdi\/wp-json\/wp\/v2\/comments?post=2"}],"version-history":[{"count":12,"href":"https:\/\/eventos.ifg.edu.br\/scdi\/wp-json\/wp\/v2\/pages\/2\/revisions"}],"predecessor-version":[{"id":215,"href":"https:\/\/eventos.ifg.edu.br\/scdi\/wp-json\/wp\/v2\/pages\/2\/revisions\/215"}],"wp:attachment":[{"href":"https:\/\/eventos.ifg.edu.br\/scdi\/wp-json\/wp\/v2\/media?parent=2"}],"curies":[{"name":"wp","href":"https:\/\/api.w.org\/{rel}","templated":true}]}}