{"id":16,"date":"2017-04-07T09:32:58","date_gmt":"2017-04-07T12:32:58","guid":{"rendered":"http:\/\/eventos.ifg.edu.br\/scdi\/?page_id=16"},"modified":"2017-07-25T15:37:26","modified_gmt":"2017-07-25T18:37:26","slug":"organizacao","status":"publish","type":"page","link":"https:\/\/eventos.ifg.edu.br\/scdi\/organizacao\/","title":{"rendered":"Organiza\u00e7\u00e3o"},"content":{"rendered":"<h1 class=\"page-header\"><span style=\"color: #000000\"><strong>Comiss\u00e3o Organizadora<\/strong><\/span><\/h1>\n<h4>Prof. Me. Ernane Rosa Martins (Coordenador Geral)<\/h4>\n<h4>Prof. Dr. Luiz Fernando Batista Loja<\/h4>\n<h4>Prof. Me. <span lang=\"pt-PT\">Christiane Borges Santos<\/span><\/h4>\n<h4>Prof. Me. <span lang=\"pt-PT\">Wendell Bento Geraldes<\/span><\/h4>\n<h1 class=\"page-header\"><span style=\"color: #000000\"><strong>Comit\u00ea Cient\u00edfico<\/strong><\/span><\/h1>\n<h4>Prof. Me. <span lang=\"pt-PT\">Aldo L\u00facio de Freitas Mundim<\/span><\/h4>\n<h4>Prof. Esp. <span lang=\"pt-PT\">Audir da Costa Oliveira Filho<\/span><\/h4>\n<h4>Prof. Esp. <span lang=\"pt-PT\">Cleyton Peixoto dos Reis J\u00fanior<\/span><\/h4>\n<h4><span lang=\"pt-PT\">Prof. Me. Daniel Rosa Canedo<\/span><\/h4>\n<h4><span lang=\"pt-PT\">Prof. Me. <\/span><span lang=\"pt-PT\">Daniel Vitor de Lucena<\/span><\/h4>\n<h4><span lang=\"pt-PT\">Prof. Me. <\/span><span lang=\"pt-PT\">Henrique Pereira de Freitas Filho<\/span><\/h4>\n<h4><span lang=\"pt-PT\">Prof. Me. <\/span><span lang=\"pt-PT\">Thiago Peixoto dos Reis<\/span><\/h4>\n<h4>Prof. Dr. <span lang=\"pt-PT\">Ulisses Rodrigues Afonseca<\/span><\/h4>\n<h4>Prof. Me. Ernane Rosa Martins<\/h4>\n<h4>Prof. Dr. Luiz Fernando Batista Loja<\/h4>\n<h4>Prof. Me. <span lang=\"pt-PT\">Christiane Borges Santos<\/span><\/h4>\n<h4>Prof. Me. <span lang=\"pt-PT\">Wendell Bento Geraldes<\/span><\/h4>\n<h4>Prof. Esp.\u00a0Getulio Cassemiro de Souza Junior<\/h4>\n<h1 class=\"page-header\"><span style=\"color: #000000\"><strong>Acad\u00eamicos Colaboradores<\/strong><\/span><\/h1>\n<div class=\"freebirdAnalyticsViewChartContainer\">\n<h4 class=\"freebirdCommonAnalyticsTextResponsesContainer\">L\u00edvia de Souza Ribeiro Coutinho<\/h4>\n<h4 class=\"freebirdCommonAnalyticsTextResponsesContainer\">Michele Sousa Damascena<\/h4>\n<h4 class=\"freebirdCommonAnalyticsTextResponsesContainer\">Jeniffer da Cruz Morais<\/h4>\n<h4 class=\"freebirdCommonAnalyticsTextResponsesContainer\">Giovanna Vit\u00f3ria Oliveira de Carvalho<\/h4>\n<h4 class=\"freebirdCommonAnalyticsTextResponsesContainer\">Davy Queiroz Viana<\/h4>\n<h4 class=\"freebirdCommonAnalyticsTextResponsesContainer\">Alisson Joel Gomes Meireles<\/h4>\n<h4 class=\"freebirdCommonAnalyticsTextResponsesContainer\">Laiane Matos Fernandes<\/h4>\n<h4 class=\"freebirdCommonAnalyticsTextResponsesContainer\">Laina de Luna Espindola<\/h4>\n<h4 class=\"freebirdCommonAnalyticsTextResponsesContainer\">Rafael Mira Barreira dos Santos<\/h4>\n<h4 class=\"freebirdCommonAnalyticsTextResponsesContainer\">Lucas de Oliveira Silva<\/h4>\n<h4 class=\"freebirdCommonAnalyticsTextResponsesContainer\">Gabriel Vieira Gon\u00e7alves da Luz<\/h4>\n<h4 class=\"freebirdCommonAnalyticsTextResponsesContainer\">Danielly Braz Soares<\/h4>\n<h4 class=\"freebirdCommonAnalyticsTextResponsesContainer\">Millena de Abreu Queiroz<\/h4>\n<h4 class=\"freebirdCommonAnalyticsTextResponsesContainer\">Paulo Victor Vilela Curado<\/h4>\n<h4 class=\"freebirdCommonAnalyticsTextResponsesContainer\">Ana Paula Pereira de Souza<\/h4>\n<h4 class=\"freebirdCommonAnalyticsTextResponsesContainer\">Gabriel de Oliveira Silva<\/h4>\n<h4 class=\"freebirdCommonAnalyticsTextResponsesContainer\">Mateus Pereira da Silva<\/h4>\n<h4 class=\"freebirdCommonAnalyticsTextResponsesContainer\">Lucas Gabriel Ferreira Vasconcelos<\/h4>\n<h4 class=\"freebirdCommonAnalyticsTextResponsesContainer\">Keven J\u00fanio Oliveira Faria<\/h4>\n<h4 class=\"freebirdCommonAnalyticsTextResponsesContainer\">Jo\u00e3o Paulo Oliveira Gon\u00e7alves<\/h4>\n<h4 class=\"freebirdCommonAnalyticsTextResponsesContainer\">J\u00falia Rodrigues Yoshida<\/h4>\n<h4 class=\"freebirdCommonAnalyticsTextResponsesContainer\">Luana Cruz Silva<\/h4>\n<h4 class=\"freebirdCommonAnalyticsTextResponsesContainer\">Let\u00edcia Xavier de Oliveira<\/h4>\n<h4 class=\"freebirdCommonAnalyticsTextResponsesContainer\">Pedro Lucas Vieira<\/h4>\n<h4 class=\"freebirdCommonAnalyticsTextResponsesContainer\">Rafael Xavier Canabrava<\/h4>\n<h4 class=\"freebirdCommonAnalyticsTextResponsesContainer\">\u00c1lvaro Alves Meireles<\/h4>\n<h4 class=\"freebirdCommonAnalyticsTextResponsesContainer\">Bruno Gabriel Lopes de Fran\u00e7a<\/h4>\n<h4 class=\"freebirdCommonAnalyticsTextResponsesContainer\">S\u00e9rgio Hugo Salom\u00e3o Meireles Piccirili<\/h4>\n<h4 class=\"freebirdCommonAnalyticsTextResponsesContainer\">Weslley Francisco de Oliveira<\/h4>\n<h4 class=\"freebirdCommonAnalyticsTextResponsesContainer\">Jhonathan de Moura Santos<\/h4>\n<h4 class=\"freebirdCommonAnalyticsTextResponsesContainer\">Jo\u00e3o Victor Moreira Nascimento<\/h4>\n<h4 class=\"freebirdCommonAnalyticsTextResponsesContainer\">Emilly Bueno<\/h4>\n<h4 class=\"freebirdCommonAnalyticsTextResponsesContainer\">Thauanne Lisboa<\/h4>\n<div class=\"freebirdCommonAnalyticsTextResponsesContainer\">\n<h4 class=\"freebirdCommonAnalyticsTextResponse freebirdUltraLightBackground\">Bruna Matias Costa<\/h4>\n<h4 class=\"freebirdCommonAnalyticsTextResponse freebirdLightBackground\">Bruno Camargos<\/h4>\n<\/div>\n<\/div>\n","protected":false},"excerpt":{"rendered":"<p>Comiss\u00e3o Organizadora Prof. Me. Ernane Rosa Martins (Coordenador Geral) Prof. Dr. Luiz Fernando Batista Loja Prof. Me. Christiane Borges Santos Prof. Me. Wendell Bento Geraldes Comit\u00ea Cient\u00edfico Prof. Me. Aldo L\u00facio de Freitas Mundim Prof. Esp. Audir da Costa Oliveira Filho Prof. Esp. Cleyton Peixoto dos Reis J\u00fanior Prof. Me. Daniel Rosa Canedo Prof. Me. [&hellip;]<\/p>\n","protected":false},"author":13,"featured_media":0,"parent":0,"menu_order":0,"comment_status":"closed","ping_status":"closed","template":"","meta":{"ngg_post_thumbnail":0,"footnotes":""},"class_list":["post-16","page","type-page","status-publish","hentry"],"_links":{"self":[{"href":"https:\/\/eventos.ifg.edu.br\/scdi\/wp-json\/wp\/v2\/pages\/16"}],"collection":[{"href":"https:\/\/eventos.ifg.edu.br\/scdi\/wp-json\/wp\/v2\/pages"}],"about":[{"href":"https:\/\/eventos.ifg.edu.br\/scdi\/wp-json\/wp\/v2\/types\/page"}],"author":[{"embeddable":true,"href":"https:\/\/eventos.ifg.edu.br\/scdi\/wp-json\/wp\/v2\/users\/13"}],"replies":[{"embeddable":true,"href":"https:\/\/eventos.ifg.edu.br\/scdi\/wp-json\/wp\/v2\/comments?post=16"}],"version-history":[{"count":20,"href":"https:\/\/eventos.ifg.edu.br\/scdi\/wp-json\/wp\/v2\/pages\/16\/revisions"}],"predecessor-version":[{"id":458,"href":"https:\/\/eventos.ifg.edu.br\/scdi\/wp-json\/wp\/v2\/pages\/16\/revisions\/458"}],"wp:attachment":[{"href":"https:\/\/eventos.ifg.edu.br\/scdi\/wp-json\/wp\/v2\/media?parent=16"}],"curies":[{"name":"wp","href":"https:\/\/api.w.org\/{rel}","templated":true}]}}