{"id":14,"date":"2017-04-07T09:32:26","date_gmt":"2017-04-07T12:32:26","guid":{"rendered":"http:\/\/eventos.ifg.edu.br\/scdi\/?page_id=14"},"modified":"2017-07-10T05:18:38","modified_gmt":"2017-07-10T08:18:38","slug":"submissao-de-trabalhos","status":"publish","type":"page","link":"https:\/\/eventos.ifg.edu.br\/scdi\/submissao-de-trabalhos\/","title":{"rendered":"Submiss\u00e3o de Trabalhos"},"content":{"rendered":"<h1><span style=\"color: #000000\"><strong>Datas importantes<\/strong><\/span><\/h1>\n<h4 align=\"justify\"><span style=\"color: #000000\">Submiss\u00e3o de resumos: 12\/06\/2017 a <del>09\/07\/201<\/del>7<span style=\"color: #ff0000\"> <strong>16\/07\/2017<\/strong><\/span> (prorrogado);<\/span><\/h4>\n<h4 align=\"justify\"><span style=\"color: #000000\">Notifica\u00e7\u00e3o dos autores: 30\/07\/2017;<\/span><\/h4>\n<h4 align=\"justify\"><span style=\"color: #000000\">Envio da vers\u00e3o final: 11\/08\/2017;<\/span><\/h4>\n<h4><span style=\"color: #000000\">Apresenta\u00e7\u00f5es (<span class=\"il\">poster<\/span>) de resumos: 14, 15 e 16\/08\/2017;<\/span><\/h4>\n<h4 align=\"justify\"><span style=\"color: #000000\">Disponibiliza\u00e7\u00e3o dos anais: 16\/08\/2017.<\/span><\/h4>\n<p>&nbsp;<\/p>\n<h1 align=\"justify\"><span style=\"color: #000000\"><strong>Formato de Submiss\u00f5es e Processo de Avalia\u00e7\u00e3o<\/strong><\/span><\/h1>\n<h4 align=\"justify\"><span style=\"color: #000000\">As submiss\u00f5es ao SCDI s\u00e3o por meio de artigos resumidos, que devem ser submetidos em formato exclusivamente digital (arquivo PDF), atrav\u00e9s do email diadainformatica2017@gmail.com. Todas as submiss\u00f5es devem obrigatoriamente seguir o modelo para publica\u00e7\u00e3o de artigos da SBC <span style=\"color: #0000ff\"><a style=\"color: #0000ff\" href=\"http:\/\/goo.gl\/Q9yglP\">http:\/\/goo.gl\/Q9yglP<\/a><\/span><\/span><\/h4>\n<h4 align=\"justify\"><span style=\"color: #000000\">Aspectos adicionais a serem observados:<\/span><\/h4>\n<h4 align=\"justify\"><span style=\"color: #000000\">\u2022 Os resumos devem ter de 2 (duas) a 4 (quatro) p\u00e1ginas incluindo tabelas, figuras e refer\u00eancias, correspondendo a trabalhos em andamento, com resultados preliminares, ou propostas de pesquisa.<\/span><\/h4>\n<h4 align=\"justify\"><span style=\"color: #000000\">\u2022 \u00c9 importante que os trabalhos descrevam a motiva\u00e7\u00e3o (justificativa), fundamenta\u00e7\u00e3o te\u00f3rica (trabalhos relacionados), metodologia empregada e os resultados obtidos ou esperados, ressaltando suas contribui\u00e7\u00f5es. Relatos de experi\u00eancia, oriundos da pr\u00e1tica, tamb\u00e9m s\u00e3o bem-vindos.<\/span><\/h4>\n<h4 align=\"justify\"><span style=\"color: #000000\">\u2022 Com rela\u00e7\u00e3o ao idioma, os trabalhos devem estar em Portugu\u00eas.<\/span><\/h4>\n<h4 align=\"justify\"><span style=\"color: #000000\">\u2022 No arquivo da submiss\u00e3o, n\u00e3o deve constar nenhum tipo de identifica\u00e7\u00e3o dos autores. Caso o resumo seja aceito, os autores devem incluir na vers\u00e3o final seus dados (nomes, filia\u00e7\u00f5es e e-mails).<\/span><\/h4>\n<h4 align=\"justify\"><span style=\"color: #000000\">\u2022 A sele\u00e7\u00e3o dos trabalhos \u00e9 realizada pela revis\u00e3o por membros do Comit\u00ea Cient\u00edfico do SCDI. O processo de revis\u00e3o \u00e9 conduzido de forma an\u00f4nima (blind review) por pelo menos dois revisores, com a arbitragem de um terceiro revisor em caso de necessidade. As submiss\u00f5es s\u00e3o revisadas de acordo com os seguintes crit\u00e9rios: adequa\u00e7\u00e3o ao escopo do evento, revis\u00e3o bibliogr\u00e1fica, metodologia, contribui\u00e7\u00f5es, originalidade e clareza.<\/span><\/h4>\n<h4 align=\"justify\"><span style=\"color: #000000\">\u2022 Os resumos que forem aprovados ser\u00e3o publicados nos anais do SCDI, em formato digital. Para tal, ao menos um autor de cada trabalho aprovado deve efetuar sua apresenta\u00e7\u00e3o no evento.<\/span><\/h4>\n<h4 align=\"justify\"><span style=\"color: #000000\">\u2022 No decorrer do evento, os artigos resumidos ser\u00e3o apresentados em formato de p\u00f4ster no tamanho A1.<\/span><\/h4>\n<h4 align=\"justify\"><span style=\"color: #000000\">\u2022 As submiss\u00f5es ao SCDI implicam por parte dos autores na aceita\u00e7\u00e3o das normas contidas nesta chamada, bem como na observa\u00e7\u00e3o das normas sobre direitos autorais. No caso de autoria conjunta, o respons\u00e1vel pela submiss\u00e3o deve ter autoriza\u00e7\u00e3o dos demais coautores.<\/span><\/h4>\n<h4 align=\"justify\"><span style=\"color: #000000\">\u2022 Outras informa\u00e7\u00f5es podem ser obtidas via e-mail para ernane.martins@ifg.edu.br.<\/span><\/h4>\n<p>&nbsp;<\/p>\n<h1 align=\"justify\"><span style=\"color: #000000\"><strong>T\u00f3picos de Interesse<\/strong><\/span><\/h1>\n<h4 align=\"justify\"><span style=\"color: #000000\">Os principais t\u00f3picos que norteiam as submiss\u00f5es ao SCDI est\u00e3o sintetizados da seguinte forma, n\u00e3o se restringindo a eles:<\/span><\/h4>\n<h4 align=\"left\"><span style=\"color: #000000\">\u2022 Algoritmos e Otimiza\u00e7\u00e3o;<\/span><br \/>\n<span style=\"color: #000000\"> \u2022 Arquitetura de Computadores;<\/span><br \/>\n<span style=\"color: #000000\"> \u2022 Avalia\u00e7\u00e3o de Desempenho;<\/span><br \/>\n<span style=\"color: #000000\"> \u2022 Banco de Dados;<\/span><br \/>\n<span style=\"color: #000000\"> \u2022 Bioinform\u00e1tica;<\/span><br \/>\n<span style=\"color: #000000\"> \u2022 Computa\u00e7\u00e3o Aplicada \u00e0 Sa\u00fade;<\/span><br \/>\n<span style=\"color: #000000\"> \u2022 Computa\u00e7\u00e3o Gr\u00e1fica e Processamento de Imagens;<\/span><br \/>\n<span style=\"color: #000000\"> \u2022 Computa\u00e7\u00e3o Ub\u00edqua e Pervasiva;<\/span><br \/>\n<span style=\"color: #000000\"> \u2022 Engenharia de Software;<\/span><br \/>\n<span style=\"color: #000000\"> \u2022 Geoprocessamento;<\/span><br \/>\n<span style=\"color: #000000\"> \u2022 Gest\u00e3o do Conhecimento;<\/span><br \/>\n<span style=\"color: #000000\"> \u2022 Governan\u00e7a e Empreendedorismo;<\/span><br \/>\n<span style=\"color: #000000\"> \u2022 Inform\u00e1tica na Educa\u00e7\u00e3o;<\/span><br \/>\n<span style=\"color: #000000\"> \u2022 Intelig\u00eancia Computacional;<\/span><br \/>\n<span style=\"color: #000000\"> \u2022 Intera\u00e7\u00e3o Humano-Computador;<\/span><br \/>\n<span style=\"color: #000000\"> \u2022 Jogos e Entretenimento Digital;<\/span><br \/>\n<span style=\"color: #000000\"> \u2022 Linguagens de Programa\u00e7\u00e3o;<\/span><br \/>\n<span style=\"color: #000000\"> \u2022 Matem\u00e1tica e F\u00edsica Computacional;<\/span><br \/>\n<span style=\"color: #000000\"> \u2022 Redes de Computadores e Sistemas Distribu\u00eddos;<\/span><br \/>\n<span style=\"color: #000000\"> \u2022 Redes Sociais;<\/span><br \/>\n<span style=\"color: #000000\"> \u2022 Rob\u00f3tica e Sistemas Digitais;<\/span><br \/>\n<span style=\"color: #000000\"> \u2022 Seguran\u00e7a da Informa\u00e7\u00e3o;<\/span><br \/>\n<span style=\"color: #000000\"> \u2022 Sistemas de Informa\u00e7\u00e3o;<\/span><br \/>\n<span style=\"color: #000000\"> \u2022 Sistemas Embarcados e M\u00f3veis;<\/span><br \/>\n<span style=\"color: #000000\"> \u2022 Sistemas Multim\u00eddia e Web;<\/span><br \/>\n<span style=\"color: #000000\"> \u2022 Telecomunica\u00e7\u00f5es.<\/span><\/h4>\n<p>&nbsp;<\/p>\n<h1><span style=\"color: #000000\"><b>Instru\u00e7\u00f5es para elabora\u00e7\u00e3o do p\u00f4ster<\/b><\/span><\/h1>\n<h4 class=\"text-justify\"><span style=\"color: #000000\">Para a elabora\u00e7\u00e3o do p\u00f4ster a ser apresentado no <strong>Semin\u00e1rio Comemorativo ao Dia da Inform\u00e1tica do IFG C\u00e2mpus Luzi\u00e2nia<\/strong>, sugerimos que os autores sigam as instru\u00e7\u00f5es abaixo:<\/span><\/h4>\n<ol type=\"a\">\n<li>\n<h4><span style=\"color: #000000\">Dimens\u00f5es: 90 cm de largura por 1,20 m de altura<\/span><\/h4>\n<\/li>\n<li>\n<h4><span style=\"color: #000000\">Dever\u00e1 constar no p\u00f4ster:<\/span><\/h4>\n<ul>\n<li>\n<h4><span style=\"color: #000000\">T\u00edtulo id\u00eantico ao do resumo aceito;<\/span><\/h4>\n<\/li>\n<li>\n<h4><span style=\"color: #000000\">Nomes e institui\u00e7\u00f5es dos autores;<\/span><\/h4>\n<\/li>\n<li>\n<h4><span style=\"color: #000000\">Introdu\u00e7\u00e3o com os objetivos; Metodologia; Resultados e discuss\u00e3o, Conclus\u00e3o e Refer\u00eancias;<\/span><\/h4>\n<\/li>\n<li>\n<h4><span style=\"color: #000000\">Informar a institui\u00e7\u00e3o de fomento, se houver;<\/span><\/h4>\n<\/li>\n<li>\n<h4><span style=\"color: #000000\">Identificar &#8220;Trabalho de Inicia\u00e7\u00e3o Cient\u00edfica&#8221; ou &#8220;Pesquisa monogr\u00e1fica&#8221; (se for o caso);<\/span><\/h4>\n<\/li>\n<li>\n<h4 class=\"font_7\"><span class=\"color_1\" style=\"color: #000000\">Utilize tamanho de fonte 72 como m\u00ednimo para t\u00edtulo e fonte 28 como m\u00ednimo para conte\u00fado;<\/span><\/h4>\n<\/li>\n<li>\n<h4 class=\"font_7\"><span class=\"color_1\" style=\"color: #000000\">Figuras e tabelas dever\u00e3o cobrir ao m\u00e1ximo um 50% do p\u00f4ster, informando a fonte destes dados, indicar a fonte das tabelas e das figuras;<\/span><\/h4>\n<\/li>\n<li>\n<h4 class=\"font_7\"><span class=\"color_1\" style=\"color: #000000\">Apresente informa\u00e7\u00f5es concisas e claras.<\/span><\/h4>\n<\/li>\n<\/ul>\n<\/li>\n<\/ol>\n<h4 class=\"text-justify\"><span style=\"color: #000000\">Lembramos que a impress\u00e3o e fixa\u00e7\u00e3o do p\u00f4ster s\u00e3o de inteira responsabilidade dos autores. O autor respons\u00e1vel pela apresenta\u00e7\u00e3o do trabalho dever\u00e1 ficar atento \u00e0 data e hor\u00e1rio previamente estabelecidos pela Comiss\u00e3o Organizadora. No momento das apresenta\u00e7\u00f5es em forma de p\u00f4ster, dever\u00e1 permanecer junto ao mesmo, durante o tempo da sess\u00e3o, para explicar os resultados de seu estudo ao p\u00fablico participante do Evento.<\/span><\/h4>\n","protected":false},"excerpt":{"rendered":"<p>Datas importantes Submiss\u00e3o de resumos: 12\/06\/2017 a 09\/07\/2017 16\/07\/2017 (prorrogado); Notifica\u00e7\u00e3o dos autores: 30\/07\/2017; Envio da vers\u00e3o final: 11\/08\/2017; Apresenta\u00e7\u00f5es (poster) de resumos: 14, 15 e 16\/08\/2017; Disponibiliza\u00e7\u00e3o dos anais: 16\/08\/2017. &nbsp; Formato de Submiss\u00f5es e Processo de Avalia\u00e7\u00e3o As submiss\u00f5es ao SCDI s\u00e3o por meio de artigos resumidos, que devem ser submetidos em formato [&hellip;]<\/p>\n","protected":false},"author":13,"featured_media":0,"parent":0,"menu_order":0,"comment_status":"closed","ping_status":"closed","template":"","meta":{"ngg_post_thumbnail":0,"footnotes":""},"class_list":["post-14","page","type-page","status-publish","hentry"],"_links":{"self":[{"href":"https:\/\/eventos.ifg.edu.br\/scdi\/wp-json\/wp\/v2\/pages\/14"}],"collection":[{"href":"https:\/\/eventos.ifg.edu.br\/scdi\/wp-json\/wp\/v2\/pages"}],"about":[{"href":"https:\/\/eventos.ifg.edu.br\/scdi\/wp-json\/wp\/v2\/types\/page"}],"author":[{"embeddable":true,"href":"https:\/\/eventos.ifg.edu.br\/scdi\/wp-json\/wp\/v2\/users\/13"}],"replies":[{"embeddable":true,"href":"https:\/\/eventos.ifg.edu.br\/scdi\/wp-json\/wp\/v2\/comments?post=14"}],"version-history":[{"count":22,"href":"https:\/\/eventos.ifg.edu.br\/scdi\/wp-json\/wp\/v2\/pages\/14\/revisions"}],"predecessor-version":[{"id":290,"href":"https:\/\/eventos.ifg.edu.br\/scdi\/wp-json\/wp\/v2\/pages\/14\/revisions\/290"}],"wp:attachment":[{"href":"https:\/\/eventos.ifg.edu.br\/scdi\/wp-json\/wp\/v2\/media?parent=14"}],"curies":[{"name":"wp","href":"https:\/\/api.w.org\/{rel}","templated":true}]}}