{"id":31,"date":"2020-11-04T09:50:36","date_gmt":"2020-11-04T12:50:36","guid":{"rendered":"http:\/\/eventos.ifg.edu.br\/sae\/?page_id=31"},"modified":"2020-11-17T08:55:17","modified_gmt":"2020-11-17T11:55:17","slug":"inscricoes","status":"publish","type":"page","link":"https:\/\/eventos.ifg.edu.br\/sae\/inscricoes\/","title":{"rendered":"Inscri\u00e7\u00f5es"},"content":{"rendered":"<p><strong>Data de inscri\u00e7\u00e3o<\/strong>: de 19 a 27 de novembro.<\/p>\n<p><strong>&nbsp;<\/strong><\/p>\n<p style=\"text-align: center\"><strong>ORIENTA\u00c7\u00d5ES PARA INSCRI\u00c7\u00c3O<\/strong><\/p>\n<p><strong>&nbsp;<\/strong><\/p>\n<p><strong>Servidores e Estudantes do IFG:<\/strong><\/p>\n<ol>\n<li>Clique no link:&nbsp;<a href=\"https:\/\/virtual.ifg.edu.br\/\">https:\/\/virtual.ifg.edu.br\/<\/a><\/li>\n<li>Clique no quadro \u201cEVENTOS \u2013 EVENTOS NO IFG\u201d;<\/li>\n<li>Clique no evento: 3 Semin\u00e1rio de Assist\u00eancia Estudantil;<\/li>\n<li>No canto superior da tela selecione a l\u00edngua portuguesa para tradu\u00e7\u00e3o do site;<\/li>\n<li>No campo IFG Virtual acesse com seu IFG-ID;<\/li>\n<li>No canto inferior esquerdo da tela, no campo chave de inscri\u00e7\u00e3o, digite o n\u00famero: 123456 e clique no bot\u00e3o: inscreva-me\u201d;<\/li>\n<li>Aparecer\u00e1 uma mensagem confirmando a sua inscri\u00e7\u00e3o e voc\u00ea receber\u00e1 um e-mail de confirma\u00e7\u00e3o da inscri\u00e7\u00e3o;<\/li>\n<li>No campo programa\u00e7\u00e3o tenha acesso aos links de cada atividade do evento.<\/li>\n<\/ol>\n<p><img fetchpriority=\"high\" decoding=\"async\" class=\"alignnone size-full wp-image-55\" src=\"http:\/\/eventos.ifg.edu.br\/sae\/wp-content\/uploads\/sites\/57\/2020\/11\/WhatsApp-Image-2020-11-16-at-11.08.31-2.jpeg\" alt=\"WhatsApp Image 2020-11-16 at 11.08.31 (2)\" width=\"1280\" height=\"719\"> <img decoding=\"async\" class=\"alignnone wp-image-56\" src=\"http:\/\/eventos.ifg.edu.br\/sae\/wp-content\/uploads\/sites\/57\/2020\/11\/WhatsApp-Image-2020-11-16-at-11.08.32.jpeg\" alt=\"WhatsApp Image 2020-11-16 at 11.08.32\" width=\"824\" height=\"464\"> <img decoding=\"async\" class=\"alignnone wp-image-57\" src=\"http:\/\/eventos.ifg.edu.br\/sae\/wp-content\/uploads\/sites\/57\/2020\/11\/WhatsApp-Image-2020-11-16-at-11.08.32-1.jpeg\" alt=\"WhatsApp Image 2020-11-16 at 11.08.32 (1)\" width=\"827\" height=\"464\"><\/p>\n<p><img loading=\"lazy\" decoding=\"async\" class=\"alignnone wp-image-61\" src=\"http:\/\/eventos.ifg.edu.br\/sae\/wp-content\/uploads\/sites\/57\/2020\/11\/WhatsApp-Image-2020-11-16-at-11.08.31.jpeg\" alt=\"WhatsApp Image 2020-11-16 at 11.08.31\" width=\"824\" height=\"464\"><\/p>\n<p><img loading=\"lazy\" decoding=\"async\" class=\"alignnone  wp-image-67\" src=\"http:\/\/eventos.ifg.edu.br\/sae\/wp-content\/uploads\/sites\/57\/2020\/11\/WhatsApp-Image-2020-11-16-at-13.42.37.jpeg\" alt=\"WhatsApp Image 2020-11-16 at 13.42.37\" width=\"824\" height=\"464\"><\/p>\n<p><img loading=\"lazy\" decoding=\"async\" class=\"alignnone  wp-image-68\" src=\"http:\/\/eventos.ifg.edu.br\/sae\/wp-content\/uploads\/sites\/57\/2020\/11\/WhatsApp-Image-2020-11-16-at-13.42.37-1.jpeg\" alt=\"WhatsApp Image 2020-11-16 at 13.42.37 (1)\" width=\"825\" height=\"465\"><\/p>\n<p><img loading=\"lazy\" decoding=\"async\" class=\"alignnone size-full wp-image-66\" src=\"http:\/\/eventos.ifg.edu.br\/sae\/wp-content\/uploads\/sites\/57\/2020\/11\/WhatsApp-Image-2020-11-16-at-13.42.36-2.jpeg\" alt=\"WhatsApp Image 2020-11-16 at 13.42.36 (2)\" width=\"1280\" height=\"719\"><\/p>\n<p>&nbsp;<\/p>\n<p><strong>Participantes externos ou sem v\u00ednculo com o IFG:<\/strong><\/p>\n<ol>\n<li>Clique no link:&nbsp;<a href=\"https:\/\/virtual.ifg.edu.br\/\">https:\/\/virtual.ifg.edu.br\/<\/a><\/li>\n<li>Clique no quadro \u201cEVENTOS \u2013 EVENTOS NO IFG\u201d;<\/li>\n<li>Clique no evento: 3 Semin\u00e1rio de Assist\u00eancia Estudantil;<\/li>\n<li>No canto superior da tela selecione a l\u00edngua portuguesa para tradu\u00e7\u00e3o do site;<\/li>\n<li>No campo IFG Virtual crie uma conta de acesso ao site por meio de uma conta pessoal ou manual;<\/li>\n<li>No canto inferior esquerdo da tela, no campo chave de inscri\u00e7\u00e3o, digite o n\u00famero: 123456 e clique no bot\u00e3o: inscreva-me\u201d;<\/li>\n<li>Aparecer\u00e1 uma mensagem confirmando a sua inscri\u00e7\u00e3o e voc\u00ea receber\u00e1 um e-mail de confirma\u00e7\u00e3o da inscri\u00e7\u00e3o;<\/li>\n<li>No campo programa\u00e7\u00e3o tenha acesso aos links de cada atividade do evento.<\/li>\n<\/ol>\n<p><img fetchpriority=\"high\" decoding=\"async\" class=\"alignnone size-full wp-image-55\" src=\"http:\/\/eventos.ifg.edu.br\/sae\/wp-content\/uploads\/sites\/57\/2020\/11\/WhatsApp-Image-2020-11-16-at-11.08.31-2.jpeg\" alt=\"WhatsApp Image 2020-11-16 at 11.08.31 (2)\" width=\"1280\" height=\"719\"><\/p>\n<p><img decoding=\"async\" class=\"alignnone wp-image-56\" src=\"http:\/\/eventos.ifg.edu.br\/sae\/wp-content\/uploads\/sites\/57\/2020\/11\/WhatsApp-Image-2020-11-16-at-11.08.32.jpeg\" alt=\"WhatsApp Image 2020-11-16 at 11.08.32\" width=\"824\" height=\"464\"><img loading=\"lazy\" decoding=\"async\" class=\"alignnone wp-image-60\" src=\"http:\/\/eventos.ifg.edu.br\/sae\/wp-content\/uploads\/sites\/57\/2020\/11\/WhatsApp-Image-2020-11-16-at-11.08.30-2.jpeg\" alt=\"WhatsApp Image 2020-11-16 at 11.08.30 (2)\" width=\"823\" height=\"461\"><\/p>\n<p><img loading=\"lazy\" decoding=\"async\" class=\"alignnone wp-image-59\" src=\"http:\/\/eventos.ifg.edu.br\/sae\/wp-content\/uploads\/sites\/57\/2020\/11\/WhatsApp-Image-2020-11-16-at-11.08.33.jpeg\" alt=\"WhatsApp Image 2020-11-16 at 11.08.33\" width=\"824\" height=\"464\"><\/p>\n<p><img loading=\"lazy\" decoding=\"async\" class=\"alignnone wp-image-58\" src=\"http:\/\/eventos.ifg.edu.br\/sae\/wp-content\/uploads\/sites\/57\/2020\/11\/WhatsApp-Image-2020-11-16-at-11.08.32-2.jpeg\" alt=\"WhatsApp Image 2020-11-16 at 11.08.32 (2)\" width=\"825\" height=\"462\"><\/p>\n<p><img loading=\"lazy\" decoding=\"async\" class=\"alignnone  wp-image-67\" src=\"http:\/\/eventos.ifg.edu.br\/sae\/wp-content\/uploads\/sites\/57\/2020\/11\/WhatsApp-Image-2020-11-16-at-13.42.37.jpeg\" alt=\"WhatsApp Image 2020-11-16 at 13.42.37\" width=\"824\" height=\"464\"><\/p>\n<p><img loading=\"lazy\" decoding=\"async\" class=\"alignnone  wp-image-68\" src=\"http:\/\/eventos.ifg.edu.br\/sae\/wp-content\/uploads\/sites\/57\/2020\/11\/WhatsApp-Image-2020-11-16-at-13.42.37-1.jpeg\" alt=\"WhatsApp Image 2020-11-16 at 13.42.37 (1)\" width=\"825\" height=\"465\"><\/p>\n<p><img loading=\"lazy\" decoding=\"async\" class=\"alignnone size-full wp-image-66\" src=\"http:\/\/eventos.ifg.edu.br\/sae\/wp-content\/uploads\/sites\/57\/2020\/11\/WhatsApp-Image-2020-11-16-at-13.42.36-2.jpeg\" alt=\"WhatsApp Image 2020-11-16 at 13.42.36 (2)\" width=\"1280\" height=\"719\"><\/p>\n<p>&nbsp;<\/p>\n","protected":false},"excerpt":{"rendered":"<p>Data de inscri\u00e7\u00e3o: de 19 a 27 de novembro. &nbsp; ORIENTA\u00c7\u00d5ES PARA INSCRI\u00c7\u00c3O &nbsp; Servidores e Estudantes do IFG: Clique no link:&nbsp;https:\/\/virtual.ifg.edu.br\/ Clique no quadro \u201cEVENTOS \u2013 EVENTOS NO IFG\u201d; Clique no evento: 3 Semin\u00e1rio de Assist\u00eancia Estudantil; No canto superior da tela selecione a l\u00edngua portuguesa para tradu\u00e7\u00e3o do site; No campo IFG Virtual <a class=\"more-link\" href=\"https:\/\/eventos.ifg.edu.br\/sae\/inscricoes\/\">Leia mais&#8230; &raquo;<\/a><\/p>\n","protected":false},"author":126,"featured_media":0,"parent":0,"menu_order":0,"comment_status":"closed","ping_status":"closed","template":"","meta":{"ngg_post_thumbnail":0,"footnotes":""},"class_list":["post-31","page","type-page","status-publish","hentry"],"_links":{"self":[{"href":"https:\/\/eventos.ifg.edu.br\/sae\/wp-json\/wp\/v2\/pages\/31"}],"collection":[{"href":"https:\/\/eventos.ifg.edu.br\/sae\/wp-json\/wp\/v2\/pages"}],"about":[{"href":"https:\/\/eventos.ifg.edu.br\/sae\/wp-json\/wp\/v2\/types\/page"}],"author":[{"embeddable":true,"href":"https:\/\/eventos.ifg.edu.br\/sae\/wp-json\/wp\/v2\/users\/126"}],"replies":[{"embeddable":true,"href":"https:\/\/eventos.ifg.edu.br\/sae\/wp-json\/wp\/v2\/comments?post=31"}],"version-history":[{"count":7,"href":"https:\/\/eventos.ifg.edu.br\/sae\/wp-json\/wp\/v2\/pages\/31\/revisions"}],"predecessor-version":[{"id":72,"href":"https:\/\/eventos.ifg.edu.br\/sae\/wp-json\/wp\/v2\/pages\/31\/revisions\/72"}],"wp:attachment":[{"href":"https:\/\/eventos.ifg.edu.br\/sae\/wp-json\/wp\/v2\/media?parent=31"}],"curies":[{"name":"wp","href":"https:\/\/api.w.org\/{rel}","templated":true}]}}