{"id":2,"date":"2020-10-27T16:55:28","date_gmt":"2020-10-27T19:55:28","guid":{"rendered":"http:\/\/eventos.ifg.edu.br\/sae\/?page_id=2"},"modified":"2020-11-19T11:21:34","modified_gmt":"2020-11-19T14:21:34","slug":"pagina-exemplo","status":"publish","type":"page","link":"https:\/\/eventos.ifg.edu.br\/sae\/pagina-exemplo\/","title":{"rendered":"Programa\u00e7\u00e3o"},"content":{"rendered":"<p>O 3\u00ba Semin\u00e1rio de Assist\u00eancia Estudantil acontecer\u00e1 em formato virtual. Toda&nbsp; a programa\u00e7\u00e3o ser\u00e1 transmitida, ao vivo.&nbsp;<\/p>\n<p>Para acessar&nbsp;os ambientes de cada atividade, fa\u00e7a login na plataforma do evento conforme passo a passo&nbsp;no&nbsp;link: <a href=\"https:\/\/eventos.ifg.edu.br\/sae\/inscricoes\/\">https:\/\/eventos.ifg.edu.br\/sae\/inscricoes\/<\/a><\/p>\n<p>&nbsp;<\/p>\n<p style=\"text-align: center\"><strong>DIA 01&nbsp;DE&nbsp;DEZEMBRO&nbsp;DE 2020<\/strong><\/p>\n<p>&nbsp;<\/p>\n<p><strong>14h \u2013 14h45<\/strong> \u2013 Abertura Oficial.<\/p>\n<p><strong>15h \u2013 17h00<\/strong> \u2013 Roda de conversa: Desafios da Assist\u00eancia Estudantil no cen\u00e1rio pol\u00edtico brasileiro.<br \/>\nConvidadas: Beatriz Augusto de Paiva (Assistente Social e Professora na Universidade Federal de Santa Catarina \u2013 UFSC) e Maisa Miralva da Silva (Assistente Social e Pr\u00f3-Reitora de Assuntos Estudantis da UFG) .<br \/>\nMediadora: M\u00f4nica Oliveira Fernandes (Assistente Social \u2013 Pr\u00f3-Reitoria de Extens\u00e3o)<\/p>\n<p><strong>17h \u2013 18h<\/strong> \u2013 Intervalo<\/p>\n<p><strong>18h \u2013 20h30<\/strong> \u2013 Perman\u00eancia e \u00caxito no IFG: planos, a\u00e7\u00f5es e pol\u00edtica. Respons\u00e1veis: Pr\u00f3-Reitoria de Ensino e Pr\u00f3-Reitoria de Extens\u00e3o. Convidada:&nbsp;Maria Valeska Lopes Viana.<br \/>\n&#8211; Diagn\u00f3stico socioecon\u00f4mico dos estudantes do IFG. Respons\u00e1veis: Denise Gon\u00e7alves (Nutricionista e Coordenadora Geral de Assist\u00eancia Estudantil) e Willian Batista dos Santos (Docente e Diretor de A\u00e7\u00f5es Sociais) &#8211; Pr\u00f3-Reitoria de Extens\u00e3o.<\/p>\n<p>&nbsp;<\/p>\n<p style=\"text-align: center\"><strong>DIA&nbsp;02&nbsp;DE DEZEMBRO DE&nbsp; 2020&nbsp;<\/strong><\/p>\n<p><strong>8h30 \u2013 10:30h<\/strong> \u2013 Rodas de conversa:<br \/>\n1. Ampliando o olhar, multiplicando o fazer: reflex\u00f5es sobre o trabalho multiprofissional na CAE<br \/>\n&#8211; CAE. Respons\u00e1veis: Andr\u00e9 Alexandre Antunes (Psic\u00f3logo), Olinto Brand\u00e3o Sobrinho (Assistente Social) e Shirley Carmem da Silva (Pedagoga) &#8211; Coordena\u00e7\u00e3o de Assist\u00eancia Estudantil- CAE &#8211; C\u00e2mpus Inhumas.<br \/>\n2. Programas da Pol\u00edtica de Assist\u00eancia Estudantil: limites e possibilidades. Respons\u00e1veis: Cl\u00e1udia do Amaral (Psic\u00f3loga) e Euzamar Ribeiro (Assistente Social) &#8211; Coordena\u00e7\u00e3o de Assist\u00eancia Estudantil &#8211; CAE &#8211; C\u00e2mpus Cidade de Goi\u00e1s<br \/>\n3. Alimenta\u00e7\u00e3o Estudantil: como funciona e quais as possibilidades no IFG? Respons\u00e1veis: Denise C\u00e2ndido Gon\u00e7alves (Nutricionista), Renata David de Moraes (Nutricionista) &#8211; Pr\u00f3-Reitoria de Extens\u00e3o \u2013 Pr\u00f3-Reitoria de Extens\u00e3o -Proex-IFG e Rodrigo Marciel Soares Dutra &#8211; T\u00e9cnico em Assuntos Educacionais &#8211; C\u00e2mpus Senador Canedo<br \/>\n4. Assist\u00eancia Estudantil: Acesso, Perman\u00eancia e \u00caxito<br \/>\nRespons\u00e1veis: M\u00e1rcia Cabral (Assistente Social) Coordena\u00e7\u00e3o de Assist\u00eancia Estudantil &#8211; CAE, Tatiane Soares Martins (Pedagoga) Coordena\u00e7\u00e3o de Apoio ao Discente, Hugo Sanches (Estudante curso t\u00e9cnico em Eletrot\u00e9cnica) \u2013 C\u00e2mpus Valpara\u00edso e Rosalina Couto (Assistente Social)<\/p>\n<p>&nbsp;<\/p>\n<p><strong>10:30h &#8211; 12h<\/strong> Propostas para a Assist\u00eancia Estudantil IFG<\/p>\n<p>&nbsp;<\/p>\n<p><strong>12h-14h<\/strong> intervalo<\/p>\n<p><strong>14h- 16h<\/strong>\u2013 Roda de conversa: A necessidade de reformula\u00e7\u00e3o da pol\u00edtica de assist\u00eancia estudantil no IFG.<br \/>\nConvidada: Raissa Maria Barbosa (Diretora de Assist\u00eancia Estudantil da Uni\u00e3o Nacional dos Estudantes \u2013 UNE).<br \/>\nMediadores: Gerson de Carvalho Moura Neto, Lara Damiane de Oliveira Estev\u00e3o, Mai\u00e1ri Cruz Iasi (Estudantes do IFG &#8211; Representantes do Diret\u00f3rio Central dos Estudantes \u2013 DCE).<\/p>\n<p><strong>16h \u2013 17h<\/strong> \u2013 Encerramento: Desigualdade, sa\u00fade mental e impactos psicossociais da pandemia.<br \/>\nDanilo Oliveira e Silva (Psic\u00f3logo) &#8211; Coordena\u00e7\u00e3o de Assist\u00eancia Estudantil &#8211; CAE &#8211; C\u00e2mpus Itumbiara.<\/p>\n<p>&nbsp;<\/p>\n","protected":false},"excerpt":{"rendered":"<p>O 3\u00ba Semin\u00e1rio de Assist\u00eancia Estudantil acontecer\u00e1 em formato virtual. Toda&nbsp; a programa\u00e7\u00e3o ser\u00e1 transmitida, ao vivo.&nbsp; Para acessar&nbsp;os ambientes de cada atividade, fa\u00e7a login na plataforma do evento conforme passo a passo&nbsp;no&nbsp;link: https:\/\/eventos.ifg.edu.br\/sae\/inscricoes\/ &nbsp; DIA 01&nbsp;DE&nbsp;DEZEMBRO&nbsp;DE 2020 &nbsp; 14h \u2013 14h45 \u2013 Abertura Oficial. 15h \u2013 17h00 \u2013 Roda de conversa: Desafios da Assist\u00eancia <a class=\"more-link\" href=\"https:\/\/eventos.ifg.edu.br\/sae\/pagina-exemplo\/\">Leia mais&#8230; &raquo;<\/a><\/p>\n","protected":false},"author":127,"featured_media":0,"parent":0,"menu_order":0,"comment_status":"closed","ping_status":"open","template":"","meta":{"ngg_post_thumbnail":0,"footnotes":""},"class_list":["post-2","page","type-page","status-publish","hentry"],"_links":{"self":[{"href":"https:\/\/eventos.ifg.edu.br\/sae\/wp-json\/wp\/v2\/pages\/2"}],"collection":[{"href":"https:\/\/eventos.ifg.edu.br\/sae\/wp-json\/wp\/v2\/pages"}],"about":[{"href":"https:\/\/eventos.ifg.edu.br\/sae\/wp-json\/wp\/v2\/types\/page"}],"author":[{"embeddable":true,"href":"https:\/\/eventos.ifg.edu.br\/sae\/wp-json\/wp\/v2\/users\/127"}],"replies":[{"embeddable":true,"href":"https:\/\/eventos.ifg.edu.br\/sae\/wp-json\/wp\/v2\/comments?post=2"}],"version-history":[{"count":9,"href":"https:\/\/eventos.ifg.edu.br\/sae\/wp-json\/wp\/v2\/pages\/2\/revisions"}],"predecessor-version":[{"id":76,"href":"https:\/\/eventos.ifg.edu.br\/sae\/wp-json\/wp\/v2\/pages\/2\/revisions\/76"}],"wp:attachment":[{"href":"https:\/\/eventos.ifg.edu.br\/sae\/wp-json\/wp\/v2\/media?parent=2"}],"curies":[{"name":"wp","href":"https:\/\/api.w.org\/{rel}","templated":true}]}}