{"id":62,"date":"2020-03-30T10:31:41","date_gmt":"2020-03-30T13:31:41","guid":{"rendered":"http:\/\/eventos.ifg.edu.br\/lapassion\/?page_id=62"},"modified":"2020-03-30T10:31:41","modified_gmt":"2020-03-30T13:31:41","slug":"descricao","status":"publish","type":"page","link":"https:\/\/eventos.ifg.edu.br\/lapassion\/descricao\/","title":{"rendered":"Descri\u00e7\u00e3o"},"content":{"rendered":"<p><span style=\"font-weight: 400\">O LAPASSION visa desenvolver conjuntos de projetos e pr\u00e1ticas multidisciplinares, orientados ao desenvolvimento de novos produtos ou servi\u00e7os, desenvolvidos por equipas de alunos de \u00e1reas e pa\u00edses diferentes, nos quais os alunos criam e desenvolvem projetos conjuntos propostos por empresas e outras organiza\u00e7\u00f5es, proporcionando ideias inovadoras. Nesse sentido, a inova\u00e7\u00e3o ser\u00e1 integrada aos curr\u00edculos dos alunos, como projetos ou pr\u00e1ticas finais, dando origem ao novo paradigma da &#8220;Aprendizagem baseada na Paix\u00e3o&#8221;.<\/span><\/p>\n<p><span style=\"font-weight: 400\">Um dos objetivos \u00e9 treinar os alunos no desenvolvimento de projetos do mundo real, com a necessidade de cooperar com outros estudantes de diferentes \u00e1reas e pa\u00edses, criar o ambiente perfeito para lidar com o aprendizado de habilidades sociais e inovar e responder \u00e0s necessidades de empresas e outras organiza\u00e7\u00f5es.<\/span><\/p>\n<p><span style=\"font-weight: 400\">O projeto n\u00e3o \u00e9 realizado com o objetivo de criar novos neg\u00f3cios, uma nova empresa ou uma subsidi\u00e1ria, como \u00e9 feito nas incubadoras, mas tamb\u00e9m se aprofunda na prepara\u00e7\u00e3o de alunos para empresas ou organiza\u00e7\u00f5es existentes voltadas para mercados globais, o que oferece a capacidade de inovar neste contexto. A coopera\u00e7\u00e3o e colabora\u00e7\u00e3o entre os participantes das equipas de alunos s\u00e3o aspectos-chave, inclu\u00eddos nos termos &#8220;co-cria\u00e7\u00e3o e co-desenvolvimento&#8221;.<\/span><\/p>\n<p><span style=\"font-weight: 400\">O esp\u00edrito de criatividade e inova\u00e7\u00e3o n\u00e3o aparece do nada. Deve ser experimentado e desenvolvido passo a passo. No programa, os participantes n\u00e3o s\u00f3 aprender\u00e3o atrav\u00e9s de exerc\u00edcios planeados, mas, principalmente atrav\u00e9s dos desafios colocados, envolvendo-se na incerteza e ambiguidade.<\/span><\/p>\n<p><span style=\"font-weight: 400\">Embora j\u00e1 exista em alguns programas, a tend\u00eancia \u00e9 de promover esses desafios para grupos homog\u00e9neos de estudantes; o LAPASSION argumenta que a cria\u00e7\u00e3o e o desenvolvimento heterog\u00e9neo s\u00e3o essenciais para preparar futuros graduados. O impacto no emprego, criatividade, produtividade, inova\u00e7\u00e3o e pensamento global ser\u00e1 enorme.<\/span><\/p>\n<p><span style=\"font-weight: 400\">O LAPASSION \u00e9 uma rede de partes de outras redes existentes, especificamente:<\/span><\/p>\n<ul>\n<li style=\"font-weight: 400\"><span style=\"font-weight: 400\">a Design Factory Network (2 parceiros, IPP e DUOC);<\/span><\/li>\n<li style=\"font-weight: 400\"><span style=\"font-weight: 400\">CONIF, o Conselho de Reitores dos 41 Institutos Federais do Brasil, incluindo os 5 envolvidos no LAPASSION (IFSUL, IFTM, IFG, IFMA e IFAM). O IPP tem um acordo direto com o CONIF. A TAMK coopera com alguns institutos federais para se concentrar na forma\u00e7\u00e3o de professores;<\/span><\/li>\n<li style=\"font-weight: 400\"><span style=\"font-weight: 400\">IFSul tem uma forte coopera\u00e7\u00e3o com as universidades do Uruguai, especificamente com UTEC e UDELAR;<\/span><\/li>\n<li style=\"font-weight: 400\"><span style=\"font-weight: 400\">o Conselho de Reitores das Universidades do Chile (CRUCH), com a participa\u00e7\u00e3o da PUC e do DUOC;<\/span><\/li>\n<li style=\"font-weight: 400\"><span style=\"font-weight: 400\">AEP (parceiro) tem coopera\u00e7\u00f5es com associa\u00e7\u00f5es empresariais;<\/span><\/li>\n<li style=\"font-weight: 400\"><span style=\"font-weight: 400\">A UVIGO, a USAL e a IPP t\u00eam uma estreita colabora\u00e7\u00e3o na Gest\u00e3o do CRUSOE, na Rede de Universidades da Galiza, Norte e Centro de Portugal, e nas regi\u00f5es de Castilla y Le\u00f3n.<\/span><\/li>\n<\/ul>\n","protected":false},"excerpt":{"rendered":"<p>O LAPASSION visa desenvolver conjuntos de projetos e pr\u00e1ticas multidisciplinares, orientados ao desenvolvimento de novos produtos ou servi\u00e7os, desenvolvidos por equipas de alunos de \u00e1reas e pa\u00edses diferentes, nos quais os alunos criam e desenvolvem projetos conjuntos propostos por empresas &hellip;<\/p>\n<p class=\"read-more\"> <a class=\"more-link\" href=\"https:\/\/eventos.ifg.edu.br\/lapassion\/descricao\/\"> <span class=\"screen-reader-text\">Descri\u00e7\u00e3o<\/span> Read More &raquo;<\/a><\/p>\n","protected":false},"author":54,"featured_media":0,"parent":0,"menu_order":0,"comment_status":"closed","ping_status":"closed","template":"","meta":{"ngg_post_thumbnail":0,"footnotes":""},"class_list":["post-62","page","type-page","status-publish","hentry"],"_links":{"self":[{"href":"https:\/\/eventos.ifg.edu.br\/lapassion\/wp-json\/wp\/v2\/pages\/62"}],"collection":[{"href":"https:\/\/eventos.ifg.edu.br\/lapassion\/wp-json\/wp\/v2\/pages"}],"about":[{"href":"https:\/\/eventos.ifg.edu.br\/lapassion\/wp-json\/wp\/v2\/types\/page"}],"author":[{"embeddable":true,"href":"https:\/\/eventos.ifg.edu.br\/lapassion\/wp-json\/wp\/v2\/users\/54"}],"replies":[{"embeddable":true,"href":"https:\/\/eventos.ifg.edu.br\/lapassion\/wp-json\/wp\/v2\/comments?post=62"}],"version-history":[{"count":1,"href":"https:\/\/eventos.ifg.edu.br\/lapassion\/wp-json\/wp\/v2\/pages\/62\/revisions"}],"predecessor-version":[{"id":63,"href":"https:\/\/eventos.ifg.edu.br\/lapassion\/wp-json\/wp\/v2\/pages\/62\/revisions\/63"}],"wp:attachment":[{"href":"https:\/\/eventos.ifg.edu.br\/lapassion\/wp-json\/wp\/v2\/media?parent=62"}],"curies":[{"name":"wp","href":"https:\/\/api.w.org\/{rel}","templated":true}]}}