{"id":28,"date":"2020-03-27T12:44:39","date_gmt":"2020-03-27T15:44:39","guid":{"rendered":"http:\/\/eventos.ifg.edu.br\/lapassion\/?page_id=28"},"modified":"2020-03-30T10:05:51","modified_gmt":"2020-03-30T13:05:51","slug":"agenda","status":"publish","type":"page","link":"https:\/\/eventos.ifg.edu.br\/lapassion\/agenda\/","title":{"rendered":"Agenda"},"content":{"rendered":"<div id='gallery-1' class='gallery galleryid-28 gallery-columns-2 gallery-size-large'><figure class='gallery-item'>\n\t\t\t<div class='gallery-icon '>\n\t\t\t\t<a href='https:\/\/eventos.ifg.edu.br\/lapassion\/wp-content\/uploads\/sites\/54\/2020\/03\/Week-1.jpg'>Week 1<\/a>\n\t\t\t<\/div><\/figure><figure class='gallery-item'>\n\t\t\t<div class='gallery-icon '>\n\t\t\t\t<a href='https:\/\/eventos.ifg.edu.br\/lapassion\/wp-content\/uploads\/sites\/54\/2020\/03\/Week-2.jpg'>Week 2<\/a>\n\t\t\t<\/div><\/figure><figure class='gallery-item'>\n\t\t\t<div class='gallery-icon '>\n\t\t\t\t<a href='https:\/\/eventos.ifg.edu.br\/lapassion\/wp-content\/uploads\/sites\/54\/2020\/03\/Week-3.jpg'>Week 3<\/a>\n\t\t\t<\/div><\/figure><figure class='gallery-item'>\n\t\t\t<div class='gallery-icon '>\n\t\t\t\t<a href='https:\/\/eventos.ifg.edu.br\/lapassion\/wp-content\/uploads\/sites\/54\/2020\/03\/Week-4.jpg'>Week 4<\/a>\n\t\t\t<\/div><\/figure><figure class='gallery-item'>\n\t\t\t<div class='gallery-icon '>\n\t\t\t\t<a href='https:\/\/eventos.ifg.edu.br\/lapassion\/wp-content\/uploads\/sites\/54\/2020\/03\/Week-5.jpg'>Week 5<\/a>\n\t\t\t<\/div><\/figure><figure class='gallery-item'>\n\t\t\t<div class='gallery-icon '>\n\t\t\t\t<a href='https:\/\/eventos.ifg.edu.br\/lapassion\/wp-content\/uploads\/sites\/54\/2020\/03\/Week-6.jpg'>Week 6<\/a>\n\t\t\t<\/div><\/figure><figure class='gallery-item'>\n\t\t\t<div class='gallery-icon '>\n\t\t\t\t<a href='https:\/\/eventos.ifg.edu.br\/lapassion\/wp-content\/uploads\/sites\/54\/2020\/03\/Week-7.jpg'>Week 7<\/a>\n\t\t\t<\/div><\/figure><figure class='gallery-item'>\n\t\t\t<div class='gallery-icon '>\n\t\t\t\t<a href='https:\/\/eventos.ifg.edu.br\/lapassion\/wp-content\/uploads\/sites\/54\/2020\/03\/Week-8.jpg'>Week 8<\/a>\n\t\t\t<\/div><\/figure><figure class='gallery-item'>\n\t\t\t<div class='gallery-icon '>\n\t\t\t\t<a href='https:\/\/eventos.ifg.edu.br\/lapassion\/wp-content\/uploads\/sites\/54\/2020\/03\/Week-9.jpg'>Week 9<\/a>\n\t\t\t<\/div><\/figure><figure class='gallery-item'>\n\t\t\t<div class='gallery-icon '>\n\t\t\t\t<a href='https:\/\/eventos.ifg.edu.br\/lapassion\/wp-content\/uploads\/sites\/54\/2020\/03\/Week-10.jpg'>Week 10<\/a>\n\t\t\t<\/div><\/figure>\n\t\t<\/div>\n\n<p>Obs.: Esta programa\u00e7\u00e3o poder\u00e1 sofrer altera\u00e7\u00f5es.<\/p>\n","protected":false},"excerpt":{"rendered":"<p>Obs.: Esta programa\u00e7\u00e3o poder\u00e1 sofrer altera\u00e7\u00f5es.<\/p>\n","protected":false},"author":54,"featured_media":0,"parent":0,"menu_order":0,"comment_status":"closed","ping_status":"closed","template":"","meta":{"ngg_post_thumbnail":0,"footnotes":""},"class_list":["post-28","page","type-page","status-publish","hentry"],"_links":{"self":[{"href":"https:\/\/eventos.ifg.edu.br\/lapassion\/wp-json\/wp\/v2\/pages\/28"}],"collection":[{"href":"https:\/\/eventos.ifg.edu.br\/lapassion\/wp-json\/wp\/v2\/pages"}],"about":[{"href":"https:\/\/eventos.ifg.edu.br\/lapassion\/wp-json\/wp\/v2\/types\/page"}],"author":[{"embeddable":true,"href":"https:\/\/eventos.ifg.edu.br\/lapassion\/wp-json\/wp\/v2\/users\/54"}],"replies":[{"embeddable":true,"href":"https:\/\/eventos.ifg.edu.br\/lapassion\/wp-json\/wp\/v2\/comments?post=28"}],"version-history":[{"count":11,"href":"https:\/\/eventos.ifg.edu.br\/lapassion\/wp-json\/wp\/v2\/pages\/28\/revisions"}],"predecessor-version":[{"id":54,"href":"https:\/\/eventos.ifg.edu.br\/lapassion\/wp-json\/wp\/v2\/pages\/28\/revisions\/54"}],"wp:attachment":[{"href":"https:\/\/eventos.ifg.edu.br\/lapassion\/wp-json\/wp\/v2\/media?parent=28"}],"curies":[{"name":"wp","href":"https:\/\/api.w.org\/{rel}","templated":true}]}}