{"id":76,"date":"2026-03-05T12:01:20","date_gmt":"2026-03-05T15:01:20","guid":{"rendered":"https:\/\/eventos.ifg.edu.br\/jifgoias\/?page_id=76"},"modified":"2026-03-25T15:24:44","modified_gmt":"2026-03-25T18:24:44","slug":"anteriores","status":"publish","type":"page","link":"https:\/\/eventos.ifg.edu.br\/jifgoias\/anteriores\/","title":{"rendered":"Edi\u00e7\u00f5es anteriores do JIF"},"content":{"rendered":"\n<style>\n  .tabela-jif-wrapper {\n    width: 100%;\n    overflow-x: auto;\n    margin: 30px 0;\n  }\n\n  .tabela-jif-controles {\n    max-width: 1300px;\n    margin: 0 auto 12px auto;\n    display: flex;\n    justify-content: flex-end;\n    align-items: center;\n    gap: 10px;\n    font-family: Arial, Helvetica, sans-serif;\n    font-size: 14px;\n    color: #1f1f1f;\n  }\n\n  .tabela-jif-controles label {\n    font-weight: bold;\n  }\n\n  .tabela-jif-controles select {\n    padding: 8px 12px;\n    border: 1px solid #c8d8c8;\n    border-radius: 6px;\n    background: #ffffff;\n    color: #1f1f1f;\n    font-size: 14px;\n    font-family: Arial, Helvetica, sans-serif;\n    cursor: pointer;\n  }\n\n  .tabela-jif {\n    width: 100%;\n    max-width: 1300px;\n    margin: 0 auto;\n    border-collapse: collapse;\n    table-layout: fixed;\n    font-family: Arial, Helvetica, sans-serif;\n    font-size: 15px;\n    color: #1f1f1f;\n    background-color: #ffffff;\n    box-shadow: 0 2px 10px rgba(0, 0, 0, 0.06);\n    border-radius: 8px;\n    overflow: hidden;\n  }\n\n  .tabela-jif thead tr {\n    background-color: #1b5e20;\n    color: #ffffff;\n    text-align: left;\n  }\n\n  .tabela-jif th,\n  .tabela-jif td {\n    padding: 14px 16px;\n    border: 1px solid #d9e6d9;\n    vertical-align: top;\n    word-wrap: break-word;\n    box-sizing: border-box;\n  }\n\n  .tabela-jif th {\n    font-size: 15px;\n    font-weight: bold;\n    letter-spacing: 0.3px;\n  }\n\n  .tabela-jif tbody tr:nth-child(odd) {\n    background-color: #f8fbf8;\n  }\n\n  .tabela-jif tbody tr:nth-child(even) {\n    background-color: #e8f5e9;\n  }\n\n  .tabela-jif tbody tr:hover {\n    background-color: #d7eed8;\n    transition: background-color 0.2s ease-in-out;\n  }\n\n  .tabela-jif th:nth-child(1),\n  .tabela-jif td:nth-child(1) {\n    width: 9%;\n    text-align: center;\n    white-space: nowrap;\n    font-weight: bold;\n  }\n\n  .tabela-jif th:nth-child(2),\n  .tabela-jif td:nth-child(2) {\n    width: 33%;\n  }\n\n  .tabela-jif th:nth-child(3),\n  .tabela-jif td:nth-child(3),\n  .tabela-jif th:nth-child(4),\n  .tabela-jif td:nth-child(4) {\n    width: 12%;\n    text-align: center;\n    white-space: nowrap;\n    font-size: 14px;\n    padding-left: 10px;\n    padding-right: 10px;\n  }\n\n  .tabela-jif th:nth-child(5),\n  .tabela-jif td:nth-child(5) {\n    width: 23%;\n  }\n\n  .tabela-jif th:nth-child(6),\n  .tabela-jif td:nth-child(6) {\n    width: 11%;\n    text-align: center;\n    white-space: nowrap;\n  }\n\n  .tabela-jif a {\n    color: #1b5e20;\n    font-weight: bold;\n    text-decoration: none;\n  }\n\n  .tabela-jif a:hover {\n    text-decoration: underline;\n  }\n\n  @media (max-width: 768px) {\n    .tabela-jif {\n      font-size: 14px;\n    }\n\n    .tabela-jif th,\n    .tabela-jif td {\n      padding: 10px 12px;\n    }\n\n    .tabela-jif th:nth-child(3),\n    .tabela-jif td:nth-child(3),\n    .tabela-jif th:nth-child(4),\n    .tabela-jif td:nth-child(4) {\n      font-size: 13px;\n      padding-left: 8px;\n      padding-right: 8px;\n    }\n\n    .tabela-jif-controles {\n      justify-content: flex-start;\n      padding-left: 2px;\n    }\n  }\n<\/style>\n\n<div class=\"tabela-jif-wrapper\">\n  <div class=\"tabela-jif-controles\">\n    <label for=\"ordenar-anos-jif\">Ordenar por edi\u00e7\u00e3o:<\/label>\n    <select id=\"ordenar-anos-jif\">\n      <option value=\"desc\" selected>Mais recente para mais antiga<\/option>\n      <option value=\"asc\">Mais antiga para mais recente<\/option>\n    <\/select>\n  <\/div>\n\n  <table class=\"tabela-jif\" id=\"tabela-jif\">\n    <thead>\n      <tr>\n        <th>Ano<\/th>\n        <th>Edi\u00e7\u00e3o<\/th>\n        <th>In\u00edcio<\/th>\n        <th>Fim<\/th>\n        <th>Local<\/th>\n        <th>+Info<\/th>\n      <\/tr>\n    <\/thead>\n    <tbody>\n      <tr>\n        <td>2025<\/td>\n        <td>JIF Goi\u00e1s 2025 &#8211; Etapa \u00fanica<\/td>\n        <td>09\/09\/2025<\/td>\n        <td>12\/09\/2025<\/td>\n        <td>Senador Canedo<\/td>\n        <td><a href=\"https:\/\/eventos.ifg.edu.br\/jifgoias\/edicao2025\">P\u00e1gina<\/a>&nbsp;<\/td>\n      <\/tr>\n      <tr>\n        <td>2025<\/td>\n        <td>JIF Goi\u00e1s 2024 &#8211; Etapa 2<\/td>\n        <td>28\/01\/2025<\/td>\n        <td>30\/01\/2025<\/td>\n        <td>An\u00e1polis<\/td>\n        <td><a href=\"https:\/\/eventos.ifg.edu.br\/jifgoias\/edicao2024\/\">P\u00e1gina<\/a>&nbsp;<\/td>\n      <\/tr>\n      <tr>\n        <td>2024<\/td>\n        <td>JIF Goi\u00e1s 2024 &#8211; Etapa 1<\/td>\n        <td>15\/10\/2024<\/td>\n        <td>17\/10\/2024<\/td>\n        <td>Inhumas<\/td>\n        <td><a href=\"https:\/\/eventos.ifg.edu.br\/jifgoias\/edicao2024\/\">P\u00e1gina<\/a>&nbsp;<\/td>\n      <\/tr>\n      <tr>\n        <td>2023<\/td>\n        <td>JIF Goi\u00e1s 2023 &#8211; Etapa Centro-Oeste<\/td>\n        <td>02\/10\/2023<\/td>\n        <td>06\/10\/2023<\/td>\n        <td>Goi\u00e2nia<\/td>\n        <td>\u2014<\/td>\n      <\/tr>\n      <tr>\n        <td>2023<\/td>\n        <td>JIF Goi\u00e1s 2023 &#8211; Etapa 2<\/td>\n        <td>27\/06\/2023<\/td>\n        <td>29\/06\/2023<\/td>\n        <td>Inhumas<\/td>\n        <td>\u2014<\/td>\n      <\/tr>\n      <tr>\n        <td>2023<\/td>\n        <td>JIF Goi\u00e1s 2023 &#8211; Etapa 1<\/td>\n        <td>30\/05\/2023<\/td>\n        <td>01\/06\/2023<\/td>\n        <td>Goi\u00e2nia e Aparecida de Goi\u00e2nia<\/td>\n        <td>\u2014<\/td>\n      <\/tr>\n      <tr>\n        <td>2021<\/td>\n        <td>JIF Goi\u00e1s 2021 (virtual\/pandemia)<\/td>\n        <td>27\/10\/2021<\/td>\n        <td>28\/10\/2021<\/td>\n        <td>IFG Comunidade (YouTube)<\/td>\n        <td><a href=\"https:\/\/www.youtube.com\/playlist?list=PLZ43nhhqGb5aabrmTeny5jaFT-xVhVrOx\" target=\"_blank\" rel=\"alternate noopener\">Playlist<\/a><\/td>\n      <\/tr>\n      <tr>\n        <td>2021<\/td>\n        <td>eJIF Games (virtual\/pandemia)<\/td>\n        <td>27\/07\/2021<\/td>\n        <td>30\/07\/2021<\/td>\n        <td>IFG Comunidade (YouTube)<\/td>\n        <td><a href=\"https:\/\/youtube.com\/playlist?list=PLZ43nhhqGb5bDEyJ9nIfjeQdsRu5dEXx8&amp;si=sW4qX3NVEQAFv_jX\" target=\"_blank\" rel=\"alternate noopener\">Playlist<\/a><\/td>\n      <\/tr>\n      <tr>\n        <td>2019<\/td>\n        <td>JIF Goi\u00e1s 2019 &#8211; Etapa 2<\/td>\n        <td>20\/05\/2019<\/td>\n        <td>22\/05\/2019<\/td>\n        <td>Jata\u00ed<\/td>\n        <td><a href=\"https:\/\/www.youtube.com\/watch?v=IIbG6_jY4Js&amp;list=PLZ43nhhqGb5ZXPgNlysl0QbdgMEyXn6U8&amp;index=9&amp;pp=iAQBsAgC\" target=\"_blank\" rel=\"alternate noopener\">V\u00eddeo<\/a><\/td>\n      <\/tr>\n      <tr>\n        <td>2019<\/td>\n        <td>JIF Goi\u00e1s 2019 &#8211; Etapa 1<\/td>\n        <td>23\/04\/2019<\/td>\n        <td>25\/04\/2019<\/td>\n        <td>C\u00e2mpus Inhumas<\/td>\n        <td><a href=\"https:\/\/www.youtube.com\/watch?v=mXrnU-xDo5c&amp;list=PLZ43nhhqGb5ZXPgNlysl0QbdgMEyXn6U8&amp;index=8&amp;pp=iAQB0gcJCdgKAYcqIYzvsAgC\" target=\"_blank\" rel=\"alternate noopener\">V\u00eddeo<\/a><\/td>\n      <\/tr>\n      <tr>\n        <td>2018<\/td>\n        <td>JIF Goi\u00e1s 2018 &#8211; Etapa 2<\/td>\n        <td>19\/06\/2018<\/td>\n        <td>21\/06\/2018<\/td>\n        <td>Goi\u00e2nia e Inhumas<\/td>\n        <td><a href=\"https:\/\/www.youtube.com\/watch?v=Tx_6Uj2CN1M&amp;list=PLZ43nhhqGb5ZXPgNlysl0QbdgMEyXn6U8&amp;index=7&amp;pp=iAQB0gcJCdgKAYcqIYzvsAgC\" target=\"_blank\" rel=\"alternate noopener\">V\u00eddeo<\/a><\/td>\n      <\/tr>\n      <tr>\n        <td>2018<\/td>\n        <td>JIF Goi\u00e1s 2018 &#8211; Etapa 1<\/td>\n        <td>15\/05\/2018<\/td>\n        <td>17\/05\/2018<\/td>\n        <td>Jata\u00ed<\/td>\n        <td><a href=\"https:\/\/www.youtube.com\/watch?v=CqaocL7ePjg&amp;list=PLZ43nhhqGb5ZXPgNlysl0QbdgMEyXn6U8&amp;index=6&amp;pp=iAQBsAgC\" target=\"_blank\" rel=\"alternate noopener\">V\u00eddeo<\/a><\/td>\n      <\/tr>\n      <tr>\n        <td>2017<\/td>\n        <td>JIF Goi\u00e1s 2017 &#8211; Etapa 3<\/td>\n        <td>14\/08\/2017<\/td>\n        <td>15\/08\/2017<\/td>\n        <td>C\u00e2mpus Itumbiara<\/td>\n        <td>\u2014<\/td>\n      <\/tr>\n      <tr>\n        <td>2017<\/td>\n        <td>JIF Goi\u00e1s 2017 &#8211; Etapa 2<\/td>\n        <td>06\/07\/2017<\/td>\n        <td>07\/07\/2017<\/td>\n        <td>C\u00e2mpus Goi\u00e2nia e Inhumas<\/td>\n        <td>\u2014<\/td>\n      <\/tr>\n      <tr>\n        <td>2017<\/td>\n        <td>JIF Goi\u00e1s 2017 &#8211; Etapa 1<\/td>\n        <td>12\/06\/2017<\/td>\n        <td>14\/06\/2017<\/td>\n        <td>C\u00e2mpus Luzi\u00e2nia e Valpara\u00edso<\/td>\n        <td>\u2014<\/td>\n      <\/tr>\n      <tr>\n        <td>2015<\/td>\n        <td>JIF Nacional 2015 (sediado pelo IFG)<\/td>\n        <td>11\/11\/2015<\/td>\n        <td>15\/11\/2015<\/td>\n        <td>Goi\u00e2nia<\/td>\n        <td><a href=\"https:\/\/www.youtube.com\/watch?v=ANTwTNPoNn8&amp;list=PLZ43nhhqGb5ZXPgNlysl0QbdgMEyXn6U8&amp;index=4&amp;pp=iAQBsAgC\" target=\"_blank\" rel=\"alternate noopener\">V\u00eddeo<\/a><\/td>\n      <\/tr>\n      <tr>\n        <td>2015<\/td>\n        <td>JIF Goi\u00e1s 2015<\/td>\n        <td>08\/06\/2015<\/td>\n        <td>12\/06\/2015<\/td>\n        <td>Goi\u00e2nia<\/td>\n        <td><a href=\"https:\/\/www.youtube.com\/watch?v=mNj8FFXLPoo&amp;list=PLZ43nhhqGb5ZXPgNlysl0QbdgMEyXn6U8&amp;index=3&amp;pp=iAQB0gcJCdgKAYcqIYzvsAgC\" target=\"_blank\" rel=\"alternate noopener\">V\u00eddeo<\/a><\/td>\n      <\/tr>\n      <tr>\n        <td>2014<\/td>\n        <td>JIF Centro-Oeste 2014 (sediado pelo IFG)<\/td>\n        <td>04\/08\/2014<\/td>\n        <td>08\/08\/2014<\/td>\n        <td>Goi\u00e2nia<\/td>\n        <td><a href=\"https:\/\/www.youtube.com\/watch?v=ggFuB5XpOO0&amp;list=PLZ43nhhqGb5ZXPgNlysl0QbdgMEyXn6U8&amp;index=2&amp;pp=iAQBsAgC\" target=\"_blank\" rel=\"alternate noopener\">V\u00eddeo<\/a><\/td>\n      <\/tr>\n      <tr>\n        <td>2014<\/td>\n        <td>4\u00ba JIF Goi\u00e1s<\/td>\n        <td>02\/06\/2014<\/td>\n        <td>07\/06\/2014<\/td>\n        <td>Goi\u00e2nia<\/td>\n        <td>\u2014<\/td>\n      <\/tr>\n      <tr>\n        <td>2013<\/td>\n        <td>3\u00ba JIF Goi\u00e1s<\/td>\n        <td>11\/06\/2013<\/td>\n        <td>15\/06\/2013<\/td>\n        <td>Itumbiara<\/td>\n        <td>\u2014<\/td>\n      <\/tr>\n      <tr>\n        <td>2012<\/td>\n        <td>2\u00ba JIF Goi\u00e1s<\/td>\n        <td>18\/06\/2012<\/td>\n        <td>22\/06\/2012<\/td>\n        <td>Goi\u00e2nia<\/td>\n        <td>\u2014<\/td>\n      <\/tr>\n      <tr>\n        <td>2011<\/td>\n        <td>1\u00ba JIF Goi\u00e1s<\/td>\n        <td>01\/06\/2011<\/td>\n        <td>05\/06\/2011<\/td>\n        <td>Goi\u00e2nia<\/td>\n        <td><a href=\"https:\/\/www.youtube.com\/watch?v=y1YFV4Ya5wc&amp;list=PLZ43nhhqGb5ZXPgNlysl0QbdgMEyXn6U8&amp;index=1&amp;pp=iAQBsAgC\" target=\"_blank\" rel=\"alternate noopener\">V\u00eddeo<\/a><\/td>\n      <\/tr>\n    <\/tbody>\n  <\/table>\n<\/div>\n\n<script>\n  (function () {\n    var select = document.getElementById('ordenar-anos-jif');\n    var tbody = document.querySelector('#tabela-jif tbody');\n\n    function converterData(dataTexto) {\n      var partes = dataTexto.trim().split('\/');\n      if (partes.length !== 3) return new Date(0);\n      var dia = parseInt(partes[0], 10);\n      var mes = parseInt(partes[1], 10) - 1;\n      var ano = parseInt(partes[2], 10);\n      return new Date(ano, mes, dia);\n    }\n\n    function ordenarTabela(ordem) {\n      var linhas = Array.prototype.slice.call(tbody.querySelectorAll('tr'));\n\n      linhas.sort(function (a, b) {\n        var dataA = converterData(a.cells[2].textContent);\n        var dataB = converterData(b.cells[2].textContent);\n\n        if (ordem === 'asc') {\n          return dataA - dataB;\n        } else {\n          return dataB - dataA;\n        }\n      });\n\n      linhas.forEach(function (linha) {\n        tbody.appendChild(linha);\n      });\n    }\n\n    select.addEventListener('change', function () {\n      ordenarTabela(this.value);\n    });\n\n    ordenarTabela('desc');\n  })();\n<\/script>\n\n\n\n<p><\/p>\n","protected":false},"excerpt":{"rendered":"<p>Ordenar por edi\u00e7\u00e3o: Mais recente para mais antigaMais antiga para mais recente Ano Edi\u00e7\u00e3o In\u00edcio Fim Local +Info 2025 JIF Goi\u00e1s 2025 &#8211; Etapa \u00fanica 09\/09\/2025 12\/09\/2025 Senador Canedo P\u00e1gina&nbsp; 2025 JIF Goi\u00e1s 2024 &#8211; Etapa 2 28\/01\/2025 30\/01\/2025 An\u00e1polis P\u00e1gina&nbsp; 2024 JIF Goi\u00e1s 2024 &#8211; Etapa 1 15\/10\/2024 17\/10\/2024 Inhumas P\u00e1gina&nbsp; 2023 JIF Goi\u00e1s [&hellip;]<\/p>\n","protected":false},"author":134,"featured_media":0,"parent":0,"menu_order":0,"comment_status":"closed","ping_status":"closed","template":"","meta":{"ngg_post_thumbnail":0,"footnotes":""},"class_list":["post-76","page","type-page","status-publish","hentry"],"_links":{"self":[{"href":"https:\/\/eventos.ifg.edu.br\/jifgoias\/wp-json\/wp\/v2\/pages\/76"}],"collection":[{"href":"https:\/\/eventos.ifg.edu.br\/jifgoias\/wp-json\/wp\/v2\/pages"}],"about":[{"href":"https:\/\/eventos.ifg.edu.br\/jifgoias\/wp-json\/wp\/v2\/types\/page"}],"author":[{"embeddable":true,"href":"https:\/\/eventos.ifg.edu.br\/jifgoias\/wp-json\/wp\/v2\/users\/134"}],"replies":[{"embeddable":true,"href":"https:\/\/eventos.ifg.edu.br\/jifgoias\/wp-json\/wp\/v2\/comments?post=76"}],"version-history":[{"count":29,"href":"https:\/\/eventos.ifg.edu.br\/jifgoias\/wp-json\/wp\/v2\/pages\/76\/revisions"}],"predecessor-version":[{"id":472,"href":"https:\/\/eventos.ifg.edu.br\/jifgoias\/wp-json\/wp\/v2\/pages\/76\/revisions\/472"}],"wp:attachment":[{"href":"https:\/\/eventos.ifg.edu.br\/jifgoias\/wp-json\/wp\/v2\/media?parent=76"}],"curies":[{"name":"wp","href":"https:\/\/api.w.org\/{rel}","templated":true}]}}