{"id":446,"date":"2026-03-24T11:29:16","date_gmt":"2026-03-24T14:29:16","guid":{"rendered":"https:\/\/eventos.ifg.edu.br\/jifgoias\/?page_id=446"},"modified":"2026-03-24T11:41:09","modified_gmt":"2026-03-24T14:41:09","slug":"videos-institucionais","status":"publish","type":"page","link":"https:\/\/eventos.ifg.edu.br\/jifgoias\/videos-institucionais\/","title":{"rendered":"V\u00eddeos institucionais"},"content":{"rendered":"\n<figure class=\"wp-block-embed is-type-video is-provider-youtube wp-block-embed-youtube wp-embed-aspect-16-9 wp-has-aspect-ratio\"><div class=\"wp-block-embed__wrapper\">\n<iframe title=\"JIF Goi\u00e1s 2019 Etapa 1 (Inhumas) - v\u00eddeo institucional\" width=\"500\" height=\"281\" src=\"https:\/\/www.youtube.com\/embed\/mXrnU-xDo5c?list=PLZ43nhhqGb5ZXPgNlysl0QbdgMEyXn6U8\" frameborder=\"0\" allow=\"accelerometer; autoplay; clipboard-write; encrypted-media; gyroscope; picture-in-picture; web-share\" referrerpolicy=\"strict-origin-when-cross-origin\" allowfullscreen><\/iframe>\n<\/div><\/figure>\n\n\n\n<figure class=\"wp-block-embed is-type-video is-provider-youtube wp-block-embed-youtube wp-embed-aspect-16-9 wp-has-aspect-ratio\"><div class=\"wp-block-embed__wrapper\">\n<iframe title=\"JIF Goi\u00e1s 2019 Etapa 2 (Jatai\u0301) - v\u00eddeo institucional\" width=\"500\" height=\"281\" src=\"https:\/\/www.youtube.com\/embed\/IIbG6_jY4Js?list=PLZ43nhhqGb5ZXPgNlysl0QbdgMEyXn6U8\" frameborder=\"0\" allow=\"accelerometer; autoplay; clipboard-write; encrypted-media; gyroscope; picture-in-picture; web-share\" referrerpolicy=\"strict-origin-when-cross-origin\" allowfullscreen><\/iframe>\n<\/div><\/figure>\n\n\n\n<figure class=\"wp-block-embed is-type-video is-provider-youtube wp-block-embed-youtube wp-embed-aspect-16-9 wp-has-aspect-ratio\"><div class=\"wp-block-embed__wrapper\">\n<iframe title=\"JIF Goi\u00e1s 2018 Etapa 1 (Jata\u00ed) - v\u00eddeo institucional\" width=\"500\" height=\"281\" src=\"https:\/\/www.youtube.com\/embed\/CqaocL7ePjg?list=PLZ43nhhqGb5ZXPgNlysl0QbdgMEyXn6U8\" frameborder=\"0\" allow=\"accelerometer; autoplay; clipboard-write; encrypted-media; gyroscope; picture-in-picture; web-share\" referrerpolicy=\"strict-origin-when-cross-origin\" allowfullscreen><\/iframe>\n<\/div><\/figure>\n\n\n\n<figure class=\"wp-block-embed is-type-video is-provider-youtube wp-block-embed-youtube wp-embed-aspect-16-9 wp-has-aspect-ratio\"><div class=\"wp-block-embed__wrapper\">\n<iframe title=\"JIF Goi\u00e1s 2018 Etapa 2 (Goi\u00e2nia e Inhumas) - v\u00eddeo institucional\" width=\"500\" height=\"281\" src=\"https:\/\/www.youtube.com\/embed\/Tx_6Uj2CN1M?list=PLZ43nhhqGb5ZXPgNlysl0QbdgMEyXn6U8\" frameborder=\"0\" allow=\"accelerometer; autoplay; clipboard-write; encrypted-media; gyroscope; picture-in-picture; web-share\" referrerpolicy=\"strict-origin-when-cross-origin\" allowfullscreen><\/iframe>\n<\/div><\/figure>\n\n\n\n<figure class=\"wp-block-embed is-type-video is-provider-youtube wp-block-embed-youtube wp-embed-aspect-4-3 wp-has-aspect-ratio\"><div class=\"wp-block-embed__wrapper\">\n<iframe title=\"JIF Goi\u00e1s 2017 (IFG)\" width=\"500\" height=\"375\" src=\"https:\/\/www.youtube.com\/embed\/Qbw--r2ndV0?list=PLZ43nhhqGb5ZXPgNlysl0QbdgMEyXn6U8\" frameborder=\"0\" allow=\"accelerometer; autoplay; clipboard-write; encrypted-media; gyroscope; picture-in-picture; web-share\" referrerpolicy=\"strict-origin-when-cross-origin\" allowfullscreen><\/iframe>\n<\/div><\/figure>\n\n\n\n<figure class=\"wp-block-embed is-type-video is-provider-youtube wp-block-embed-youtube wp-embed-aspect-16-9 wp-has-aspect-ratio\"><div class=\"wp-block-embed__wrapper\">\n<iframe title=\"JIF Nacional 2015 sediado pelo IFG - v\u00eddeo institucional\" width=\"500\" height=\"281\" src=\"https:\/\/www.youtube.com\/embed\/ANTwTNPoNn8?list=PLZ43nhhqGb5ZXPgNlysl0QbdgMEyXn6U8\" frameborder=\"0\" allow=\"accelerometer; autoplay; clipboard-write; encrypted-media; gyroscope; picture-in-picture; web-share\" referrerpolicy=\"strict-origin-when-cross-origin\" allowfullscreen><\/iframe>\n<\/div><\/figure>\n\n\n\n<figure class=\"wp-block-embed is-type-video is-provider-youtube wp-block-embed-youtube wp-embed-aspect-16-9 wp-has-aspect-ratio\"><div class=\"wp-block-embed__wrapper\">\n<iframe title=\"JIF Goi\u00e1s 2015 (IFG) - v\u00eddeo institucional\" width=\"500\" height=\"281\" src=\"https:\/\/www.youtube.com\/embed\/mNj8FFXLPoo?list=PLZ43nhhqGb5ZXPgNlysl0QbdgMEyXn6U8\" frameborder=\"0\" allow=\"accelerometer; autoplay; clipboard-write; encrypted-media; gyroscope; picture-in-picture; web-share\" referrerpolicy=\"strict-origin-when-cross-origin\" allowfullscreen><\/iframe>\n<\/div><\/figure>\n\n\n\n<figure class=\"wp-block-embed is-type-video is-provider-youtube wp-block-embed-youtube wp-embed-aspect-16-9 wp-has-aspect-ratio\"><div class=\"wp-block-embed__wrapper\">\n<iframe title=\"JIF Centro-Oeste 2014 sediado pelo IFG - v\u00eddeo institucional\" width=\"500\" height=\"281\" src=\"https:\/\/www.youtube.com\/embed\/ggFuB5XpOO0?list=PLZ43nhhqGb5ZXPgNlysl0QbdgMEyXn6U8\" frameborder=\"0\" allow=\"accelerometer; autoplay; clipboard-write; encrypted-media; gyroscope; picture-in-picture; web-share\" referrerpolicy=\"strict-origin-when-cross-origin\" allowfullscreen><\/iframe>\n<\/div><\/figure>\n\n\n\n<figure class=\"wp-block-embed is-type-video is-provider-youtube wp-block-embed-youtube wp-embed-aspect-16-9 wp-has-aspect-ratio\"><div class=\"wp-block-embed__wrapper\">\n<iframe title=\"I JIF Goi\u00e1s (2011) - Jogos do Instituto Federal de Goia\u0301s (IFG)\" width=\"500\" height=\"281\" src=\"https:\/\/www.youtube.com\/embed\/y1YFV4Ya5wc?list=PLZ43nhhqGb5ZXPgNlysl0QbdgMEyXn6U8\" frameborder=\"0\" allow=\"accelerometer; autoplay; clipboard-write; encrypted-media; gyroscope; picture-in-picture; web-share\" referrerpolicy=\"strict-origin-when-cross-origin\" allowfullscreen><\/iframe>\n<\/div><\/figure>\n\n\n\n<p>Veja mais conte\u00fados no canais <a href=\"http:\/\/youtube.com\/ifgcomunidade\" data-type=\"link\" data-id=\"youtube.com\/ifgcomunidade\">IFG Comunidade<\/a> e <a href=\"https:\/\/youtube.com\/ifgoficial\">IFG Oficial<\/a> no YouTube.<\/p>\n","protected":false},"excerpt":{"rendered":"<p>Veja mais conte\u00fados no canais IFG Comunidade e IFG Oficial no YouTube.<\/p>\n","protected":false},"author":134,"featured_media":0,"parent":0,"menu_order":0,"comment_status":"closed","ping_status":"closed","template":"","meta":{"ngg_post_thumbnail":0,"footnotes":""},"class_list":["post-446","page","type-page","status-publish","hentry"],"_links":{"self":[{"href":"https:\/\/eventos.ifg.edu.br\/jifgoias\/wp-json\/wp\/v2\/pages\/446"}],"collection":[{"href":"https:\/\/eventos.ifg.edu.br\/jifgoias\/wp-json\/wp\/v2\/pages"}],"about":[{"href":"https:\/\/eventos.ifg.edu.br\/jifgoias\/wp-json\/wp\/v2\/types\/page"}],"author":[{"embeddable":true,"href":"https:\/\/eventos.ifg.edu.br\/jifgoias\/wp-json\/wp\/v2\/users\/134"}],"replies":[{"embeddable":true,"href":"https:\/\/eventos.ifg.edu.br\/jifgoias\/wp-json\/wp\/v2\/comments?post=446"}],"version-history":[{"count":4,"href":"https:\/\/eventos.ifg.edu.br\/jifgoias\/wp-json\/wp\/v2\/pages\/446\/revisions"}],"predecessor-version":[{"id":450,"href":"https:\/\/eventos.ifg.edu.br\/jifgoias\/wp-json\/wp\/v2\/pages\/446\/revisions\/450"}],"wp:attachment":[{"href":"https:\/\/eventos.ifg.edu.br\/jifgoias\/wp-json\/wp\/v2\/media?parent=446"}],"curies":[{"name":"wp","href":"https:\/\/api.w.org\/{rel}","templated":true}]}}